{"id":4192,"date":"2021-10-03T09:51:32","date_gmt":"2021-10-03T09:51:32","guid":{"rendered":"https:\/\/welcomelalfas.com\/?page_id=4192"},"modified":"2022-10-05T11:09:33","modified_gmt":"2022-10-05T11:09:33","slug":"gastronomy","status":"publish","type":"page","link":"https:\/\/welcomelalfas.com\/en\/gastronomy\/","title":{"rendered":"Gastronomy"},"content":{"rendered":"<p>[vc_row css_animation=&#8221;&#8221; row_type=&#8221;row&#8221; use_row_as_full_screen_section=&#8221;no&#8221; type=&#8221;grid&#8221; angled_section=&#8221;no&#8221; text_align=&#8221;left&#8221; background_image_as_pattern=&#8221;without_pattern&#8221; z_index=&#8221;&#8221; padding_top=&#8221;50&#8243;][vc_column css=&#8221;.vc_custom_1630316963515{margin-top: 40px !important;}&#8221;][vc_column_text]Without a doubt, rice is the base product of our traditional cuisine. Popular recipes are prepared in many ways:<strong> rice with onion, with peppers or with beans,<\/strong> are spoonfuls that constitute the main foodstuff for a rural population.[\/vc_column_text][vc_column_text css=&#8221;.vc_custom_1664964618607{margin-top: 10px !important;}&#8221;]Another of l\u00b4Alf\u00e0s del Pi\u00b4s own recipes is Putxero amb pilotes, a stew that is eaten on Xmas Day or the 10th of November, the Christ patron saint\u00b4s day. Pilotes de Dacsa, a stew made with corn flour balls, and Olleta de Blat are other traditional dishes present in l\u00b4Alf\u00e0s cuisine. Pastries known as \u201ccoca\u201d also deserve a special mention for being a fundamental part of our gastronomy and can be found in every bakery in town. They are baked while covered, such as coca farcida (filled with tuna, tomato and peppers) or coca with chard, or uncovered such as the typical coca a la calda, a wheat flour base with fresh tomato, sausage, bacon and sardines. To finish our culinary adventure, we have traditional homemade sweets, such as pumpkin fritters or sweet potato and almond pastries that are typically eaten in Xmas. In Easter, we go to the countryside to eat a cake (mona) while breaking a raw egg on someone\u00b4s forehead while reciting a rhyme (ac\u00ed em pica, ac\u00ed em cou, ac\u00ed em menge la mona i ac\u00ed et trenque l\u2019ou) according to tradition. [\/vc_column_text][\/vc_column][vc_column el_class=&#8221;apartadoTN&#8221;][vc_column_text]<\/p>\n<h2>Gatronomical Events in l\u2019Alf\u00e0s del P\u00ed<\/h2>\n<p>[\/vc_column_text][\/vc_column][vc_column css=&#8221;.vc_custom_1662115376181{margin-bottom: 10px !important;}&#8221; offset=&#8221;vc_col-lg-6 vc_col-md-6&#8243; el_class=&#8221;tpwCalendario&#8221;][vc_column_text]<\/p>\n<h2 class=\"dayTitle gray\">January<\/h2>\n<ul>\n<li>Menjars de Cine<\/li>\n<\/ul>\n<p>[\/vc_column_text][\/vc_column][vc_column css=&#8221;.vc_custom_1662115367515{margin-bottom: 10px !important;}&#8221; offset=&#8221;vc_col-lg-6 vc_col-md-6&#8243; el_class=&#8221;tpwCalendario&#8221;][vc_column_text]<\/p>\n<h2 class=\"dayTitle gray\">September<\/h2>\n<ul>\n<li>World Paella Day<\/li>\n<\/ul>\n<p>[\/vc_column_text][\/vc_column][\/vc_row][vc_row css_animation=&#8221;&#8221; row_type=&#8221;row&#8221; use_row_as_full_screen_section=&#8221;no&#8221; type=&#8221;full_width&#8221; angled_section=&#8221;no&#8221; text_align=&#8221;left&#8221; background_image_as_pattern=&#8221;without_pattern&#8221; z_index=&#8221;&#8221; padding_top=&#8221;70&#8243;][vc_column css=&#8221;.vc_custom_1630316963515{margin-top: 40px !important;}&#8221;][vc_gallery type=&#8221;image_grid&#8221; images=&#8221;1249,1243,1246&#8243; img_size=&#8221;full&#8221; onclick=&#8221;&#8221; column_number=&#8221;3&#8243; grayscale=&#8221;no&#8221; images_space=&#8221;gallery_with_space&#8221;][\/vc_column][\/vc_row][vc_row css_animation=&#8221;&#8221; row_type=&#8221;row&#8221; use_row_as_full_screen_section=&#8221;no&#8221; type=&#8221;full_width&#8221; angled_section=&#8221;no&#8221; text_align=&#8221;left&#8221; background_image_as_pattern=&#8221;without_pattern&#8221; z_index=&#8221;&#8221; padding_top=&#8221;157&#8243; css=&#8221;.vc_custom_1623657953821{margin-top: 70px !important;background-image: url(https:\/\/welcomelalfas.com\/wp-content\/uploads\/2021\/06\/fondo-pie-tn.jpg?id=389) !important;background-position: center !important;background-repeat: no-repeat !important;background-size: cover !important;}&#8221; padding_bottom=&#8221;100&#8243;][vc_column css=&#8221;.vc_custom_1623600830979{background-position: 0 0 !important;background-repeat: no-repeat !important;}&#8221;][\/vc_column][\/vc_row]<\/p>\n","protected":false},"excerpt":{"rendered":"<p>[vc_row css_animation=&#8221;&#8221; row_type=&#8221;row&#8221; use_row_as_full_screen_section=&#8221;no&#8221; type=&#8221;grid&#8221; angled_section=&#8221;no&#8221; text_align=&#8221;left&#8221; background_image_as_pattern=&#8221;without_pattern&#8221; z_index=&#8221;&#8221; padding_top=&#8221;50&#8243;][vc_column css=&#8221;.vc_custom_1630316963515{margin-top: 40px !important;}&#8221;][vc_column_text]Without a doubt, rice is the base product of our traditional cuisine. Popular recipes are prepared in many ways: rice with onion, with peppers or with beans, are spoonfuls that constitute the main&#8230;<\/p>\n","protected":false},"author":2,"featured_media":0,"parent":0,"menu_order":0,"comment_status":"closed","ping_status":"closed","template":"full_width.php","meta":[],"yoast_head":"<!-- This site is optimized with the Yoast SEO plugin v19.7.1 - https:\/\/yoast.com\/wordpress\/plugins\/seo\/ -->\n<title>Gastronomy | Welcome L&#039;Alf\u00e0s<\/title>\n<meta name=\"description\" content=\"Gastronomy | Welcome L&#039;Alf\u00e0s\" \/>\n<meta name=\"robots\" content=\"index, follow, max-snippet:-1, max-image-preview:large, max-video-preview:-1\" \/>\n<link rel=\"canonical\" href=\"https:\/\/welcomelalfas.com\/en\/gastronomy\/\" \/>\n<meta property=\"og:locale\" content=\"en_US\" \/>\n<meta property=\"og:type\" content=\"article\" \/>\n<meta property=\"og:title\" content=\"Gastronomy | Welcome L&#039;Alf\u00e0s\" \/>\n<meta property=\"og:description\" content=\"Gastronomy | Welcome L&#039;Alf\u00e0s\" \/>\n<meta property=\"og:url\" content=\"https:\/\/welcomelalfas.com\/en\/gastronomy\/\" \/>\n<meta property=\"og:site_name\" content=\"Welcome L&#039;Alf\u00e0s\" \/>\n<meta property=\"article:modified_time\" content=\"2022-10-05T11:09:33+00:00\" \/>\n<meta name=\"twitter:card\" content=\"summary_large_image\" \/>\n<meta name=\"twitter:label1\" content=\"Est. reading time\" \/>\n\t<meta name=\"twitter:data1\" content=\"2 minutes\" \/>\n<script type=\"application\/ld+json\" class=\"yoast-schema-graph\">{\"@context\":\"https:\/\/schema.org\",\"@graph\":[{\"@type\":\"WebPage\",\"@id\":\"https:\/\/welcomelalfas.com\/en\/gastronomy\/\",\"url\":\"https:\/\/welcomelalfas.com\/en\/gastronomy\/\",\"name\":\"Gastronomy | Welcome L&#039;Alf\u00e0s\",\"isPartOf\":{\"@id\":\"https:\/\/welcomelalfas.com\/#website\"},\"datePublished\":\"2021-10-03T09:51:32+00:00\",\"dateModified\":\"2022-10-05T11:09:33+00:00\",\"description\":\"Gastronomy | Welcome L&#039;Alf\u00e0s\",\"breadcrumb\":{\"@id\":\"https:\/\/welcomelalfas.com\/en\/gastronomy\/#breadcrumb\"},\"inLanguage\":\"en-US\",\"potentialAction\":[{\"@type\":\"ReadAction\",\"target\":[\"https:\/\/welcomelalfas.com\/en\/gastronomy\/\"]}]},{\"@type\":\"BreadcrumbList\",\"@id\":\"https:\/\/welcomelalfas.com\/en\/gastronomy\/#breadcrumb\",\"itemListElement\":[{\"@type\":\"ListItem\",\"position\":1,\"name\":\"Portada\",\"item\":\"https:\/\/welcomelalfas.com\/en\/\"},{\"@type\":\"ListItem\",\"position\":2,\"name\":\"Gastronomy\"}]},{\"@type\":\"WebSite\",\"@id\":\"https:\/\/welcomelalfas.com\/#website\",\"url\":\"https:\/\/welcomelalfas.com\/\",\"name\":\"Welcome L&#039;Alf\u00e0s\",\"description\":\"Welcome L&#039;Alf\u00e0s\",\"potentialAction\":[{\"@type\":\"SearchAction\",\"target\":{\"@type\":\"EntryPoint\",\"urlTemplate\":\"https:\/\/welcomelalfas.com\/?s={search_term_string}\"},\"query-input\":\"required name=search_term_string\"}],\"inLanguage\":\"en-US\"}]}<\/script>\n<!-- \/ Yoast SEO plugin. -->","yoast_head_json":{"title":"Gastronomy | Welcome L&#039;Alf\u00e0s","description":"Gastronomy | Welcome L&#039;Alf\u00e0s","robots":{"index":"index","follow":"follow","max-snippet":"max-snippet:-1","max-image-preview":"max-image-preview:large","max-video-preview":"max-video-preview:-1"},"canonical":"https:\/\/welcomelalfas.com\/en\/gastronomy\/","og_locale":"en_US","og_type":"article","og_title":"Gastronomy | Welcome L&#039;Alf\u00e0s","og_description":"Gastronomy | Welcome L&#039;Alf\u00e0s","og_url":"https:\/\/welcomelalfas.com\/en\/gastronomy\/","og_site_name":"Welcome L&#039;Alf\u00e0s","article_modified_time":"2022-10-05T11:09:33+00:00","twitter_card":"summary_large_image","twitter_misc":{"Est. reading time":"2 minutes"},"schema":{"@context":"https:\/\/schema.org","@graph":[{"@type":"WebPage","@id":"https:\/\/welcomelalfas.com\/en\/gastronomy\/","url":"https:\/\/welcomelalfas.com\/en\/gastronomy\/","name":"Gastronomy | Welcome L&#039;Alf\u00e0s","isPartOf":{"@id":"https:\/\/welcomelalfas.com\/#website"},"datePublished":"2021-10-03T09:51:32+00:00","dateModified":"2022-10-05T11:09:33+00:00","description":"Gastronomy | Welcome L&#039;Alf\u00e0s","breadcrumb":{"@id":"https:\/\/welcomelalfas.com\/en\/gastronomy\/#breadcrumb"},"inLanguage":"en-US","potentialAction":[{"@type":"ReadAction","target":["https:\/\/welcomelalfas.com\/en\/gastronomy\/"]}]},{"@type":"BreadcrumbList","@id":"https:\/\/welcomelalfas.com\/en\/gastronomy\/#breadcrumb","itemListElement":[{"@type":"ListItem","position":1,"name":"Portada","item":"https:\/\/welcomelalfas.com\/en\/"},{"@type":"ListItem","position":2,"name":"Gastronomy"}]},{"@type":"WebSite","@id":"https:\/\/welcomelalfas.com\/#website","url":"https:\/\/welcomelalfas.com\/","name":"Welcome L&#039;Alf\u00e0s","description":"Welcome L&#039;Alf\u00e0s","potentialAction":[{"@type":"SearchAction","target":{"@type":"EntryPoint","urlTemplate":"https:\/\/welcomelalfas.com\/?s={search_term_string}"},"query-input":"required name=search_term_string"}],"inLanguage":"en-US"}]}},"_links":{"self":[{"href":"https:\/\/welcomelalfas.com\/en\/wp-json\/wp\/v2\/pages\/4192"}],"collection":[{"href":"https:\/\/welcomelalfas.com\/en\/wp-json\/wp\/v2\/pages"}],"about":[{"href":"https:\/\/welcomelalfas.com\/en\/wp-json\/wp\/v2\/types\/page"}],"author":[{"embeddable":true,"href":"https:\/\/welcomelalfas.com\/en\/wp-json\/wp\/v2\/users\/2"}],"replies":[{"embeddable":true,"href":"https:\/\/welcomelalfas.com\/en\/wp-json\/wp\/v2\/comments?post=4192"}],"version-history":[{"count":3,"href":"https:\/\/welcomelalfas.com\/en\/wp-json\/wp\/v2\/pages\/4192\/revisions"}],"predecessor-version":[{"id":4195,"href":"https:\/\/welcomelalfas.com\/en\/wp-json\/wp\/v2\/pages\/4192\/revisions\/4195"}],"wp:attachment":[{"href":"https:\/\/welcomelalfas.com\/en\/wp-json\/wp\/v2\/media?parent=4192"}],"curies":[{"name":"wp","href":"https:\/\/api.w.org\/{rel}","templated":true}]}}