{"id":4197,"date":"2021-10-03T18:58:42","date_gmt":"2021-10-03T18:58:42","guid":{"rendered":"https:\/\/welcomelalfas.com\/fiestas\/"},"modified":"2022-10-05T10:37:55","modified_gmt":"2022-10-05T10:37:55","slug":"fiestas","status":"publish","type":"page","link":"https:\/\/welcomelalfas.com\/en\/fiestas\/","title":{"rendered":"Fiestas in l&#8217;Alf\u00e0s del Pi"},"content":{"rendered":"<p>[vc_row css_animation=&#8221;&#8221; row_type=&#8221;row&#8221; use_row_as_full_screen_section=&#8221;no&#8221; type=&#8221;grid&#8221; angled_section=&#8221;no&#8221; text_align=&#8221;left&#8221; background_image_as_pattern=&#8221;without_pattern&#8221; z_index=&#8221;&#8221; padding_top=&#8221;50&#8243;][vc_column css=&#8221;.vc_custom_1630316963515{margin-top: 40px !important;}&#8221;][vc_column_text]<\/p>\n<h3><b>Jubilee and Patron Saint Sant\u00edsimo Cristo del Buen Acierto Fiestas<\/b><\/h3>\n<p>Celebrated from the 7th to 10th of November in honour of the patron saint Sant\u00edsimo Cristo del Buen Acierto, with great devotion from the people of l\u00b4Alf\u00e0s and with full indulgence from pope Pius IX to those that venerate him.<br \/>\nThis baroque carving of unquestionable artistic quality was located in the Remedio convent in Valencia until the beginning of the 19th century. After its confiscation it fell into the hands of Pascual Bald\u00f3 Orozco, a Carmelite monk born in l\u00b4Alf\u00e0s del Pi, who selflessly donated it to the town. The image of the Sant\u00edsimo Cristo arrived in l\u00b4Alf\u00e0s del Pi on the 26th of March 1857 and presently is the work of Valencian sculptor P\u00edo Mollar Franch in 1939.<\/p>\n<p>More than 150 years later, l\u00b4Alf\u00e0s del Pi\u00b4s patron fiestas are one of the most important fiestas of our town and a great variety of leisure, cultural and religious events are programmed for those days.<\/p>\n<p>Apart from the patron fiestas, l\u00b4Alf\u00e0s del Pi also celebrates other fiestas that are considered traditional:<\/p>\n<p>&nbsp;<\/p>\n<h3><strong>La Creueta<\/strong><\/h3>\n<p>The Creueta fiestas take place the first weekend of May, a tradition that is shared throughout Spain, where the town centre\u00b4s stone cross located in Calle Ferrer\u00edas is decorated with flowers. Concerts, games for children and religious events are held around the cross, welcoming the arrival of Spring.<\/p>\n<p>&nbsp;<\/p>\n<h3><strong>Albir Fiestas<\/strong><\/h3>\n<p>The last weekend in August, Albir fiestas say farewell to the summer season in a fun and festive way.<\/p>\n<p>&nbsp;<\/p>\n<h3><strong>Les Copletes a la Verge dels Dolors<\/strong><\/h3>\n<p>Held in September, Les Copletes a la Verge dels Dolors is one of the oldest popular sung celebrations in the Marina Baixa region. This ancient tradition was silenced during the postwar years but was recovered in 1987 thanks to the memory of the town\u00b4s elders that remembered the lyrics and music. They start singing an introductory poem followed by 49 coplas that relate to each of the Virgin Mary\u00b4s 7 pains and ending with local dances, food and drink.<\/p>\n<p>&nbsp;<\/p>\n<h3><strong>La Pur\u00edsima<\/strong><\/h3>\n<p>Already in the month of December, we can celebrate the Pur\u00edsima fiestas, organized by a group of young Alfasinas that pay tribute to the Immaculte Conception. They combine leisure and religion with an interesting programme of events.[\/vc_column_text][\/vc_column][\/vc_row][vc_row css_animation=&#8221;&#8221; row_type=&#8221;row&#8221; use_row_as_full_screen_section=&#8221;no&#8221; type=&#8221;grid&#8221; angled_section=&#8221;no&#8221; text_align=&#8221;left&#8221; background_image_as_pattern=&#8221;without_pattern&#8221; z_index=&#8221;&#8221; padding_top=&#8221;0&#8243; padding_bottom=&#8221;70&#8243; el_class=&#8221;tpwCalendario&#8221;][vc_column el_class=&#8221;apartadoTN&#8221;][vc_column_text]<\/p>\n<h2>Fiestas and Traditions in l&#8217;Alf\u00e0s del Pi<\/h2>\n<p>[\/vc_column_text][\/vc_column][vc_column offset=&#8221;vc_col-lg-4 vc_col-md-4&#8243; css=&#8221;.vc_custom_1649350112446{margin-bottom: 10px !important;}&#8221;][vc_column_text]<\/p>\n<h2 class=\"dayTitle gray\">January<\/h2>\n<ul>\n<li>Three Kings Parade<\/li>\n<\/ul>\n<p>[\/vc_column_text][\/vc_column][vc_column offset=&#8221;vc_col-lg-4 vc_col-md-4&#8243; css=&#8221;.vc_custom_1649350121377{margin-bottom: 10px !important;}&#8221;][vc_column_text]<\/p>\n<h2 class=\"dayTitle gray\">February<\/h2>\n<ul>\n<li>Carnivals<\/li>\n<\/ul>\n<p>[\/vc_column_text][\/vc_column][vc_column css=&#8221;.vc_custom_1649350130056{margin-bottom: 10px !important;}&#8221; offset=&#8221;vc_col-lg-4 vc_col-md-4&#8243;][vc_column_text]<\/p>\n<h2 class=\"dayTitle gray\">March<\/h2>\n<ul>\n<li>St. Joseph&#8217;s Day<\/li>\n<\/ul>\n<p>[\/vc_column_text][\/vc_column][vc_column el_class=&#8221;onlyDesktop&#8221; css=&#8221;.vc_custom_1649350372929{margin-top: 25px !important;margin-bottom: 25px !important;}&#8221;][\/vc_column][vc_column css=&#8221;.vc_custom_1649350259367{margin-bottom: 10px !important;}&#8221; offset=&#8221;vc_col-lg-4 vc_col-md-4&#8243;][vc_column_text]<\/p>\n<h2 class=\"dayTitle gray\">April<\/h2>\n<ul>\n<li>Easter Monday<\/li>\n<li>Sant Vicent del Captivador<\/li>\n<\/ul>\n<p>[\/vc_column_text][\/vc_column][vc_column css=&#8221;.vc_custom_1649350270289{margin-bottom: 10px !important;}&#8221; offset=&#8221;vc_col-lg-4 vc_col-md-4&#8243;][vc_column_text]<\/p>\n<h2 class=\"dayTitle gray\">May<\/h2>\n<ul>\n<li>Fiestas de la Creueta<\/li>\n<li>Europe Day<\/li>\n<li>Norway Day<\/li>\n<\/ul>\n<p>[\/vc_column_text][\/vc_column][vc_column css=&#8221;.vc_custom_1649350280958{margin-bottom: 10px !important;}&#8221; offset=&#8221;vc_col-lg-4 vc_col-md-4&#8243;][vc_column_text]<\/p>\n<h2 class=\"dayTitle gray\">June<\/h2>\n<ul>\n<li>Mig Any and Noche de San Juan<\/li>\n<\/ul>\n<p>[\/vc_column_text][\/vc_column][vc_column el_class=&#8221;onlyDesktop&#8221; css=&#8221;.vc_custom_1649350385599{margin-top: 25px !important;margin-bottom: 25px !important;}&#8221;][\/vc_column][vc_column css=&#8221;.vc_custom_1649351065925{margin-bottom: 10px !important;}&#8221; offset=&#8221;vc_col-lg-4 vc_col-md-4&#8243; el_class=&#8221;onlyDesktop&#8221;][vc_column_text]<\/p>\n<h2 class=\"dayTitle gray\">July<\/h2>\n<p>[\/vc_column_text][\/vc_column][vc_column css=&#8221;.vc_custom_1649350439907{margin-bottom: 10px !important;}&#8221; offset=&#8221;vc_col-lg-4 vc_col-md-4&#8243;][vc_column_text]<\/p>\n<h2 class=\"dayTitle gray\">August<\/h2>\n<ul>\n<li>Albir Beach Fiestas<\/li>\n<\/ul>\n<p>[\/vc_column_text][\/vc_column][vc_column css=&#8221;.vc_custom_1649350460864{margin-bottom: 10px !important;}&#8221; offset=&#8221;vc_col-lg-4 vc_col-md-4&#8243;][vc_column_text]<\/p>\n<h2 class=\"dayTitle gray\">September<\/h2>\n<ul>\n<li>Fiesta de les Copletes<\/li>\n<\/ul>\n<p>[\/vc_column_text][\/vc_column][vc_column el_class=&#8221;onlyDesktop&#8221; css=&#8221;.vc_custom_1649350486375{margin-top: 25px !important;margin-bottom: 25px !important;}&#8221;][\/vc_column][vc_column css=&#8221;.vc_custom_1649350499550{margin-bottom: 10px !important;}&#8221; offset=&#8221;vc_col-lg-4 vc_col-md-4&#8243;][vc_column_text]<\/p>\n<h2 class=\"dayTitle gray\">October<\/h2>\n<ul>\n<li>9th October\u00a0 Valencian Community Day<\/li>\n<li>International Day of l&#8217;Alf\u00e0s del P\u00ed<\/li>\n<\/ul>\n<p>[\/vc_column_text][\/vc_column][vc_column css=&#8221;.vc_custom_1649350509483{margin-bottom: 10px !important;}&#8221; offset=&#8221;vc_col-lg-4 vc_col-md-4&#8243;][vc_column_text]<\/p>\n<h2 class=\"dayTitle gray\">November<\/h2>\n<ul>\n<li>Jubilee and Patron Saint Sant\u00edsimo Cristo del Buen Acierto Fiestas<\/li>\n<\/ul>\n<p>[\/vc_column_text][\/vc_column][vc_column css=&#8221;.vc_custom_1649350859590{margin-bottom: 10px !important;}&#8221; offset=&#8221;vc_col-lg-4 vc_col-md-4&#8243;][vc_column_text]<\/p>\n<h2 class=\"dayTitle gray\">December<\/h2>\n<ul>\n<li>National Day Romania<\/li>\n<li>Sinterklaas (St. Nicholas)<\/li>\n<li>Fiesta of the Immaculate Conception<\/li>\n<\/ul>\n<p>[\/vc_column_text][\/vc_column][\/vc_row][vc_row css_animation=&#8221;&#8221; row_type=&#8221;row&#8221; use_row_as_full_screen_section=&#8221;no&#8221; type=&#8221;full_width&#8221; angled_section=&#8221;no&#8221; text_align=&#8221;left&#8221; background_image_as_pattern=&#8221;without_pattern&#8221; z_index=&#8221;&#8221;][vc_column css=&#8221;.vc_custom_1630316963515{margin-top: 40px !important;}&#8221;][vc_gallery type=&#8221;image_grid&#8221; images=&#8221;1254,1257,1260,2345,2348,2354,2351,2363,2366,2360,2369,2357&#8243; img_size=&#8221;full&#8221; onclick=&#8221;&#8221; column_number=&#8221;3&#8243; grayscale=&#8221;no&#8221; images_space=&#8221;gallery_with_space&#8221;][\/vc_column][\/vc_row][vc_row css_animation=&#8221;&#8221; row_type=&#8221;row&#8221; use_row_as_full_screen_section=&#8221;no&#8221; type=&#8221;full_width&#8221; angled_section=&#8221;no&#8221; text_align=&#8221;left&#8221; background_image_as_pattern=&#8221;without_pattern&#8221; z_index=&#8221;&#8221; padding_top=&#8221;157&#8243; css=&#8221;.vc_custom_1623657953821{margin-top: 70px !important;background-image: url(https:\/\/welcomelalfas.com\/wp-content\/uploads\/2021\/06\/fondo-pie-tn.jpg?id=389) !important;background-position: center !important;background-repeat: no-repeat !important;background-size: cover !important;}&#8221; padding_bottom=&#8221;100&#8243;][vc_column css=&#8221;.vc_custom_1623600830979{background-position: 0 0 !important;background-repeat: no-repeat !important;}&#8221;][\/vc_column][\/vc_row]<\/p>\n","protected":false},"excerpt":{"rendered":"<p>[vc_row css_animation=&#8221;&#8221; row_type=&#8221;row&#8221; use_row_as_full_screen_section=&#8221;no&#8221; type=&#8221;grid&#8221; angled_section=&#8221;no&#8221; text_align=&#8221;left&#8221; background_image_as_pattern=&#8221;without_pattern&#8221; z_index=&#8221;&#8221; padding_top=&#8221;50&#8243;][vc_column css=&#8221;.vc_custom_1630316963515{margin-top: 40px !important;}&#8221;][vc_column_text] Jubilee and Patron Saint Sant\u00edsimo Cristo del Buen Acierto Fiestas Celebrated from the 7th to 10th of November in honour of the patron saint Sant\u00edsimo Cristo del Buen Acierto, with great devotion&#8230;<\/p>\n","protected":false},"author":1,"featured_media":0,"parent":0,"menu_order":0,"comment_status":"closed","ping_status":"closed","template":"full_width.php","meta":[],"yoast_head":"<!-- This site is optimized with the Yoast SEO plugin v19.7.1 - https:\/\/yoast.com\/wordpress\/plugins\/seo\/ -->\n<title>Fiestas in l&#039;Alf\u00e0s del Pi | Welcome L&#039;Alf\u00e0s<\/title>\n<meta name=\"description\" content=\"Fiestas in l&#039;Alf\u00e0s del Pi | Welcome L&#039;Alf\u00e0s\" \/>\n<meta name=\"robots\" content=\"index, follow, max-snippet:-1, max-image-preview:large, max-video-preview:-1\" \/>\n<link rel=\"canonical\" href=\"https:\/\/welcomelalfas.com\/en\/fiestas\/\" \/>\n<meta property=\"og:locale\" content=\"en_US\" \/>\n<meta property=\"og:type\" content=\"article\" \/>\n<meta property=\"og:title\" content=\"Fiestas in l&#039;Alf\u00e0s del Pi | Welcome L&#039;Alf\u00e0s\" \/>\n<meta property=\"og:description\" content=\"Fiestas in l&#039;Alf\u00e0s del Pi | Welcome L&#039;Alf\u00e0s\" \/>\n<meta property=\"og:url\" content=\"https:\/\/welcomelalfas.com\/en\/fiestas\/\" \/>\n<meta property=\"og:site_name\" content=\"Welcome L&#039;Alf\u00e0s\" \/>\n<meta property=\"article:modified_time\" content=\"2022-10-05T10:37:55+00:00\" \/>\n<meta name=\"twitter:card\" content=\"summary_large_image\" \/>\n<meta name=\"twitter:label1\" content=\"Est. reading time\" \/>\n\t<meta name=\"twitter:data1\" content=\"3 minutes\" \/>\n<script type=\"application\/ld+json\" class=\"yoast-schema-graph\">{\"@context\":\"https:\/\/schema.org\",\"@graph\":[{\"@type\":\"WebPage\",\"@id\":\"https:\/\/welcomelalfas.com\/en\/fiestas\/\",\"url\":\"https:\/\/welcomelalfas.com\/en\/fiestas\/\",\"name\":\"Fiestas in l'Alf\u00e0s del Pi | Welcome L&#039;Alf\u00e0s\",\"isPartOf\":{\"@id\":\"https:\/\/welcomelalfas.com\/#website\"},\"datePublished\":\"2021-10-03T18:58:42+00:00\",\"dateModified\":\"2022-10-05T10:37:55+00:00\",\"description\":\"Fiestas in l'Alf\u00e0s del Pi | Welcome L&#039;Alf\u00e0s\",\"breadcrumb\":{\"@id\":\"https:\/\/welcomelalfas.com\/en\/fiestas\/#breadcrumb\"},\"inLanguage\":\"en-US\",\"potentialAction\":[{\"@type\":\"ReadAction\",\"target\":[\"https:\/\/welcomelalfas.com\/en\/fiestas\/\"]}]},{\"@type\":\"BreadcrumbList\",\"@id\":\"https:\/\/welcomelalfas.com\/en\/fiestas\/#breadcrumb\",\"itemListElement\":[{\"@type\":\"ListItem\",\"position\":1,\"name\":\"Portada\",\"item\":\"https:\/\/welcomelalfas.com\/en\/\"},{\"@type\":\"ListItem\",\"position\":2,\"name\":\"Fiestas in l&#8217;Alf\u00e0s del Pi\"}]},{\"@type\":\"WebSite\",\"@id\":\"https:\/\/welcomelalfas.com\/#website\",\"url\":\"https:\/\/welcomelalfas.com\/\",\"name\":\"Welcome L&#039;Alf\u00e0s\",\"description\":\"Welcome L&#039;Alf\u00e0s\",\"potentialAction\":[{\"@type\":\"SearchAction\",\"target\":{\"@type\":\"EntryPoint\",\"urlTemplate\":\"https:\/\/welcomelalfas.com\/?s={search_term_string}\"},\"query-input\":\"required name=search_term_string\"}],\"inLanguage\":\"en-US\"}]}<\/script>\n<!-- \/ Yoast SEO plugin. -->","yoast_head_json":{"title":"Fiestas in l'Alf\u00e0s del Pi | Welcome L&#039;Alf\u00e0s","description":"Fiestas in l'Alf\u00e0s del Pi | Welcome L&#039;Alf\u00e0s","robots":{"index":"index","follow":"follow","max-snippet":"max-snippet:-1","max-image-preview":"max-image-preview:large","max-video-preview":"max-video-preview:-1"},"canonical":"https:\/\/welcomelalfas.com\/en\/fiestas\/","og_locale":"en_US","og_type":"article","og_title":"Fiestas in l'Alf\u00e0s del Pi | Welcome L&#039;Alf\u00e0s","og_description":"Fiestas in l'Alf\u00e0s del Pi | Welcome L&#039;Alf\u00e0s","og_url":"https:\/\/welcomelalfas.com\/en\/fiestas\/","og_site_name":"Welcome L&#039;Alf\u00e0s","article_modified_time":"2022-10-05T10:37:55+00:00","twitter_card":"summary_large_image","twitter_misc":{"Est. reading time":"3 minutes"},"schema":{"@context":"https:\/\/schema.org","@graph":[{"@type":"WebPage","@id":"https:\/\/welcomelalfas.com\/en\/fiestas\/","url":"https:\/\/welcomelalfas.com\/en\/fiestas\/","name":"Fiestas in l'Alf\u00e0s del Pi | Welcome L&#039;Alf\u00e0s","isPartOf":{"@id":"https:\/\/welcomelalfas.com\/#website"},"datePublished":"2021-10-03T18:58:42+00:00","dateModified":"2022-10-05T10:37:55+00:00","description":"Fiestas in l'Alf\u00e0s del Pi | Welcome L&#039;Alf\u00e0s","breadcrumb":{"@id":"https:\/\/welcomelalfas.com\/en\/fiestas\/#breadcrumb"},"inLanguage":"en-US","potentialAction":[{"@type":"ReadAction","target":["https:\/\/welcomelalfas.com\/en\/fiestas\/"]}]},{"@type":"BreadcrumbList","@id":"https:\/\/welcomelalfas.com\/en\/fiestas\/#breadcrumb","itemListElement":[{"@type":"ListItem","position":1,"name":"Portada","item":"https:\/\/welcomelalfas.com\/en\/"},{"@type":"ListItem","position":2,"name":"Fiestas in l&#8217;Alf\u00e0s del Pi"}]},{"@type":"WebSite","@id":"https:\/\/welcomelalfas.com\/#website","url":"https:\/\/welcomelalfas.com\/","name":"Welcome L&#039;Alf\u00e0s","description":"Welcome L&#039;Alf\u00e0s","potentialAction":[{"@type":"SearchAction","target":{"@type":"EntryPoint","urlTemplate":"https:\/\/welcomelalfas.com\/?s={search_term_string}"},"query-input":"required name=search_term_string"}],"inLanguage":"en-US"}]}},"_links":{"self":[{"href":"https:\/\/welcomelalfas.com\/en\/wp-json\/wp\/v2\/pages\/4197"}],"collection":[{"href":"https:\/\/welcomelalfas.com\/en\/wp-json\/wp\/v2\/pages"}],"about":[{"href":"https:\/\/welcomelalfas.com\/en\/wp-json\/wp\/v2\/types\/page"}],"author":[{"embeddable":true,"href":"https:\/\/welcomelalfas.com\/en\/wp-json\/wp\/v2\/users\/1"}],"replies":[{"embeddable":true,"href":"https:\/\/welcomelalfas.com\/en\/wp-json\/wp\/v2\/comments?post=4197"}],"version-history":[{"count":5,"href":"https:\/\/welcomelalfas.com\/en\/wp-json\/wp\/v2\/pages\/4197\/revisions"}],"predecessor-version":[{"id":4199,"href":"https:\/\/welcomelalfas.com\/en\/wp-json\/wp\/v2\/pages\/4197\/revisions\/4199"}],"wp:attachment":[{"href":"https:\/\/welcomelalfas.com\/en\/wp-json\/wp\/v2\/media?parent=4197"}],"curies":[{"name":"wp","href":"https:\/\/api.w.org\/{rel}","templated":true}]}}