{"id":4268,"date":"2021-06-15T20:43:49","date_gmt":"2021-06-15T20:43:49","guid":{"rendered":"https:\/\/welcomelalfas.com\/?page_id=4268"},"modified":"2024-05-23T10:11:03","modified_gmt":"2024-05-23T10:11:03","slug":"moli-de-manec-watermill-museum","status":"publish","type":"page","link":"https:\/\/welcomelalfas.com\/en\/moli-de-manec-watermill-museum\/","title":{"rendered":"Mol\u00ed de M\u00e0nec Watermill Museum"},"content":{"rendered":"<p>[vc_row css_animation=&#8221;&#8221; row_type=&#8221;row&#8221; use_row_as_full_screen_section=&#8221;no&#8221; type=&#8221;grid&#8221; angled_section=&#8221;no&#8221; text_align=&#8221;left&#8221; background_image_as_pattern=&#8221;without_pattern&#8221; z_index=&#8221;&#8221; padding_top=&#8221;70&#8243;][vc_column][vc_column_text]The Mol\u00ed de M\u00e0nec watermill museum is located on the left bank of the Carbonera ravine. According to available historical references, it was built between the late 18th and early 19th century. Throughout the years it has received other names such as the Carbonera, de Baix, Maset or de Montaner watermill. Of the nine mills along the Reg Major, also known as the S\u00e9quia Mare water canal network, most of them made flour, six were located in l\u00b4Alf\u00e0s del Pi and were of great importance for the region\u00b4s economy until the mid 20th century. The mill had two separate parts, the first floor that was the home of the miller, his family and the workers, and the bottom floor where the machinery and other necessary tools for milling the grain were located. The water fell down a 9 metre tube and moved the two wooden wheels under the mill. The wheels, turning on an iron axis, would move rotating the stones that milled the cereal. This is the traditional system of hydraulic mills in Valencia, a technique that dates back to the Middle Ages and has remained hardly unchanged. The restoration of this building using advanced methods has turned it into an interpretation centre where we can discover how wheat was milled or how the old millers used to live, explained with all kinds of details in any of the guided visits that the l\u00b4Alf\u00e0s Councillorship for Culture and Heritage organizes.[\/vc_column_text][\/vc_column][\/vc_row][vc_row css_animation=&#8221;&#8221; row_type=&#8221;row&#8221; use_row_as_full_screen_section=&#8221;no&#8221; type=&#8221;full_width&#8221; angled_section=&#8221;no&#8221; text_align=&#8221;left&#8221; background_image_as_pattern=&#8221;without_pattern&#8221; z_index=&#8221;&#8221; padding_top=&#8221;70&#8243;][vc_column css_animation=&#8221;fadeIn&#8221;][qode_elements_holder number_of_columns=&#8221;two_columns&#8221; columns_proportion=&#8221;25_75&#8243;][qode_elements_holder_item cover=&#8221;yes&#8221; advanced_animations=&#8221;no&#8221; background_image=&#8221;575&#8243; custom_class=&#8221;mobileSinFondo768&#8243; item_padding=&#8221;0px 0px 0px 0px&#8221; item_padding_1280_1440=&#8221;0px 0px 0px 0px&#8221; item_padding_1024_1280=&#8221;0px 0px 0px 0px&#8221; item_padding_768_1024=&#8221;0px 0px 0px 0px&#8221; item_padding_600_768=&#8221;0px 0px 20px 0px&#8221; item_padding_480_600=&#8221;0px 0px 20px 0px&#8221; item_padding_480=&#8221;0px 0px 20px 0px&#8221;][vc_single_image image=&#8221;577&#8243; img_size=&#8221;full&#8221; alignment=&#8221;center&#8221; qode_css_animation=&#8221;&#8221; el_class=&#8221;onlyMobile768&#8243;][\/qode_elements_holder_item][qode_elements_holder_item advanced_animations=&#8221;no&#8221; item_padding=&#8221;0 0 0 20px&#8221; item_padding_1280_1440=&#8221;0 0 0 20px&#8221; item_padding_1024_1280=&#8221;0 0 0 20px&#8221; item_padding_768_1024=&#8221;0 0 0 20px&#8221; item_padding_600_768=&#8221;0 0 0 0&#8243; item_padding_480_600=&#8221;0 0 0 0&#8243; item_padding_480=&#8221;0 0 0 0&#8243;][vc_gallery type=&#8221;image_grid&#8221; images=&#8221;581,584,587,590,605,608,593,596,599,635,602,626,611,614,620&#8243; img_size=&#8221;full&#8221; onclick=&#8221;&#8221; column_number=&#8221;3&#8243; grayscale=&#8221;no&#8221; images_space=&#8221;gallery_with_space&#8221;][\/qode_elements_holder_item][\/qode_elements_holder][\/vc_column][\/vc_row][vc_row css_animation=&#8221;&#8221; row_type=&#8221;row&#8221; use_row_as_full_screen_section=&#8221;no&#8221; type=&#8221;full_width&#8221; angled_section=&#8221;no&#8221; text_align=&#8221;left&#8221; background_image_as_pattern=&#8221;without_pattern&#8221; z_index=&#8221;&#8221; padding_top=&#8221;50&#8243;][vc_column][qode_elements_holder number_of_columns=&#8221;two_columns&#8221;][qode_elements_holder_item vertical_alignment=&#8221;top&#8221; horizontal_alignment=&#8221;center&#8221; advanced_animations=&#8221;no&#8221; custom_class=&#8221;azulBgTN&#8221; item_padding=&#8221;40px 10px 40px 10px&#8221;][vc_column_text]<\/p>\n<p class=\"text-center\"><strong>EL MOL\u00cd DE M\u00c0NEC<\/strong><\/p>\n<p class=\"text-center\">Partida la Carbonera, 17, 03580 L&#8217;Alf\u00e0s del Pi, Alicante<\/p>\n<p class=\"text-center\">Tel <a href=\"tel:965889424\">965 88 94 24<\/a><\/p>\n<p class=\"text-center\"><a href=\"mailto:museovillaromana@lalfas.com\">museovillaromana@lalfas.com<\/a><\/p>\n<p>[\/vc_column_text][\/qode_elements_holder_item][qode_elements_holder_item vertical_alignment=&#8221;top&#8221; advanced_animations=&#8221;no&#8221; custom_class=&#8221;verdeBgTN&#8221; item_padding=&#8221;40px 10px 40px 10px&#8221;][vc_column_text el_class=&#8221;hide&#8221;]<\/p>\n<p class=\"text-center\"><strong>SUMMER SCHEDULE (July\/August)<\/strong><\/p>\n<p class=\"text-center\">Morning<br \/>\nMonday &#8211; Friday: 09:00h &#8211; 13:00h<br \/>\nSunday: 09:00h &#8211; 12:00h<\/p>\n<p class=\"text-center\">Afternoon<br \/>\nWednesday &#8211; Saturday: 17:00h &#8211; 20:00h<\/p>\n<p>[\/vc_column_text][\/qode_elements_holder_item][\/qode_elements_holder][\/vc_column][\/vc_row][vc_row css_animation=&#8221;&#8221; row_type=&#8221;row&#8221; use_row_as_full_screen_section=&#8221;no&#8221; type=&#8221;full_width&#8221; angled_section=&#8221;no&#8221; text_align=&#8221;left&#8221; background_image_as_pattern=&#8221;without_pattern&#8221; z_index=&#8221;&#8221; padding_top=&#8221;70&#8243;][vc_column][vc_gmaps link=&#8221;#E-8_JTNDaWZyYW1lJTIwc3JjJTNEJTIyaHR0cHMlM0ElMkYlMkZ3d3cuZ29vZ2xlLmNvbSUyRm1hcHMlMkZlbWJlZCUzRnBiJTNEJTIxMW0xOCUyMTFtMTIlMjExbTMlMjExZDI0OTQ2LjI4MjAzMzQwNjA3NCUyMTJkLTAuMTI1NjQ5NDYxMDM4OTY0NDMlMjEzZDM4LjU5NjMwNDE3MjI0MDE0NiUyMTJtMyUyMTFmMCUyMTJmMCUyMTNmMCUyMTNtMiUyMTFpMTAyNCUyMTJpNzY4JTIxNGYxMy4xJTIxM20zJTIxMW0yJTIxMXMweGQ2MjAzYzhlZjBiNzA4OSUyNTNBMHhjY2YxOTE4NzhiZDJhNTkzJTIxMnpUVzlzdzYwZ1pHVWdUY09nYm1WaiUyMTVlMCUyMTNtMiUyMTFzZXMlMjEyc2VzJTIxNHYxNjIzODI0MjQ4MzAzJTIxNW0yJTIxMXNlcyUyMTJzZXMlMjIlMjB3aWR0aCUzRCUyMjEwMCUyNSUyMiUyMGhlaWdodCUzRCUyMjQ1MCUyMiUyMHN0eWxlJTNEJTIyYm9yZGVyJTNBMCUzQiUyMiUyMGFsbG93ZnVsbHNjcmVlbiUzRCUyMiUyMiUyMGxvYWRpbmclM0QlMjJsYXp5JTIyJTNFJTNDJTJGaWZyYW1lJTNF&#8221;][\/vc_column][\/vc_row][vc_row css_animation=&#8221;&#8221; row_type=&#8221;row&#8221; use_row_as_full_screen_section=&#8221;no&#8221; type=&#8221;full_width&#8221; angled_section=&#8221;no&#8221; text_align=&#8221;left&#8221; background_image_as_pattern=&#8221;without_pattern&#8221; z_index=&#8221;&#8221; padding_top=&#8221;70&#8243; padding_bottom=&#8221;30&#8243;][vc_column][vc_column_text]<h2 style=\"text-align: center;font-size:28px;text-transform:none;\">You also can visit<\/h2><div class=\"section_inner clearfix full-width\">\n            <div class=\"section_inner_margin clearfix\">\n                <div class=\"wpb_column vc_column_container container_inner\" style=\"margin:0 auto;\">\n                    <div class=\"vc_column-inner\">\n                        <div class=\"wpb_wrapper\">\n                            <div class=\"woocommerce columns-3\">\n                                <ul class=\"products\"><li class=\"product type-product post-4218\">\n                                                <div class=\"top-product-section\">\n\t\t\t\t\t\t\t\t\t\t\t\t    <a href=\"https:\/\/welcomelalfas.com\/en\/albir-lighthouse-interpretation-centre\/\"><img width=\"800\" height=\"528\" src=\"https:\/\/welcomelalfas.com\/wp-content\/uploads\/2021\/05\/faro-albir-009.jpg\" class=\"attachment-post-thumbnail size-post-thumbnail wp-post-image\" alt=\"\" loading=\"lazy\" srcset=\"https:\/\/welcomelalfas.com\/wp-content\/uploads\/2021\/05\/faro-albir-009.jpg 800w, https:\/\/welcomelalfas.com\/wp-content\/uploads\/2021\/05\/faro-albir-009-300x198.jpg 300w, https:\/\/welcomelalfas.com\/wp-content\/uploads\/2021\/05\/faro-albir-009-768x507.jpg 768w, https:\/\/welcomelalfas.com\/wp-content\/uploads\/2021\/05\/faro-albir-009-700x462.jpg 700w\" sizes=\"(max-width: 800px) 100vw, 800px\" \/><\/a>   \n                                                    <a href=\"https:\/\/welcomelalfas.com\/en\/albir-lighthouse-interpretation-centre\/\" class=\"text-center\"><h3>Albir Lighthouse Interpretation Centre<\/h3><\/a>\n                                                <\/div>\n                                                <\/li><li class=\"product type-product post-4233\">\n                                                <div class=\"top-product-section\">\n\t\t\t\t\t\t\t\t\t\t\t\t    <a href=\"https:\/\/welcomelalfas.com\/en\/los-carrascos-interpretation-centre\/\"><img width=\"1000\" height=\"667\" src=\"https:\/\/welcomelalfas.com\/wp-content\/uploads\/2021\/09\/carrascos-rel.jpg\" class=\"attachment-post-thumbnail size-post-thumbnail wp-post-image\" alt=\"\" loading=\"lazy\" srcset=\"https:\/\/welcomelalfas.com\/wp-content\/uploads\/2021\/09\/carrascos-rel.jpg 1000w, https:\/\/welcomelalfas.com\/wp-content\/uploads\/2021\/09\/carrascos-rel-300x200.jpg 300w, https:\/\/welcomelalfas.com\/wp-content\/uploads\/2021\/09\/carrascos-rel-768x512.jpg 768w, https:\/\/welcomelalfas.com\/wp-content\/uploads\/2021\/09\/carrascos-rel-700x467.jpg 700w\" sizes=\"(max-width: 1000px) 100vw, 1000px\" \/><\/a>   \n                                                    <a href=\"https:\/\/welcomelalfas.com\/en\/los-carrascos-interpretation-centre\/\" class=\"text-center\"><h3>Los Carrascos Interpretation Centre<\/h3><\/a>\n                                                <\/div>\n                                                <\/li><li class=\"product type-product post-4396\" style=\"margin-right:0;\" >\n                                                <div class=\"top-product-section\">\n\t\t\t\t\t\t\t\t\t\t\t\t    <a href=\"https:\/\/welcomelalfas.com\/en\/museo-aire-libre-villa-romana-albir\/\"><img width=\"1000\" height=\"667\" src=\"https:\/\/welcomelalfas.com\/wp-content\/uploads\/2021\/09\/museo-villa-romana-albir-26.jpg\" class=\"attachment-post-thumbnail size-post-thumbnail wp-post-image\" alt=\"\" loading=\"lazy\" srcset=\"https:\/\/welcomelalfas.com\/wp-content\/uploads\/2021\/09\/museo-villa-romana-albir-26.jpg 1000w, https:\/\/welcomelalfas.com\/wp-content\/uploads\/2021\/09\/museo-villa-romana-albir-26-300x200.jpg 300w, https:\/\/welcomelalfas.com\/wp-content\/uploads\/2021\/09\/museo-villa-romana-albir-26-768x512.jpg 768w, https:\/\/welcomelalfas.com\/wp-content\/uploads\/2021\/09\/museo-villa-romana-albir-26-700x467.jpg 700w\" sizes=\"(max-width: 1000px) 100vw, 1000px\" \/><\/a>   \n                                                    <a href=\"https:\/\/welcomelalfas.com\/en\/museo-aire-libre-villa-romana-albir\/\" class=\"text-center\"><h3>Roman Villa Open Air Museum<\/h3><\/a>\n                                                <\/div>\n                                                <\/li><\/ul>\n                            <\/div>\n                        <\/div>\n                    <\/div>\n                <\/div>\n            <\/div>\n        <\/div>[\/vc_column_text][\/vc_column][\/vc_row][vc_row css_animation=&#8221;&#8221; row_type=&#8221;row&#8221; use_row_as_full_screen_section=&#8221;no&#8221; type=&#8221;full_width&#8221; angled_section=&#8221;no&#8221; text_align=&#8221;left&#8221; background_image_as_pattern=&#8221;without_pattern&#8221; css=&#8221;.vc_custom_1664361933282{background-image: url(https:\/\/welcomelalfas.com\/wp-content\/uploads\/2021\/06\/fondo-pie-tn.jpg?id=389) !important;}&#8221; z_index=&#8221;&#8221; padding_top=&#8221;157&#8243; padding_bottom=&#8221;100&#8243;][vc_column][\/vc_column][\/vc_row]<\/p>\n","protected":false},"excerpt":{"rendered":"<p>[vc_row css_animation=&#8221;&#8221; row_type=&#8221;row&#8221; use_row_as_full_screen_section=&#8221;no&#8221; type=&#8221;grid&#8221; angled_section=&#8221;no&#8221; text_align=&#8221;left&#8221; background_image_as_pattern=&#8221;without_pattern&#8221; z_index=&#8221;&#8221; padding_top=&#8221;70&#8243;][vc_column][vc_column_text]The Mol\u00ed de M\u00e0nec watermill museum is located on the left bank of the Carbonera ravine. According to available historical references, it was built between the late 18th and early 19th century. Throughout the years it&#8230;<\/p>\n","protected":false},"author":2,"featured_media":593,"parent":0,"menu_order":0,"comment_status":"closed","ping_status":"closed","template":"full_width.php","meta":[],"yoast_head":"<!-- This site is optimized with the Yoast SEO plugin v19.7.1 - https:\/\/yoast.com\/wordpress\/plugins\/seo\/ -->\n<title>Mol\u00ed de M\u00e0nec Watermill Museum | Welcome L&#039;Alf\u00e0s<\/title>\n<meta name=\"description\" content=\"Mol\u00ed de M\u00e0nec Watermill Museum | Welcome L&#039;Alf\u00e0s\" \/>\n<meta name=\"robots\" content=\"index, follow, max-snippet:-1, max-image-preview:large, max-video-preview:-1\" \/>\n<link rel=\"canonical\" href=\"https:\/\/welcomelalfas.com\/en\/moli-de-manec-watermill-museum\/\" \/>\n<meta property=\"og:locale\" content=\"en_US\" \/>\n<meta property=\"og:type\" content=\"article\" \/>\n<meta property=\"og:title\" content=\"Mol\u00ed de M\u00e0nec Watermill Museum | Welcome L&#039;Alf\u00e0s\" \/>\n<meta property=\"og:description\" content=\"Mol\u00ed de M\u00e0nec Watermill Museum | Welcome L&#039;Alf\u00e0s\" \/>\n<meta property=\"og:url\" content=\"https:\/\/welcomelalfas.com\/en\/moli-de-manec-watermill-museum\/\" \/>\n<meta property=\"og:site_name\" content=\"Welcome L&#039;Alf\u00e0s\" \/>\n<meta property=\"article:modified_time\" content=\"2024-05-23T10:11:03+00:00\" \/>\n<meta property=\"og:image\" content=\"https:\/\/welcomelalfas.com\/wp-content\/uploads\/2021\/06\/moli-manec-lalfas-06.jpg\" \/>\n\t<meta property=\"og:image:width\" content=\"800\" \/>\n\t<meta property=\"og:image:height\" content=\"533\" \/>\n\t<meta property=\"og:image:type\" content=\"image\/jpeg\" \/>\n<meta name=\"twitter:card\" content=\"summary_large_image\" \/>\n<meta name=\"twitter:label1\" content=\"Est. reading time\" \/>\n\t<meta name=\"twitter:data1\" content=\"2 minutes\" \/>\n<script type=\"application\/ld+json\" class=\"yoast-schema-graph\">{\"@context\":\"https:\/\/schema.org\",\"@graph\":[{\"@type\":\"WebPage\",\"@id\":\"https:\/\/welcomelalfas.com\/en\/moli-de-manec-watermill-museum\/\",\"url\":\"https:\/\/welcomelalfas.com\/en\/moli-de-manec-watermill-museum\/\",\"name\":\"Mol\u00ed de M\u00e0nec Watermill Museum | Welcome L&#039;Alf\u00e0s\",\"isPartOf\":{\"@id\":\"https:\/\/welcomelalfas.com\/#website\"},\"datePublished\":\"2021-06-15T20:43:49+00:00\",\"dateModified\":\"2024-05-23T10:11:03+00:00\",\"description\":\"Mol\u00ed de M\u00e0nec Watermill Museum | Welcome L&#039;Alf\u00e0s\",\"breadcrumb\":{\"@id\":\"https:\/\/welcomelalfas.com\/en\/moli-de-manec-watermill-museum\/#breadcrumb\"},\"inLanguage\":\"en-US\",\"potentialAction\":[{\"@type\":\"ReadAction\",\"target\":[\"https:\/\/welcomelalfas.com\/en\/moli-de-manec-watermill-museum\/\"]}]},{\"@type\":\"BreadcrumbList\",\"@id\":\"https:\/\/welcomelalfas.com\/en\/moli-de-manec-watermill-museum\/#breadcrumb\",\"itemListElement\":[{\"@type\":\"ListItem\",\"position\":1,\"name\":\"Portada\",\"item\":\"https:\/\/welcomelalfas.com\/en\/\"},{\"@type\":\"ListItem\",\"position\":2,\"name\":\"Mol\u00ed de M\u00e0nec Watermill Museum\"}]},{\"@type\":\"WebSite\",\"@id\":\"https:\/\/welcomelalfas.com\/#website\",\"url\":\"https:\/\/welcomelalfas.com\/\",\"name\":\"Welcome L&#039;Alf\u00e0s\",\"description\":\"Welcome L&#039;Alf\u00e0s\",\"potentialAction\":[{\"@type\":\"SearchAction\",\"target\":{\"@type\":\"EntryPoint\",\"urlTemplate\":\"https:\/\/welcomelalfas.com\/?s={search_term_string}\"},\"query-input\":\"required name=search_term_string\"}],\"inLanguage\":\"en-US\"}]}<\/script>\n<!-- \/ Yoast SEO plugin. -->","yoast_head_json":{"title":"Mol\u00ed de M\u00e0nec Watermill Museum | Welcome L&#039;Alf\u00e0s","description":"Mol\u00ed de M\u00e0nec Watermill Museum | Welcome L&#039;Alf\u00e0s","robots":{"index":"index","follow":"follow","max-snippet":"max-snippet:-1","max-image-preview":"max-image-preview:large","max-video-preview":"max-video-preview:-1"},"canonical":"https:\/\/welcomelalfas.com\/en\/moli-de-manec-watermill-museum\/","og_locale":"en_US","og_type":"article","og_title":"Mol\u00ed de M\u00e0nec Watermill Museum | Welcome L&#039;Alf\u00e0s","og_description":"Mol\u00ed de M\u00e0nec Watermill Museum | Welcome L&#039;Alf\u00e0s","og_url":"https:\/\/welcomelalfas.com\/en\/moli-de-manec-watermill-museum\/","og_site_name":"Welcome L&#039;Alf\u00e0s","article_modified_time":"2024-05-23T10:11:03+00:00","og_image":[{"width":800,"height":533,"url":"https:\/\/welcomelalfas.com\/wp-content\/uploads\/2021\/06\/moli-manec-lalfas-06.jpg","type":"image\/jpeg"}],"twitter_card":"summary_large_image","twitter_misc":{"Est. reading time":"2 minutes"},"schema":{"@context":"https:\/\/schema.org","@graph":[{"@type":"WebPage","@id":"https:\/\/welcomelalfas.com\/en\/moli-de-manec-watermill-museum\/","url":"https:\/\/welcomelalfas.com\/en\/moli-de-manec-watermill-museum\/","name":"Mol\u00ed de M\u00e0nec Watermill Museum | Welcome L&#039;Alf\u00e0s","isPartOf":{"@id":"https:\/\/welcomelalfas.com\/#website"},"datePublished":"2021-06-15T20:43:49+00:00","dateModified":"2024-05-23T10:11:03+00:00","description":"Mol\u00ed de M\u00e0nec Watermill Museum | Welcome L&#039;Alf\u00e0s","breadcrumb":{"@id":"https:\/\/welcomelalfas.com\/en\/moli-de-manec-watermill-museum\/#breadcrumb"},"inLanguage":"en-US","potentialAction":[{"@type":"ReadAction","target":["https:\/\/welcomelalfas.com\/en\/moli-de-manec-watermill-museum\/"]}]},{"@type":"BreadcrumbList","@id":"https:\/\/welcomelalfas.com\/en\/moli-de-manec-watermill-museum\/#breadcrumb","itemListElement":[{"@type":"ListItem","position":1,"name":"Portada","item":"https:\/\/welcomelalfas.com\/en\/"},{"@type":"ListItem","position":2,"name":"Mol\u00ed de M\u00e0nec Watermill Museum"}]},{"@type":"WebSite","@id":"https:\/\/welcomelalfas.com\/#website","url":"https:\/\/welcomelalfas.com\/","name":"Welcome L&#039;Alf\u00e0s","description":"Welcome L&#039;Alf\u00e0s","potentialAction":[{"@type":"SearchAction","target":{"@type":"EntryPoint","urlTemplate":"https:\/\/welcomelalfas.com\/?s={search_term_string}"},"query-input":"required name=search_term_string"}],"inLanguage":"en-US"}]}},"_links":{"self":[{"href":"https:\/\/welcomelalfas.com\/en\/wp-json\/wp\/v2\/pages\/4268"}],"collection":[{"href":"https:\/\/welcomelalfas.com\/en\/wp-json\/wp\/v2\/pages"}],"about":[{"href":"https:\/\/welcomelalfas.com\/en\/wp-json\/wp\/v2\/types\/page"}],"author":[{"embeddable":true,"href":"https:\/\/welcomelalfas.com\/en\/wp-json\/wp\/v2\/users\/2"}],"replies":[{"embeddable":true,"href":"https:\/\/welcomelalfas.com\/en\/wp-json\/wp\/v2\/comments?post=4268"}],"version-history":[{"count":3,"href":"https:\/\/welcomelalfas.com\/en\/wp-json\/wp\/v2\/pages\/4268\/revisions"}],"predecessor-version":[{"id":5087,"href":"https:\/\/welcomelalfas.com\/en\/wp-json\/wp\/v2\/pages\/4268\/revisions\/5087"}],"wp:featuredmedia":[{"embeddable":true,"href":"https:\/\/welcomelalfas.com\/en\/wp-json\/wp\/v2\/media\/593"}],"wp:attachment":[{"href":"https:\/\/welcomelalfas.com\/en\/wp-json\/wp\/v2\/media?parent=4268"}],"curies":[{"name":"wp","href":"https:\/\/api.w.org\/{rel}","templated":true}]}}