{"id":4284,"date":"2021-03-17T13:17:55","date_gmt":"2021-03-17T13:17:55","guid":{"rendered":"https:\/\/welcomelalfas.com\/?page_id=4284"},"modified":"2022-11-21T11:30:09","modified_gmt":"2022-11-21T11:30:09","slug":"contact-us","status":"publish","type":"page","link":"https:\/\/welcomelalfas.com\/en\/contact-us\/","title":{"rendered":"Contact us"},"content":{"rendered":"<p>[vc_row css_animation=&#8221;&#8221; row_type=&#8221;row&#8221; use_row_as_full_screen_section=&#8221;no&#8221; type=&#8221;grid&#8221; angled_section=&#8221;no&#8221; text_align=&#8221;left&#8221; background_image_as_pattern=&#8221;without_pattern&#8221; z_index=&#8221;&#8221; padding_top=&#8221;70&#8243; padding_bottom=&#8221;70&#8243;][vc_column][qode_elements_holder number_of_columns=&#8221;two_columns&#8221;][qode_elements_holder_item vertical_alignment=&#8221;top&#8221; horizontal_alignment=&#8221;center&#8221; advanced_animations=&#8221;no&#8221; item_padding=&#8221;20px 20px 20px 20px&#8221;][vc_single_image image=&#8221;968&#8243; img_size=&#8221;large&#8221; qode_css_animation=&#8221;&#8221;][vc_column_text css=&#8221;.vc_custom_1665146694211{margin-top: 20px !important;}&#8221;]<\/p>\n<h2 class=\"text-center\">Tourist Office l&#8217;Alf\u00e0s del Pi<\/h2>\n<p>[\/vc_column_text][vc_column_text css=&#8221;.vc_custom_1666096567650{margin-bottom: 30px !important;}&#8221;]<\/p>\n<p class=\"text-center\">Carrer les Escoles<br \/>\n03580 l&#8217;Alf\u00e0s del Pi<br \/>\nAlicante<\/p>\n<p class=\"m-t-20 m-b-30 text-center\"><i class=\"fa fa-phone\" aria-hidden=\"true\"><\/i> <a href=\"tel:965888265\">+34 965 888 265<\/a><br \/>\n<i class=\"fa fa-envelope-o\" aria-hidden=\"true\"><\/i> <a href=\"mailto:info@welcomelalfas.com\">info@welcomelalfas.com<\/a><\/p>\n<p>[\/vc_column_text]\n\n\t<a href=\"https:\/\/goo.gl\/maps\/d8fdbiiWD1vD7q37A\" target=\"_blank\" style=\"color: #ffffff;background-color: #006198;margin: 10px 0 10px 0\" class=\"qode-btn qode-btn-medium qode-btn-solid qode-btn-custom-hover-bg qode-btn-custom-hover-color qode-btn-custom-icon-bg-hover-color qode-btn-icon qode-btn-default-hover\" data-hover-bg-color=\"#006198\" data-hover-color=\"#ffffff\" >\n\t    <span class=\"qode-btn-text\">How to get<\/span><span class=\"qode-button-v2-icon-holder\" style=\"border-color: #ffffff;background-color: #006198\" data-hover-icon-border-color=\"#ffffff\" data-hover-icon-bg-color=\"#006198\"><i class=\"qode_icon_font_awesome fa fa-map-marker qode-button-v2-icon-holder-inner\" ><\/i><\/span>\t<\/a>\n\n[vc_column_text css=&#8221;.vc_custom_1666096699277{margin-bottom: 20px !important;}&#8221;]<\/p>\n<h4 class=\"text-center m-t-30\">CUSTOMER SERVICE HOURS<\/h4>\n<p class=\"text-center\">Monday to Friday from 9.00h to 14.00h<\/p>\n<p>[\/vc_column_text][\/qode_elements_holder_item][qode_elements_holder_item vertical_alignment=&#8221;top&#8221; horizontal_alignment=&#8221;center&#8221; advanced_animations=&#8221;no&#8221; item_padding=&#8221;20px 20px 20px 20px&#8221;][vc_single_image image=&#8221;3007&#8243; img_size=&#8221;large&#8221; qode_css_animation=&#8221;&#8221;][vc_column_text css=&#8221;.vc_custom_1665146748610{margin-top: 20px !important;}&#8221;]<\/p>\n<h2 class=\"text-center\">Albir Beach Tourism Office<\/h2>\n<p>[\/vc_column_text][vc_column_text css=&#8221;.vc_custom_1666096583000{margin-bottom: 30px !important;}&#8221;]<\/p>\n<p class=\"text-center\">Passeig de les Estreles<br \/>\n03581 l&#8217;Alf\u00e0s del Pi<br \/>\nAlicante<\/p>\n<p class=\"m-t-20 m-b-30 text-center\"><i class=\"fa fa-phone\" aria-hidden=\"true\"><\/i> <a href=\"tel:966867022\">+34 966 867 022<\/a><br \/>\n<i class=\"fa fa-envelope-o\" aria-hidden=\"true\"><\/i> <a href=\"mailto:info@welcomelalfas.com\">info@welcomelalfas.com<\/a><\/p>\n<p>[\/vc_column_text]\n\n\t<a href=\"https:\/\/goo.gl\/maps\/jcaVZsWjtMhQbPSA6\" target=\"_blank\" style=\"color: #ffffff;background-color: #006198;margin: 10px 0 10px 0\" class=\"qode-btn qode-btn-medium qode-btn-solid qode-btn-custom-hover-bg qode-btn-custom-hover-color qode-btn-custom-icon-bg-hover-color qode-btn-icon qode-btn-default-hover\" data-hover-bg-color=\"#006198\" data-hover-color=\"#ffffff\" >\n\t    <span class=\"qode-btn-text\">How to get<\/span><span class=\"qode-button-v2-icon-holder\" style=\"border-color: #ffffff;background-color: #006198\" data-hover-icon-border-color=\"#ffffff\" data-hover-icon-bg-color=\"#006198\"><i class=\"qode_icon_font_awesome fa fa-map-marker qode-button-v2-icon-holder-inner\" ><\/i><\/span>\t<\/a>\n\n[vc_column_text css=&#8221;.vc_custom_1666096771184{margin-bottom: 20px !important;}&#8221;]<\/p>\n<h4 class=\"text-center m-t-30\">CUSTOMER SERVICE HOURS<\/h4>\n<p class=\"text-center\">WINTER<br \/>\nfrom 15th September to 15th June<br \/>\nfrom 10.00h to 14.30h (Monday to Friday)<br \/>\nfrom 10.00h to 14.00h (Saturdays, Sundays and Holidays)<\/p>\n<p class=\"text-center\">SUMMER<br \/>\nfrom 16th June to 14th September<br \/>\nfrom 9.30h to 19.00h (Monday to Friday)<br \/>\nfrom 9.30h to 15.00h (Saturdays, Sundays and Holidays)<\/p>\n<p>[\/vc_column_text][\/qode_elements_holder_item][\/qode_elements_holder][\/vc_column][vc_column css=&#8221;.vc_custom_1669029611684{margin-top: 30px !important;padding-top: 0px !important;background-color: #007ac2 !important;}&#8221;][vc_column_text el_class=&#8221;apartadoVRA&#8221;]<\/p>\n<h2>How to get?<\/h2>\n<p>[\/vc_column_text][\/vc_column][vc_column css=&#8221;.vc_custom_1669029976053{margin-top: 30px !important;}&#8221;][vc_column_text]<\/p>\n<p><strong>By bus<\/strong>, regular line (Benidorm-Altea) n\u00ba 10 Llorente Bus company.<br \/>\nThe nearest stop to OIT Playa l&#8217;Albir is 210m away at Avda. Oscar Espl\u00e0, 16.<br \/>\nThe nearest stop to OIT Les Escoles in l&#8217;Alf\u00e0s is located a few metres from the Casa de Cultura.<\/p>\n<p>&nbsp;<\/p>\n<p><strong>By train<\/strong>, LLine 9 (Benidorm-Denia)<br \/>\nNearest stop, 20 minutes walk from the OIT beach. Situated on the bridge after the N332 at McDonalds.<br \/>\nNearest bus stop 25 minutes walk or 1,9km from the L&#8217;Alf\u00e0s ILO. Situated next to La Estaci\u00f3n del Mar in l&#8217;Alf\u00e0s.<\/p>\n<p>&nbsp;<\/p>\n<p><strong>By taxi<\/strong>,<br \/>\nThe nearest taxi rank to OIT Playa l&#8217;Albir is 60m away on Avda de l&#8217;Albir.<br \/>\nClosest stop to OIT Les Escoles in l&#8217;Alf\u00e0s, 200m on c\/Murcia.<\/p>\n<p>[\/vc_column_text][\/vc_column][vc_column css=&#8221;.vc_custom_1669029818247{margin-top: 70px !important;margin-bottom: 0px !important;padding-top: 0px !important;padding-bottom: 0px !important;background-color: #007ac2 !important;}&#8221;][vc_column_text el_class=&#8221;apartadoVRA&#8221;]<\/p>\n<h2>Any questions? Ask us!!<\/h2>\n<p>[\/vc_column_text][\/vc_column][vc_column offset=&#8221;vc_col-lg-offset-1 vc_col-lg-10 vc_col-md-offset-1 vc_col-md-10&#8243; css=&#8221;.vc_custom_1669029903342{margin-top: 50px !important;}&#8221;][vc_column_text css=&#8221;.vc_custom_1669029894517{margin-bottom: 20px !important;}&#8221;]If you want to ask us any <strong>questions, suggestions or complaints<\/strong>, fill out and send the following Form. We will contact you as soon as possible.[\/vc_column_text]<div role=\"form\" class=\"wpcf7\" id=\"wpcf7-f4283-o1\" lang=\"es-ES\" dir=\"ltr\">\n<div class=\"screen-reader-response\"><p role=\"status\" aria-live=\"polite\" aria-atomic=\"true\"><\/p> <ul><\/ul><\/div>\n<form action=\"\/en\/wp-json\/wp\/v2\/pages\/4284#wpcf7-f4283-o1\" method=\"post\" class=\"wpcf7-form init default\" novalidate=\"novalidate\" data-status=\"init\">\n<div style=\"display: none;\">\n<input type=\"hidden\" name=\"_wpcf7\" value=\"4283\" \/>\n<input type=\"hidden\" name=\"_wpcf7_version\" value=\"5.6.3\" \/>\n<input type=\"hidden\" name=\"_wpcf7_locale\" value=\"es_ES\" \/>\n<input type=\"hidden\" name=\"_wpcf7_unit_tag\" value=\"wpcf7-f4283-o1\" \/>\n<input type=\"hidden\" name=\"_wpcf7_container_post\" value=\"0\" \/>\n<input type=\"hidden\" name=\"_wpcf7_posted_data_hash\" value=\"\" \/>\n<input type=\"hidden\" name=\"_wpcf7_recaptcha_response\" value=\"\" \/>\n<\/div>\n<p><label> Name <span class=\"requerido\">*<\/span><br \/>\n    <span class=\"wpcf7-form-control-wrap\" data-name=\"your-name\"><input type=\"text\" name=\"your-name\" value=\"\" size=\"40\" class=\"wpcf7-form-control wpcf7-text wpcf7-validates-as-required\" aria-required=\"true\" aria-invalid=\"false\" \/><\/span> <\/label><\/p>\n<p><label> Email <span class=\"requerido\">*<\/span><br \/>\n    <span class=\"wpcf7-form-control-wrap\" data-name=\"your-email\"><input type=\"email\" name=\"your-email\" value=\"\" size=\"40\" class=\"wpcf7-form-control wpcf7-text wpcf7-email wpcf7-validates-as-required wpcf7-validates-as-email\" aria-required=\"true\" aria-invalid=\"false\" \/><\/span> <\/label><\/p>\n<p><label> Subject<br \/>\n    <span class=\"wpcf7-form-control-wrap\" data-name=\"your-subject\"><input type=\"text\" name=\"your-subject\" value=\"\" size=\"40\" class=\"wpcf7-form-control wpcf7-text\" aria-invalid=\"false\" \/><\/span> <\/label><\/p>\n<p><label> Message <span class=\"requerido\">*<\/span><br \/>\n    <span class=\"wpcf7-form-control-wrap\" data-name=\"your-message\"><textarea name=\"your-message\" cols=\"40\" rows=\"10\" class=\"wpcf7-form-control wpcf7-textarea wpcf7-validates-as-required\" aria-required=\"true\" aria-invalid=\"false\"><\/textarea><\/span> <\/label><\/p>\n<p><span class=\"wpcf7-form-control-wrap\" data-name=\"acceptance-696\"><span class=\"wpcf7-form-control wpcf7-acceptance\"><span class=\"wpcf7-list-item\"><label><input type=\"checkbox\" name=\"acceptance-696\" value=\"1\" aria-invalid=\"false\" \/><span class=\"wpcf7-list-item-label\">I have read and accept the <a href=\"\/privacy-policy\/\" rel=\"nofollow\" title=\"Privacy Policy\" target=\"_blank\" style=\"color:rgba(0,0,0,0.87);\">Privacy Policy<\/a> and <a href=\"\/legal-notice\/\" rel=\"nofollow\" title=\"Legal Notice\" target=\"_blank\" style=\"color:rgba(0,0,0,0.87);\">Legal Notice<\/a><\/span><\/label><\/span><\/span><\/span><\/p>\n<p><input type=\"submit\" value=\"Send\" class=\"wpcf7-form-control has-spinner wpcf7-submit\" \/><\/p>\n<input type='hidden' class='wpcf7-pum' value='{\"closepopup\":false,\"closedelay\":0,\"openpopup\":false,\"openpopup_id\":0}' \/><div class=\"wpcf7-response-output\" aria-hidden=\"true\"><\/div><\/form><\/div>[vc_column_text css=&#8221;.vc_custom_1667910697594{margin-top: 70px !important;margin-bottom: 20px !important;}&#8221;]<\/p>\n<h4>If you wish to file a complaint for an illegal offer, misleading advertising or similar, you can do so through the following link: <i class=\"fa fa-envelope-o\" aria-hidden=\"true\"><\/i> <strong><a href=\"https:\/\/www.gva.es\/es\/inicio\/procedimientos?id_proc=1915\">Tourist Services Claim.<\/a><\/strong><\/h4>\n<h4 style=\"text-align: left;\"><a href=\"https:\/\/welcomelalfas.com\/wp-content\/uploads\/2022\/11\/Pol.-calidad-OIT_ING.pdf\">*See the Quality Policy of the tourist information offices of l&#8217;Alf\u00e0s del Pi.<\/a><\/h4>\n<p>[\/vc_column_text][\/vc_column][\/vc_row][vc_row css_animation=&#8221;&#8221; row_type=&#8221;row&#8221; use_row_as_full_screen_section=&#8221;no&#8221; type=&#8221;full_width&#8221; angled_section=&#8221;no&#8221; text_align=&#8221;left&#8221; background_image_as_pattern=&#8221;without_pattern&#8221; css=&#8221;.vc_custom_1639595652017{background-image: url(https:\/\/welcomelalfas.com\/wp-content\/uploads\/2021\/06\/fondo-pie-tn.jpg?id=389) !important;}&#8221; z_index=&#8221;&#8221; padding_top=&#8221;157&#8243; padding_bottom=&#8221;100&#8243;][vc_column][\/vc_column][\/vc_row]<\/p>\n","protected":false},"excerpt":{"rendered":"<p>[vc_row css_animation=&#8221;&#8221; row_type=&#8221;row&#8221; use_row_as_full_screen_section=&#8221;no&#8221; type=&#8221;grid&#8221; angled_section=&#8221;no&#8221; text_align=&#8221;left&#8221; background_image_as_pattern=&#8221;without_pattern&#8221; z_index=&#8221;&#8221; padding_top=&#8221;70&#8243; padding_bottom=&#8221;70&#8243;][vc_column][qode_elements_holder number_of_columns=&#8221;two_columns&#8221;][qode_elements_holder_item vertical_alignment=&#8221;top&#8221; horizontal_alignment=&#8221;center&#8221; advanced_animations=&#8221;no&#8221; item_padding=&#8221;20px 20px 20px 20px&#8221;][vc_single_image image=&#8221;968&#8243; img_size=&#8221;large&#8221; qode_css_animation=&#8221;&#8221;][vc_column_text css=&#8221;.vc_custom_1665146694211{margin-top: 20px !important;}&#8221;] Tourist Office l&#8217;Alf\u00e0s del Pi [\/vc_column_text][vc_column_text css=&#8221;.vc_custom_1666096567650{margin-bottom: 30px !important;}&#8221;] Carrer les Escoles 03580 l&#8217;Alf\u00e0s del Pi Alicante +34 965 888&#8230;<\/p>\n","protected":false},"author":1,"featured_media":0,"parent":0,"menu_order":0,"comment_status":"closed","ping_status":"closed","template":"full_width.php","meta":[],"yoast_head":"<!-- This site is optimized with the Yoast SEO plugin v19.7.1 - https:\/\/yoast.com\/wordpress\/plugins\/seo\/ -->\n<title>Contact us | Welcome L&#039;Alf\u00e0s<\/title>\n<meta name=\"description\" content=\"Contact us | Welcome L&#039;Alf\u00e0s\" \/>\n<meta name=\"robots\" content=\"index, follow, max-snippet:-1, max-image-preview:large, max-video-preview:-1\" \/>\n<link rel=\"canonical\" href=\"https:\/\/welcomelalfas.com\/en\/contact-us\/\" \/>\n<meta property=\"og:locale\" content=\"en_US\" \/>\n<meta property=\"og:type\" content=\"article\" \/>\n<meta property=\"og:title\" content=\"Contact us | Welcome L&#039;Alf\u00e0s\" \/>\n<meta property=\"og:description\" content=\"Contact us | Welcome L&#039;Alf\u00e0s\" \/>\n<meta property=\"og:url\" content=\"https:\/\/welcomelalfas.com\/en\/contact-us\/\" \/>\n<meta property=\"og:site_name\" content=\"Welcome L&#039;Alf\u00e0s\" \/>\n<meta property=\"article:modified_time\" content=\"2022-11-21T11:30:09+00:00\" \/>\n<meta name=\"twitter:card\" content=\"summary_large_image\" \/>\n<meta name=\"twitter:label1\" content=\"Est. reading time\" \/>\n\t<meta name=\"twitter:data1\" content=\"2 minutes\" \/>\n<script type=\"application\/ld+json\" class=\"yoast-schema-graph\">{\"@context\":\"https:\/\/schema.org\",\"@graph\":[{\"@type\":\"WebPage\",\"@id\":\"https:\/\/welcomelalfas.com\/en\/contact-us\/\",\"url\":\"https:\/\/welcomelalfas.com\/en\/contact-us\/\",\"name\":\"Contact us | Welcome L&#039;Alf\u00e0s\",\"isPartOf\":{\"@id\":\"https:\/\/welcomelalfas.com\/#website\"},\"datePublished\":\"2021-03-17T13:17:55+00:00\",\"dateModified\":\"2022-11-21T11:30:09+00:00\",\"description\":\"Contact us | Welcome L&#039;Alf\u00e0s\",\"breadcrumb\":{\"@id\":\"https:\/\/welcomelalfas.com\/en\/contact-us\/#breadcrumb\"},\"inLanguage\":\"en-US\",\"potentialAction\":[{\"@type\":\"ReadAction\",\"target\":[\"https:\/\/welcomelalfas.com\/en\/contact-us\/\"]}]},{\"@type\":\"BreadcrumbList\",\"@id\":\"https:\/\/welcomelalfas.com\/en\/contact-us\/#breadcrumb\",\"itemListElement\":[{\"@type\":\"ListItem\",\"position\":1,\"name\":\"Portada\",\"item\":\"https:\/\/welcomelalfas.com\/en\/\"},{\"@type\":\"ListItem\",\"position\":2,\"name\":\"Contact us\"}]},{\"@type\":\"WebSite\",\"@id\":\"https:\/\/welcomelalfas.com\/#website\",\"url\":\"https:\/\/welcomelalfas.com\/\",\"name\":\"Welcome L&#039;Alf\u00e0s\",\"description\":\"Welcome L&#039;Alf\u00e0s\",\"potentialAction\":[{\"@type\":\"SearchAction\",\"target\":{\"@type\":\"EntryPoint\",\"urlTemplate\":\"https:\/\/welcomelalfas.com\/?s={search_term_string}\"},\"query-input\":\"required name=search_term_string\"}],\"inLanguage\":\"en-US\"}]}<\/script>\n<!-- \/ Yoast SEO plugin. -->","yoast_head_json":{"title":"Contact us | Welcome L&#039;Alf\u00e0s","description":"Contact us | Welcome L&#039;Alf\u00e0s","robots":{"index":"index","follow":"follow","max-snippet":"max-snippet:-1","max-image-preview":"max-image-preview:large","max-video-preview":"max-video-preview:-1"},"canonical":"https:\/\/welcomelalfas.com\/en\/contact-us\/","og_locale":"en_US","og_type":"article","og_title":"Contact us | Welcome L&#039;Alf\u00e0s","og_description":"Contact us | Welcome L&#039;Alf\u00e0s","og_url":"https:\/\/welcomelalfas.com\/en\/contact-us\/","og_site_name":"Welcome L&#039;Alf\u00e0s","article_modified_time":"2022-11-21T11:30:09+00:00","twitter_card":"summary_large_image","twitter_misc":{"Est. reading time":"2 minutes"},"schema":{"@context":"https:\/\/schema.org","@graph":[{"@type":"WebPage","@id":"https:\/\/welcomelalfas.com\/en\/contact-us\/","url":"https:\/\/welcomelalfas.com\/en\/contact-us\/","name":"Contact us | Welcome L&#039;Alf\u00e0s","isPartOf":{"@id":"https:\/\/welcomelalfas.com\/#website"},"datePublished":"2021-03-17T13:17:55+00:00","dateModified":"2022-11-21T11:30:09+00:00","description":"Contact us | Welcome L&#039;Alf\u00e0s","breadcrumb":{"@id":"https:\/\/welcomelalfas.com\/en\/contact-us\/#breadcrumb"},"inLanguage":"en-US","potentialAction":[{"@type":"ReadAction","target":["https:\/\/welcomelalfas.com\/en\/contact-us\/"]}]},{"@type":"BreadcrumbList","@id":"https:\/\/welcomelalfas.com\/en\/contact-us\/#breadcrumb","itemListElement":[{"@type":"ListItem","position":1,"name":"Portada","item":"https:\/\/welcomelalfas.com\/en\/"},{"@type":"ListItem","position":2,"name":"Contact us"}]},{"@type":"WebSite","@id":"https:\/\/welcomelalfas.com\/#website","url":"https:\/\/welcomelalfas.com\/","name":"Welcome L&#039;Alf\u00e0s","description":"Welcome L&#039;Alf\u00e0s","potentialAction":[{"@type":"SearchAction","target":{"@type":"EntryPoint","urlTemplate":"https:\/\/welcomelalfas.com\/?s={search_term_string}"},"query-input":"required name=search_term_string"}],"inLanguage":"en-US"}]}},"_links":{"self":[{"href":"https:\/\/welcomelalfas.com\/en\/wp-json\/wp\/v2\/pages\/4284"}],"collection":[{"href":"https:\/\/welcomelalfas.com\/en\/wp-json\/wp\/v2\/pages"}],"about":[{"href":"https:\/\/welcomelalfas.com\/en\/wp-json\/wp\/v2\/types\/page"}],"author":[{"embeddable":true,"href":"https:\/\/welcomelalfas.com\/en\/wp-json\/wp\/v2\/users\/1"}],"replies":[{"embeddable":true,"href":"https:\/\/welcomelalfas.com\/en\/wp-json\/wp\/v2\/comments?post=4284"}],"version-history":[{"count":14,"href":"https:\/\/welcomelalfas.com\/en\/wp-json\/wp\/v2\/pages\/4284\/revisions"}],"predecessor-version":[{"id":4796,"href":"https:\/\/welcomelalfas.com\/en\/wp-json\/wp\/v2\/pages\/4284\/revisions\/4796"}],"wp:attachment":[{"href":"https:\/\/welcomelalfas.com\/en\/wp-json\/wp\/v2\/media?parent=4284"}],"curies":[{"name":"wp","href":"https:\/\/api.w.org\/{rel}","templated":true}]}}