{"id":4290,"date":"2021-03-17T12:57:54","date_gmt":"2021-03-17T12:57:54","guid":{"rendered":"https:\/\/welcomelalfas.com\/?page_id=4290"},"modified":"2022-11-10T20:29:03","modified_gmt":"2022-11-10T20:29:03","slug":"privacy-policy","status":"publish","type":"page","link":"https:\/\/welcomelalfas.com\/en\/privacy-policy\/","title":{"rendered":"Privacy Policy"},"content":{"rendered":"<p>[vc_row css_animation=&#8221;&#8221; row_type=&#8221;row&#8221; use_row_as_full_screen_section=&#8221;no&#8221; type=&#8221;full_width&#8221; angled_section=&#8221;no&#8221; text_align=&#8221;left&#8221; background_image_as_pattern=&#8221;without_pattern&#8221; z_index=&#8221;&#8221; padding_top=&#8221;10&#8243;][vc_column css=&#8221;.vc_custom_1621598608921{margin-top: 70px !important;}&#8221;][vc_column_text css=&#8221;.vc_custom_1665147321557{margin-bottom: 30px !important;}&#8221;]<\/p>\n<h1>Privacy Policy<\/h1>\n<p>[\/vc_column_text][vc_column_text]<\/p>\n<h2>1 IDENTIFICACI\u00d3N<\/h2>\n<p>Titular: Ayuntamiento de l\u2019Alf\u00e0s del Pi (en adelante, el \u00abTitular\u00bb)<br \/>\nDomicilio social: Federico Garcia Lorca, 11<br \/>\nTfno.: 965 88 82 65<br \/>\nFax: 966 86 02 50<br \/>\nE-mail: info@welcomelalfas.com<br \/>\nC.I.F.: P-0301100-D[\/vc_column_text][vc_column_text css=&#8221;.vc_custom_1668112116969{margin-top: 70px !important;}&#8221;]<\/p>\n<h2>2 INFORMACI\u00d3N Y CONSENTIMIENTO<\/h2>\n<p>De conformidad con lo dispuesto en el Reglamento \u00a0<b>(UE) 2016\/679 <\/b> de Protecci\u00f3n de Datos, mediante la aceptaci\u00f3n de la presente Pol\u00edtica de Privacidad el Usuario (en adelante, el \u201cUsuario\u201d) presta su consentimiento informado, expreso, libre e inequ\u00edvoco para que los datos personales recabados a trav\u00e9s del Sitio Web welcomelalfas.com (en adelante, el \u201cSitio Web\u201d) sean tratados por el TITULAR conforme a lo dispuesto en la presente Pol\u00edtica de Privacidad.<\/p>\n<p>Todos los datos personales solicitados al Usuario en el Sitio Web son obligatorios, no siendo posible el acceso o registro en Sitio Web si no se facilitan dichos datos.<\/p>\n<p>Asimismo, cuando los datos personales sean recabados a trav\u00e9s de formularios que se puedan habilitar en el Sitio Web con motivo del desarrollo de su actividad, ser\u00e1 necesario que el Usuario aporte, al menos, aquellos marcados con un asterisco ya que, si no se suministrasen esos datos considerados necesarios, no podremos prestar el servicio al Usuario a trav\u00e9s del Sitio Web.<\/p>\n<p>El Usuario garantiza que los datos personales facilitados al TITULAR son ciertos y exactos, con lo que el TITULAR no se har\u00e1 responsable de cualquier incidencia derivada de la inexactitud o falsedad de la informaci\u00f3n proporcionada por los Usuarios.<\/p>\n<p>El Usuario, como \u00fanico responsable del tratamiento, ser\u00e1 responsable de cumplir con toda la normativa de protecci\u00f3n de datos aplicable. Adem\u00e1s, el Usuario acepta obtener todos los consentimientos, autorizaciones y\/o aprobaciones legalmente necesarias antes de incluir datos personales en el Sitio Web o utilizar el Sitio Web.[\/vc_column_text][vc_column_text css=&#8221;.vc_custom_1621609681339{margin-top: 70px !important;}&#8221;]<\/p>\n<h2>3 FINALIDAD DEL TRATAMIENTO<\/h2>\n<p>Los datos personales del Usuario o de terceros que sean cedidos por el Usuario ser\u00e1n tratados por el TITULAR a trav\u00e9s de Sitio Web \u00fanicamente para las siguientes finalidades:<\/p>\n<ol style=\"margin-left: 20px; margin-bottom: 30px;\">\n<li>Llevar a cabo las funcionalidades del Sitio Web destinadas a la prestaci\u00f3n de los servicios ofrecidos en el mismo.<\/li>\n<li>Dar cumplimiento a las obligaciones legalmente establecidas.<\/li>\n<\/ol>\n<p>En ning\u00fan caso realizaremos alguna de las siguientes actividades:<\/p>\n<ol style=\"margin-left: 20px;\">\n<li>Ceder los datos a otras personas o entidades, sin el consentimiento previo de los Usuarios.<\/li>\n<li>Transferirlos a otros Estados, sin el consentimiento previo de los Usuarios.<\/li>\n<\/ol>\n<p>[\/vc_column_text][vc_column_text css=&#8221;.vc_custom_1621609714991{margin-top: 70px !important;}&#8221;]<\/p>\n<h2>4 DATOS DEL USUARIO<\/h2>\n<p>El Usuario garantiza que los datos aportados son verdaderos, exactos, completos y actualizados, siendo \u00e9ste responsable de cualquier da\u00f1o o perjuicio, directo o indirecto, que pudiera ocasionarse como consecuencia del incumplimiento de tal obligaci\u00f3n.<\/p>\n<p>En el caso de que los datos aportados pertenecieran a un tercero, el Usuario garantiza que ha informado a dicho tercero de los aspectos contenidos en este documento y obtenido su autorizaci\u00f3n para facilitar sus datos al responsable para los fines anteriormente se\u00f1alados.<\/p>\n<p>El TITULAR no puede garantizar la absoluta invulnerabilidad de los sistemas, por tanto, no asume ninguna responsabilidad por los da\u00f1os y perjuicios derivados de alteraciones que terceros puedan causar en los sistemas inform\u00e1ticos, documentos electr\u00f3nicos o ficheros.[\/vc_column_text][vc_column_text css=&#8221;.vc_custom_1668112137575{margin-top: 70px !important;}&#8221;]<\/p>\n<h2>5 POL\u00cdTICA DE COOKIES<\/h2>\n<p>De conformidad con lo dispuesto en el RGPD y la <b>Ley Org\u00e1nica 3\/2018 <\/b>, de Servicios de la Sociedad de la Informaci\u00f3n, todos los datos de car\u00e1cter personal obtenidos mediante las cookies durante la utilizaci\u00f3n de Sitio Web, ser\u00e1n tratados de conformidad con los dispuesto en la <a href=\"\/politica-de-cookies\/\" rel=\"nofollow,noindex\">Pol\u00edtica de Cookies<\/a>.[\/vc_column_text][vc_column_text css=&#8221;.vc_custom_1621609811213{margin-top: 70px !important;}&#8221;]<\/p>\n<h2>6 EJERCICIO DE DERECHOS<\/h2>\n<p>De conformidad con lo dispuesto en el RGPD, le informamos que puede ejercer sus derechos de acceso, rectificaci\u00f3n, cancelaci\u00f3n, oposici\u00f3n, limitaci\u00f3n del tratamiento y portabilidad, solicit\u00e1ndolo por escrito a trav\u00e9s de cualquiera de los medios siguientes, adjuntando en todo caso una copia de documento acreditativo de su identidad y concretando el derecho o derechos que desea ejercer, directamente al TITULAR a trav\u00e9s del siguiente e-mail: info@welcomelalfas.com.[\/vc_column_text][vc_column_text css=&#8221;.vc_custom_1621609839792{margin-top: 70px !important;}&#8221;]<\/p>\n<h2>7 ACEPTACI\u00d3N DE LA POL\u00cdTICA DE PRIVACIDAD<\/h2>\n<p>El Usuario reconoce y acepta haber le\u00eddo y comprendido la presente Pol\u00edtica de Privacidad cuyo contenido constituye la totalidad del acuerdo entre el Usuario y el TITULAR con respecto al uso y tratamiento de su informaci\u00f3n personal dentro del Sitio Web.<\/p>\n<p>El Usuario expresamente acepta obligarse en los t\u00e9rminos de la presente Pol\u00edtica de Privacidad, en toda su extensi\u00f3n y alcance, sin exceptuar cualquiera de sus disposiciones.<\/p>\n<p>Adem\u00e1s de las disposiciones contenidas en la presente Pol\u00edtica de Privacidad, el Usuario se obliga a dar cumplimiento al Aviso Legal.<\/p>\n<p>El TITULAR se reserva el derecho de actualizar y realizar cambios en la Pol\u00edtica de Privacidad incluso sin mediar notificaci\u00f3n previa al Usuario. Tales modificaciones deber\u00e1n hacerse efectivas en el momento de su publicaci\u00f3n en el Sitio Web, donde estar\u00e1n disponible para el Usuario en todo momento. En este sentido, recomendamos al Usuario consultar regularmente el contenido de la Pol\u00edtica de Privacidad para estar al tanto de cualquier modificaci\u00f3n que afecte al procesamiento de datos dentro del Sitio Web[\/vc_column_text][\/vc_column][\/vc_row]<\/p>\n","protected":false},"excerpt":{"rendered":"<p>[vc_row css_animation=&#8221;&#8221; row_type=&#8221;row&#8221; use_row_as_full_screen_section=&#8221;no&#8221; type=&#8221;full_width&#8221; angled_section=&#8221;no&#8221; text_align=&#8221;left&#8221; background_image_as_pattern=&#8221;without_pattern&#8221; z_index=&#8221;&#8221; padding_top=&#8221;10&#8243;][vc_column css=&#8221;.vc_custom_1621598608921{margin-top: 70px !important;}&#8221;][vc_column_text css=&#8221;.vc_custom_1665147321557{margin-bottom: 30px !important;}&#8221;] Privacy Policy [\/vc_column_text][vc_column_text] 1 IDENTIFICACI\u00d3N Titular: Ayuntamiento de l\u2019Alf\u00e0s del Pi (en adelante, el \u00abTitular\u00bb) Domicilio social: Federico Garcia Lorca, 11 Tfno.: 965 88 82 65 Fax: 966 86&#8230;<\/p>\n","protected":false},"author":1,"featured_media":0,"parent":0,"menu_order":0,"comment_status":"closed","ping_status":"closed","template":"","meta":[],"yoast_head":"<!-- This site is optimized with the Yoast SEO plugin v19.7.1 - https:\/\/yoast.com\/wordpress\/plugins\/seo\/ -->\n<title>Privacy Policy | Welcome L&#039;Alf\u00e0s<\/title>\n<meta name=\"description\" content=\"Privacy Policy | Welcome L&#039;Alf\u00e0s\" \/>\n<meta name=\"robots\" content=\"noindex, nofollow\" \/>\n<meta property=\"og:locale\" content=\"en_US\" \/>\n<meta property=\"og:type\" content=\"article\" \/>\n<meta property=\"og:title\" content=\"Privacy Policy | Welcome L&#039;Alf\u00e0s\" \/>\n<meta property=\"og:description\" content=\"Privacy Policy | Welcome L&#039;Alf\u00e0s\" \/>\n<meta property=\"og:url\" content=\"https:\/\/welcomelalfas.com\/en\/privacy-policy\/\" \/>\n<meta property=\"og:site_name\" content=\"Welcome L&#039;Alf\u00e0s\" \/>\n<meta property=\"article:modified_time\" content=\"2022-11-10T20:29:03+00:00\" \/>\n<meta name=\"twitter:card\" content=\"summary_large_image\" \/>\n<meta name=\"twitter:label1\" content=\"Est. reading time\" \/>\n\t<meta name=\"twitter:data1\" content=\"4 minutes\" \/>\n<script type=\"application\/ld+json\" class=\"yoast-schema-graph\">{\"@context\":\"https:\/\/schema.org\",\"@graph\":[{\"@type\":\"WebPage\",\"@id\":\"https:\/\/welcomelalfas.com\/en\/privacy-policy\/\",\"url\":\"https:\/\/welcomelalfas.com\/en\/privacy-policy\/\",\"name\":\"Privacy Policy | Welcome L&#039;Alf\u00e0s\",\"isPartOf\":{\"@id\":\"https:\/\/welcomelalfas.com\/#website\"},\"datePublished\":\"2021-03-17T12:57:54+00:00\",\"dateModified\":\"2022-11-10T20:29:03+00:00\",\"description\":\"Privacy Policy | Welcome L&#039;Alf\u00e0s\",\"breadcrumb\":{\"@id\":\"https:\/\/welcomelalfas.com\/en\/privacy-policy\/#breadcrumb\"},\"inLanguage\":\"en-US\",\"potentialAction\":[{\"@type\":\"ReadAction\",\"target\":[\"https:\/\/welcomelalfas.com\/en\/privacy-policy\/\"]}]},{\"@type\":\"BreadcrumbList\",\"@id\":\"https:\/\/welcomelalfas.com\/en\/privacy-policy\/#breadcrumb\",\"itemListElement\":[{\"@type\":\"ListItem\",\"position\":1,\"name\":\"Portada\",\"item\":\"https:\/\/welcomelalfas.com\/en\/\"},{\"@type\":\"ListItem\",\"position\":2,\"name\":\"Privacy Policy\"}]},{\"@type\":\"WebSite\",\"@id\":\"https:\/\/welcomelalfas.com\/#website\",\"url\":\"https:\/\/welcomelalfas.com\/\",\"name\":\"Welcome L&#039;Alf\u00e0s\",\"description\":\"Welcome L&#039;Alf\u00e0s\",\"potentialAction\":[{\"@type\":\"SearchAction\",\"target\":{\"@type\":\"EntryPoint\",\"urlTemplate\":\"https:\/\/welcomelalfas.com\/?s={search_term_string}\"},\"query-input\":\"required name=search_term_string\"}],\"inLanguage\":\"en-US\"}]}<\/script>\n<!-- \/ Yoast SEO plugin. -->","yoast_head_json":{"title":"Privacy Policy | Welcome L&#039;Alf\u00e0s","description":"Privacy Policy | Welcome L&#039;Alf\u00e0s","robots":{"index":"noindex","follow":"nofollow"},"og_locale":"en_US","og_type":"article","og_title":"Privacy Policy | Welcome L&#039;Alf\u00e0s","og_description":"Privacy Policy | Welcome L&#039;Alf\u00e0s","og_url":"https:\/\/welcomelalfas.com\/en\/privacy-policy\/","og_site_name":"Welcome L&#039;Alf\u00e0s","article_modified_time":"2022-11-10T20:29:03+00:00","twitter_card":"summary_large_image","twitter_misc":{"Est. reading time":"4 minutes"},"schema":{"@context":"https:\/\/schema.org","@graph":[{"@type":"WebPage","@id":"https:\/\/welcomelalfas.com\/en\/privacy-policy\/","url":"https:\/\/welcomelalfas.com\/en\/privacy-policy\/","name":"Privacy Policy | Welcome L&#039;Alf\u00e0s","isPartOf":{"@id":"https:\/\/welcomelalfas.com\/#website"},"datePublished":"2021-03-17T12:57:54+00:00","dateModified":"2022-11-10T20:29:03+00:00","description":"Privacy Policy | Welcome L&#039;Alf\u00e0s","breadcrumb":{"@id":"https:\/\/welcomelalfas.com\/en\/privacy-policy\/#breadcrumb"},"inLanguage":"en-US","potentialAction":[{"@type":"ReadAction","target":["https:\/\/welcomelalfas.com\/en\/privacy-policy\/"]}]},{"@type":"BreadcrumbList","@id":"https:\/\/welcomelalfas.com\/en\/privacy-policy\/#breadcrumb","itemListElement":[{"@type":"ListItem","position":1,"name":"Portada","item":"https:\/\/welcomelalfas.com\/en\/"},{"@type":"ListItem","position":2,"name":"Privacy Policy"}]},{"@type":"WebSite","@id":"https:\/\/welcomelalfas.com\/#website","url":"https:\/\/welcomelalfas.com\/","name":"Welcome L&#039;Alf\u00e0s","description":"Welcome L&#039;Alf\u00e0s","potentialAction":[{"@type":"SearchAction","target":{"@type":"EntryPoint","urlTemplate":"https:\/\/welcomelalfas.com\/?s={search_term_string}"},"query-input":"required name=search_term_string"}],"inLanguage":"en-US"}]}},"_links":{"self":[{"href":"https:\/\/welcomelalfas.com\/en\/wp-json\/wp\/v2\/pages\/4290"}],"collection":[{"href":"https:\/\/welcomelalfas.com\/en\/wp-json\/wp\/v2\/pages"}],"about":[{"href":"https:\/\/welcomelalfas.com\/en\/wp-json\/wp\/v2\/types\/page"}],"author":[{"embeddable":true,"href":"https:\/\/welcomelalfas.com\/en\/wp-json\/wp\/v2\/users\/1"}],"replies":[{"embeddable":true,"href":"https:\/\/welcomelalfas.com\/en\/wp-json\/wp\/v2\/comments?post=4290"}],"version-history":[{"count":4,"href":"https:\/\/welcomelalfas.com\/en\/wp-json\/wp\/v2\/pages\/4290\/revisions"}],"predecessor-version":[{"id":4730,"href":"https:\/\/welcomelalfas.com\/en\/wp-json\/wp\/v2\/pages\/4290\/revisions\/4730"}],"wp:attachment":[{"href":"https:\/\/welcomelalfas.com\/en\/wp-json\/wp\/v2\/media?parent=4290"}],"curies":[{"name":"wp","href":"https:\/\/api.w.org\/{rel}","templated":true}]}}