{"id":4296,"date":"2021-05-21T09:18:33","date_gmt":"2021-05-21T09:18:33","guid":{"rendered":"https:\/\/welcomelalfas.com\/?page_id=4296"},"modified":"2022-10-07T12:59:47","modified_gmt":"2022-10-07T12:59:47","slug":"cookies-policy","status":"publish","type":"page","link":"https:\/\/welcomelalfas.com\/en\/cookies-policy\/","title":{"rendered":"Cookies Policy"},"content":{"rendered":"<p>[vc_row css_animation=&#8221;&#8221; row_type=&#8221;row&#8221; use_row_as_full_screen_section=&#8221;no&#8221; type=&#8221;full_width&#8221; angled_section=&#8221;no&#8221; text_align=&#8221;left&#8221; background_image_as_pattern=&#8221;without_pattern&#8221; z_index=&#8221;&#8221; padding_top=&#8221;70&#8243;][vc_column][vc_column_text css=&#8221;.vc_custom_1665147543990{margin-bottom: 30px !important;}&#8221;]<\/p>\n<h1>Cookies policy<\/h1>\n<p>[\/vc_column_text][vc_column_text]Esta Pol\u00edtica de Cookies es complemento de la Pol\u00edtica de Privacidad del sitio web welcomelalfas.com (en adelante, el \u201cSitio Web\u201d) titularidad del Ayuntamiento de l\u2019Alf\u00e0s del Pi (en adelante, el \u00abTITULAR\u00bb). El acceso y la navegaci\u00f3n por el Sitio Web, o el uso de los servicios del mismo, implican la aceptaci\u00f3n de lo establecido en Aviso Legal del Sitio Web y de su Pol\u00edtica de Privacidad. Con el fin de facilitar la navegaci\u00f3n por el Sitio Web, el TITULAR, con domicilio social en la Calle Federico Garcia Lorca, 11, con C.I.F.: P-0301100-D le comunica que utiliza cookies u otros archivos de funcionalidad similar (en adelante, las \u201cCookies\u201d).[\/vc_column_text][\/vc_column][vc_column css=&#8221;.vc_custom_1621598608921{margin-top: 70px !important;}&#8221;][vc_column_text]<\/p>\n<h2>\u00bfQu\u00e9 es una Cookie?<\/h2>\n<p>Las Cookies son archivos que contienen peque\u00f1as cantidades de informaci\u00f3n que se descargan en el dispositivo del usuario cuando visita una p\u00e1gina web. Su finalidad principal es reconocer al usuario cada vez que accede al Sitio Web permitiendo, adem\u00e1s, mejorar la calidad y ofrecer un mejor uso de Sitio Web.<\/p>\n<p>Las Cookies son esenciales para el funcionamiento de Internet, ya que ayudan, entre otras funciones, a identificar y resolver posibles errores de funcionamiento del Sitio Web.[\/vc_column_text][vc_column_text css=&#8221;.vc_custom_1621598616913{margin-top: 70px !important;}&#8221;]<\/p>\n<h2>Uso de Cookies<\/h2>\n<p>El acceso al Sitio Web supone la aceptaci\u00f3n expresa de la utilizaci\u00f3n de las Cookies detalladas en la presente Pol\u00edtica en aquellos dispositivos utilizados para realizar dicho acceso. Si se desactivan las Cookies, puede que el uso del Sitio Web no sea \u00f3ptimo y algunas de las utilidades de que dispone el Sitio Web no funcionen correctamente.<\/p>\n<p>Concretamente, el TITULAR est\u00e1 utilizando las Cookies para la identificaci\u00f3n de aquellos usuarios que aceptan el uso de cookies por parte del Sitio Web y permitir la instalaci\u00f3n de las mimas, permitir el log-in de los usuarios en aquellos casos en los que \u00e9ste sea necesario para acceder a determinadas secciones de Sitio Web, as\u00ed como recordar los datos de log-in de dichos usuarios en futuras visitas y poder ofrecer as\u00ed una experiencia de navegaci\u00f3n m\u00e1s c\u00f3moda, as\u00ed como evaluar el uso del Sitio Web y la actividad del mismo.<\/p>\n<p>Asimismo, las Cookies ayudan protegen a los usuarios de posibles ataques que puedan recibir de terceros.[\/vc_column_text][vc_column_text css=&#8221;.vc_custom_1621598622683{margin-top: 70px !important;}&#8221;]<\/p>\n<h2>Cookies propias<\/h2>\n<p>Cookies t\u00e9cnicas y de personalizaci\u00f3n:<\/p>\n<p>Estas Cookies facilitan el acceso y navegaci\u00f3n del usuario por el Sitio Web en cada una de sus visitas al mismo y la utilizaci\u00f3n de las diferentes opciones o servicios que existen como, por ejemplo, el idioma predeterminado que el usuario utiliza en el Sitio Web.<\/p>\n<p>Listado de Cookies que utilizamos:<\/p>\n<table>\n<tbody>\n<tr>\n<td style=\"background-color: #ececec; width: 190px;\">NOMBRE COOKIE<\/td>\n<td style=\"background-color: #ececec;\">FINALIDAD COOKIE<\/td>\n<td style=\"background-color: #ececec;\">DURACI\u00d3N<\/td>\n<\/tr>\n<tr>\n<td>Google Analytics<\/td>\n<td>Nos permiten obtener la informaci\u00f3n sobre c\u00f3mo los usuarios interact\u00faan con el contenido de nuestra p\u00e1gina web Las cookies de Google Analytics recopilan la informaci\u00f3n de forma an\u00f3nima.<\/td>\n<td>2 a\u00f1os<\/td>\n<\/tr>\n<\/tbody>\n<\/table>\n<p>[\/vc_column_text][vc_column_text css=&#8221;.vc_custom_1621598634691{margin-top: 70px !important;}&#8221;]<\/p>\n<h2>Configuraci\u00f3n del usuario para evitar Cookies<\/h2>\n<p>En cumplimiento de la normativa legal vigente, ponemos a su disposici\u00f3n la informaci\u00f3n que le permita configurar su navegador\/navegadores de Internet para mantener su privacidad y seguridad en relaci\u00f3n con las Cookies. Por ello, le facilitamos la informaci\u00f3n y enlaces a los sitios de soporte oficiales de los principales navegadores para que pueda decidir si desea o no aceptar el uso de Cookies.<\/p>\n<p>As\u00ed, puede bloquear las Cookies a trav\u00e9s de las herramientas de configuraci\u00f3n del navegador, o bien, puede configurar su navegador para que le avise cuando un servidor quiera guardar una Cookie:<\/p>\n<p><strong>Internet Explorer<\/strong>: Herramientas =&gt; Opciones de Internet =&gt; Privacidad =&gt; Configuraci\u00f3n;<\/p>\n<p><strong>Firefox<\/strong>: Herramientas =&gt; Opciones =&gt; Privacidad =&gt; Historial =&gt; Configuraci\u00f3n Personalizada;<\/p>\n<p><strong>Chrome<\/strong>: Configuraci\u00f3n =&gt; Mostrar opciones avanzadas =&gt; Privacidad =&gt; Configuraci\u00f3n de contenido;<\/p>\n<p><strong>Safari<\/strong>: Preferencias =&gt; Seguridad.[\/vc_column_text][\/vc_column][\/vc_row]<\/p>\n","protected":false},"excerpt":{"rendered":"<p>[vc_row css_animation=&#8221;&#8221; row_type=&#8221;row&#8221; use_row_as_full_screen_section=&#8221;no&#8221; type=&#8221;full_width&#8221; angled_section=&#8221;no&#8221; text_align=&#8221;left&#8221; background_image_as_pattern=&#8221;without_pattern&#8221; z_index=&#8221;&#8221; padding_top=&#8221;70&#8243;][vc_column][vc_column_text css=&#8221;.vc_custom_1665147543990{margin-bottom: 30px !important;}&#8221;] Cookies policy [\/vc_column_text][vc_column_text]Esta Pol\u00edtica de Cookies es complemento de la Pol\u00edtica de Privacidad del sitio web welcomelalfas.com (en adelante, el \u201cSitio Web\u201d) titularidad del Ayuntamiento de l\u2019Alf\u00e0s del Pi (en adelante, el&#8230;<\/p>\n","protected":false},"author":1,"featured_media":0,"parent":0,"menu_order":0,"comment_status":"closed","ping_status":"closed","template":"","meta":[],"yoast_head":"<!-- This site is optimized with the Yoast SEO plugin v19.7.1 - https:\/\/yoast.com\/wordpress\/plugins\/seo\/ -->\n<title>Cookies Policy | Welcome L&#039;Alf\u00e0s<\/title>\n<meta name=\"description\" content=\"Cookies Policy | Welcome L&#039;Alf\u00e0s\" \/>\n<meta name=\"robots\" content=\"noindex, nofollow\" \/>\n<meta property=\"og:locale\" content=\"en_US\" \/>\n<meta property=\"og:type\" content=\"article\" \/>\n<meta property=\"og:title\" content=\"Cookies Policy | Welcome L&#039;Alf\u00e0s\" \/>\n<meta property=\"og:description\" content=\"Cookies Policy | Welcome L&#039;Alf\u00e0s\" \/>\n<meta property=\"og:url\" content=\"https:\/\/welcomelalfas.com\/en\/cookies-policy\/\" \/>\n<meta property=\"og:site_name\" content=\"Welcome L&#039;Alf\u00e0s\" \/>\n<meta property=\"article:modified_time\" content=\"2022-10-07T12:59:47+00:00\" \/>\n<meta name=\"twitter:card\" content=\"summary_large_image\" \/>\n<meta name=\"twitter:label1\" content=\"Est. reading time\" \/>\n\t<meta name=\"twitter:data1\" content=\"3 minutes\" \/>\n<script type=\"application\/ld+json\" class=\"yoast-schema-graph\">{\"@context\":\"https:\/\/schema.org\",\"@graph\":[{\"@type\":\"WebPage\",\"@id\":\"https:\/\/welcomelalfas.com\/en\/cookies-policy\/\",\"url\":\"https:\/\/welcomelalfas.com\/en\/cookies-policy\/\",\"name\":\"Cookies Policy | Welcome L&#039;Alf\u00e0s\",\"isPartOf\":{\"@id\":\"https:\/\/welcomelalfas.com\/#website\"},\"datePublished\":\"2021-05-21T09:18:33+00:00\",\"dateModified\":\"2022-10-07T12:59:47+00:00\",\"description\":\"Cookies Policy | Welcome L&#039;Alf\u00e0s\",\"breadcrumb\":{\"@id\":\"https:\/\/welcomelalfas.com\/en\/cookies-policy\/#breadcrumb\"},\"inLanguage\":\"en-US\",\"potentialAction\":[{\"@type\":\"ReadAction\",\"target\":[\"https:\/\/welcomelalfas.com\/en\/cookies-policy\/\"]}]},{\"@type\":\"BreadcrumbList\",\"@id\":\"https:\/\/welcomelalfas.com\/en\/cookies-policy\/#breadcrumb\",\"itemListElement\":[{\"@type\":\"ListItem\",\"position\":1,\"name\":\"Portada\",\"item\":\"https:\/\/welcomelalfas.com\/en\/\"},{\"@type\":\"ListItem\",\"position\":2,\"name\":\"Cookies Policy\"}]},{\"@type\":\"WebSite\",\"@id\":\"https:\/\/welcomelalfas.com\/#website\",\"url\":\"https:\/\/welcomelalfas.com\/\",\"name\":\"Welcome L&#039;Alf\u00e0s\",\"description\":\"Welcome L&#039;Alf\u00e0s\",\"potentialAction\":[{\"@type\":\"SearchAction\",\"target\":{\"@type\":\"EntryPoint\",\"urlTemplate\":\"https:\/\/welcomelalfas.com\/?s={search_term_string}\"},\"query-input\":\"required name=search_term_string\"}],\"inLanguage\":\"en-US\"}]}<\/script>\n<!-- \/ Yoast SEO plugin. -->","yoast_head_json":{"title":"Cookies Policy | Welcome L&#039;Alf\u00e0s","description":"Cookies Policy | Welcome L&#039;Alf\u00e0s","robots":{"index":"noindex","follow":"nofollow"},"og_locale":"en_US","og_type":"article","og_title":"Cookies Policy | Welcome L&#039;Alf\u00e0s","og_description":"Cookies Policy | Welcome L&#039;Alf\u00e0s","og_url":"https:\/\/welcomelalfas.com\/en\/cookies-policy\/","og_site_name":"Welcome L&#039;Alf\u00e0s","article_modified_time":"2022-10-07T12:59:47+00:00","twitter_card":"summary_large_image","twitter_misc":{"Est. reading time":"3 minutes"},"schema":{"@context":"https:\/\/schema.org","@graph":[{"@type":"WebPage","@id":"https:\/\/welcomelalfas.com\/en\/cookies-policy\/","url":"https:\/\/welcomelalfas.com\/en\/cookies-policy\/","name":"Cookies Policy | Welcome L&#039;Alf\u00e0s","isPartOf":{"@id":"https:\/\/welcomelalfas.com\/#website"},"datePublished":"2021-05-21T09:18:33+00:00","dateModified":"2022-10-07T12:59:47+00:00","description":"Cookies Policy | Welcome L&#039;Alf\u00e0s","breadcrumb":{"@id":"https:\/\/welcomelalfas.com\/en\/cookies-policy\/#breadcrumb"},"inLanguage":"en-US","potentialAction":[{"@type":"ReadAction","target":["https:\/\/welcomelalfas.com\/en\/cookies-policy\/"]}]},{"@type":"BreadcrumbList","@id":"https:\/\/welcomelalfas.com\/en\/cookies-policy\/#breadcrumb","itemListElement":[{"@type":"ListItem","position":1,"name":"Portada","item":"https:\/\/welcomelalfas.com\/en\/"},{"@type":"ListItem","position":2,"name":"Cookies Policy"}]},{"@type":"WebSite","@id":"https:\/\/welcomelalfas.com\/#website","url":"https:\/\/welcomelalfas.com\/","name":"Welcome L&#039;Alf\u00e0s","description":"Welcome L&#039;Alf\u00e0s","potentialAction":[{"@type":"SearchAction","target":{"@type":"EntryPoint","urlTemplate":"https:\/\/welcomelalfas.com\/?s={search_term_string}"},"query-input":"required name=search_term_string"}],"inLanguage":"en-US"}]}},"_links":{"self":[{"href":"https:\/\/welcomelalfas.com\/en\/wp-json\/wp\/v2\/pages\/4296"}],"collection":[{"href":"https:\/\/welcomelalfas.com\/en\/wp-json\/wp\/v2\/pages"}],"about":[{"href":"https:\/\/welcomelalfas.com\/en\/wp-json\/wp\/v2\/types\/page"}],"author":[{"embeddable":true,"href":"https:\/\/welcomelalfas.com\/en\/wp-json\/wp\/v2\/users\/1"}],"replies":[{"embeddable":true,"href":"https:\/\/welcomelalfas.com\/en\/wp-json\/wp\/v2\/comments?post=4296"}],"version-history":[{"count":2,"href":"https:\/\/welcomelalfas.com\/en\/wp-json\/wp\/v2\/pages\/4296\/revisions"}],"predecessor-version":[{"id":4298,"href":"https:\/\/welcomelalfas.com\/en\/wp-json\/wp\/v2\/pages\/4296\/revisions\/4298"}],"wp:attachment":[{"href":"https:\/\/welcomelalfas.com\/en\/wp-json\/wp\/v2\/media?parent=4296"}],"curies":[{"name":"wp","href":"https:\/\/api.w.org\/{rel}","templated":true}]}}