{"id":4383,"date":"2022-07-21T08:33:10","date_gmt":"2022-07-21T08:33:10","guid":{"rendered":"https:\/\/welcomelalfas.com\/turismo-activo\/"},"modified":"2022-11-04T10:27:19","modified_gmt":"2022-11-04T10:27:19","slug":"active-tourism","status":"publish","type":"page","link":"https:\/\/welcomelalfas.com\/en\/active-tourism\/","title":{"rendered":"ACTIVE TOURISM"},"content":{"rendered":"<p>[vc_row css_animation=&#8221;&#8221; row_type=&#8221;row&#8221; use_row_as_full_screen_section=&#8221;no&#8221; type=&#8221;grid&#8221; angled_section=&#8221;no&#8221; text_align=&#8221;left&#8221; background_image_as_pattern=&#8221;without_pattern&#8221; z_index=&#8221;&#8221; padding_top=&#8221;50&#8243;][vc_column][vc_column_text]Apart from the various sea sports you can do in l\u00b4Alf\u00e0s del Pi, there are other activities such as hiking, cycling tourism, climbing or horse riding.<br \/>\nBe it to do some exercise or simply to relax and loosen muscles, there is nothing better than to take a stroll along the beach and enjoy the sea breeze or to walk through l\u00b4Alf\u00e0s del Pi\u00b4s town centre, taking discreet side lanes through natural spots between orange and almond trees in bloom that mix their aroma with the sea\u00b4s. But you still have a lot to discover. Our mountains offer nature at its finest, where you can contemplate unforgettable views.<br \/>\n[\/vc_column_text][vc_column_text css=&#8221;.vc_custom_1667557512428{margin-top: 20px !important;padding-bottom: 30px !important;}&#8221;]<\/p>\n<h3>LET THE ADVENTURE BEGIN!<\/h3>\n<p>[\/vc_column_text][\/vc_column][vc_column][vc_gallery type=&#8221;image_grid&#8221; images=&#8221;2812,2393,1744,2639,2625,2815&#8243; img_size=&#8221;full&#8221; onclick=&#8221;&#8221; column_number=&#8221;3&#8243; grayscale=&#8221;no&#8221; images_space=&#8221;gallery_with_space&#8221;][\/vc_column][\/vc_row][vc_row css_animation=&#8221;&#8221; row_type=&#8221;row&#8221; use_row_as_full_screen_section=&#8221;no&#8221; type=&#8221;grid&#8221; angled_section=&#8221;no&#8221; text_align=&#8221;left&#8221; background_image_as_pattern=&#8221;without_pattern&#8221; z_index=&#8221;&#8221; padding_top=&#8221;10&#8243;][vc_column][vc_column_text css=&#8221;.vc_custom_1667557530361{margin-top: 30px !important;margin-bottom: 30px !important;}&#8221;]<\/p>\n<h3>INSTALBIR TOURIST ROUTE<\/h3>\n<p>[\/vc_column_text][\/vc_column][vc_column offset=&#8221;vc_col-lg-4 vc_col-md-4&#8243; css=&#8221;.vc_custom_1655290987316{margin-bottom: 20px !important;}&#8221;][vc_single_image image=&#8221;2593&#8243; img_size=&#8221;full&#8221; qode_css_animation=&#8221;&#8221;][\/vc_column][vc_column offset=&#8221;vc_col-lg-8 vc_col-md-8&#8243; css=&#8221;.vc_custom_1655291000486{margin-bottom: 20px !important;}&#8221;][vc_column_text]Along this route we will visit some of the most beautiful spots in our town. An Instagram photographic route with hashtags displayed on signs placed in strategic places where users can share images and experiences of their stay.<br \/>\nFind the spots along the route. You will find indications there about from where to take the photograph, defined by an angle with the best frame of the spot.<br \/>\nAs you can see, this route is divided into two areas: Albir Beach and Albir Lighthouse.[\/vc_column_text][\/vc_column][\/vc_row][vc_row css_animation=&#8221;&#8221; row_type=&#8221;row&#8221; use_row_as_full_screen_section=&#8221;no&#8221; type=&#8221;full_width&#8221; angled_section=&#8221;no&#8221; text_align=&#8221;left&#8221; background_image_as_pattern=&#8221;without_pattern&#8221; z_index=&#8221;&#8221; padding_top=&#8221;100&#8243; padding_bottom=&#8221;50&#8243;][vc_column][vc_gallery type=&#8221;image_grid&#8221; images=&#8221;2650,2653,2647&#8243; img_size=&#8221;full&#8221; onclick=&#8221;&#8221; column_number=&#8221;3&#8243; grayscale=&#8221;no&#8221; images_space=&#8221;gallery_with_space&#8221;][\/vc_column][\/vc_row][vc_row css_animation=&#8221;&#8221; row_type=&#8221;row&#8221; use_row_as_full_screen_section=&#8221;no&#8221; type=&#8221;grid&#8221; angled_section=&#8221;no&#8221; text_align=&#8221;left&#8221; background_image_as_pattern=&#8221;without_pattern&#8221; z_index=&#8221;&#8221; padding_top=&#8221;10&#8243;][vc_column][vc_column_text css=&#8221;.vc_custom_1667557331407{margin-top: 30px !important;margin-bottom: 30px !important;}&#8221;]<\/p>\n<h3><b>BETWEEN ORANGE TREES AND FLOWERS<\/b><\/h3>\n<p>[\/vc_column_text][\/vc_column][vc_column offset=&#8221;vc_col-lg-4 vc_col-md-4&#8243; css=&#8221;.vc_custom_1655290987316{margin-bottom: 20px !important;}&#8221;][vc_single_image image=&#8221;2682&#8243; img_size=&#8221;full&#8221; qode_css_animation=&#8221;&#8221;][\/vc_column][vc_column offset=&#8221;vc_col-lg-8 vc_col-md-8&#8243; css=&#8221;.vc_custom_1655291000486{margin-bottom: 20px !important;}&#8221;][vc_column_text]<\/p>\n<p class=\"p1\">Let yourself go with the aroma of the orange blossom. With the arrival of spring our orange trees bloom and the fields begin to flood with beautiful white flowers. The orange blossom has great properties and is a highly appreciated flower for its aroma. Although it is a flower mainly associated with the orange tree, the orange blossom is also born from other fruit trees of the citrus family such as the citron or the lemon tree. From the beach of l&#8217;Albir, go along the Boulevard de los M\u00fasicos towards the city center, connecting with Avda de l&#8217;Albir, continue to the right towards Carrer Riu Serpis, continue to the left along Carrer Rambla de l&#8217;Albir to pass carefully under the national road and turn right towards cam\u00ed del Sarando until the intersection with cam\u00ed dels Alguers. From Cam\u00ed dels Alguers and with the help of a street map, there are different secondary paths with little traffic to explore, surrounded by fields and green areas.<\/p>\n<p>[\/vc_column_text][\/vc_column][\/vc_row][vc_row css_animation=&#8221;&#8221; row_type=&#8221;row&#8221; use_row_as_full_screen_section=&#8221;no&#8221; type=&#8221;grid&#8221; angled_section=&#8221;no&#8221; text_align=&#8221;left&#8221; background_image_as_pattern=&#8221;without_pattern&#8221; z_index=&#8221;&#8221; padding_top=&#8221;10&#8243;][vc_column][vc_column_text css=&#8221;.vc_custom_1667557230288{margin-top: 30px !important;margin-bottom: 30px !important;}&#8221;]<\/p>\n<h3><b>SINGULAR TREES ROUTE <\/b><\/h3>\n<p>[\/vc_column_text][\/vc_column][vc_column offset=&#8221;vc_col-lg-4 vc_col-md-4&#8243; css=&#8221;.vc_custom_1655290987316{margin-bottom: 20px !important;}&#8221;][vc_single_image image=&#8221;2678&#8243; img_size=&#8221;full&#8221; qode_css_animation=&#8221;&#8221;][\/vc_column][vc_column offset=&#8221;vc_col-lg-8 vc_col-md-8&#8243; css=&#8221;.vc_custom_1655291000486{margin-bottom: 20px !important;}&#8221;][vc_column_text]<\/p>\n<p class=\"p1\">Visit in the urban center 10 of the most unique trees in our municipality, some for their symbolic and historical importance and others for their monumental character. We start with the enigmatic pine tree in the Plaza Mayor that recalls the demand for separation from the Barony of Polop. Next to the church, in Plaza Jaime I we can see a good example of carob tree next to the facade of some houses. From there we cross the Pa\u00eds Valenci\u00e0 Avenue in the direction of the Cam\u00ed de les Coves, we turn left towards the Cam\u00ed del Soler where we find another centennial carob tree and following this narrow road, we will find on our left, several examples of long-lived olive trees. We will arrive at the roundabout of the Arab\u00ed shopping center and head towards Tabarca street where we can see several examples of Olmos. Then we return to the center along Calle Ferrer\u00eda and at the roundabout we turn right to continue along Calle Ej\u00e9rcitos Espa\u00f1oles to the Hogar del Pensionista where we can see beautiful specimens of Araucarias. Then we head down Madrid street towards Parque el Pl\u00e1 to contemplate a beautiful carob tree next to the children&#8217;s play area and finally on Federico Garc\u00eda Lorca street we will contemplate a beautiful cypress cataloged in our municipal catalog of singular trees.<\/p>\n<p style=\"text-align: left;\"><a style=\"color: #006198;\" href=\"https:\/\/welcomelalfas.com\/wp-content\/uploads\/2022\/07\/CATALOGO-ARBOLES-SINGULARES.pdf\" target=\"_blank\" rel=\"noopener\"><i class=\"fa fa-download\" aria-hidden=\"true\"><\/i> Download Routes Singular Trees<\/a><\/p>\n<p>[\/vc_column_text][\/vc_column][\/vc_row][vc_row css_animation=&#8221;&#8221; row_type=&#8221;row&#8221; use_row_as_full_screen_section=&#8221;no&#8221; type=&#8221;grid&#8221; angled_section=&#8221;no&#8221; text_align=&#8221;left&#8221; background_image_as_pattern=&#8221;without_pattern&#8221; z_index=&#8221;&#8221; padding_top=&#8221;10&#8243;][vc_column][vc_column_text css=&#8221;.vc_custom_1667557355386{margin-top: 30px !important;margin-bottom: 30px !important;}&#8221;]<\/p>\n<h3><b>EXPLORE THE SURROUNDINGS<\/b><\/h3>\n<p>[\/vc_column_text][\/vc_column][vc_column offset=&#8221;vc_col-lg-4 vc_col-md-4&#8243; css=&#8221;.vc_custom_1655290987316{margin-bottom: 20px !important;}&#8221;][vc_single_image image=&#8221;2686&#8243; img_size=&#8221;full&#8221; qode_css_animation=&#8221;&#8221;][\/vc_column][vc_column offset=&#8221;vc_col-lg-8 vc_col-md-8&#8243; css=&#8221;.vc_custom_1655291000486{margin-bottom: 20px !important;}&#8221;][vc_column_text]<\/p>\n<p class=\"p1\">In our province, the regions of La Marina, Alta and Baja combine all the essence of the Mediterranean. From l&#8217;Alf\u00e0s del P\u00ed you can also visit coastal destinations such as Benidorm, Altea, Calpe or Villajoyosa or mountains that bring together cliffs, coves and capes such as San Antonio, Nao or Morro de Toix that contrast with the interior where there are also places full of charm to enjoy unique moments such as the Castell de Guadalest or Les Fonts de l&#8217;Algar.<\/p>\n<p>[\/vc_column_text][\/vc_column][\/vc_row][vc_row css_animation=&#8221;&#8221; row_type=&#8221;row&#8221; use_row_as_full_screen_section=&#8221;no&#8221; type=&#8221;grid&#8221; angled_section=&#8221;no&#8221; text_align=&#8221;left&#8221; background_image_as_pattern=&#8221;without_pattern&#8221; z_index=&#8221;&#8221; padding_top=&#8221;10&#8243;][vc_column el_class=&#8221;apartadoTN&#8221;][vc_column_text css=&#8221;.vc_custom_1667557600000{margin-top: 30px !important;margin-bottom: 30px !important;}&#8221;]<\/p>\n<h2>Business Directory<\/h2>\n<p>[\/vc_column_text][\/vc_column][vc_column el_class=&#8221;apartadoSalud&#8221; offset=&#8221;vc_col-lg-4 vc_col-md-4&#8243; css=&#8221;.vc_custom_1658740463505{margin-bottom: 10px !important;}&#8221;][vc_column_text]<\/p>\n<h4>CENTRO H\u00cdPICO SIERRA HELADA<\/h4>\n<p>Cam\u00ed del Repetidor, 5<br \/>\n03503 l&#8217;Alf\u00e0s del Pi, Alicante<br \/>\nTel.: <a style=\"color: #006198;\" href=\"tel:693012399\">693 012 399<\/a><br \/>\n<a style=\"color: #006198;\" href=\"https:\/\/hipicasierrahelada.com\/\" target=\"_blank\" rel=\"noopener\"><i class=\"fa fa-external-link\" aria-hidden=\"true\"><\/i> www.hipicasierrahelada.com\/<\/a>[\/vc_column_text][\/vc_column][vc_column css=&#8221;.vc_custom_1658740560961{margin-bottom: 10px !important;}&#8221; offset=&#8221;vc_col-lg-4 vc_col-md-4&#8243; el_class=&#8221;apartadoSalud&#8221;][vc_column_text]<\/p>\n<h4>ESCUELA DE BUCEO SCORPORA<\/h4>\n<p>C\/Pau Casals, 6<br \/>\n03581 l\u2019Alf\u00e0s del P\u00ed, Alicante<br \/>\nTel.: <a style=\"color: #006198;\" href=\"tel:966867305\">966 867 305<\/a>[\/vc_column_text][\/vc_column][vc_column offset=&#8221;vc_col-lg-4 vc_col-md-4&#8243; el_class=&#8221;apartadoSalud&#8221;][vc_column_text]<\/p>\n<h4>MONKEY RENT ALBIR<\/h4>\n<p>Bulevard dels Musics, 23, local 4 A<br \/>\n03581 l\u2019Alf\u00e0s del P\u00ed, Alicante<br \/>\n<a style=\"color: #006198;\" href=\"http:\/\/www.monkeyrent.es\/\" target=\"_blank\" rel=\"noopener\"><i class=\"fa fa-external-link\" aria-hidden=\"true\"><\/i> www.monkeyrent.es<\/a>[\/vc_column_text][\/vc_column][vc_column][vc_column_text]<\/p>\n<p style=\"text-align: center !important;\">If you would like your company to be listed in this directory, please send us an email to <a style=\"color: #006198;\" href=\"mailto:info@welcomelalfas.com\">info@welcomelalfas.com<\/a><\/p>\n<p>[\/vc_column_text][\/vc_column][\/vc_row][vc_row css_animation=&#8221;&#8221; row_type=&#8221;row&#8221; use_row_as_full_screen_section=&#8221;no&#8221; type=&#8221;full_width&#8221; angled_section=&#8221;no&#8221; text_align=&#8221;left&#8221; background_image_as_pattern=&#8221;without_pattern&#8221; z_index=&#8221;&#8221; padding_top=&#8221;100&#8243; padding_bottom=&#8221;30&#8243;][vc_column][vc_column_text]<h2 style=\"text-align: center;font-size:28px;text-transform:none;\">You also can visit<\/h2><div class=\"section_inner clearfix full-width\">\n            <div class=\"section_inner_margin clearfix\">\n                <div class=\"wpb_column vc_column_container container_inner\" style=\"margin:0 auto;\">\n                    <div class=\"vc_column-inner\">\n                        <div class=\"wpb_wrapper\">\n                            <div class=\"woocommerce columns-3\">\n                                <ul class=\"products\"><li class=\"product type-product post-4233\">\n                                                <div class=\"top-product-section\">\n\t\t\t\t\t\t\t\t\t\t\t\t    <a href=\"https:\/\/welcomelalfas.com\/en\/los-carrascos-interpretation-centre\/\"><img width=\"1000\" height=\"667\" src=\"https:\/\/welcomelalfas.com\/wp-content\/uploads\/2021\/09\/carrascos-rel.jpg\" class=\"attachment-post-thumbnail size-post-thumbnail wp-post-image\" alt=\"\" loading=\"lazy\" srcset=\"https:\/\/welcomelalfas.com\/wp-content\/uploads\/2021\/09\/carrascos-rel.jpg 1000w, https:\/\/welcomelalfas.com\/wp-content\/uploads\/2021\/09\/carrascos-rel-300x200.jpg 300w, https:\/\/welcomelalfas.com\/wp-content\/uploads\/2021\/09\/carrascos-rel-768x512.jpg 768w, https:\/\/welcomelalfas.com\/wp-content\/uploads\/2021\/09\/carrascos-rel-700x467.jpg 700w\" sizes=\"(max-width: 1000px) 100vw, 1000px\" \/><\/a>   \n                                                    <a href=\"https:\/\/welcomelalfas.com\/en\/los-carrascos-interpretation-centre\/\" class=\"text-center\"><h3>Los Carrascos Interpretation Centre<\/h3><\/a>\n                                                <\/div>\n                                                <\/li><li class=\"product type-product post-4319\">\n                                                <div class=\"top-product-section\">\n\t\t\t\t\t\t\t\t\t\t\t\t    <a href=\"https:\/\/welcomelalfas.com\/en\/house-museum-delso\/\"><img width=\"1000\" height=\"667\" src=\"https:\/\/welcomelalfas.com\/wp-content\/uploads\/2021\/08\/museo-delso-05.jpg\" class=\"attachment-post-thumbnail size-post-thumbnail wp-post-image\" alt=\"museo-delso\" loading=\"lazy\" srcset=\"https:\/\/welcomelalfas.com\/wp-content\/uploads\/2021\/08\/museo-delso-05.jpg 1000w, https:\/\/welcomelalfas.com\/wp-content\/uploads\/2021\/08\/museo-delso-05-300x200.jpg 300w, https:\/\/welcomelalfas.com\/wp-content\/uploads\/2021\/08\/museo-delso-05-768x512.jpg 768w, https:\/\/welcomelalfas.com\/wp-content\/uploads\/2021\/08\/museo-delso-05-700x467.jpg 700w\" sizes=\"(max-width: 1000px) 100vw, 1000px\" \/><\/a>   \n                                                    <a href=\"https:\/\/welcomelalfas.com\/en\/house-museum-delso\/\" class=\"text-center\"><h3>House Museum Delso<\/h3><\/a>\n                                                <\/div>\n                                                <\/li><li class=\"product type-product post-4396\" style=\"margin-right:0;\" >\n                                                <div class=\"top-product-section\">\n\t\t\t\t\t\t\t\t\t\t\t\t    <a href=\"https:\/\/welcomelalfas.com\/en\/museo-aire-libre-villa-romana-albir\/\"><img width=\"1000\" height=\"667\" src=\"https:\/\/welcomelalfas.com\/wp-content\/uploads\/2021\/09\/museo-villa-romana-albir-26.jpg\" class=\"attachment-post-thumbnail size-post-thumbnail wp-post-image\" alt=\"\" loading=\"lazy\" srcset=\"https:\/\/welcomelalfas.com\/wp-content\/uploads\/2021\/09\/museo-villa-romana-albir-26.jpg 1000w, https:\/\/welcomelalfas.com\/wp-content\/uploads\/2021\/09\/museo-villa-romana-albir-26-300x200.jpg 300w, https:\/\/welcomelalfas.com\/wp-content\/uploads\/2021\/09\/museo-villa-romana-albir-26-768x512.jpg 768w, https:\/\/welcomelalfas.com\/wp-content\/uploads\/2021\/09\/museo-villa-romana-albir-26-700x467.jpg 700w\" sizes=\"(max-width: 1000px) 100vw, 1000px\" \/><\/a>   \n                                                    <a href=\"https:\/\/welcomelalfas.com\/en\/museo-aire-libre-villa-romana-albir\/\" class=\"text-center\"><h3>Roman Villa Open Air Museum<\/h3><\/a>\n                                                <\/div>\n                                                <\/li><\/ul>\n                            <\/div>\n                        <\/div>\n                    <\/div>\n                <\/div>\n            <\/div>\n        <\/div>[\/vc_column_text][\/vc_column][\/vc_row][vc_row css_animation=&#8221;&#8221; row_type=&#8221;row&#8221; use_row_as_full_screen_section=&#8221;no&#8221; type=&#8221;full_width&#8221; angled_section=&#8221;no&#8221; text_align=&#8221;left&#8221; background_image_as_pattern=&#8221;without_pattern&#8221; css=&#8221;.vc_custom_1664362583655{background-image: url(https:\/\/welcomelalfas.com\/wp-content\/uploads\/2021\/06\/fondo-pie-tn.jpg?id=389) !important;}&#8221; z_index=&#8221;&#8221; padding_top=&#8221;157&#8243; padding_bottom=&#8221;100&#8243;][vc_column][\/vc_column][\/vc_row]<\/p>\n","protected":false},"excerpt":{"rendered":"<p>[vc_row css_animation=&#8221;&#8221; row_type=&#8221;row&#8221; use_row_as_full_screen_section=&#8221;no&#8221; type=&#8221;grid&#8221; angled_section=&#8221;no&#8221; text_align=&#8221;left&#8221; background_image_as_pattern=&#8221;without_pattern&#8221; z_index=&#8221;&#8221; padding_top=&#8221;50&#8243;][vc_column][vc_column_text]Apart from the various sea sports you can do in l\u00b4Alf\u00e0s del Pi, there are other activities such as hiking, cycling tourism, climbing or horse riding. Be it to do some exercise or simply to relax&#8230;<\/p>\n","protected":false},"author":1,"featured_media":0,"parent":0,"menu_order":0,"comment_status":"closed","ping_status":"closed","template":"full_width.php","meta":[],"yoast_head":"<!-- This site is optimized with the Yoast SEO plugin v19.7.1 - https:\/\/yoast.com\/wordpress\/plugins\/seo\/ -->\n<title>ACTIVE TOURISM | Welcome L&#039;Alf\u00e0s<\/title>\n<meta name=\"description\" content=\"ACTIVE TOURISM | Welcome L&#039;Alf\u00e0s\" \/>\n<meta name=\"robots\" content=\"index, follow, max-snippet:-1, max-image-preview:large, max-video-preview:-1\" \/>\n<link rel=\"canonical\" href=\"https:\/\/welcomelalfas.com\/en\/active-tourism\/\" \/>\n<meta property=\"og:locale\" content=\"en_US\" \/>\n<meta property=\"og:type\" content=\"article\" \/>\n<meta property=\"og:title\" content=\"ACTIVE TOURISM | Welcome L&#039;Alf\u00e0s\" \/>\n<meta property=\"og:description\" content=\"ACTIVE TOURISM | Welcome L&#039;Alf\u00e0s\" \/>\n<meta property=\"og:url\" content=\"https:\/\/welcomelalfas.com\/en\/active-tourism\/\" \/>\n<meta property=\"og:site_name\" content=\"Welcome L&#039;Alf\u00e0s\" \/>\n<meta property=\"article:modified_time\" content=\"2022-11-04T10:27:19+00:00\" \/>\n<meta name=\"twitter:card\" content=\"summary_large_image\" \/>\n<meta name=\"twitter:label1\" content=\"Est. reading time\" \/>\n\t<meta name=\"twitter:data1\" content=\"5 minutes\" \/>\n<script type=\"application\/ld+json\" class=\"yoast-schema-graph\">{\"@context\":\"https:\/\/schema.org\",\"@graph\":[{\"@type\":\"WebPage\",\"@id\":\"https:\/\/welcomelalfas.com\/en\/active-tourism\/\",\"url\":\"https:\/\/welcomelalfas.com\/en\/active-tourism\/\",\"name\":\"ACTIVE TOURISM | Welcome L&#039;Alf\u00e0s\",\"isPartOf\":{\"@id\":\"https:\/\/welcomelalfas.com\/#website\"},\"datePublished\":\"2022-07-21T08:33:10+00:00\",\"dateModified\":\"2022-11-04T10:27:19+00:00\",\"description\":\"ACTIVE TOURISM | Welcome L&#039;Alf\u00e0s\",\"breadcrumb\":{\"@id\":\"https:\/\/welcomelalfas.com\/en\/active-tourism\/#breadcrumb\"},\"inLanguage\":\"en-US\",\"potentialAction\":[{\"@type\":\"ReadAction\",\"target\":[\"https:\/\/welcomelalfas.com\/en\/active-tourism\/\"]}]},{\"@type\":\"BreadcrumbList\",\"@id\":\"https:\/\/welcomelalfas.com\/en\/active-tourism\/#breadcrumb\",\"itemListElement\":[{\"@type\":\"ListItem\",\"position\":1,\"name\":\"Portada\",\"item\":\"https:\/\/welcomelalfas.com\/en\/\"},{\"@type\":\"ListItem\",\"position\":2,\"name\":\"ACTIVE TOURISM\"}]},{\"@type\":\"WebSite\",\"@id\":\"https:\/\/welcomelalfas.com\/#website\",\"url\":\"https:\/\/welcomelalfas.com\/\",\"name\":\"Welcome L&#039;Alf\u00e0s\",\"description\":\"Welcome L&#039;Alf\u00e0s\",\"potentialAction\":[{\"@type\":\"SearchAction\",\"target\":{\"@type\":\"EntryPoint\",\"urlTemplate\":\"https:\/\/welcomelalfas.com\/?s={search_term_string}\"},\"query-input\":\"required name=search_term_string\"}],\"inLanguage\":\"en-US\"}]}<\/script>\n<!-- \/ Yoast SEO plugin. -->","yoast_head_json":{"title":"ACTIVE TOURISM | Welcome L&#039;Alf\u00e0s","description":"ACTIVE TOURISM | Welcome L&#039;Alf\u00e0s","robots":{"index":"index","follow":"follow","max-snippet":"max-snippet:-1","max-image-preview":"max-image-preview:large","max-video-preview":"max-video-preview:-1"},"canonical":"https:\/\/welcomelalfas.com\/en\/active-tourism\/","og_locale":"en_US","og_type":"article","og_title":"ACTIVE TOURISM | Welcome L&#039;Alf\u00e0s","og_description":"ACTIVE TOURISM | Welcome L&#039;Alf\u00e0s","og_url":"https:\/\/welcomelalfas.com\/en\/active-tourism\/","og_site_name":"Welcome L&#039;Alf\u00e0s","article_modified_time":"2022-11-04T10:27:19+00:00","twitter_card":"summary_large_image","twitter_misc":{"Est. reading time":"5 minutes"},"schema":{"@context":"https:\/\/schema.org","@graph":[{"@type":"WebPage","@id":"https:\/\/welcomelalfas.com\/en\/active-tourism\/","url":"https:\/\/welcomelalfas.com\/en\/active-tourism\/","name":"ACTIVE TOURISM | Welcome L&#039;Alf\u00e0s","isPartOf":{"@id":"https:\/\/welcomelalfas.com\/#website"},"datePublished":"2022-07-21T08:33:10+00:00","dateModified":"2022-11-04T10:27:19+00:00","description":"ACTIVE TOURISM | Welcome L&#039;Alf\u00e0s","breadcrumb":{"@id":"https:\/\/welcomelalfas.com\/en\/active-tourism\/#breadcrumb"},"inLanguage":"en-US","potentialAction":[{"@type":"ReadAction","target":["https:\/\/welcomelalfas.com\/en\/active-tourism\/"]}]},{"@type":"BreadcrumbList","@id":"https:\/\/welcomelalfas.com\/en\/active-tourism\/#breadcrumb","itemListElement":[{"@type":"ListItem","position":1,"name":"Portada","item":"https:\/\/welcomelalfas.com\/en\/"},{"@type":"ListItem","position":2,"name":"ACTIVE TOURISM"}]},{"@type":"WebSite","@id":"https:\/\/welcomelalfas.com\/#website","url":"https:\/\/welcomelalfas.com\/","name":"Welcome L&#039;Alf\u00e0s","description":"Welcome L&#039;Alf\u00e0s","potentialAction":[{"@type":"SearchAction","target":{"@type":"EntryPoint","urlTemplate":"https:\/\/welcomelalfas.com\/?s={search_term_string}"},"query-input":"required name=search_term_string"}],"inLanguage":"en-US"}]}},"_links":{"self":[{"href":"https:\/\/welcomelalfas.com\/en\/wp-json\/wp\/v2\/pages\/4383"}],"collection":[{"href":"https:\/\/welcomelalfas.com\/en\/wp-json\/wp\/v2\/pages"}],"about":[{"href":"https:\/\/welcomelalfas.com\/en\/wp-json\/wp\/v2\/types\/page"}],"author":[{"embeddable":true,"href":"https:\/\/welcomelalfas.com\/en\/wp-json\/wp\/v2\/users\/1"}],"replies":[{"embeddable":true,"href":"https:\/\/welcomelalfas.com\/en\/wp-json\/wp\/v2\/comments?post=4383"}],"version-history":[{"count":5,"href":"https:\/\/welcomelalfas.com\/en\/wp-json\/wp\/v2\/pages\/4383\/revisions"}],"predecessor-version":[{"id":4394,"href":"https:\/\/welcomelalfas.com\/en\/wp-json\/wp\/v2\/pages\/4383\/revisions\/4394"}],"wp:attachment":[{"href":"https:\/\/welcomelalfas.com\/en\/wp-json\/wp\/v2\/media?parent=4383"}],"curies":[{"name":"wp","href":"https:\/\/api.w.org\/{rel}","templated":true}]}}