{"id":4638,"date":"2022-11-09T15:57:04","date_gmt":"2022-11-09T15:57:04","guid":{"rendered":"https:\/\/welcomelalfas.com\/destino-turistico-inteligente-de-lalfas\/"},"modified":"2022-11-09T17:25:32","modified_gmt":"2022-11-09T17:25:32","slug":"destino-turistico-inteligente-de-lalfas","status":"publish","type":"page","link":"https:\/\/welcomelalfas.com\/en\/destino-turistico-inteligente-de-lalfas\/","title":{"rendered":"Smart Tourism Destination of l&#8217;Alf\u00e0s"},"content":{"rendered":"<p>[vc_row css_animation=&#8221;&#8221; row_type=&#8221;row&#8221; use_row_as_full_screen_section=&#8221;no&#8221; type=&#8221;grid&#8221; angled_section=&#8221;no&#8221; text_align=&#8221;left&#8221; background_image_as_pattern=&#8221;without_pattern&#8221; z_index=&#8221;&#8221; padding_top=&#8221;70&#8243;][vc_column][vc_column_text css=&#8221;.vc_custom_1668014724726{margin-bottom: 20px !important;}&#8221;]The smart tourist destination project of l&#8217;Alf\u00e0s del Pi began with the tourism, leisure and hospitality law and with a focus not only on optimizing the visitor experience, but also on achieving a better quality of life for residents.<\/p>\n<p>UNE 178501 AENOR standard includes the requirements to establish, implement, maintain and improve a Management System for Smart Tourist Destinations, based on the axes of innovation, technology, accessibility and sustainability in its economic, socio-cultural and environmental aspects.<\/p>\n<p>In 2020, after adapting the self-diagnosis to the characteristics and peculiarities of health and wellness tourism, l&#8217;Alf\u00e0s received the test report for the UNE 178501 standard from AENOR, whose results based on the previous work carried out in the areas involved, gave as result in a positive balance reaching level 2.<\/p>\n<p>With this progress in terms of smart tourism in 2022, the DTI Master Plan of l&#8217;Alf\u00e0s is constituted as the reference document for the different public and private agents of the new tourism management model, for the establishment of action plans, and for achieve the following objective: increase its competitiveness as a destination through innovation, improve the perception, the experience of tourists and the quality of life of residents.[\/vc_column_text][\/vc_column][vc_column css=&#8221;.vc_custom_1668010419075{margin-top: 30px !important;}&#8221;][vc_column_text]<\/p>\n<p style=\"text-align: left;\"><a style=\"color: #006198;\" href=\"\/wp-content\/uploads\/2022\/11\/resumen-ejecutivo-dti-lalfas-de-pi.pdf\" target=\"_blank\" rel=\"noopener\"><strong><i class=\"fa fa-download\" aria-hidden=\"true\"><\/i> Download Executive Summary L&#8217;Alf\u00e0s del Pi Smart Tourist Destination<\/strong><\/a><\/p>\n<p>[\/vc_column_text][\/vc_column][\/vc_row][vc_row css_animation=&#8221;&#8221; row_type=&#8221;row&#8221; use_row_as_full_screen_section=&#8221;no&#8221; type=&#8221;full_width&#8221; angled_section=&#8221;no&#8221; text_align=&#8221;left&#8221; background_image_as_pattern=&#8221;without_pattern&#8221; z_index=&#8221;&#8221; padding_top=&#8221;157&#8243; css=&#8221;.vc_custom_1623657953821{margin-top: 70px !important;background-image: url(https:\/\/welcomelalfas.com\/wp-content\/uploads\/2021\/06\/fondo-pie-tn.jpg?id=389) !important;background-position: center !important;background-repeat: no-repeat !important;background-size: cover !important;}&#8221; padding_bottom=&#8221;100&#8243;][vc_column width=&#8221;1\/4&#8243; css=&#8221;.vc_custom_1623600830979{background-position: 0 0 !important;background-repeat: no-repeat !important;}&#8221;][\/vc_column][vc_column width=&#8221;1\/2&#8243;][\/vc_column][vc_column width=&#8221;1\/4&#8243;][\/vc_column][\/vc_row]<\/p>\n","protected":false},"excerpt":{"rendered":"<p>[vc_row css_animation=&#8221;&#8221; row_type=&#8221;row&#8221; use_row_as_full_screen_section=&#8221;no&#8221; type=&#8221;grid&#8221; angled_section=&#8221;no&#8221; text_align=&#8221;left&#8221; background_image_as_pattern=&#8221;without_pattern&#8221; z_index=&#8221;&#8221; padding_top=&#8221;70&#8243;][vc_column][vc_column_text css=&#8221;.vc_custom_1668014724726{margin-bottom: 20px !important;}&#8221;]The smart tourist destination project of l&#8217;Alf\u00e0s del Pi began with the tourism, leisure and hospitality law and with a focus not only on optimizing the visitor experience, but also on achieving a&#8230;<\/p>\n","protected":false},"author":1,"featured_media":0,"parent":0,"menu_order":0,"comment_status":"closed","ping_status":"closed","template":"full_width.php","meta":[],"yoast_head":"<!-- This site is optimized with the Yoast SEO plugin v19.7.1 - https:\/\/yoast.com\/wordpress\/plugins\/seo\/ -->\n<title>Smart Tourism Destination of l&#039;Alf\u00e0s | Welcome L&#039;Alf\u00e0s<\/title>\n<meta name=\"description\" content=\"Smart Tourism Destination of l&#039;Alf\u00e0s | Welcome L&#039;Alf\u00e0s\" \/>\n<meta name=\"robots\" content=\"index, follow, max-snippet:-1, max-image-preview:large, max-video-preview:-1\" \/>\n<link rel=\"canonical\" href=\"https:\/\/welcomelalfas.com\/en\/destino-turistico-inteligente-de-lalfas\/\" \/>\n<meta property=\"og:locale\" content=\"en_US\" \/>\n<meta property=\"og:type\" content=\"article\" \/>\n<meta property=\"og:title\" content=\"Smart Tourism Destination of l&#039;Alf\u00e0s | Welcome L&#039;Alf\u00e0s\" \/>\n<meta property=\"og:description\" content=\"Smart Tourism Destination of l&#039;Alf\u00e0s | Welcome L&#039;Alf\u00e0s\" \/>\n<meta property=\"og:url\" content=\"https:\/\/welcomelalfas.com\/en\/destino-turistico-inteligente-de-lalfas\/\" \/>\n<meta property=\"og:site_name\" content=\"Welcome L&#039;Alf\u00e0s\" \/>\n<meta property=\"article:modified_time\" content=\"2022-11-09T17:25:32+00:00\" \/>\n<meta name=\"twitter:card\" content=\"summary_large_image\" \/>\n<meta name=\"twitter:label1\" content=\"Est. reading time\" \/>\n\t<meta name=\"twitter:data1\" content=\"2 minutes\" \/>\n<script type=\"application\/ld+json\" class=\"yoast-schema-graph\">{\"@context\":\"https:\/\/schema.org\",\"@graph\":[{\"@type\":\"WebPage\",\"@id\":\"https:\/\/welcomelalfas.com\/en\/destino-turistico-inteligente-de-lalfas\/\",\"url\":\"https:\/\/welcomelalfas.com\/en\/destino-turistico-inteligente-de-lalfas\/\",\"name\":\"Smart Tourism Destination of l'Alf\u00e0s | Welcome L&#039;Alf\u00e0s\",\"isPartOf\":{\"@id\":\"https:\/\/welcomelalfas.com\/#website\"},\"datePublished\":\"2022-11-09T15:57:04+00:00\",\"dateModified\":\"2022-11-09T17:25:32+00:00\",\"description\":\"Smart Tourism Destination of l'Alf\u00e0s | Welcome L&#039;Alf\u00e0s\",\"breadcrumb\":{\"@id\":\"https:\/\/welcomelalfas.com\/en\/destino-turistico-inteligente-de-lalfas\/#breadcrumb\"},\"inLanguage\":\"en-US\",\"potentialAction\":[{\"@type\":\"ReadAction\",\"target\":[\"https:\/\/welcomelalfas.com\/en\/destino-turistico-inteligente-de-lalfas\/\"]}]},{\"@type\":\"BreadcrumbList\",\"@id\":\"https:\/\/welcomelalfas.com\/en\/destino-turistico-inteligente-de-lalfas\/#breadcrumb\",\"itemListElement\":[{\"@type\":\"ListItem\",\"position\":1,\"name\":\"Portada\",\"item\":\"https:\/\/welcomelalfas.com\/en\/\"},{\"@type\":\"ListItem\",\"position\":2,\"name\":\"Smart Tourism Destination of l&#8217;Alf\u00e0s\"}]},{\"@type\":\"WebSite\",\"@id\":\"https:\/\/welcomelalfas.com\/#website\",\"url\":\"https:\/\/welcomelalfas.com\/\",\"name\":\"Welcome L&#039;Alf\u00e0s\",\"description\":\"Welcome L&#039;Alf\u00e0s\",\"potentialAction\":[{\"@type\":\"SearchAction\",\"target\":{\"@type\":\"EntryPoint\",\"urlTemplate\":\"https:\/\/welcomelalfas.com\/?s={search_term_string}\"},\"query-input\":\"required name=search_term_string\"}],\"inLanguage\":\"en-US\"}]}<\/script>\n<!-- \/ Yoast SEO plugin. -->","yoast_head_json":{"title":"Smart Tourism Destination of l'Alf\u00e0s | Welcome L&#039;Alf\u00e0s","description":"Smart Tourism Destination of l'Alf\u00e0s | Welcome L&#039;Alf\u00e0s","robots":{"index":"index","follow":"follow","max-snippet":"max-snippet:-1","max-image-preview":"max-image-preview:large","max-video-preview":"max-video-preview:-1"},"canonical":"https:\/\/welcomelalfas.com\/en\/destino-turistico-inteligente-de-lalfas\/","og_locale":"en_US","og_type":"article","og_title":"Smart Tourism Destination of l'Alf\u00e0s | Welcome L&#039;Alf\u00e0s","og_description":"Smart Tourism Destination of l'Alf\u00e0s | Welcome L&#039;Alf\u00e0s","og_url":"https:\/\/welcomelalfas.com\/en\/destino-turistico-inteligente-de-lalfas\/","og_site_name":"Welcome L&#039;Alf\u00e0s","article_modified_time":"2022-11-09T17:25:32+00:00","twitter_card":"summary_large_image","twitter_misc":{"Est. reading time":"2 minutes"},"schema":{"@context":"https:\/\/schema.org","@graph":[{"@type":"WebPage","@id":"https:\/\/welcomelalfas.com\/en\/destino-turistico-inteligente-de-lalfas\/","url":"https:\/\/welcomelalfas.com\/en\/destino-turistico-inteligente-de-lalfas\/","name":"Smart Tourism Destination of l'Alf\u00e0s | Welcome L&#039;Alf\u00e0s","isPartOf":{"@id":"https:\/\/welcomelalfas.com\/#website"},"datePublished":"2022-11-09T15:57:04+00:00","dateModified":"2022-11-09T17:25:32+00:00","description":"Smart Tourism Destination of l'Alf\u00e0s | Welcome L&#039;Alf\u00e0s","breadcrumb":{"@id":"https:\/\/welcomelalfas.com\/en\/destino-turistico-inteligente-de-lalfas\/#breadcrumb"},"inLanguage":"en-US","potentialAction":[{"@type":"ReadAction","target":["https:\/\/welcomelalfas.com\/en\/destino-turistico-inteligente-de-lalfas\/"]}]},{"@type":"BreadcrumbList","@id":"https:\/\/welcomelalfas.com\/en\/destino-turistico-inteligente-de-lalfas\/#breadcrumb","itemListElement":[{"@type":"ListItem","position":1,"name":"Portada","item":"https:\/\/welcomelalfas.com\/en\/"},{"@type":"ListItem","position":2,"name":"Smart Tourism Destination of l&#8217;Alf\u00e0s"}]},{"@type":"WebSite","@id":"https:\/\/welcomelalfas.com\/#website","url":"https:\/\/welcomelalfas.com\/","name":"Welcome L&#039;Alf\u00e0s","description":"Welcome L&#039;Alf\u00e0s","potentialAction":[{"@type":"SearchAction","target":{"@type":"EntryPoint","urlTemplate":"https:\/\/welcomelalfas.com\/?s={search_term_string}"},"query-input":"required name=search_term_string"}],"inLanguage":"en-US"}]}},"_links":{"self":[{"href":"https:\/\/welcomelalfas.com\/en\/wp-json\/wp\/v2\/pages\/4638"}],"collection":[{"href":"https:\/\/welcomelalfas.com\/en\/wp-json\/wp\/v2\/pages"}],"about":[{"href":"https:\/\/welcomelalfas.com\/en\/wp-json\/wp\/v2\/types\/page"}],"author":[{"embeddable":true,"href":"https:\/\/welcomelalfas.com\/en\/wp-json\/wp\/v2\/users\/1"}],"replies":[{"embeddable":true,"href":"https:\/\/welcomelalfas.com\/en\/wp-json\/wp\/v2\/comments?post=4638"}],"version-history":[{"count":5,"href":"https:\/\/welcomelalfas.com\/en\/wp-json\/wp\/v2\/pages\/4638\/revisions"}],"predecessor-version":[{"id":4644,"href":"https:\/\/welcomelalfas.com\/en\/wp-json\/wp\/v2\/pages\/4638\/revisions\/4644"}],"wp:attachment":[{"href":"https:\/\/welcomelalfas.com\/en\/wp-json\/wp\/v2\/media?parent=4638"}],"curies":[{"name":"wp","href":"https:\/\/api.w.org\/{rel}","templated":true}]}}