{"id":3531,"date":"2021-08-31T12:27:47","date_gmt":"2021-08-31T12:27:47","guid":{"rendered":"https:\/\/welcomelalfas.com\/?page_id=3531"},"modified":"2022-11-04T10:38:48","modified_gmt":"2022-11-04T10:38:48","slug":"casa-museo-delso","status":"publish","type":"page","link":"https:\/\/welcomelalfas.com\/val\/casa-museo-delso\/","title":{"rendered":"Casa Museo Delso"},"content":{"rendered":"<p>[vc_row css_animation=&#8221;&#8221; row_type=&#8221;row&#8221; use_row_as_full_screen_section=&#8221;no&#8221; type=&#8221;grid&#8221; angled_section=&#8221;no&#8221; text_align=&#8221;left&#8221; background_image_as_pattern=&#8221;without_pattern&#8221; z_index=&#8221;&#8221; padding_top=&#8221;50&#8243;][vc_column css=&#8221;.vc_custom_1630316963515{margin-top: 40px !important;}&#8221;][vc_column_text]El museu Pedro Delso \u00e9s una instituci\u00f3 de car\u00e0cter privat centrada en l\u2019obra del <strong>pintor i escultor Pedro Delso Rup\u00e9rez<\/strong>. Aquest artista sori\u00e0 nascut en 1924, va fixar la seua resid\u00e8ncia a l\u2019Alf\u00e0s del Pi durant els \u00faltims 18 anys de la seua vida i ens va deixar una interessant\u00edssima obra pict\u00f2rica, escult\u00f2rica i cer\u00e0mica basada en el triangulisme. Ac\u00ed podr\u00e0s veure la gran majoria de les seues obres i con\u00e9ixer tots els secrets que s\u2019amaguen darrere del seu art. Es va inaugurar en 1978 i compta amb tres pavellons i una zona d\u2019exposici\u00f3 a l\u2019aire lliure. A m\u00e9s, tamb\u00e9 es troba, en la mateixa parcel\u00b7la, la seua casa natal. Fer una passejada per aquest museu pot ser sorprenent. Les seues figures et cridaran l\u2019atenci\u00f3 i segur que acabar\u00e0s immortalitzant-les totes per a no oblidar-te d\u2019aquesta mena d\u2019art tan curi\u00f3s.[\/vc_column_text][\/vc_column][\/vc_row][vc_row css_animation=&#8221;&#8221; row_type=&#8221;row&#8221; use_row_as_full_screen_section=&#8221;no&#8221; type=&#8221;full_width&#8221; angled_section=&#8221;no&#8221; text_align=&#8221;left&#8221; background_image_as_pattern=&#8221;without_pattern&#8221; z_index=&#8221;&#8221; padding_top=&#8221;70&#8243;][vc_column css_animation=&#8221;fadeIn&#8221;][vc_gallery type=&#8221;image_grid&#8221; images=&#8221;3534,3535,3538,3536,3537,3540&#8243; img_size=&#8221;full&#8221; onclick=&#8221;&#8221; column_number=&#8221;3&#8243; grayscale=&#8221;no&#8221; images_space=&#8221;gallery_with_space&#8221;][\/vc_column][\/vc_row][vc_row css_animation=&#8221;&#8221; row_type=&#8221;row&#8221; use_row_as_full_screen_section=&#8221;no&#8221; type=&#8221;full_width&#8221; angled_section=&#8221;no&#8221; text_align=&#8221;left&#8221; background_image_as_pattern=&#8221;without_pattern&#8221; z_index=&#8221;&#8221; padding_top=&#8221;70&#8243;][vc_column][qode_elements_holder number_of_columns=&#8221;two_columns&#8221;][qode_elements_holder_item vertical_alignment=&#8221;middle&#8221; horizontal_alignment=&#8221;center&#8221; advanced_animations=&#8221;no&#8221; custom_class=&#8221;azulBgTN&#8221; item_padding=&#8221;40px 10px 40px 10px&#8221;][vc_column_text el_class=&#8221;azulBgTN text-center&#8221; css=&#8221;.vc_custom_1664530029566{padding-top: 20px !important;padding-right: 10px !important;padding-bottom: 20px !important;padding-left: 10px !important;}&#8221;]<strong>M\u00c9S INFORMACI\u00d3 \u00a0<\/strong><\/p>\n<p><a href=\"https:\/\/www.museodelso.com\/\" target=\"_blank\" rel=\"noopener\">www.museodelso.com<\/a><\/p>\n<p>Tel <a href=\"tel:965889517\" target=\"_blank\" rel=\"noopener\">96 588 95 17<\/a>[\/vc_column_text][\/qode_elements_holder_item][qode_elements_holder_item vertical_alignment=&#8221;middle&#8221; advanced_animations=&#8221;no&#8221; custom_class=&#8221;verdeBgTN&#8221; item_padding=&#8221;40px 10px 40px 10px&#8221;][vc_column_text]<\/p>\n<p class=\"text-center\"><strong>HORARI<\/strong><\/p>\n<p class=\"text-center\">Dissabtes : 11:00h \u2013 14:00h<\/p>\n<p>[\/vc_column_text][\/qode_elements_holder_item][\/qode_elements_holder][\/vc_column][\/vc_row][vc_row css_animation=&#8221;&#8221; row_type=&#8221;row&#8221; use_row_as_full_screen_section=&#8221;no&#8221; type=&#8221;full_width&#8221; angled_section=&#8221;no&#8221; text_align=&#8221;left&#8221; background_image_as_pattern=&#8221;without_pattern&#8221; z_index=&#8221;&#8221; padding_top=&#8221;70&#8243;][vc_column][vc_gmaps link=&#8221;#E-8_JTNDaWZyYW1lJTIwc3JjJTNEJTIyaHR0cHMlM0ElMkYlMkZ3d3cuZ29vZ2xlLmNvbSUyRm1hcHMlMkZlbWJlZCUzRnBiJTNEJTIxMW0xOCUyMTFtMTIlMjExbTMlMjExZDMxMTguNTMyNTk4MTI1MzQyJTIxMmQtMC4xMTgyODg2ODQzNzgzNjQwOCUyMTNkMzguNTkwNjA5OTc5NjE5MDclMjEybTMlMjExZjAlMjEyZjAlMjEzZjAlMjEzbTIlMjExaTEwMjQlMjEyaTc2OCUyMTRmMTMuMSUyMTNtMyUyMTFtMiUyMTFzMHhkNjIwMzBiNWQ2YmNjMDUlMjUzQTB4NDA3MzA4YTJmZmY1YmE4NiUyMTJzQ2FzYSUyNTIwTXVzZW8lMjUyMERlbHNvJTIxNWUwJTIxM20yJTIxMXNlcyUyMTJzZXMlMjE0djE2MzA0MTM2Mzg0OTElMjE1bTIlMjExc2VzJTIxMnNlcyUyMiUyMHdpZHRoJTNEJTIyMTAwJTI1JTIyJTIwaGVpZ2h0JTNEJTIyNDUwJTIyJTIwc3R5bGUlM0QlMjJib3JkZXIlM0EwJTNCJTIyJTIwYWxsb3dmdWxsc2NyZWVuJTNEJTIyJTIyJTIwbG9hZGluZyUzRCUyMmxhenklMjIlM0UlM0MlMkZpZnJhbWUlM0U=&#8221;][\/vc_column][\/vc_row][vc_row css_animation=&#8221;&#8221; row_type=&#8221;row&#8221; use_row_as_full_screen_section=&#8221;no&#8221; type=&#8221;full_width&#8221; angled_section=&#8221;no&#8221; text_align=&#8221;left&#8221; background_image_as_pattern=&#8221;without_pattern&#8221; z_index=&#8221;&#8221; padding_top=&#8221;70&#8243; padding_bottom=&#8221;30&#8243;][vc_column][vc_column_text]<h2 style=\"text-align: center;font-size:28px;text-transform:none;\">Tamb\u00e9 podeu visitar<\/h2><div class=\"section_inner clearfix full-width\">\n            <div class=\"section_inner_margin clearfix\">\n                <div class=\"wpb_column vc_column_container container_inner\" style=\"margin:0 auto;\">\n                    <div class=\"vc_column-inner\">\n                        <div class=\"wpb_wrapper\">\n                            <div class=\"woocommerce columns-3\">\n                                <ul class=\"products\"><li class=\"product type-product post-3849\">\n                                                <div class=\"top-product-section\">\n\t\t\t\t\t\t\t\t\t\t\t\t    <a href=\"https:\/\/welcomelalfas.com\/val\/lancla-de-lalbir\/\"><img width=\"1000\" height=\"667\" src=\"https:\/\/welcomelalfas.com\/wp-content\/uploads\/2022\/04\/ancla-del-albir.jpg\" class=\"attachment-post-thumbnail size-post-thumbnail wp-post-image\" alt=\"ancla-del-albir-paseo\" loading=\"lazy\" srcset=\"https:\/\/welcomelalfas.com\/wp-content\/uploads\/2022\/04\/ancla-del-albir.jpg 1000w, https:\/\/welcomelalfas.com\/wp-content\/uploads\/2022\/04\/ancla-del-albir-300x200.jpg 300w, https:\/\/welcomelalfas.com\/wp-content\/uploads\/2022\/04\/ancla-del-albir-768x512.jpg 768w, https:\/\/welcomelalfas.com\/wp-content\/uploads\/2022\/04\/ancla-del-albir-700x467.jpg 700w\" sizes=\"(max-width: 1000px) 100vw, 1000px\" \/><\/a>   \n                                                    <a href=\"https:\/\/welcomelalfas.com\/val\/lancla-de-lalbir\/\" class=\"text-center\"><h3>L&#8217;Ancla de l&#8217;Albir<\/h3><\/a>\n                                                <\/div>\n                                                <\/li><li class=\"product type-product post-3771\">\n                                                <div class=\"top-product-section\">\n\t\t\t\t\t\t\t\t\t\t\t\t    <a href=\"https:\/\/welcomelalfas.com\/val\/la-pedrera\/\"><img width=\"1000\" height=\"667\" src=\"https:\/\/welcomelalfas.com\/wp-content\/uploads\/2021\/08\/la-cantera-albir-05.jpg\" class=\"attachment-post-thumbnail size-post-thumbnail wp-post-image\" alt=\"\" loading=\"lazy\" srcset=\"https:\/\/welcomelalfas.com\/wp-content\/uploads\/2021\/08\/la-cantera-albir-05.jpg 1000w, https:\/\/welcomelalfas.com\/wp-content\/uploads\/2021\/08\/la-cantera-albir-05-300x200.jpg 300w, https:\/\/welcomelalfas.com\/wp-content\/uploads\/2021\/08\/la-cantera-albir-05-768x512.jpg 768w, https:\/\/welcomelalfas.com\/wp-content\/uploads\/2021\/08\/la-cantera-albir-05-700x467.jpg 700w\" sizes=\"(max-width: 1000px) 100vw, 1000px\" \/><\/a>   \n                                                    <a href=\"https:\/\/welcomelalfas.com\/val\/la-pedrera\/\" class=\"text-center\"><h3>La Pedrera<\/h3><\/a>\n                                                <\/div>\n                                                <\/li><li class=\"product type-product post-3861\" style=\"margin-right:0;\" >\n                                                <div class=\"top-product-section\">\n\t\t\t\t\t\t\t\t\t\t\t\t    <a href=\"https:\/\/welcomelalfas.com\/val\/escultura-parcper-la-pau-johan-galtung\/\"><img width=\"1000\" height=\"667\" src=\"https:\/\/welcomelalfas.com\/wp-content\/uploads\/2022\/09\/parque-johan-galtung-1-1.jpg\" class=\"attachment-post-thumbnail size-post-thumbnail wp-post-image\" alt=\"\" loading=\"lazy\" srcset=\"https:\/\/welcomelalfas.com\/wp-content\/uploads\/2022\/09\/parque-johan-galtung-1-1.jpg 1000w, https:\/\/welcomelalfas.com\/wp-content\/uploads\/2022\/09\/parque-johan-galtung-1-1-300x200.jpg 300w, https:\/\/welcomelalfas.com\/wp-content\/uploads\/2022\/09\/parque-johan-galtung-1-1-768x512.jpg 768w, https:\/\/welcomelalfas.com\/wp-content\/uploads\/2022\/09\/parque-johan-galtung-1-1-700x467.jpg 700w\" sizes=\"(max-width: 1000px) 100vw, 1000px\" \/><\/a>   \n                                                    <a href=\"https:\/\/welcomelalfas.com\/val\/escultura-parcper-la-pau-johan-galtung\/\" class=\"text-center\"><h3>Escultura Parc&#8221;per la pau&#8221; Johan Galtung<\/h3><\/a>\n                                                <\/div>\n                                                <\/li><\/ul>\n                            <\/div>\n                        <\/div>\n                    <\/div>\n                <\/div>\n            <\/div>\n        <\/div>[\/vc_column_text][\/vc_column][\/vc_row][vc_row css_animation=&#8221;&#8221; row_type=&#8221;row&#8221; use_row_as_full_screen_section=&#8221;no&#8221; type=&#8221;full_width&#8221; angled_section=&#8221;no&#8221; text_align=&#8221;left&#8221; background_image_as_pattern=&#8221;without_pattern&#8221; css=&#8221;.vc_custom_1664362478726{background-image: url(https:\/\/welcomelalfas.com\/wp-content\/uploads\/2021\/06\/fondo-pie-tn.jpg?id=389) !important;}&#8221; z_index=&#8221;&#8221; padding_top=&#8221;157&#8243; padding_bottom=&#8221;100&#8243;][vc_column][\/vc_column][\/vc_row]<\/p>\n","protected":false},"excerpt":{"rendered":"<p>[vc_row css_animation=&#8221;&#8221; row_type=&#8221;row&#8221; use_row_as_full_screen_section=&#8221;no&#8221; type=&#8221;grid&#8221; angled_section=&#8221;no&#8221; text_align=&#8221;left&#8221; background_image_as_pattern=&#8221;without_pattern&#8221; z_index=&#8221;&#8221; padding_top=&#8221;50&#8243;][vc_column css=&#8221;.vc_custom_1630316963515{margin-top: 40px !important;}&#8221;][vc_column_text]El museu Pedro Delso \u00e9s una instituci\u00f3 de car\u00e0cter privat centrada en l\u2019obra del pintor i escultor Pedro Delso Rup\u00e9rez. Aquest artista sori\u00e0 nascut en 1924, va fixar la seua resid\u00e8ncia a l\u2019Alf\u00e0s&#8230;<\/p>\n","protected":false},"author":1,"featured_media":3536,"parent":0,"menu_order":0,"comment_status":"closed","ping_status":"closed","template":"full_width.php","meta":[],"yoast_head":"<!-- This site is optimized with the Yoast SEO plugin v19.7.1 - https:\/\/yoast.com\/wordpress\/plugins\/seo\/ -->\n<title>Casa Museo Delso | Welcome L&#039;Alf\u00e0s<\/title>\n<meta name=\"description\" content=\"Casa Museo Delso | Welcome L&#039;Alf\u00e0s\" \/>\n<meta name=\"robots\" content=\"index, follow, max-snippet:-1, max-image-preview:large, max-video-preview:-1\" \/>\n<link rel=\"canonical\" href=\"https:\/\/welcomelalfas.com\/val\/casa-museo-delso\/\" \/>\n<meta property=\"og:locale\" content=\"en_US\" \/>\n<meta property=\"og:type\" content=\"article\" \/>\n<meta property=\"og:title\" content=\"Casa Museo Delso | Welcome L&#039;Alf\u00e0s\" \/>\n<meta property=\"og:description\" content=\"Casa Museo Delso | Welcome L&#039;Alf\u00e0s\" \/>\n<meta property=\"og:url\" content=\"https:\/\/welcomelalfas.com\/val\/casa-museo-delso\/\" \/>\n<meta property=\"og:site_name\" content=\"Welcome L&#039;Alf\u00e0s\" \/>\n<meta property=\"article:modified_time\" content=\"2022-11-04T10:38:48+00:00\" \/>\n<meta property=\"og:image\" content=\"https:\/\/welcomelalfas.com\/wp-content\/uploads\/2021\/08\/museo-delso-05.jpg\" \/>\n\t<meta property=\"og:image:width\" content=\"1000\" \/>\n\t<meta property=\"og:image:height\" content=\"667\" \/>\n\t<meta property=\"og:image:type\" content=\"image\/jpeg\" \/>\n<meta name=\"twitter:card\" content=\"summary_large_image\" \/>\n<meta name=\"twitter:label1\" content=\"Est. reading time\" \/>\n\t<meta name=\"twitter:data1\" content=\"2 minutes\" \/>\n<script type=\"application\/ld+json\" class=\"yoast-schema-graph\">{\"@context\":\"https:\/\/schema.org\",\"@graph\":[{\"@type\":\"WebPage\",\"@id\":\"https:\/\/welcomelalfas.com\/val\/casa-museo-delso\/\",\"url\":\"https:\/\/welcomelalfas.com\/val\/casa-museo-delso\/\",\"name\":\"Casa Museo Delso | Welcome L&#039;Alf\u00e0s\",\"isPartOf\":{\"@id\":\"https:\/\/welcomelalfas.com\/#website\"},\"datePublished\":\"2021-08-31T12:27:47+00:00\",\"dateModified\":\"2022-11-04T10:38:48+00:00\",\"description\":\"Casa Museo Delso | Welcome L&#039;Alf\u00e0s\",\"breadcrumb\":{\"@id\":\"https:\/\/welcomelalfas.com\/val\/casa-museo-delso\/#breadcrumb\"},\"inLanguage\":\"val\",\"potentialAction\":[{\"@type\":\"ReadAction\",\"target\":[\"https:\/\/welcomelalfas.com\/val\/casa-museo-delso\/\"]}]},{\"@type\":\"BreadcrumbList\",\"@id\":\"https:\/\/welcomelalfas.com\/val\/casa-museo-delso\/#breadcrumb\",\"itemListElement\":[{\"@type\":\"ListItem\",\"position\":1,\"name\":\"Portada\",\"item\":\"https:\/\/welcomelalfas.com\/val\/\"},{\"@type\":\"ListItem\",\"position\":2,\"name\":\"Casa Museo Delso\"}]},{\"@type\":\"WebSite\",\"@id\":\"https:\/\/welcomelalfas.com\/#website\",\"url\":\"https:\/\/welcomelalfas.com\/\",\"name\":\"Welcome L&#039;Alf\u00e0s\",\"description\":\"Welcome L&#039;Alf\u00e0s\",\"potentialAction\":[{\"@type\":\"SearchAction\",\"target\":{\"@type\":\"EntryPoint\",\"urlTemplate\":\"https:\/\/welcomelalfas.com\/?s={search_term_string}\"},\"query-input\":\"required name=search_term_string\"}],\"inLanguage\":\"val\"}]}<\/script>\n<!-- \/ Yoast SEO plugin. -->","yoast_head_json":{"title":"Casa Museo Delso | Welcome L&#039;Alf\u00e0s","description":"Casa Museo Delso | Welcome L&#039;Alf\u00e0s","robots":{"index":"index","follow":"follow","max-snippet":"max-snippet:-1","max-image-preview":"max-image-preview:large","max-video-preview":"max-video-preview:-1"},"canonical":"https:\/\/welcomelalfas.com\/val\/casa-museo-delso\/","og_locale":"en_US","og_type":"article","og_title":"Casa Museo Delso | Welcome L&#039;Alf\u00e0s","og_description":"Casa Museo Delso | Welcome L&#039;Alf\u00e0s","og_url":"https:\/\/welcomelalfas.com\/val\/casa-museo-delso\/","og_site_name":"Welcome L&#039;Alf\u00e0s","article_modified_time":"2022-11-04T10:38:48+00:00","og_image":[{"width":1000,"height":667,"url":"https:\/\/welcomelalfas.com\/wp-content\/uploads\/2021\/08\/museo-delso-05.jpg","type":"image\/jpeg"}],"twitter_card":"summary_large_image","twitter_misc":{"Est. reading time":"2 minutes"},"schema":{"@context":"https:\/\/schema.org","@graph":[{"@type":"WebPage","@id":"https:\/\/welcomelalfas.com\/val\/casa-museo-delso\/","url":"https:\/\/welcomelalfas.com\/val\/casa-museo-delso\/","name":"Casa Museo Delso | Welcome L&#039;Alf\u00e0s","isPartOf":{"@id":"https:\/\/welcomelalfas.com\/#website"},"datePublished":"2021-08-31T12:27:47+00:00","dateModified":"2022-11-04T10:38:48+00:00","description":"Casa Museo Delso | Welcome L&#039;Alf\u00e0s","breadcrumb":{"@id":"https:\/\/welcomelalfas.com\/val\/casa-museo-delso\/#breadcrumb"},"inLanguage":"val","potentialAction":[{"@type":"ReadAction","target":["https:\/\/welcomelalfas.com\/val\/casa-museo-delso\/"]}]},{"@type":"BreadcrumbList","@id":"https:\/\/welcomelalfas.com\/val\/casa-museo-delso\/#breadcrumb","itemListElement":[{"@type":"ListItem","position":1,"name":"Portada","item":"https:\/\/welcomelalfas.com\/val\/"},{"@type":"ListItem","position":2,"name":"Casa Museo Delso"}]},{"@type":"WebSite","@id":"https:\/\/welcomelalfas.com\/#website","url":"https:\/\/welcomelalfas.com\/","name":"Welcome L&#039;Alf\u00e0s","description":"Welcome L&#039;Alf\u00e0s","potentialAction":[{"@type":"SearchAction","target":{"@type":"EntryPoint","urlTemplate":"https:\/\/welcomelalfas.com\/?s={search_term_string}"},"query-input":"required name=search_term_string"}],"inLanguage":"val"}]}},"_links":{"self":[{"href":"https:\/\/welcomelalfas.com\/val\/wp-json\/wp\/v2\/pages\/3531"}],"collection":[{"href":"https:\/\/welcomelalfas.com\/val\/wp-json\/wp\/v2\/pages"}],"about":[{"href":"https:\/\/welcomelalfas.com\/val\/wp-json\/wp\/v2\/types\/page"}],"author":[{"embeddable":true,"href":"https:\/\/welcomelalfas.com\/val\/wp-json\/wp\/v2\/users\/1"}],"replies":[{"embeddable":true,"href":"https:\/\/welcomelalfas.com\/val\/wp-json\/wp\/v2\/comments?post=3531"}],"version-history":[{"count":6,"href":"https:\/\/welcomelalfas.com\/val\/wp-json\/wp\/v2\/pages\/3531\/revisions"}],"predecessor-version":[{"id":4402,"href":"https:\/\/welcomelalfas.com\/val\/wp-json\/wp\/v2\/pages\/3531\/revisions\/4402"}],"wp:featuredmedia":[{"embeddable":true,"href":"https:\/\/welcomelalfas.com\/val\/wp-json\/wp\/v2\/media\/3536"}],"wp:attachment":[{"href":"https:\/\/welcomelalfas.com\/val\/wp-json\/wp\/v2\/media?parent=3531"}],"curies":[{"name":"wp","href":"https:\/\/api.w.org\/{rel}","templated":true}]}}