{"id":3547,"date":"2021-08-31T10:37:21","date_gmt":"2021-08-31T10:37:21","guid":{"rendered":"https:\/\/welcomelalfas.com\/?page_id=3547"},"modified":"2022-09-30T09:31:40","modified_gmt":"2022-09-30T09:31:40","slug":"cea-carabineros","status":"publish","type":"page","link":"https:\/\/welcomelalfas.com\/val\/cea-carabineros\/","title":{"rendered":"CEA Carabineros"},"content":{"rendered":"<p>[vc_row css_animation=&#8221;&#8221; row_type=&#8221;row&#8221; use_row_as_full_screen_section=&#8221;no&#8221; type=&#8221;grid&#8221; angled_section=&#8221;no&#8221; text_align=&#8221;left&#8221; background_image_as_pattern=&#8221;without_pattern&#8221; z_index=&#8221;&#8221; padding_top=&#8221;50&#8243;][vc_column css=&#8221;.vc_custom_1630316963515{margin-top: 40px !important;}&#8221;][vc_column_text]La caserna de Carabiners en l\u2019Albir es va construir en 1829, el mateix any en qu\u00e8 es promulga el Reial decret de 9 de mar\u00e7 pel qual es crea el Real Cos de Carabiners de Costes i Fronteres. La seua funci\u00f3 b\u00e0sica era la de vigilar el litoral per a evitar el contraban, per la qual cosa poc despr\u00e9s de la seua creaci\u00f3 van passar a tindre una naturalesa civil i no militar, depenent d\u2019Hisenda. Finalment, en 1940, el cos de Carabiners s\u2019extingeix i s\u2019integra en la Gu\u00e0rdia Civil. La caserna va estar en funcionament fins a principis de la d\u00e8cada de 1970 i, des del moment del seu aband\u00f3 com a lloc de gu\u00e0rdia, l\u2019edifici va patir un important proc\u00e9s de deterioraci\u00f3. L\u2019Ajuntament de l\u2019Alf\u00e0s del Pi va recuperar aquest edifici l\u2019any 2015 i actualment acull les oficines del Parc Natural de la Serra Gelada. En una segona fase del projecte de rehabilitaci\u00f3 es t\u00e9 previst adequar la caserna com una aula interpretativa on explicar al visitant els importants valors naturals i culturals que posseeix el parc natural. En el Centre d\u2019Educaci\u00f3 Ambiental Carabiners es va establir tamb\u00e9 la seu espanyola del Conservatoire du littoral, instituci\u00f3 p\u00fablica francesa dedicada a la conservaci\u00f3 mediambiental dels paisatges costaners. \u00c9s Centre Blau des de 2017.[\/vc_column_text][\/vc_column][\/vc_row][vc_row css_animation=&#8221;&#8221; row_type=&#8221;row&#8221; use_row_as_full_screen_section=&#8221;no&#8221; type=&#8221;full_width&#8221; angled_section=&#8221;no&#8221; text_align=&#8221;left&#8221; background_image_as_pattern=&#8221;without_pattern&#8221; z_index=&#8221;&#8221; padding_top=&#8221;70&#8243;][vc_column css_animation=&#8221;fadeIn&#8221;][vc_gallery type=&#8221;image_grid&#8221; images=&#8221;3550,3554,3549&#8243; img_size=&#8221;full&#8221; onclick=&#8221;&#8221; column_number=&#8221;3&#8243; grayscale=&#8221;no&#8221; images_space=&#8221;gallery_with_space&#8221;][\/vc_column][\/vc_row][vc_row css_animation=&#8221;&#8221; row_type=&#8221;row&#8221; use_row_as_full_screen_section=&#8221;no&#8221; type=&#8221;full_width&#8221; angled_section=&#8221;no&#8221; text_align=&#8221;left&#8221; background_image_as_pattern=&#8221;without_pattern&#8221; css=&#8221;.vc_custom_1659524280794{margin-top: 70px !important;background-image: url(https:\/\/welcomelalfas.com\/wp-content\/uploads\/2022\/08\/carabineros-bg.jpg?id=2966) !important;background-position: center !important;background-repeat: no-repeat !important;background-size: cover !important;}&#8221; z_index=&#8221;&#8221; padding_top=&#8221;200&#8243; padding_bottom=&#8221;200&#8243;][vc_column][vc_column_text]<\/p>\n<p class=\"text-center\"><a class=\"qbutton medium center default\" style=\"color: #ffffff; border-color: #006198; border-radius: 4px; -moz-border-radius: 4px; -webkit-border-radius: 4px; background-color: #006198;\" href=\"https:\/\/lookishtg.com\/360\/ALICANTE-PROVINCIA\/Alfazdelpi\/CARABINEROS\/index.htm\" target=\"_blank\" rel=\"noopener\" data-hover-background-color=\"#006198\" data-hover-border-color=\"#006198\" data-hover-color=\"#ffffff\"><i class=\"fa fa-eye\" aria-hidden=\"true\"><\/i> Visita Virtual CEA Carabineros<\/a><\/p>\n<p>[\/vc_column_text][\/vc_column][\/vc_row][vc_row css_animation=&#8221;&#8221; row_type=&#8221;row&#8221; use_row_as_full_screen_section=&#8221;no&#8221; type=&#8221;full_width&#8221; angled_section=&#8221;no&#8221; text_align=&#8221;left&#8221; background_image_as_pattern=&#8221;without_pattern&#8221; z_index=&#8221;&#8221; padding_top=&#8221;70&#8243;][vc_column][vc_gmaps link=&#8221;#E-8_JTNDaWZyYW1lJTIwc3JjJTNEJTIyaHR0cHMlM0ElMkYlMkZ3d3cuZ29vZ2xlLmNvbSUyRm1hcHMlMkZlbWJlZCUzRnBiJTNEJTIxMW0xOCUyMTFtMTIlMjExbTMlMjExZDMxMTkuNDMxNDU1MTM5NTklMjEyZC0wLjA2NjQ0ODQ4MjU1NjE1MjM0JTIxM2QzOC41Njk5MTEwOTk5OTk5OSUyMTJtMyUyMTFmMCUyMTJmMCUyMTNmMCUyMTNtMiUyMTFpMTAyNCUyMTJpNzY4JTIxNGYxMy4xJTIxM20zJTIxMW0yJTIxMXMweGQ2MjAxYWIyYjFjYzRjZiUyNTNBMHgxOWVkMjBlZTMzMDdjZTQyJTIxMnNDZW50cm8lMjUyMGRlJTI1MjBFZHVjYWNpJTI1QzMlMjVCM24lMjUyMEFtYmllbnRhbCUyNTIwQ2FyYWJpbmVyb3MlMjE1ZTAlMjEzbTIlMjExc2VzJTIxMnNlcyUyMTR2MTYzMDQwNjk1MjU0MyUyMTVtMiUyMTFzZXMlMjEyc2VzJTIyJTIwd2lkdGglM0QlMjIxMDAlMjUlMjIlMjBoZWlnaHQlM0QlMjI0NTAlMjIlMjBzdHlsZSUzRCUyMmJvcmRlciUzQTAlM0IlMjIlMjBhbGxvd2Z1bGxzY3JlZW4lM0QlMjIlMjIlMjBsb2FkaW5nJTNEJTIybGF6eSUyMiUzRSUzQyUyRmlmcmFtZSUzRQ==&#8221;][\/vc_column][\/vc_row][vc_row css_animation=&#8221;&#8221; row_type=&#8221;row&#8221; use_row_as_full_screen_section=&#8221;no&#8221; type=&#8221;full_width&#8221; angled_section=&#8221;no&#8221; text_align=&#8221;left&#8221; background_image_as_pattern=&#8221;without_pattern&#8221; z_index=&#8221;&#8221; padding_top=&#8221;70&#8243; padding_bottom=&#8221;50&#8243;][vc_column][vc_column_text]<h2 style=\"text-align: center;font-size:28px;text-transform:none;\">Tamb\u00e9 podeu visitar<\/h2><div class=\"section_inner clearfix full-width\">\n            <div class=\"section_inner_margin clearfix\">\n                <div class=\"wpb_column vc_column_container container_inner\" style=\"margin:0 auto;\">\n                    <div class=\"vc_column-inner\">\n                        <div class=\"wpb_wrapper\">\n                            <div class=\"woocommerce columns-3\">\n                                <ul class=\"products\"><li class=\"product type-product post-3782\">\n                                                <div class=\"top-product-section\">\n\t\t\t\t\t\t\t\t\t\t\t\t    <a href=\"https:\/\/welcomelalfas.com\/val\/platges-de-lalfas-del-pi\/\"><img width=\"1000\" height=\"667\" src=\"https:\/\/welcomelalfas.com\/wp-content\/uploads\/2022\/06\/playas-albir.jpg\" class=\"attachment-post-thumbnail size-post-thumbnail wp-post-image\" alt=\"\" loading=\"lazy\" srcset=\"https:\/\/welcomelalfas.com\/wp-content\/uploads\/2022\/06\/playas-albir.jpg 1000w, https:\/\/welcomelalfas.com\/wp-content\/uploads\/2022\/06\/playas-albir-300x200.jpg 300w, https:\/\/welcomelalfas.com\/wp-content\/uploads\/2022\/06\/playas-albir-768x512.jpg 768w, https:\/\/welcomelalfas.com\/wp-content\/uploads\/2022\/06\/playas-albir-700x467.jpg 700w\" sizes=\"(max-width: 1000px) 100vw, 1000px\" \/><\/a>   \n                                                    <a href=\"https:\/\/welcomelalfas.com\/val\/platges-de-lalfas-del-pi\/\" class=\"text-center\"><h3>Platges de l&#8217;Alf\u00e0s del Pi<\/h3><\/a>\n                                                <\/div>\n                                                <\/li><li class=\"product type-product post-3771\">\n                                                <div class=\"top-product-section\">\n\t\t\t\t\t\t\t\t\t\t\t\t    <a href=\"https:\/\/welcomelalfas.com\/val\/la-pedrera\/\"><img width=\"1000\" height=\"667\" src=\"https:\/\/welcomelalfas.com\/wp-content\/uploads\/2021\/08\/la-cantera-albir-05.jpg\" class=\"attachment-post-thumbnail size-post-thumbnail wp-post-image\" alt=\"\" loading=\"lazy\" srcset=\"https:\/\/welcomelalfas.com\/wp-content\/uploads\/2021\/08\/la-cantera-albir-05.jpg 1000w, https:\/\/welcomelalfas.com\/wp-content\/uploads\/2021\/08\/la-cantera-albir-05-300x200.jpg 300w, https:\/\/welcomelalfas.com\/wp-content\/uploads\/2021\/08\/la-cantera-albir-05-768x512.jpg 768w, https:\/\/welcomelalfas.com\/wp-content\/uploads\/2021\/08\/la-cantera-albir-05-700x467.jpg 700w\" sizes=\"(max-width: 1000px) 100vw, 1000px\" \/><\/a>   \n                                                    <a href=\"https:\/\/welcomelalfas.com\/val\/la-pedrera\/\" class=\"text-center\"><h3>La Pedrera<\/h3><\/a>\n                                                <\/div>\n                                                <\/li><li class=\"product type-product post-3559\" style=\"margin-right:0;\" >\n                                                <div class=\"top-product-section\">\n\t\t\t\t\t\t\t\t\t\t\t\t    <a href=\"https:\/\/welcomelalfas.com\/val\/centre-dinterpretacio-faro-de-lalbir\/\"><img width=\"800\" height=\"528\" src=\"https:\/\/welcomelalfas.com\/wp-content\/uploads\/2021\/05\/faro-albir-009.jpg\" class=\"attachment-post-thumbnail size-post-thumbnail wp-post-image\" alt=\"\" loading=\"lazy\" srcset=\"https:\/\/welcomelalfas.com\/wp-content\/uploads\/2021\/05\/faro-albir-009.jpg 800w, https:\/\/welcomelalfas.com\/wp-content\/uploads\/2021\/05\/faro-albir-009-300x198.jpg 300w, https:\/\/welcomelalfas.com\/wp-content\/uploads\/2021\/05\/faro-albir-009-768x507.jpg 768w, https:\/\/welcomelalfas.com\/wp-content\/uploads\/2021\/05\/faro-albir-009-700x462.jpg 700w\" sizes=\"(max-width: 800px) 100vw, 800px\" \/><\/a>   \n                                                    <a href=\"https:\/\/welcomelalfas.com\/val\/centre-dinterpretacio-faro-de-lalbir\/\" class=\"text-center\"><h3>Centre d\u2019Interpretaci\u00f3 Faro de l\u2019Albir<\/h3><\/a>\n                                                <\/div>\n                                                <\/li><\/ul>\n                            <\/div>\n                        <\/div>\n                    <\/div>\n                <\/div>\n            <\/div>\n        <\/div>[\/vc_column_text][\/vc_column][\/vc_row][vc_row css_animation=&#8221;&#8221; row_type=&#8221;row&#8221; use_row_as_full_screen_section=&#8221;no&#8221; type=&#8221;full_width&#8221; angled_section=&#8221;no&#8221; text_align=&#8221;left&#8221; background_image_as_pattern=&#8221;without_pattern&#8221; css=&#8221;.vc_custom_1664361163109{background-image: url(https:\/\/welcomelalfas.com\/wp-content\/uploads\/2021\/06\/fondo-pie-tn.jpg?id=389) !important;}&#8221; z_index=&#8221;&#8221; padding_top=&#8221;157&#8243; padding_bottom=&#8221;100&#8243;][vc_column][\/vc_column][\/vc_row]<\/p>\n","protected":false},"excerpt":{"rendered":"<p>[vc_row css_animation=&#8221;&#8221; row_type=&#8221;row&#8221; use_row_as_full_screen_section=&#8221;no&#8221; type=&#8221;grid&#8221; angled_section=&#8221;no&#8221; text_align=&#8221;left&#8221; background_image_as_pattern=&#8221;without_pattern&#8221; z_index=&#8221;&#8221; padding_top=&#8221;50&#8243;][vc_column css=&#8221;.vc_custom_1630316963515{margin-top: 40px !important;}&#8221;][vc_column_text]La caserna de Carabiners en l\u2019Albir es va construir en 1829, el mateix any en qu\u00e8 es promulga el Reial decret de 9 de mar\u00e7 pel qual es crea el Real Cos de&#8230;<\/p>\n","protected":false},"author":1,"featured_media":3553,"parent":0,"menu_order":0,"comment_status":"closed","ping_status":"closed","template":"full_width.php","meta":[],"yoast_head":"<!-- This site is optimized with the Yoast SEO plugin v19.7.1 - https:\/\/yoast.com\/wordpress\/plugins\/seo\/ -->\n<title>CEA Carabineros | Welcome L&#039;Alf\u00e0s<\/title>\n<meta name=\"description\" content=\"CEA Carabineros | Welcome L&#039;Alf\u00e0s\" \/>\n<meta name=\"robots\" content=\"index, follow, max-snippet:-1, max-image-preview:large, max-video-preview:-1\" \/>\n<link rel=\"canonical\" href=\"https:\/\/welcomelalfas.com\/val\/cea-carabineros\/\" \/>\n<meta property=\"og:locale\" content=\"en_US\" \/>\n<meta property=\"og:type\" content=\"article\" \/>\n<meta property=\"og:title\" content=\"CEA Carabineros | Welcome L&#039;Alf\u00e0s\" \/>\n<meta property=\"og:description\" content=\"CEA Carabineros | Welcome L&#039;Alf\u00e0s\" \/>\n<meta property=\"og:url\" content=\"https:\/\/welcomelalfas.com\/val\/cea-carabineros\/\" \/>\n<meta property=\"og:site_name\" content=\"Welcome L&#039;Alf\u00e0s\" \/>\n<meta property=\"article:modified_time\" content=\"2022-09-30T09:31:40+00:00\" \/>\n<meta property=\"og:image\" content=\"https:\/\/welcomelalfas.com\/wp-content\/uploads\/2021\/09\/cea-carabineros-07.jpg\" \/>\n\t<meta property=\"og:image:width\" content=\"1000\" \/>\n\t<meta property=\"og:image:height\" content=\"667\" \/>\n\t<meta property=\"og:image:type\" content=\"image\/jpeg\" \/>\n<meta name=\"twitter:card\" content=\"summary_large_image\" \/>\n<meta name=\"twitter:label1\" content=\"Est. reading time\" \/>\n\t<meta name=\"twitter:data1\" content=\"2 minutes\" \/>\n<script type=\"application\/ld+json\" class=\"yoast-schema-graph\">{\"@context\":\"https:\/\/schema.org\",\"@graph\":[{\"@type\":\"WebPage\",\"@id\":\"https:\/\/welcomelalfas.com\/val\/cea-carabineros\/\",\"url\":\"https:\/\/welcomelalfas.com\/val\/cea-carabineros\/\",\"name\":\"CEA Carabineros | Welcome L&#039;Alf\u00e0s\",\"isPartOf\":{\"@id\":\"https:\/\/welcomelalfas.com\/#website\"},\"datePublished\":\"2021-08-31T10:37:21+00:00\",\"dateModified\":\"2022-09-30T09:31:40+00:00\",\"description\":\"CEA Carabineros | Welcome L&#039;Alf\u00e0s\",\"breadcrumb\":{\"@id\":\"https:\/\/welcomelalfas.com\/val\/cea-carabineros\/#breadcrumb\"},\"inLanguage\":\"val\",\"potentialAction\":[{\"@type\":\"ReadAction\",\"target\":[\"https:\/\/welcomelalfas.com\/val\/cea-carabineros\/\"]}]},{\"@type\":\"BreadcrumbList\",\"@id\":\"https:\/\/welcomelalfas.com\/val\/cea-carabineros\/#breadcrumb\",\"itemListElement\":[{\"@type\":\"ListItem\",\"position\":1,\"name\":\"Portada\",\"item\":\"https:\/\/welcomelalfas.com\/val\/\"},{\"@type\":\"ListItem\",\"position\":2,\"name\":\"CEA Carabineros\"}]},{\"@type\":\"WebSite\",\"@id\":\"https:\/\/welcomelalfas.com\/#website\",\"url\":\"https:\/\/welcomelalfas.com\/\",\"name\":\"Welcome L&#039;Alf\u00e0s\",\"description\":\"Welcome L&#039;Alf\u00e0s\",\"potentialAction\":[{\"@type\":\"SearchAction\",\"target\":{\"@type\":\"EntryPoint\",\"urlTemplate\":\"https:\/\/welcomelalfas.com\/?s={search_term_string}\"},\"query-input\":\"required name=search_term_string\"}],\"inLanguage\":\"val\"}]}<\/script>\n<!-- \/ Yoast SEO plugin. -->","yoast_head_json":{"title":"CEA Carabineros | Welcome L&#039;Alf\u00e0s","description":"CEA Carabineros | Welcome L&#039;Alf\u00e0s","robots":{"index":"index","follow":"follow","max-snippet":"max-snippet:-1","max-image-preview":"max-image-preview:large","max-video-preview":"max-video-preview:-1"},"canonical":"https:\/\/welcomelalfas.com\/val\/cea-carabineros\/","og_locale":"en_US","og_type":"article","og_title":"CEA Carabineros | Welcome L&#039;Alf\u00e0s","og_description":"CEA Carabineros | Welcome L&#039;Alf\u00e0s","og_url":"https:\/\/welcomelalfas.com\/val\/cea-carabineros\/","og_site_name":"Welcome L&#039;Alf\u00e0s","article_modified_time":"2022-09-30T09:31:40+00:00","og_image":[{"width":1000,"height":667,"url":"https:\/\/welcomelalfas.com\/wp-content\/uploads\/2021\/09\/cea-carabineros-07.jpg","type":"image\/jpeg"}],"twitter_card":"summary_large_image","twitter_misc":{"Est. reading time":"2 minutes"},"schema":{"@context":"https:\/\/schema.org","@graph":[{"@type":"WebPage","@id":"https:\/\/welcomelalfas.com\/val\/cea-carabineros\/","url":"https:\/\/welcomelalfas.com\/val\/cea-carabineros\/","name":"CEA Carabineros | Welcome L&#039;Alf\u00e0s","isPartOf":{"@id":"https:\/\/welcomelalfas.com\/#website"},"datePublished":"2021-08-31T10:37:21+00:00","dateModified":"2022-09-30T09:31:40+00:00","description":"CEA Carabineros | Welcome L&#039;Alf\u00e0s","breadcrumb":{"@id":"https:\/\/welcomelalfas.com\/val\/cea-carabineros\/#breadcrumb"},"inLanguage":"val","potentialAction":[{"@type":"ReadAction","target":["https:\/\/welcomelalfas.com\/val\/cea-carabineros\/"]}]},{"@type":"BreadcrumbList","@id":"https:\/\/welcomelalfas.com\/val\/cea-carabineros\/#breadcrumb","itemListElement":[{"@type":"ListItem","position":1,"name":"Portada","item":"https:\/\/welcomelalfas.com\/val\/"},{"@type":"ListItem","position":2,"name":"CEA Carabineros"}]},{"@type":"WebSite","@id":"https:\/\/welcomelalfas.com\/#website","url":"https:\/\/welcomelalfas.com\/","name":"Welcome L&#039;Alf\u00e0s","description":"Welcome L&#039;Alf\u00e0s","potentialAction":[{"@type":"SearchAction","target":{"@type":"EntryPoint","urlTemplate":"https:\/\/welcomelalfas.com\/?s={search_term_string}"},"query-input":"required name=search_term_string"}],"inLanguage":"val"}]}},"_links":{"self":[{"href":"https:\/\/welcomelalfas.com\/val\/wp-json\/wp\/v2\/pages\/3547"}],"collection":[{"href":"https:\/\/welcomelalfas.com\/val\/wp-json\/wp\/v2\/pages"}],"about":[{"href":"https:\/\/welcomelalfas.com\/val\/wp-json\/wp\/v2\/types\/page"}],"author":[{"embeddable":true,"href":"https:\/\/welcomelalfas.com\/val\/wp-json\/wp\/v2\/users\/1"}],"replies":[{"embeddable":true,"href":"https:\/\/welcomelalfas.com\/val\/wp-json\/wp\/v2\/comments?post=3547"}],"version-history":[{"count":4,"href":"https:\/\/welcomelalfas.com\/val\/wp-json\/wp\/v2\/pages\/3547\/revisions"}],"predecessor-version":[{"id":3558,"href":"https:\/\/welcomelalfas.com\/val\/wp-json\/wp\/v2\/pages\/3547\/revisions\/3558"}],"wp:featuredmedia":[{"embeddable":true,"href":"https:\/\/welcomelalfas.com\/val\/wp-json\/wp\/v2\/media\/3553"}],"wp:attachment":[{"href":"https:\/\/welcomelalfas.com\/val\/wp-json\/wp\/v2\/media?parent=3547"}],"curies":[{"name":"wp","href":"https:\/\/api.w.org\/{rel}","templated":true}]}}