{"id":3559,"date":"2021-05-21T15:12:41","date_gmt":"2021-05-21T15:12:41","guid":{"rendered":"https:\/\/welcomelalfas.com\/?page_id=3559"},"modified":"2022-09-30T09:45:40","modified_gmt":"2022-09-30T09:45:40","slug":"centre-dinterpretacio-faro-de-lalbir","status":"publish","type":"page","link":"https:\/\/welcomelalfas.com\/val\/centre-dinterpretacio-faro-de-lalbir\/","title":{"rendered":"Centre d\u2019Interpretaci\u00f3 Faro de l\u2019Albir"},"content":{"rendered":"<p>[vc_row css_animation=&#8221;&#8221; row_type=&#8221;row&#8221; use_row_as_full_screen_section=&#8221;no&#8221; type=&#8221;grid&#8221; angled_section=&#8221;no&#8221; text_align=&#8221;left&#8221; background_image_as_pattern=&#8221;without_pattern&#8221; z_index=&#8221;&#8221; padding_top=&#8221;70&#8243;][vc_column][vc_column_text]El far de l\u2019Albir \u00e9s un edifici hist\u00f2ric singular constru\u00eft a 112 metres d\u2019altitud sobre el nivell de la mar en 1863 amb l\u2019objectiu de senyalitzar l\u2019extrem septentrional de la Serra Gelada. Per a arribar a aquest, era necessari transitar una estreta i perillosa senda, per l\u2019escarpat vessant de la serra. L\u2019actual cam\u00ed del far de l\u2019Albir va ser constru\u00eft en 1961 i asfaltat en 1963. L\u2019edifici va estar habitat per dos faroners i les seues fam\u00edlies fins a 1960, moment en el qual es mecanitza sent innecess\u00e0ria la pres\u00e8ncia constant d\u2019un t\u00e8cnic en el far. A pesar que la seua llanterna mai ha deixat de lluir, la falta de manteniment va donar lloc a una constant degradaci\u00f3 de l\u2019estructura, fins que en 2011 va ser rehabilitat i convertit en Centre d\u2019Interpretaci\u00f3. Part de l\u2019edifici es destina a Museu, amb sala d\u2019exposicions vinculades a la cultura marinera, el medi ambient i l\u2019entorn del parc natural. En l\u2019actualitat, el far de l\u2019Albir \u00e9s l\u2019\u00fanic de la Comunitat Valenciana amb \u00fas compartit, com a senyal mar\u00edtim i centre cultural.<\/p>\n<p>&nbsp;<\/p>\n<p>Des de 2013 ha sigut reconegut com a Centre Blau, s\u00edmbol de qualitat, bona gesti\u00f3 i excel\u00b7l\u00e8ncia.[\/vc_column_text][\/vc_column][\/vc_row][vc_row css_animation=&#8221;&#8221; row_type=&#8221;row&#8221; use_row_as_full_screen_section=&#8221;no&#8221; type=&#8221;grid&#8221; angled_section=&#8221;no&#8221; text_align=&#8221;left&#8221; background_image_as_pattern=&#8221;without_pattern&#8221; z_index=&#8221;&#8221; padding_top=&#8221;50&#8243;][vc_column][qode_elements_holder number_of_columns=&#8221;two_columns&#8221;][qode_elements_holder_item vertical_alignment=&#8221;top&#8221; horizontal_alignment=&#8221;center&#8221; advanced_animations=&#8221;no&#8221; item_padding=&#8221;40px 10px 40px 10px&#8221; custom_class=&#8221;verdeBgTN&#8221;][vc_column_text]<\/p>\n<p style=\"text-align: center !important;\">Centre d\u2019Interpretaci\u00f3 Faro de l\u2019Albir (CIFA)<br \/>\nPaseo del Faro &#8211; 03581 L\u2019Albir<br \/>\nTlf: <a style=\"color: #37a64a !important;\" href=\"tel:966867023\">966 867 023<\/a> \/ <a style=\"color: #37a64a !important;\" href=\"tel:965889424\">965 889 424<\/a><\/p>\n<p>[\/vc_column_text][\/qode_elements_holder_item][qode_elements_holder_item vertical_alignment=&#8221;top&#8221; horizontal_alignment=&#8221;center&#8221; advanced_animations=&#8221;no&#8221; item_padding=&#8221;40px 10px 40px 10px&#8221; custom_class=&#8221;azulBgTN&#8221;][vc_column_text]<\/p>\n<p style=\"text-align: center !important; color: #fff !important;\"><a style=\"color: #fff !important;\" href=\"mailto:museovillaromana@lalfas.com\">museovillaromana@lalfas.com<\/a><br \/>\n<i class=\"fa fa-facebook\" aria-hidden=\"true\"><\/i> <a style=\"color: #fff !important;\" href=\"https:\/\/www.facebook.com\/patrimoniolalfas\">Patrimonio l&#8217;Alf\u00e0s<\/a><br \/>\n<i class=\"fa fa-twitter\" aria-hidden=\"true\"><\/i> <a style=\"color: #fff !important;\" href=\"https:\/\/twitter.com\/PatrimonioAlfas\">@PatrimonioAlfas<\/a><\/p>\n<p>[\/vc_column_text][\/qode_elements_holder_item][\/qode_elements_holder][\/vc_column][\/vc_row][vc_row css_animation=&#8221;&#8221; row_type=&#8221;row&#8221; use_row_as_full_screen_section=&#8221;no&#8221; type=&#8221;full_width&#8221; angled_section=&#8221;no&#8221; text_align=&#8221;left&#8221; background_image_as_pattern=&#8221;without_pattern&#8221; z_index=&#8221;&#8221; padding_top=&#8221;70&#8243;][vc_column css_animation=&#8221;fadeIn&#8221;][qode_elements_holder number_of_columns=&#8221;two_columns&#8221; columns_proportion=&#8221;25_75&#8243;][qode_elements_holder_item cover=&#8221;yes&#8221; advanced_animations=&#8221;no&#8221; background_image=&#8221;426&#8243; custom_class=&#8221;mobileSinFondo768&#8243; item_padding=&#8221;0px 0px 0px 0px&#8221; item_padding_1280_1440=&#8221;0px 0px 0px 0px&#8221; item_padding_1024_1280=&#8221;0px 0px 0px 0px&#8221; item_padding_768_1024=&#8221;0px 0px 0px 0px&#8221; item_padding_600_768=&#8221;0px 0px 20px 0px&#8221; item_padding_480_600=&#8221;0px 0px 20px 0px&#8221; item_padding_480=&#8221;0px 0px 20px 0px&#8221;][vc_single_image image=&#8221;3569&#8243; img_size=&#8221;full&#8221; alignment=&#8221;center&#8221; qode_css_animation=&#8221;&#8221; el_class=&#8221;onlyMobile768&#8243;][\/qode_elements_holder_item][qode_elements_holder_item advanced_animations=&#8221;no&#8221; item_padding=&#8221;0 0 0 20px&#8221; item_padding_1280_1440=&#8221;0 0 0 20px&#8221; item_padding_1024_1280=&#8221;0 0 0 20px&#8221; item_padding_768_1024=&#8221;0 0 0 20px&#8221; item_padding_600_768=&#8221;0 0 0 0&#8243; item_padding_480_600=&#8221;0 0 0 0&#8243; item_padding_480=&#8221;0 0 0 0&#8243;][vc_gallery type=&#8221;image_grid&#8221; images=&#8221;3571,3566,3563,3565,3564,3567&#8243; img_size=&#8221;full&#8221; onclick=&#8221;&#8221; column_number=&#8221;2&#8243; grayscale=&#8221;no&#8221; images_space=&#8221;gallery_with_space&#8221;][\/qode_elements_holder_item][\/qode_elements_holder][\/vc_column][\/vc_row][vc_row css_animation=&#8221;&#8221; row_type=&#8221;row&#8221; use_row_as_full_screen_section=&#8221;no&#8221; type=&#8221;full_width&#8221; angled_section=&#8221;no&#8221; text_align=&#8221;left&#8221; background_image_as_pattern=&#8221;without_pattern&#8221; background_image=&#8221;447&#8243; z_index=&#8221;&#8221; padding_top=&#8221;200&#8243; padding_bottom=&#8221;200&#8243; css=&#8221;.vc_custom_1623667355649{margin-top: 70px !important;}&#8221;][vc_column][vc_column_text]<\/p>\n<p class=\"text-center\"><a class=\"qbutton medium center default\" style=\"color: #ffffff; border-color: #006198; border-radius: 4px; -moz-border-radius: 4px; -webkit-border-radius: 4px; background-color: #006198;\" href=\"https:\/\/api.lookishtg.com\/360\/alicante-provincia\/alfazdelpi\/farodealbir\/index.htm\" target=\"_blank\" rel=\"noopener\" data-hover-background-color=\"#006198\" data-hover-border-color=\"#006198\" data-hover-color=\"#ffffff\"><i class=\"fa fa-eye\" aria-hidden=\"true\"><\/i> Visita Virtual Faro de l&#8217;Albir<\/a><\/p>\n<p>[\/vc_column_text][\/vc_column][\/vc_row][vc_row css_animation=&#8221;&#8221; row_type=&#8221;row&#8221; use_row_as_full_screen_section=&#8221;no&#8221; type=&#8221;full_width&#8221; angled_section=&#8221;no&#8221; text_align=&#8221;left&#8221; background_image_as_pattern=&#8221;without_pattern&#8221; z_index=&#8221;&#8221; padding_top=&#8221;70&#8243;][vc_column][qode_elements_holder number_of_columns=&#8221;three_columns&#8221;][qode_elements_holder_item advanced_animations=&#8221;no&#8221;][vc_video link=&#8221;https:\/\/youtu.be\/MbRRDbvBg3M&#8221;][\/qode_elements_holder_item][qode_elements_holder_item vertical_alignment=&#8221;top&#8221; horizontal_alignment=&#8221;center&#8221; advanced_animations=&#8221;no&#8221; custom_class=&#8221;azulBgTN&#8221; item_padding=&#8221;40px 10px 40px 10px&#8221;][vc_column_text]<\/p>\n<p class=\"text-center\"><strong>HORARI HIVERN<\/strong><\/p>\n<p>&nbsp;<\/p>\n<p class=\"text-center\">Dilluns \u2013 Divendres: 09:00h \u2013 14:00h<\/p>\n<p class=\"text-center\">Dissabte, diumenge i festius: 10:00h \u2013 13:30h<\/p>\n<p>[\/vc_column_text][\/qode_elements_holder_item][qode_elements_holder_item vertical_alignment=&#8221;top&#8221; advanced_animations=&#8221;no&#8221; custom_class=&#8221;verdeBgTN&#8221; item_padding=&#8221;40px 10px 40px 10px&#8221;][vc_column_text]<\/p>\n<p class=\"text-center\"><strong>HORARI ESTIU (Juliol\/Agost)<\/strong><\/p>\n<p class=\"text-center\" style=\"text-align: left;\">Mat\u00ed<br \/>\nDilluns \u2013 Divendres: 09:00h \u2013 13:00h<br \/>\nDiumenges i festius: 09:00h \u2013 12:00h<\/p>\n<p class=\"text-center\" style=\"text-align: left;\">Tarda<br \/>\nDimecres\u2013 Dissabte: 17:00h \u2013 20:00h<\/p>\n<p>[\/vc_column_text][\/qode_elements_holder_item][\/qode_elements_holder][\/vc_column][\/vc_row][vc_row css_animation=&#8221;&#8221; row_type=&#8221;row&#8221; use_row_as_full_screen_section=&#8221;no&#8221; type=&#8221;full_width&#8221; angled_section=&#8221;no&#8221; text_align=&#8221;left&#8221; background_image_as_pattern=&#8221;without_pattern&#8221; z_index=&#8221;&#8221; padding_top=&#8221;70&#8243;][vc_column][vc_gmaps link=&#8221;#E-8_JTNDaWZyYW1lJTIwc3JjJTNEJTIyaHR0cHMlM0ElMkYlMkZ3d3cuZ29vZ2xlLmNvbSUyRm1hcHMlMkZlbWJlZCUzRnBiJTNEJTIxMW0yMyUyMTFtMTIlMjExbTMlMjExZDMxMTkuNjE2MjcxNzk4NzQxJTIxMmQtMC4wNTg2Mjk1ODQzNzg5Mjk1MDQlMjEzZDM4LjU2NTY1Mzk3OTYyMzI2NCUyMTJtMyUyMTFmMCUyMTJmMCUyMTNmMCUyMTNtMiUyMTFpMTAyNCUyMTJpNzY4JTIxNGYxMy4xJTIxNG04JTIxM2UwJTIxNG0wJTIxNG01JTIxMXMweGQ2MjA3MzVkMmQ3ZThiMyUyNTNBMHhlNzlmNTY3ZWQxN2Q4NjJhJTIxMnNGYXJvJTI1MjBkZWwlMjUyMEFsYmlyJTI1MkMlMjUyMENhbWlubyUyNTIwZGVsJTI1MjBGYXJvJTI1MkMlMjUyMDAzNTgxJTI1MkMlMjUyMEFsaWNhbnRlJTIxM20yJTIxMWQzOC41NjMzOTY2JTIxMmQtMC4wNDk2MzclMjE1ZTAlMjEzbTIlMjExc2VzJTIxMnNlcyUyMTR2MTYyMTYxNDgxNzk2NSUyMTVtMiUyMTFzZXMlMjEyc2VzJTIyJTIwd2lkdGglM0QlMjIxMDAlMjUlMjIlMjBoZWlnaHQlM0QlMjI0NTAlMjIlMjBzdHlsZSUzRCUyMmJvcmRlciUzQTAlM0IlMjIlMjBhbGxvd2Z1bGxzY3JlZW4lM0QlMjIlMjIlMjBsb2FkaW5nJTNEJTIybGF6eSUyMiUzRSUzQyUyRmlmcmFtZSUzRQ==&#8221;][\/vc_column][\/vc_row][vc_row css_animation=&#8221;&#8221; row_type=&#8221;row&#8221; use_row_as_full_screen_section=&#8221;no&#8221; type=&#8221;full_width&#8221; angled_section=&#8221;no&#8221; text_align=&#8221;left&#8221; background_image_as_pattern=&#8221;without_pattern&#8221; z_index=&#8221;&#8221; padding_top=&#8221;70&#8243; padding_bottom=&#8221;50&#8243;][vc_column][vc_column_text]<h2 style=\"text-align: center;font-size:28px;text-transform:none;\">Tamb\u00e9 podeu visitar<\/h2><div class=\"section_inner clearfix full-width\">\n            <div class=\"section_inner_margin clearfix\">\n                <div class=\"wpb_column vc_column_container container_inner\" style=\"margin:0 auto;\">\n                    <div class=\"vc_column-inner\">\n                        <div class=\"wpb_wrapper\">\n                            <div class=\"woocommerce columns-3\">\n                                <ul class=\"products\"><li class=\"product type-product post-3771\">\n                                                <div class=\"top-product-section\">\n\t\t\t\t\t\t\t\t\t\t\t\t    <a href=\"https:\/\/welcomelalfas.com\/val\/la-pedrera\/\"><img width=\"1000\" height=\"667\" src=\"https:\/\/welcomelalfas.com\/wp-content\/uploads\/2021\/08\/la-cantera-albir-05.jpg\" class=\"attachment-post-thumbnail size-post-thumbnail wp-post-image\" alt=\"\" loading=\"lazy\" srcset=\"https:\/\/welcomelalfas.com\/wp-content\/uploads\/2021\/08\/la-cantera-albir-05.jpg 1000w, https:\/\/welcomelalfas.com\/wp-content\/uploads\/2021\/08\/la-cantera-albir-05-300x200.jpg 300w, https:\/\/welcomelalfas.com\/wp-content\/uploads\/2021\/08\/la-cantera-albir-05-768x512.jpg 768w, https:\/\/welcomelalfas.com\/wp-content\/uploads\/2021\/08\/la-cantera-albir-05-700x467.jpg 700w\" sizes=\"(max-width: 1000px) 100vw, 1000px\" \/><\/a>   \n                                                    <a href=\"https:\/\/welcomelalfas.com\/val\/la-pedrera\/\" class=\"text-center\"><h3>La Pedrera<\/h3><\/a>\n                                                <\/div>\n                                                <\/li><li class=\"product type-product post-3737\">\n                                                <div class=\"top-product-section\">\n\t\t\t\t\t\t\t\t\t\t\t\t    <a href=\"https:\/\/welcomelalfas.com\/val\/torre-bombarda\/\"><img width=\"1000\" height=\"667\" src=\"https:\/\/welcomelalfas.com\/wp-content\/uploads\/2021\/10\/torre-bombarda-alfaz-01.jpg\" class=\"attachment-post-thumbnail size-post-thumbnail wp-post-image\" alt=\"\" loading=\"lazy\" srcset=\"https:\/\/welcomelalfas.com\/wp-content\/uploads\/2021\/10\/torre-bombarda-alfaz-01.jpg 1000w, https:\/\/welcomelalfas.com\/wp-content\/uploads\/2021\/10\/torre-bombarda-alfaz-01-300x200.jpg 300w, https:\/\/welcomelalfas.com\/wp-content\/uploads\/2021\/10\/torre-bombarda-alfaz-01-768x512.jpg 768w, https:\/\/welcomelalfas.com\/wp-content\/uploads\/2021\/10\/torre-bombarda-alfaz-01-700x467.jpg 700w\" sizes=\"(max-width: 1000px) 100vw, 1000px\" \/><\/a>   \n                                                    <a href=\"https:\/\/welcomelalfas.com\/val\/torre-bombarda\/\" class=\"text-center\"><h3>Torre Bombarda<\/h3><\/a>\n                                                <\/div>\n                                                <\/li><li class=\"product type-product post-3849\" style=\"margin-right:0;\" >\n                                                <div class=\"top-product-section\">\n\t\t\t\t\t\t\t\t\t\t\t\t    <a href=\"https:\/\/welcomelalfas.com\/val\/lancla-de-lalbir\/\"><img width=\"1000\" height=\"667\" src=\"https:\/\/welcomelalfas.com\/wp-content\/uploads\/2022\/04\/ancla-del-albir.jpg\" class=\"attachment-post-thumbnail size-post-thumbnail wp-post-image\" alt=\"ancla-del-albir-paseo\" loading=\"lazy\" srcset=\"https:\/\/welcomelalfas.com\/wp-content\/uploads\/2022\/04\/ancla-del-albir.jpg 1000w, https:\/\/welcomelalfas.com\/wp-content\/uploads\/2022\/04\/ancla-del-albir-300x200.jpg 300w, https:\/\/welcomelalfas.com\/wp-content\/uploads\/2022\/04\/ancla-del-albir-768x512.jpg 768w, https:\/\/welcomelalfas.com\/wp-content\/uploads\/2022\/04\/ancla-del-albir-700x467.jpg 700w\" sizes=\"(max-width: 1000px) 100vw, 1000px\" \/><\/a>   \n                                                    <a href=\"https:\/\/welcomelalfas.com\/val\/lancla-de-lalbir\/\" class=\"text-center\"><h3>L&#8217;Ancla de l&#8217;Albir<\/h3><\/a>\n                                                <\/div>\n                                                <\/li><\/ul>\n                            <\/div>\n                        <\/div>\n                    <\/div>\n                <\/div>\n            <\/div>\n        <\/div>[\/vc_column_text][\/vc_column][\/vc_row][vc_row css_animation=&#8221;&#8221; row_type=&#8221;row&#8221; use_row_as_full_screen_section=&#8221;no&#8221; type=&#8221;full_width&#8221; angled_section=&#8221;no&#8221; text_align=&#8221;left&#8221; background_image_as_pattern=&#8221;without_pattern&#8221; css=&#8221;.vc_custom_1664361052766{background-image: url(https:\/\/welcomelalfas.com\/wp-content\/uploads\/2021\/06\/fondo-pie-tn.jpg?id=389) !important;}&#8221; z_index=&#8221;&#8221; padding_top=&#8221;157&#8243; padding_bottom=&#8221;100&#8243;][vc_column][\/vc_column][\/vc_row]<\/p>\n","protected":false},"excerpt":{"rendered":"<p>[vc_row css_animation=&#8221;&#8221; row_type=&#8221;row&#8221; use_row_as_full_screen_section=&#8221;no&#8221; type=&#8221;grid&#8221; angled_section=&#8221;no&#8221; text_align=&#8221;left&#8221; background_image_as_pattern=&#8221;without_pattern&#8221; z_index=&#8221;&#8221; padding_top=&#8221;70&#8243;][vc_column][vc_column_text]El far de l\u2019Albir \u00e9s un edifici hist\u00f2ric singular constru\u00eft a 112 metres d\u2019altitud sobre el nivell de la mar en 1863 amb l\u2019objectiu de senyalitzar l\u2019extrem septentrional de la Serra Gelada. Per a arribar a&#8230;<\/p>\n","protected":false},"author":1,"featured_media":3566,"parent":0,"menu_order":0,"comment_status":"closed","ping_status":"closed","template":"full_width.php","meta":[],"yoast_head":"<!-- This site is optimized with the Yoast SEO plugin v19.7.1 - https:\/\/yoast.com\/wordpress\/plugins\/seo\/ -->\n<title>Centre d\u2019Interpretaci\u00f3 Faro de l\u2019Albir | Welcome L&#039;Alf\u00e0s<\/title>\n<meta name=\"description\" content=\"Centre d\u2019Interpretaci\u00f3 Faro de l\u2019Albir | Welcome L&#039;Alf\u00e0s\" \/>\n<meta name=\"robots\" content=\"index, follow, max-snippet:-1, max-image-preview:large, max-video-preview:-1\" \/>\n<link rel=\"canonical\" href=\"https:\/\/welcomelalfas.com\/val\/centre-dinterpretacio-faro-de-lalbir\/\" \/>\n<meta property=\"og:locale\" content=\"en_US\" \/>\n<meta property=\"og:type\" content=\"article\" \/>\n<meta property=\"og:title\" content=\"Centre d\u2019Interpretaci\u00f3 Faro de l\u2019Albir | Welcome L&#039;Alf\u00e0s\" \/>\n<meta property=\"og:description\" content=\"Centre d\u2019Interpretaci\u00f3 Faro de l\u2019Albir | Welcome L&#039;Alf\u00e0s\" \/>\n<meta property=\"og:url\" content=\"https:\/\/welcomelalfas.com\/val\/centre-dinterpretacio-faro-de-lalbir\/\" \/>\n<meta property=\"og:site_name\" content=\"Welcome L&#039;Alf\u00e0s\" \/>\n<meta property=\"article:modified_time\" content=\"2022-09-30T09:45:40+00:00\" \/>\n<meta property=\"og:image\" content=\"https:\/\/welcomelalfas.com\/wp-content\/uploads\/2021\/05\/faro-albir-009.jpg\" \/>\n\t<meta property=\"og:image:width\" content=\"800\" \/>\n\t<meta property=\"og:image:height\" content=\"528\" \/>\n\t<meta property=\"og:image:type\" content=\"image\/jpeg\" \/>\n<meta name=\"twitter:card\" content=\"summary_large_image\" \/>\n<meta name=\"twitter:label1\" content=\"Est. reading time\" \/>\n\t<meta name=\"twitter:data1\" content=\"3 minutes\" \/>\n<script type=\"application\/ld+json\" class=\"yoast-schema-graph\">{\"@context\":\"https:\/\/schema.org\",\"@graph\":[{\"@type\":\"WebPage\",\"@id\":\"https:\/\/welcomelalfas.com\/val\/centre-dinterpretacio-faro-de-lalbir\/\",\"url\":\"https:\/\/welcomelalfas.com\/val\/centre-dinterpretacio-faro-de-lalbir\/\",\"name\":\"Centre d\u2019Interpretaci\u00f3 Faro de l\u2019Albir | Welcome L&#039;Alf\u00e0s\",\"isPartOf\":{\"@id\":\"https:\/\/welcomelalfas.com\/#website\"},\"datePublished\":\"2021-05-21T15:12:41+00:00\",\"dateModified\":\"2022-09-30T09:45:40+00:00\",\"description\":\"Centre d\u2019Interpretaci\u00f3 Faro de l\u2019Albir | Welcome L&#039;Alf\u00e0s\",\"breadcrumb\":{\"@id\":\"https:\/\/welcomelalfas.com\/val\/centre-dinterpretacio-faro-de-lalbir\/#breadcrumb\"},\"inLanguage\":\"val\",\"potentialAction\":[{\"@type\":\"ReadAction\",\"target\":[\"https:\/\/welcomelalfas.com\/val\/centre-dinterpretacio-faro-de-lalbir\/\"]}]},{\"@type\":\"BreadcrumbList\",\"@id\":\"https:\/\/welcomelalfas.com\/val\/centre-dinterpretacio-faro-de-lalbir\/#breadcrumb\",\"itemListElement\":[{\"@type\":\"ListItem\",\"position\":1,\"name\":\"Portada\",\"item\":\"https:\/\/welcomelalfas.com\/val\/\"},{\"@type\":\"ListItem\",\"position\":2,\"name\":\"Centre d\u2019Interpretaci\u00f3 Faro de l\u2019Albir\"}]},{\"@type\":\"WebSite\",\"@id\":\"https:\/\/welcomelalfas.com\/#website\",\"url\":\"https:\/\/welcomelalfas.com\/\",\"name\":\"Welcome L&#039;Alf\u00e0s\",\"description\":\"Welcome L&#039;Alf\u00e0s\",\"potentialAction\":[{\"@type\":\"SearchAction\",\"target\":{\"@type\":\"EntryPoint\",\"urlTemplate\":\"https:\/\/welcomelalfas.com\/?s={search_term_string}\"},\"query-input\":\"required name=search_term_string\"}],\"inLanguage\":\"val\"}]}<\/script>\n<!-- \/ Yoast SEO plugin. -->","yoast_head_json":{"title":"Centre d\u2019Interpretaci\u00f3 Faro de l\u2019Albir | Welcome L&#039;Alf\u00e0s","description":"Centre d\u2019Interpretaci\u00f3 Faro de l\u2019Albir | Welcome L&#039;Alf\u00e0s","robots":{"index":"index","follow":"follow","max-snippet":"max-snippet:-1","max-image-preview":"max-image-preview:large","max-video-preview":"max-video-preview:-1"},"canonical":"https:\/\/welcomelalfas.com\/val\/centre-dinterpretacio-faro-de-lalbir\/","og_locale":"en_US","og_type":"article","og_title":"Centre d\u2019Interpretaci\u00f3 Faro de l\u2019Albir | Welcome L&#039;Alf\u00e0s","og_description":"Centre d\u2019Interpretaci\u00f3 Faro de l\u2019Albir | Welcome L&#039;Alf\u00e0s","og_url":"https:\/\/welcomelalfas.com\/val\/centre-dinterpretacio-faro-de-lalbir\/","og_site_name":"Welcome L&#039;Alf\u00e0s","article_modified_time":"2022-09-30T09:45:40+00:00","og_image":[{"width":800,"height":528,"url":"https:\/\/welcomelalfas.com\/wp-content\/uploads\/2021\/05\/faro-albir-009.jpg","type":"image\/jpeg"}],"twitter_card":"summary_large_image","twitter_misc":{"Est. reading time":"3 minutes"},"schema":{"@context":"https:\/\/schema.org","@graph":[{"@type":"WebPage","@id":"https:\/\/welcomelalfas.com\/val\/centre-dinterpretacio-faro-de-lalbir\/","url":"https:\/\/welcomelalfas.com\/val\/centre-dinterpretacio-faro-de-lalbir\/","name":"Centre d\u2019Interpretaci\u00f3 Faro de l\u2019Albir | Welcome L&#039;Alf\u00e0s","isPartOf":{"@id":"https:\/\/welcomelalfas.com\/#website"},"datePublished":"2021-05-21T15:12:41+00:00","dateModified":"2022-09-30T09:45:40+00:00","description":"Centre d\u2019Interpretaci\u00f3 Faro de l\u2019Albir | Welcome L&#039;Alf\u00e0s","breadcrumb":{"@id":"https:\/\/welcomelalfas.com\/val\/centre-dinterpretacio-faro-de-lalbir\/#breadcrumb"},"inLanguage":"val","potentialAction":[{"@type":"ReadAction","target":["https:\/\/welcomelalfas.com\/val\/centre-dinterpretacio-faro-de-lalbir\/"]}]},{"@type":"BreadcrumbList","@id":"https:\/\/welcomelalfas.com\/val\/centre-dinterpretacio-faro-de-lalbir\/#breadcrumb","itemListElement":[{"@type":"ListItem","position":1,"name":"Portada","item":"https:\/\/welcomelalfas.com\/val\/"},{"@type":"ListItem","position":2,"name":"Centre d\u2019Interpretaci\u00f3 Faro de l\u2019Albir"}]},{"@type":"WebSite","@id":"https:\/\/welcomelalfas.com\/#website","url":"https:\/\/welcomelalfas.com\/","name":"Welcome L&#039;Alf\u00e0s","description":"Welcome L&#039;Alf\u00e0s","potentialAction":[{"@type":"SearchAction","target":{"@type":"EntryPoint","urlTemplate":"https:\/\/welcomelalfas.com\/?s={search_term_string}"},"query-input":"required name=search_term_string"}],"inLanguage":"val"}]}},"_links":{"self":[{"href":"https:\/\/welcomelalfas.com\/val\/wp-json\/wp\/v2\/pages\/3559"}],"collection":[{"href":"https:\/\/welcomelalfas.com\/val\/wp-json\/wp\/v2\/pages"}],"about":[{"href":"https:\/\/welcomelalfas.com\/val\/wp-json\/wp\/v2\/types\/page"}],"author":[{"embeddable":true,"href":"https:\/\/welcomelalfas.com\/val\/wp-json\/wp\/v2\/users\/1"}],"replies":[{"embeddable":true,"href":"https:\/\/welcomelalfas.com\/val\/wp-json\/wp\/v2\/comments?post=3559"}],"version-history":[{"count":4,"href":"https:\/\/welcomelalfas.com\/val\/wp-json\/wp\/v2\/pages\/3559\/revisions"}],"predecessor-version":[{"id":3574,"href":"https:\/\/welcomelalfas.com\/val\/wp-json\/wp\/v2\/pages\/3559\/revisions\/3574"}],"wp:featuredmedia":[{"embeddable":true,"href":"https:\/\/welcomelalfas.com\/val\/wp-json\/wp\/v2\/media\/3566"}],"wp:attachment":[{"href":"https:\/\/welcomelalfas.com\/val\/wp-json\/wp\/v2\/media?parent=3559"}],"curies":[{"name":"wp","href":"https:\/\/api.w.org\/{rel}","templated":true}]}}