{"id":3576,"date":"2021-04-23T07:43:18","date_gmt":"2021-04-23T07:43:18","guid":{"rendered":"https:\/\/welcomelalfas.com\/inicio\/"},"modified":"2022-10-03T20:36:29","modified_gmt":"2022-10-03T20:36:29","slug":"inicio","status":"publish","type":"page","link":"https:\/\/welcomelalfas.com\/val\/","title":{"rendered":"Inicio"},"content":{"rendered":"<p>[vc_row css_animation=&#8221;&#8221; row_type=&#8221;row&#8221; use_row_as_full_screen_section=&#8221;no&#8221; type=&#8221;full_width&#8221; angled_section=&#8221;no&#8221; text_align=&#8221;left&#8221; background_image_as_pattern=&#8221;without_pattern&#8221; z_index=&#8221;&#8221; el_class=&#8221;rowVideo&#8221;][vc_column][vc_column_text]<video class=\"nectar-video-bg\" style=\"visibility: visible; width: 100%; height: auto; opacity: 1;\" preload=\"auto\" autoplay=\"autoplay\" loop=\"loop\" muted=\"\" width=\"1800\" height=\"600\"><source src=\"\/wp-content\/uploads\/lalfas-territorio-natural.mp4\" type=\"video\/mp4\" \/><\/video>[\/vc_column_text][\/vc_column][\/vc_row][vc_row css_animation=&#8221;&#8221; row_type=&#8221;row&#8221; use_row_as_full_screen_section=&#8221;no&#8221; type=&#8221;grid&#8221; angled_section=&#8221;no&#8221; text_align=&#8221;left&#8221; background_image_as_pattern=&#8221;without_pattern&#8221; z_index=&#8221;&#8221; padding_top=&#8221;70&#8243; padding_bottom=&#8221;70&#8243;][vc_column][vc_column_text css=&#8221;.vc_custom_1659607645429{margin-top: 50px !important;}&#8221;]<\/p>\n<h1 class=\"text-center\"><strong>Welcome l\u2019Alf\u00e0s<\/strong><\/h1>\n<p>[\/vc_column_text][vc_column_text css=&#8221;.vc_custom_1664531348556{margin-top: 50px !important;}&#8221;]<\/p>\n<h4>El seu cel blau, sense tot just n\u00favols, el seu assolellat estiu o l\u2019agradable temperatura del seu particular hivern, van ser el reclam inicial, el catalitzador, del qual s\u2019ha convertit en un dels destins de refer\u00e8ncia de l\u2019anomenat turisme residencial a Europa. Un lloc en el qual les bondats naturals del territori s\u2019han complementat, i el continuen fent, amb una vasta gamma de serveis de primera qualitat que han acabat per atraure i, sobretot, retindre a milers de residents que, si b\u00e9 afonen les seues arrels en terres llunyanes s\u2019han convertit en uns alfasinos i alfasinas m\u00e9s.<\/h4>\n<h4>l\u2019Alf\u00e0s del Pi \u00e9s aqueix dest\u00ed en el qual viure experi\u00e8ncies inoblidables i crear records meravellosos. Un lloc al qual sempre voldr\u00e0s tornar i del qual no et voldr\u00e0s marxar.<\/h4>\n<p>[\/vc_column_text][vc_column_text css=&#8221;.vc_custom_1664531367724{margin-top: 50px !important;}&#8221;]<\/p>\n<h4 class=\"text-center\"><strong>Welcome l\u2019Alf\u00e0s, vine i queda\u2019t<\/strong><\/h4>\n<p>[\/vc_column_text][\/vc_column][\/vc_row][vc_row css_animation=&#8221;element_from_right&#8221; row_type=&#8221;row&#8221; use_row_as_full_screen_section=&#8221;yes&#8221; type=&#8221;grid&#8221; angled_section=&#8221;no&#8221; text_align=&#8221;left&#8221; background_image_as_pattern=&#8221;without_pattern&#8221; z_index=&#8221;&#8221; padding_top=&#8221;250&#8243; css=&#8221;.vc_custom_1621588177196{margin-top: 0px !important;margin-bottom: 5px !important;background-image: url(https:\/\/welcomelalfas.com\/wp-content\/uploads\/2021\/05\/playa-albir.jpg?id=184) !important;background-position: center !important;background-repeat: no-repeat !important;background-size: cover !important;}&#8221; padding_bottom=&#8221;250&#8243;][vc_column][vc_column_text]<\/p>\n<h2 class=\"h1 text-center subrayado white\">PLATJA ALBIR<\/h2>\n<h5 class=\"text-center subtitle-h2 white\">Gaudeix de les tranquil\u00b7les aig\u00fces de la nostra platja<\/h5>\n<p>[\/vc_column_text][vc_column_text]<\/p>\n<p class=\"text-center m-t-50\"><a class=\"qbutton medium center default\" style=\"color: #ffffff; border-color: #006198; border-radius: 4px; -moz-border-radius: 4px; -webkit-border-radius: 4px; background-color: #006198;\" href=\"\/val\/platges-de-lalfas-del-pi\/\" rel=\"noopener\" data-hover-background-color=\"#006198\" data-hover-border-color=\"#006198\" data-hover-color=\"#ffffff\">Veure m\u00e9s<\/a><\/p>\n<p>[\/vc_column_text][\/vc_column][\/vc_row][vc_row css_animation=&#8221;element_from_left&#8221; row_type=&#8221;row&#8221; use_row_as_full_screen_section=&#8221;yes&#8221; type=&#8221;grid&#8221; angled_section=&#8221;no&#8221; text_align=&#8221;left&#8221; background_image_as_pattern=&#8221;without_pattern&#8221; z_index=&#8221;&#8221; padding_top=&#8221;250&#8243; css=&#8221;.vc_custom_1623585569054{margin-top: 0px !important;margin-bottom: 5px !important;background-image: url(https:\/\/welcomelalfas.com\/wp-content\/uploads\/2021\/06\/serra-gelada-bg.jpg?id=273) !important;background-position: center !important;background-repeat: no-repeat !important;background-size: cover !important;}&#8221; padding_bottom=&#8221;250&#8243;][vc_column][vc_column_text]<\/p>\n<h2 class=\"h1 text-center subrayado white\">PARC NATURAL SERRA GELADA<\/h2>\n<h5 class=\"text-center subtitle-h2 white\">En contacte amb la naturalesa<\/h5>\n<p>[\/vc_column_text][vc_column_text]<\/p>\n<p class=\"text-center m-t-50\"><a class=\"qbutton medium center default\" style=\"color: #ffffff; border-color: #006198; border-radius: 4px; -moz-border-radius: 4px; -webkit-border-radius: 4px; background-color: #006198;\" href=\"\/val\/serra-gelada\/\" target=\"_self\" rel=\"noopener\" data-hover-background-color=\"#006198\" data-hover-border-color=\"#006198\" data-hover-color=\"#ffffff\">Veure m\u00e9s<\/a><\/p>\n<p>[\/vc_column_text][\/vc_column][\/vc_row][vc_row css_animation=&#8221;element_from_left&#8221; row_type=&#8221;row&#8221; use_row_as_full_screen_section=&#8221;yes&#8221; type=&#8221;grid&#8221; angled_section=&#8221;no&#8221; text_align=&#8221;left&#8221; background_image_as_pattern=&#8221;without_pattern&#8221; z_index=&#8221;&#8221; padding_top=&#8221;250&#8243; css=&#8221;.vc_custom_1621587770745{margin-top: 0px !important;margin-bottom: 5px !important;background-image: url(https:\/\/welcomelalfas.com\/wp-content\/uploads\/2021\/05\/bandera-azul-albir.jpg?id=176) !important;background-position: center !important;background-repeat: no-repeat !important;background-size: cover !important;}&#8221; padding_bottom=&#8221;250&#8243;][vc_column][vc_column_text]<\/p>\n<h2 class=\"h1 text-center subrayado white\"><strong>L\u2019Alf\u00e0s Territori Natural<\/strong><\/h2>\n<h5 class=\"text-center subtitle-h2 white\">Set guardons blaus que s\u00f3n s\u00edmbol d\u2019excel\u00b7l\u00e8ncia mediambiental<\/h5>\n<p>[\/vc_column_text][vc_column_text]<\/p>\n<p class=\"text-center m-t-50\"><a class=\"qbutton medium center default\" style=\"color: #ffffff; border-color: #006198; border-radius: 4px; -moz-border-radius: 4px; -webkit-border-radius: 4px; background-color: #006198;\" href=\"\/val\/lalfas-territori-natural\/\" target=\"_self\" rel=\"noopener\" data-hover-background-color=\"#006198\" data-hover-border-color=\"#006198\" data-hover-color=\"#ffffff\">Veure m\u00e9s<\/a><\/p>\n<p>[\/vc_column_text][\/vc_column][\/vc_row][vc_row css_animation=&#8221;element_from_left&#8221; row_type=&#8221;row&#8221; use_row_as_full_screen_section=&#8221;yes&#8221; type=&#8221;grid&#8221; angled_section=&#8221;no&#8221; text_align=&#8221;left&#8221; background_image_as_pattern=&#8221;without_pattern&#8221; z_index=&#8221;&#8221; padding_top=&#8221;250&#8243; css=&#8221;.vc_custom_1649413706321{margin-top: 0px !important;margin-bottom: 5px !important;background-image: url(https:\/\/welcomelalfas.com\/wp-content\/uploads\/2022\/04\/34-festival-cine-alfaz.jpg?id=1848) !important;background-position: center !important;background-repeat: no-repeat !important;background-size: cover !important;}&#8221; padding_bottom=&#8221;250&#8243;][vc_column][vc_column_text]<\/p>\n<h2 class=\"h1 text-center subrayado white\">Festival de Cinema de l&#8217;Alf\u00e0s del PI<\/h2>\n<h5 class=\"text-center subtitle-h2 white\">34 anys homenatjant el cinema<\/h5>\n<p>[\/vc_column_text][vc_column_text]<\/p>\n<p class=\"text-center m-t-50\"><a class=\"qbutton medium center default\" style=\"color: #ffffff; border-color: #006198; border-radius: 4px; -moz-border-radius: 4px; -webkit-border-radius: 4px; background-color: #006198;\" href=\"https:\/\/www.festivaldelalfas.es\/\" target=\"_blank\" rel=\"noopener\" data-hover-background-color=\"#006198\" data-hover-border-color=\"#006198\" data-hover-color=\"#ffffff\">Veure m\u00e9s<\/a><\/p>\n<p>[\/vc_column_text][\/vc_column][\/vc_row]<\/p>\n","protected":false},"excerpt":{"rendered":"<p>[vc_row css_animation=&#8221;&#8221; row_type=&#8221;row&#8221; use_row_as_full_screen_section=&#8221;no&#8221; type=&#8221;full_width&#8221; angled_section=&#8221;no&#8221; text_align=&#8221;left&#8221; background_image_as_pattern=&#8221;without_pattern&#8221; z_index=&#8221;&#8221; el_class=&#8221;rowVideo&#8221;][vc_column][vc_column_text][\/vc_column_text][\/vc_column][\/vc_row][vc_row css_animation=&#8221;&#8221; row_type=&#8221;row&#8221; use_row_as_full_screen_section=&#8221;no&#8221; type=&#8221;grid&#8221; angled_section=&#8221;no&#8221; text_align=&#8221;left&#8221; background_image_as_pattern=&#8221;without_pattern&#8221; z_index=&#8221;&#8221; padding_top=&#8221;70&#8243; padding_bottom=&#8221;70&#8243;][vc_column][vc_column_text css=&#8221;.vc_custom_1659607645429{margin-top: 50px !important;}&#8221;] Welcome l\u2019Alf\u00e0s [\/vc_column_text][vc_column_text css=&#8221;.vc_custom_1664531348556{margin-top: 50px !important;}&#8221;] El seu cel blau, sense tot just n\u00favols, el seu assolellat estiu o l\u2019agradable temperatura del&#8230;<\/p>\n","protected":false},"author":1,"featured_media":0,"parent":0,"menu_order":0,"comment_status":"closed","ping_status":"closed","template":"full_width.php","meta":[],"yoast_head":"<!-- This site is optimized with the Yoast SEO plugin v19.7.1 - https:\/\/yoast.com\/wordpress\/plugins\/seo\/ -->\n<title>Welcome l&#039;Alf\u00e0s - Turismo l&#039;Alf\u00e0s del PI<\/title>\n<meta name=\"description\" content=\"Welcome l&#039;Alf\u00e0s es el portal turistico oficial de la Concejal\u00eda de Turismo de l&#039;Alf\u00e0s del Pi.\" \/>\n<meta name=\"robots\" content=\"index, follow, max-snippet:-1, max-image-preview:large, max-video-preview:-1\" \/>\n<link rel=\"canonical\" href=\"https:\/\/welcomelalfas.com\/val\/\" \/>\n<meta property=\"og:locale\" content=\"en_US\" \/>\n<meta property=\"og:type\" content=\"article\" \/>\n<meta property=\"og:title\" content=\"Welcome l&#039;Alf\u00e0s - Turismo l&#039;Alf\u00e0s del PI\" \/>\n<meta property=\"og:description\" content=\"Welcome l&#039;Alf\u00e0s es el portal turistico oficial de la Concejal\u00eda de Turismo de l&#039;Alf\u00e0s del Pi.\" \/>\n<meta property=\"og:url\" content=\"https:\/\/welcomelalfas.com\/val\/\" \/>\n<meta property=\"og:site_name\" content=\"Welcome L&#039;Alf\u00e0s\" \/>\n<meta property=\"article:modified_time\" content=\"2022-10-03T20:36:29+00:00\" \/>\n<meta name=\"twitter:card\" content=\"summary_large_image\" \/>\n<meta name=\"twitter:label1\" content=\"Est. reading time\" \/>\n\t<meta name=\"twitter:data1\" content=\"2 minutes\" \/>\n<script type=\"application\/ld+json\" class=\"yoast-schema-graph\">{\"@context\":\"https:\/\/schema.org\",\"@graph\":[{\"@type\":\"WebPage\",\"@id\":\"https:\/\/welcomelalfas.com\/val\/\",\"url\":\"https:\/\/welcomelalfas.com\/val\/\",\"name\":\"Welcome l'Alf\u00e0s - Turismo l'Alf\u00e0s del PI\",\"isPartOf\":{\"@id\":\"https:\/\/welcomelalfas.com\/#website\"},\"datePublished\":\"2021-04-23T07:43:18+00:00\",\"dateModified\":\"2022-10-03T20:36:29+00:00\",\"description\":\"Welcome l'Alf\u00e0s es el portal turistico oficial de la Concejal\u00eda de Turismo de l'Alf\u00e0s del Pi.\",\"breadcrumb\":{\"@id\":\"https:\/\/welcomelalfas.com\/val\/#breadcrumb\"},\"inLanguage\":\"val\",\"potentialAction\":[{\"@type\":\"ReadAction\",\"target\":[\"https:\/\/welcomelalfas.com\/val\/\"]}]},{\"@type\":\"BreadcrumbList\",\"@id\":\"https:\/\/welcomelalfas.com\/val\/#breadcrumb\",\"itemListElement\":[{\"@type\":\"ListItem\",\"position\":1,\"name\":\"Portada\",\"item\":\"https:\/\/welcomelalfas.com\/val\/\"},{\"@type\":\"ListItem\",\"position\":2,\"name\":\"Inicio\"}]},{\"@type\":\"WebSite\",\"@id\":\"https:\/\/welcomelalfas.com\/#website\",\"url\":\"https:\/\/welcomelalfas.com\/\",\"name\":\"Welcome L&#039;Alf\u00e0s\",\"description\":\"Welcome L&#039;Alf\u00e0s\",\"potentialAction\":[{\"@type\":\"SearchAction\",\"target\":{\"@type\":\"EntryPoint\",\"urlTemplate\":\"https:\/\/welcomelalfas.com\/?s={search_term_string}\"},\"query-input\":\"required name=search_term_string\"}],\"inLanguage\":\"val\"}]}<\/script>\n<!-- \/ Yoast SEO plugin. -->","yoast_head_json":{"title":"Welcome l'Alf\u00e0s - Turismo l'Alf\u00e0s del PI","description":"Welcome l'Alf\u00e0s es el portal turistico oficial de la Concejal\u00eda de Turismo de l'Alf\u00e0s del Pi.","robots":{"index":"index","follow":"follow","max-snippet":"max-snippet:-1","max-image-preview":"max-image-preview:large","max-video-preview":"max-video-preview:-1"},"canonical":"https:\/\/welcomelalfas.com\/val\/","og_locale":"en_US","og_type":"article","og_title":"Welcome l'Alf\u00e0s - Turismo l'Alf\u00e0s del PI","og_description":"Welcome l'Alf\u00e0s es el portal turistico oficial de la Concejal\u00eda de Turismo de l'Alf\u00e0s del Pi.","og_url":"https:\/\/welcomelalfas.com\/val\/","og_site_name":"Welcome L&#039;Alf\u00e0s","article_modified_time":"2022-10-03T20:36:29+00:00","twitter_card":"summary_large_image","twitter_misc":{"Est. reading time":"2 minutes"},"schema":{"@context":"https:\/\/schema.org","@graph":[{"@type":"WebPage","@id":"https:\/\/welcomelalfas.com\/val\/","url":"https:\/\/welcomelalfas.com\/val\/","name":"Welcome l'Alf\u00e0s - Turismo l'Alf\u00e0s del PI","isPartOf":{"@id":"https:\/\/welcomelalfas.com\/#website"},"datePublished":"2021-04-23T07:43:18+00:00","dateModified":"2022-10-03T20:36:29+00:00","description":"Welcome l'Alf\u00e0s es el portal turistico oficial de la Concejal\u00eda de Turismo de l'Alf\u00e0s del Pi.","breadcrumb":{"@id":"https:\/\/welcomelalfas.com\/val\/#breadcrumb"},"inLanguage":"val","potentialAction":[{"@type":"ReadAction","target":["https:\/\/welcomelalfas.com\/val\/"]}]},{"@type":"BreadcrumbList","@id":"https:\/\/welcomelalfas.com\/val\/#breadcrumb","itemListElement":[{"@type":"ListItem","position":1,"name":"Portada","item":"https:\/\/welcomelalfas.com\/val\/"},{"@type":"ListItem","position":2,"name":"Inicio"}]},{"@type":"WebSite","@id":"https:\/\/welcomelalfas.com\/#website","url":"https:\/\/welcomelalfas.com\/","name":"Welcome L&#039;Alf\u00e0s","description":"Welcome L&#039;Alf\u00e0s","potentialAction":[{"@type":"SearchAction","target":{"@type":"EntryPoint","urlTemplate":"https:\/\/welcomelalfas.com\/?s={search_term_string}"},"query-input":"required name=search_term_string"}],"inLanguage":"val"}]}},"_links":{"self":[{"href":"https:\/\/welcomelalfas.com\/val\/wp-json\/wp\/v2\/pages\/3576"}],"collection":[{"href":"https:\/\/welcomelalfas.com\/val\/wp-json\/wp\/v2\/pages"}],"about":[{"href":"https:\/\/welcomelalfas.com\/val\/wp-json\/wp\/v2\/types\/page"}],"author":[{"embeddable":true,"href":"https:\/\/welcomelalfas.com\/val\/wp-json\/wp\/v2\/users\/1"}],"replies":[{"embeddable":true,"href":"https:\/\/welcomelalfas.com\/val\/wp-json\/wp\/v2\/comments?post=3576"}],"version-history":[{"count":5,"href":"https:\/\/welcomelalfas.com\/val\/wp-json\/wp\/v2\/pages\/3576\/revisions"}],"predecessor-version":[{"id":4085,"href":"https:\/\/welcomelalfas.com\/val\/wp-json\/wp\/v2\/pages\/3576\/revisions\/4085"}],"wp:attachment":[{"href":"https:\/\/welcomelalfas.com\/val\/wp-json\/wp\/v2\/media?parent=3576"}],"curies":[{"name":"wp","href":"https:\/\/api.w.org\/{rel}","templated":true}]}}