{"id":3623,"date":"2021-10-03T18:58:42","date_gmt":"2021-10-03T18:58:42","guid":{"rendered":"https:\/\/welcomelalfas.com\/?page_id=3623"},"modified":"2022-09-30T17:23:25","modified_gmt":"2022-09-30T17:23:25","slug":"festes","status":"publish","type":"page","link":"https:\/\/welcomelalfas.com\/val\/festes\/","title":{"rendered":"Festes"},"content":{"rendered":"<p>[vc_row css_animation=&#8221;&#8221; row_type=&#8221;row&#8221; use_row_as_full_screen_section=&#8221;no&#8221; type=&#8221;grid&#8221; angled_section=&#8221;no&#8221; text_align=&#8221;left&#8221; background_image_as_pattern=&#8221;without_pattern&#8221; z_index=&#8221;&#8221; padding_top=&#8221;50&#8243;][vc_column css=&#8221;.vc_custom_1630316963515{margin-top: 40px !important;}&#8221;][vc_column_text]<\/p>\n<h3><b>El Jubileu i el Sant\u00edssim Crist del Bon Encert<\/b><\/h3>\n<p>Es celebra entre el 7 i el 10 de novembre en honor al Sant\u00edssim Crist del Bon Encert, pel qual els Alfasins senten una gran devoci\u00f3 i a la veneraci\u00f3 de la qual el papa Pius IX va concedir indulg\u00e8ncies plen\u00e0ries.<br \/>\nAquesta talla barroca d&#8217;indubtable qualitat art\u00edstica es trobava fins a principis del segle XIX en el convent del Remei a Val\u00e8ncia. Despr\u00e9s de la desamortitzaci\u00f3, va arribar a les mans de Pascual Bald\u00f3 Orozco, un frare carmelita nascut a l&#8217;Alf\u00e0s del Pi, qui de manera desinteressada la va donar al seu poble. La imatge del Sant\u00edssim Crist, va arribar a l&#8217;Alf\u00e0s del Pi el 26 de mar\u00e7 de 1857 i en l&#8217;actualitat, \u00e9s obra de l&#8217;escultor valenci\u00e0 P\u00edo Mollar Franch, 1939.<br \/>\nDespr\u00e9s de m\u00e9s de 150 anys les festes majors de l&#8217;Alf\u00e0s del Pi, s\u00f3n un dels moments m\u00e9s importants del nostre municipi i durant aqueixos dies de novembre es programa una gran varietat d&#8217;actes l\u00fadics, culturals i religiosos.<\/p>\n<p>&nbsp;<\/p>\n<p>A m\u00e9s de les festes patronals, a l&#8217;Alf\u00e0s del Pi se celebren altres festes de marcat car\u00e0cter tradicional:<\/p>\n<p>&nbsp;<\/p>\n<h3><strong>La Creueta<\/strong><\/h3>\n<p>LLes festes de la Creueta, tenen lloc el primer cap de setmana de maig i seguint una tradici\u00f3 compartida en tota Espanya, es decora amb flors la creu situada al carrer Ferrer\u00edas del nucli urb\u00e0. Al seu voltant se celebren revetles, jocs infantils i actes religiosos que donen la benvinguda a la primavera.<\/p>\n<p>&nbsp;<\/p>\n<h3><strong>Festes de l&#8217;Albir<\/strong><\/h3>\n<p>L&#8217;\u00faltim cap de setmana d&#8217;agost, tenen lloc les festes de l\u2019Albir que acomiaden la temporada estival d&#8217;una forma divertida i popular.<\/p>\n<p>&nbsp;<\/p>\n<h3><strong>Les Copletes a la Verge dels Dolors<\/strong><\/h3>\n<p>Al setembre, Les Copletes s\u00f3n una de les celebracions populars m\u00e9s antigues de la Marina Baixa. Aquesta tradici\u00f3 antiqu\u00edssima va ser silenciada durant la postguerra per\u00f2 en 1987, els majorals de les festes la van recuperar gr\u00e0cies a la mem\u00f2ria dels majors del poble que recordaven, lletres i melodia. Arranquen amb un poema introductori o roman\u00e7, al qual segueixen 49 cobles, que relaten cadascun dels 7 dolors de la Verge i culminen amb danses aut\u00f2ctones i degustaci\u00f3 de productes de la terra.<\/p>\n<p>&nbsp;<\/p>\n<h3><strong>La Pur\u00edssima<\/strong><\/h3>\n<p>Ja en el mes de desembre es celebren les festes de la Pur\u00edssima, organitzades per un grup de joves alfasines per a homenatjar la Immaculada Concepci\u00f3. Combinen l&#8217;aspecte l\u00fadic i el religi\u00f3s en un interessant programa d&#8217;actes.[\/vc_column_text][\/vc_column][\/vc_row][vc_row css_animation=&#8221;&#8221; row_type=&#8221;row&#8221; use_row_as_full_screen_section=&#8221;no&#8221; type=&#8221;grid&#8221; angled_section=&#8221;no&#8221; text_align=&#8221;left&#8221; background_image_as_pattern=&#8221;without_pattern&#8221; z_index=&#8221;&#8221; padding_top=&#8221;0&#8243; padding_bottom=&#8221;70&#8243; el_class=&#8221;tpwCalendario&#8221;][vc_column el_class=&#8221;apartadoTN&#8221;][vc_column_text]<\/p>\n<h2>Festes i Tradicions a l&#8217;Alf\u00e0s del Pi<\/h2>\n<p>[\/vc_column_text][\/vc_column][vc_column offset=&#8221;vc_col-lg-4 vc_col-md-4&#8243; css=&#8221;.vc_custom_1649350112446{margin-bottom: 10px !important;}&#8221;][vc_column_text]<\/p>\n<h2 class=\"dayTitle gray\">Gener<\/h2>\n<ul>\n<li>Cavalcada dels Reis Mags<\/li>\n<\/ul>\n<p>[\/vc_column_text][\/vc_column][vc_column offset=&#8221;vc_col-lg-4 vc_col-md-4&#8243; css=&#8221;.vc_custom_1649350121377{margin-bottom: 10px !important;}&#8221;][vc_column_text]<\/p>\n<h2 class=\"dayTitle gray\">Febrer<\/h2>\n<ul>\n<li>Carnestoltes<\/li>\n<\/ul>\n<p>[\/vc_column_text][\/vc_column][vc_column css=&#8221;.vc_custom_1649350130056{margin-bottom: 10px !important;}&#8221; offset=&#8221;vc_col-lg-4 vc_col-md-4&#8243;][vc_column_text]<\/p>\n<h2 class=\"dayTitle gray\">Mar\u00e7<\/h2>\n<ul>\n<li>Festa de Sant Josep<\/li>\n<\/ul>\n<p>[\/vc_column_text][\/vc_column][vc_column el_class=&#8221;onlyDesktop&#8221; css=&#8221;.vc_custom_1649350372929{margin-top: 25px !important;margin-bottom: 25px !important;}&#8221;][\/vc_column][vc_column css=&#8221;.vc_custom_1649350259367{margin-bottom: 10px !important;}&#8221; offset=&#8221;vc_col-lg-4 vc_col-md-4&#8243;][vc_column_text]<\/p>\n<h2 class=\"dayTitle gray\">Abril<\/h2>\n<ul>\n<li>Dilluns de Pasqua<\/li>\n<li>Sant Vicent del Captivador<\/li>\n<\/ul>\n<p>[\/vc_column_text][\/vc_column][vc_column css=&#8221;.vc_custom_1649350270289{margin-bottom: 10px !important;}&#8221; offset=&#8221;vc_col-lg-4 vc_col-md-4&#8243;][vc_column_text]<\/p>\n<h2 class=\"dayTitle gray\">Maig<\/h2>\n<ul>\n<li>Feste de la Creueta<\/li>\n<li>Dia d&#8217;Europa<\/li>\n<li>Dia de Noruega<\/li>\n<\/ul>\n<p>[\/vc_column_text][\/vc_column][vc_column css=&#8221;.vc_custom_1649350280958{margin-bottom: 10px !important;}&#8221; offset=&#8221;vc_col-lg-4 vc_col-md-4&#8243;][vc_column_text]<\/p>\n<h2 class=\"dayTitle gray\">Juny<\/h2>\n<ul>\n<li>Mig Any y Nit de Sant Joan<\/li>\n<\/ul>\n<p>[\/vc_column_text][\/vc_column][vc_column el_class=&#8221;onlyDesktop&#8221; css=&#8221;.vc_custom_1649350385599{margin-top: 25px !important;margin-bottom: 25px !important;}&#8221;][\/vc_column][vc_column css=&#8221;.vc_custom_1649351065925{margin-bottom: 10px !important;}&#8221; offset=&#8221;vc_col-lg-4 vc_col-md-4&#8243; el_class=&#8221;onlyDesktop&#8221;][vc_column_text]<\/p>\n<h2 class=\"dayTitle gray\">Juliol<\/h2>\n<p>[\/vc_column_text][\/vc_column][vc_column css=&#8221;.vc_custom_1649350439907{margin-bottom: 10px !important;}&#8221; offset=&#8221;vc_col-lg-4 vc_col-md-4&#8243;][vc_column_text]<\/p>\n<h2 class=\"dayTitle gray\">Agost<\/h2>\n<ul>\n<li>Festes de Platja Albir<\/li>\n<\/ul>\n<p>[\/vc_column_text][\/vc_column][vc_column css=&#8221;.vc_custom_1649350460864{margin-bottom: 10px !important;}&#8221; offset=&#8221;vc_col-lg-4 vc_col-md-4&#8243;][vc_column_text]<\/p>\n<h2 class=\"dayTitle gray\">Septembre<\/h2>\n<ul>\n<li>Festes de les Copletes<\/li>\n<\/ul>\n<p>[\/vc_column_text][\/vc_column][vc_column el_class=&#8221;onlyDesktop&#8221; css=&#8221;.vc_custom_1649350486375{margin-top: 25px !important;margin-bottom: 25px !important;}&#8221;][\/vc_column][vc_column css=&#8221;.vc_custom_1649350499550{margin-bottom: 10px !important;}&#8221; offset=&#8221;vc_col-lg-4 vc_col-md-4&#8243;][vc_column_text]<\/p>\n<h2 class=\"dayTitle gray\">Octubre<\/h2>\n<ul>\n<li>9 d&#8217;Octubre dia de la Comunitat Valenciana<\/li>\n<li>Dia Internacional de l\u2019Alf\u00e0s del P\u00ed<\/li>\n<\/ul>\n<p>[\/vc_column_text][\/vc_column][vc_column css=&#8221;.vc_custom_1649350509483{margin-bottom: 10px !important;}&#8221; offset=&#8221;vc_col-lg-4 vc_col-md-4&#8243;][vc_column_text]<\/p>\n<h2 class=\"dayTitle gray\">Novembre<\/h2>\n<ul>\n<li>Festes del Jubileu i del Stssim Crist del Bon Encert<\/li>\n<\/ul>\n<p>[\/vc_column_text][\/vc_column][vc_column css=&#8221;.vc_custom_1649350859590{margin-bottom: 10px !important;}&#8221; offset=&#8221;vc_col-lg-4 vc_col-md-4&#8243;][vc_column_text]<\/p>\n<h2 class=\"dayTitle gray\">Diciembre<\/h2>\n<ul>\n<li>Dia Nacional Ruman\u00eda<\/li>\n<li>Sinterklaas (San Nicol\u00e1s)<\/li>\n<li>Festes de la Pur\u00edssima<\/li>\n<\/ul>\n<p>[\/vc_column_text][\/vc_column][\/vc_row][vc_row css_animation=&#8221;&#8221; row_type=&#8221;row&#8221; use_row_as_full_screen_section=&#8221;no&#8221; type=&#8221;full_width&#8221; angled_section=&#8221;no&#8221; text_align=&#8221;left&#8221; background_image_as_pattern=&#8221;without_pattern&#8221; z_index=&#8221;&#8221;][vc_column css=&#8221;.vc_custom_1630316963515{margin-top: 40px !important;}&#8221;][vc_gallery type=&#8221;image_grid&#8221; images=&#8221;3625,3626,3627,3628,3629,3631,3630,3634,3635,3633,3636,3632&#8243; img_size=&#8221;full&#8221; onclick=&#8221;&#8221; column_number=&#8221;3&#8243; grayscale=&#8221;no&#8221; images_space=&#8221;gallery_with_space&#8221;][\/vc_column][\/vc_row][vc_row css_animation=&#8221;&#8221; row_type=&#8221;row&#8221; use_row_as_full_screen_section=&#8221;no&#8221; type=&#8221;full_width&#8221; angled_section=&#8221;no&#8221; text_align=&#8221;left&#8221; background_image_as_pattern=&#8221;without_pattern&#8221; z_index=&#8221;&#8221; padding_top=&#8221;157&#8243; css=&#8221;.vc_custom_1623657953821{margin-top: 70px !important;background-image: url(https:\/\/welcomelalfas.com\/wp-content\/uploads\/2021\/06\/fondo-pie-tn.jpg?id=389) !important;background-position: center !important;background-repeat: no-repeat !important;background-size: cover !important;}&#8221; padding_bottom=&#8221;100&#8243;][vc_column css=&#8221;.vc_custom_1623600830979{background-position: 0 0 !important;background-repeat: no-repeat !important;}&#8221;][\/vc_column][\/vc_row]<\/p>\n","protected":false},"excerpt":{"rendered":"<p>[vc_row css_animation=&#8221;&#8221; row_type=&#8221;row&#8221; use_row_as_full_screen_section=&#8221;no&#8221; type=&#8221;grid&#8221; angled_section=&#8221;no&#8221; text_align=&#8221;left&#8221; background_image_as_pattern=&#8221;without_pattern&#8221; z_index=&#8221;&#8221; padding_top=&#8221;50&#8243;][vc_column css=&#8221;.vc_custom_1630316963515{margin-top: 40px !important;}&#8221;][vc_column_text] El Jubileu i el Sant\u00edssim Crist del Bon Encert Es celebra entre el 7 i el 10 de novembre en honor al Sant\u00edssim Crist del Bon Encert, pel qual els Alfasins senten&#8230;<\/p>\n","protected":false},"author":2,"featured_media":0,"parent":0,"menu_order":0,"comment_status":"closed","ping_status":"closed","template":"full_width.php","meta":[],"yoast_head":"<!-- This site is optimized with the Yoast SEO plugin v19.7.1 - https:\/\/yoast.com\/wordpress\/plugins\/seo\/ -->\n<title>Festes | Welcome L&#039;Alf\u00e0s<\/title>\n<meta name=\"description\" content=\"Festes | Welcome L&#039;Alf\u00e0s\" \/>\n<meta name=\"robots\" content=\"index, follow, max-snippet:-1, max-image-preview:large, max-video-preview:-1\" \/>\n<link rel=\"canonical\" href=\"https:\/\/welcomelalfas.com\/val\/festes\/\" \/>\n<meta property=\"og:locale\" content=\"en_US\" \/>\n<meta property=\"og:type\" content=\"article\" \/>\n<meta property=\"og:title\" content=\"Festes | Welcome L&#039;Alf\u00e0s\" \/>\n<meta property=\"og:description\" content=\"Festes | Welcome L&#039;Alf\u00e0s\" \/>\n<meta property=\"og:url\" content=\"https:\/\/welcomelalfas.com\/val\/festes\/\" \/>\n<meta property=\"og:site_name\" content=\"Welcome L&#039;Alf\u00e0s\" \/>\n<meta property=\"article:modified_time\" content=\"2022-09-30T17:23:25+00:00\" \/>\n<meta name=\"twitter:card\" content=\"summary_large_image\" \/>\n<meta name=\"twitter:label1\" content=\"Est. reading time\" \/>\n\t<meta name=\"twitter:data1\" content=\"3 minutes\" \/>\n<script type=\"application\/ld+json\" class=\"yoast-schema-graph\">{\"@context\":\"https:\/\/schema.org\",\"@graph\":[{\"@type\":\"WebPage\",\"@id\":\"https:\/\/welcomelalfas.com\/val\/festes\/\",\"url\":\"https:\/\/welcomelalfas.com\/val\/festes\/\",\"name\":\"Festes | Welcome L&#039;Alf\u00e0s\",\"isPartOf\":{\"@id\":\"https:\/\/welcomelalfas.com\/#website\"},\"datePublished\":\"2021-10-03T18:58:42+00:00\",\"dateModified\":\"2022-09-30T17:23:25+00:00\",\"description\":\"Festes | Welcome L&#039;Alf\u00e0s\",\"breadcrumb\":{\"@id\":\"https:\/\/welcomelalfas.com\/val\/festes\/#breadcrumb\"},\"inLanguage\":\"val\",\"potentialAction\":[{\"@type\":\"ReadAction\",\"target\":[\"https:\/\/welcomelalfas.com\/val\/festes\/\"]}]},{\"@type\":\"BreadcrumbList\",\"@id\":\"https:\/\/welcomelalfas.com\/val\/festes\/#breadcrumb\",\"itemListElement\":[{\"@type\":\"ListItem\",\"position\":1,\"name\":\"Portada\",\"item\":\"https:\/\/welcomelalfas.com\/val\/\"},{\"@type\":\"ListItem\",\"position\":2,\"name\":\"Festes\"}]},{\"@type\":\"WebSite\",\"@id\":\"https:\/\/welcomelalfas.com\/#website\",\"url\":\"https:\/\/welcomelalfas.com\/\",\"name\":\"Welcome L&#039;Alf\u00e0s\",\"description\":\"Welcome L&#039;Alf\u00e0s\",\"potentialAction\":[{\"@type\":\"SearchAction\",\"target\":{\"@type\":\"EntryPoint\",\"urlTemplate\":\"https:\/\/welcomelalfas.com\/?s={search_term_string}\"},\"query-input\":\"required name=search_term_string\"}],\"inLanguage\":\"val\"}]}<\/script>\n<!-- \/ Yoast SEO plugin. -->","yoast_head_json":{"title":"Festes | Welcome L&#039;Alf\u00e0s","description":"Festes | Welcome L&#039;Alf\u00e0s","robots":{"index":"index","follow":"follow","max-snippet":"max-snippet:-1","max-image-preview":"max-image-preview:large","max-video-preview":"max-video-preview:-1"},"canonical":"https:\/\/welcomelalfas.com\/val\/festes\/","og_locale":"en_US","og_type":"article","og_title":"Festes | Welcome L&#039;Alf\u00e0s","og_description":"Festes | Welcome L&#039;Alf\u00e0s","og_url":"https:\/\/welcomelalfas.com\/val\/festes\/","og_site_name":"Welcome L&#039;Alf\u00e0s","article_modified_time":"2022-09-30T17:23:25+00:00","twitter_card":"summary_large_image","twitter_misc":{"Est. reading time":"3 minutes"},"schema":{"@context":"https:\/\/schema.org","@graph":[{"@type":"WebPage","@id":"https:\/\/welcomelalfas.com\/val\/festes\/","url":"https:\/\/welcomelalfas.com\/val\/festes\/","name":"Festes | Welcome L&#039;Alf\u00e0s","isPartOf":{"@id":"https:\/\/welcomelalfas.com\/#website"},"datePublished":"2021-10-03T18:58:42+00:00","dateModified":"2022-09-30T17:23:25+00:00","description":"Festes | Welcome L&#039;Alf\u00e0s","breadcrumb":{"@id":"https:\/\/welcomelalfas.com\/val\/festes\/#breadcrumb"},"inLanguage":"val","potentialAction":[{"@type":"ReadAction","target":["https:\/\/welcomelalfas.com\/val\/festes\/"]}]},{"@type":"BreadcrumbList","@id":"https:\/\/welcomelalfas.com\/val\/festes\/#breadcrumb","itemListElement":[{"@type":"ListItem","position":1,"name":"Portada","item":"https:\/\/welcomelalfas.com\/val\/"},{"@type":"ListItem","position":2,"name":"Festes"}]},{"@type":"WebSite","@id":"https:\/\/welcomelalfas.com\/#website","url":"https:\/\/welcomelalfas.com\/","name":"Welcome L&#039;Alf\u00e0s","description":"Welcome L&#039;Alf\u00e0s","potentialAction":[{"@type":"SearchAction","target":{"@type":"EntryPoint","urlTemplate":"https:\/\/welcomelalfas.com\/?s={search_term_string}"},"query-input":"required name=search_term_string"}],"inLanguage":"val"}]}},"_links":{"self":[{"href":"https:\/\/welcomelalfas.com\/val\/wp-json\/wp\/v2\/pages\/3623"}],"collection":[{"href":"https:\/\/welcomelalfas.com\/val\/wp-json\/wp\/v2\/pages"}],"about":[{"href":"https:\/\/welcomelalfas.com\/val\/wp-json\/wp\/v2\/types\/page"}],"author":[{"embeddable":true,"href":"https:\/\/welcomelalfas.com\/val\/wp-json\/wp\/v2\/users\/2"}],"replies":[{"embeddable":true,"href":"https:\/\/welcomelalfas.com\/val\/wp-json\/wp\/v2\/comments?post=3623"}],"version-history":[{"count":9,"href":"https:\/\/welcomelalfas.com\/val\/wp-json\/wp\/v2\/pages\/3623\/revisions"}],"predecessor-version":[{"id":3674,"href":"https:\/\/welcomelalfas.com\/val\/wp-json\/wp\/v2\/pages\/3623\/revisions\/3674"}],"wp:attachment":[{"href":"https:\/\/welcomelalfas.com\/val\/wp-json\/wp\/v2\/media?parent=3623"}],"curies":[{"name":"wp","href":"https:\/\/api.w.org\/{rel}","templated":true}]}}