{"id":3661,"date":"2022-04-07T18:31:34","date_gmt":"2022-04-07T18:31:34","guid":{"rendered":"https:\/\/welcomelalfas.com\/?page_id=3661"},"modified":"2022-09-30T17:28:22","modified_gmt":"2022-09-30T17:28:22","slug":"serra-gelada","status":"publish","type":"page","link":"https:\/\/welcomelalfas.com\/val\/serra-gelada\/","title":{"rendered":"Serra Gelada"},"content":{"rendered":"<p>[vc_row css_animation=&#8221;&#8221; row_type=&#8221;row&#8221; use_row_as_full_screen_section=&#8221;no&#8221; type=&#8221;grid&#8221; angled_section=&#8221;no&#8221; text_align=&#8221;left&#8221; background_image_as_pattern=&#8221;without_pattern&#8221; z_index=&#8221;&#8221; padding_top=&#8221;50&#8243;][vc_column css=&#8221;.vc_custom_1630316963515{margin-top: 40px !important;}&#8221;][vc_column_text css=&#8221;.vc_custom_1664538797860{margin-bottom: 30px !important;}&#8221;]<\/p>\n<h2>\u00bfEncara no coneixes la Serra Gelada?<\/h2>\n<p>[\/vc_column_text][vc_column_text css=&#8221;.vc_custom_1664538814002{margin-bottom: 50px !important;}&#8221;]La serra i el seu entorn litoral, estan inclosos en el Parc Natural de la Serra Gelada. La Generalitat ho va declarar Parc Natural en 2005 per a salvaguardar els seus valors i procedir a la seua conservaci\u00f3 natural. En tractar-se del primer parc mar\u00edtim terrestre de la comunitat, \u00e9s un dels m\u00e9s singulars. De fet la seua superf\u00edcie protegida consta de 5.564 hect\u00e0rees, de les quals el 88% corresponen al medi mar\u00ed.<\/p>\n<p>\u00c9s en la part mar\u00edtima on es documenta una gran diversitat biol\u00f2gica, entre la qual destaca la prada de Posid\u00f2nia oce\u00e0nica, vital per a la fauna marina, que contribueix a l&#8217;oxigenaci\u00f3 de l&#8217;aigua i serveix de reserva per a peixos, mol\u00b7luscos i crustacis, sent lloc de posada, refugi i aliment.<\/p>\n<p>En la zona terrestre, mereix una especial atenci\u00f3 la duna f\u00f2ssil penjada, que formada fa m\u00e9s de cent mil anys crea en el seu front litoral penya-segats de m\u00e9s de 300 metres d&#8217;altura.<br \/>\n[\/vc_column_text][vc_column_text css=&#8221;.vc_custom_1664538833061{margin-bottom: 30px !important;}&#8221;]<\/p>\n<h2>\u00a1\u00c9s una estampa preciosa del Mediterrani!<\/h2>\n<p>[\/vc_column_text][vc_column_text css=&#8221;.vc_custom_1664538850248{margin-bottom: 50px !important;}&#8221;]La condici\u00f3 mar\u00edtima i terrestre del parc, tamb\u00e9 permet la pres\u00e8ncia d&#8217;una gran varietat d&#8217;esp\u00e8cies animals. Sens dubte, l&#8217;animal m\u00e9s significatiu que acull \u00e9s el dof\u00ed mular, per als albiraments del qual es compta amb un dels quatre punts oficials d&#8217;observaci\u00f3 de cetacis a la Comunitat Valenciana.<\/p>\n<p>La vegetaci\u00f3 que es localitza al parc est\u00e0 marcada per la diversificaci\u00f3 de paisatges, la qual cosa ha perm\u00e9s l&#8217;aparici\u00f3 d&#8217;esp\u00e8cies end\u00e8miques com la Palomilla, el Ginebre de les dunes o la Camari\u00f1a.<br \/>\n[\/vc_column_text][vc_column_text css=&#8221;.vc_custom_1664538899846{margin-bottom: 30px !important;}&#8221;]<\/p>\n<h2>\u00bfVols saber perqu\u00e9 s&#8217;anomena Serra Gelada?<\/h2>\n<p>[\/vc_column_text][vc_column_text css=&#8221;.vc_custom_1664538914296{margin-bottom: 50px !important;}&#8221;]El seu nom ve dau per la seua orientaci\u00f3, un microclima fred i tamb\u00e9 per l&#8217;efecte \u00f2ptic que produeix el reflex de la llum de la lluna sobre la seua pedra calc\u00e0ria.<br \/>\n[\/vc_column_text][\/vc_column][vc_column offset=&#8221;vc_col-lg-offset-3 vc_col-lg-6 vc_col-md-offset-3 vc_col-md-6&#8243; css=&#8221;.vc_custom_1649357413072{margin-top: 30px !important;}&#8221; el_class=&#8221;verdeBgTN&#8221;][vc_column_text css=&#8221;.vc_custom_1664538969592{margin-bottom: 50px !important;}&#8221;]<\/p>\n<h4 style=\"font-size: 21px; text-align: center;\">\u00a1Vine a visitar-nos i descobreix tot un parad\u00eds natural!<\/h4>\n<p style=\"text-align: center !important; margin-top: 20px;\">M\u00e9s Informaci\u00f3<\/p>\n<p style=\"text-align: center !important; margin-top: 20px;\"><a href=\"https:\/\/parquesnaturales.gva.es\/es\/web\/pn-serra-gelada\">Parcs Naturals GVA<\/a><\/p>\n<p style=\"text-align: center !important; margin-top: 20px;\">Parc Natural de la Serra Gelada<\/p>\n<p style=\"text-align: center !important; margin-top: 20px;\">CEA CARABINEROS \/ Cam\u00ed Vell del Far n\u00ba18<br \/>\nTlf. <a href=\"tel:629321248\">629 321 248<\/a> \/ <a href=\"mailto:serragelada@gva.es\">serragelada@gva.es<\/a><\/p>\n<p>[\/vc_column_text][\/vc_column][\/vc_row][vc_row css_animation=&#8221;&#8221; row_type=&#8221;row&#8221; use_row_as_full_screen_section=&#8221;no&#8221; type=&#8221;full_width&#8221; angled_section=&#8221;no&#8221; text_align=&#8221;left&#8221; background_image_as_pattern=&#8221;without_pattern&#8221; z_index=&#8221;&#8221; padding_top=&#8221;70&#8243;][vc_column css_animation=&#8221;fadeIn&#8221;][vc_gallery type=&#8221;image_grid&#8221; images=&#8221;3664,3663,3662&#8243; img_size=&#8221;full&#8221; onclick=&#8221;&#8221; column_number=&#8221;3&#8243; grayscale=&#8221;no&#8221; images_space=&#8221;gallery_with_space&#8221;][\/vc_column][\/vc_row][vc_row css_animation=&#8221;&#8221; row_type=&#8221;row&#8221; use_row_as_full_screen_section=&#8221;no&#8221; type=&#8221;full_width&#8221; angled_section=&#8221;no&#8221; text_align=&#8221;left&#8221; background_image_as_pattern=&#8221;without_pattern&#8221; z_index=&#8221;&#8221; padding_top=&#8221;70&#8243;][vc_column][vc_gmaps link=&#8221;#E-8_JTNDaWZyYW1lJTIwc3JjJTNEJTIyaHR0cHMlM0ElMkYlMkZ3d3cuZ29vZ2xlLmNvbSUyRm1hcHMlMkZlbWJlZCUzRnBiJTNEJTIxMW0xOCUyMTFtMTIlMjExbTMlMjExZDI0OTYyLjcwMTAyMjM3ODI5JTIxMmQtMC4wODU5ODE5Nzc4NTU1Mzc5NiUyMTNkMzguNTQ5MDM0MjU5MjkwMzElMjEybTMlMjExZjAlMjEyZjAlMjEzZjAlMjEzbTIlMjExaTEwMjQlMjEyaTc2OCUyMTRmMTMuMSUyMTNtMyUyMTFtMiUyMTFzMHhkNjIwNmFmYmE0OGQ5ODUlMjUzQTB4OGI1ZDYwZDY4ZGJiOTZmZiUyMTJzUGFycXVlJTI1MjBOYXR1cmFsJTI1MjBkZSUyNTIwbGElMjUyMFNlcnJhJTI1MjBHZWxhZGElMjE1ZTAlMjEzbTIlMjExc2VzJTIxMnNlcyUyMTR2MTY0OTM1ODMyNTM1NyUyMTVtMiUyMTFzZXMlMjEyc2VzJTIyJTIwd2lkdGglM0QlMjIxMDAlMjUlMjIlMjBoZWlnaHQlM0QlMjI0NTAlMjIlMjBzdHlsZSUzRCUyMmJvcmRlciUzQTAlM0IlMjIlMjBhbGxvd2Z1bGxzY3JlZW4lM0QlMjIlMjIlMjBsb2FkaW5nJTNEJTIybGF6eSUyMiUyMHJlZmVycmVycG9saWN5JTNEJTIybm8tcmVmZXJyZXItd2hlbi1kb3duZ3JhZGUlMjIlM0UlM0MlMkZpZnJhbWUlM0U=&#8221;][\/vc_column][\/vc_row][vc_row css_animation=&#8221;&#8221; row_type=&#8221;row&#8221; use_row_as_full_screen_section=&#8221;no&#8221; type=&#8221;full_width&#8221; angled_section=&#8221;no&#8221; text_align=&#8221;left&#8221; background_image_as_pattern=&#8221;without_pattern&#8221; z_index=&#8221;&#8221; padding_top=&#8221;70&#8243; padding_bottom=&#8221;50&#8243;][vc_column][vc_column_text]<h2 style=\"text-align: center;font-size:28px;text-transform:none;\">Tamb\u00e9 podeu visitar<\/h2><div class=\"section_inner clearfix full-width\">\n            <div class=\"section_inner_margin clearfix\">\n                <div class=\"wpb_column vc_column_container container_inner\" style=\"margin:0 auto;\">\n                    <div class=\"vc_column-inner\">\n                        <div class=\"wpb_wrapper\">\n                            <div class=\"woocommerce columns-3\">\n                                <ul class=\"products\"><li class=\"product type-product post-3909\">\n                                                <div class=\"top-product-section\">\n\t\t\t\t\t\t\t\t\t\t\t\t    <a href=\"https:\/\/welcomelalfas.com\/val\/jardi-escultoric-de-la-fundacio-klein-schreuder\/\"><img width=\"1000\" height=\"667\" src=\"https:\/\/welcomelalfas.com\/wp-content\/uploads\/2021\/08\/jardin-escultorico-01.jpg\" class=\"attachment-post-thumbnail size-post-thumbnail wp-post-image\" alt=\"\" loading=\"lazy\" srcset=\"https:\/\/welcomelalfas.com\/wp-content\/uploads\/2021\/08\/jardin-escultorico-01.jpg 1000w, https:\/\/welcomelalfas.com\/wp-content\/uploads\/2021\/08\/jardin-escultorico-01-300x200.jpg 300w, https:\/\/welcomelalfas.com\/wp-content\/uploads\/2021\/08\/jardin-escultorico-01-768x512.jpg 768w, https:\/\/welcomelalfas.com\/wp-content\/uploads\/2021\/08\/jardin-escultorico-01-700x467.jpg 700w\" sizes=\"(max-width: 1000px) 100vw, 1000px\" \/><\/a>   \n                                                    <a href=\"https:\/\/welcomelalfas.com\/val\/jardi-escultoric-de-la-fundacio-klein-schreuder\/\" class=\"text-center\"><h3>Jard\u00ed Escult\u00f2ric de la Fundaci\u00f3 Klein-Schreuder<\/h3><\/a>\n                                                <\/div>\n                                                <\/li><li class=\"product type-product post-3798\">\n                                                <div class=\"top-product-section\">\n\t\t\t\t\t\t\t\t\t\t\t\t    <a href=\"https:\/\/welcomelalfas.com\/val\/espai-cultural-escoles-velles\/\"><img width=\"1000\" height=\"667\" src=\"https:\/\/welcomelalfas.com\/wp-content\/uploads\/2021\/09\/escoles-velles-alfaz-rel.jpg\" class=\"attachment-post-thumbnail size-post-thumbnail wp-post-image\" alt=\"\" loading=\"lazy\" srcset=\"https:\/\/welcomelalfas.com\/wp-content\/uploads\/2021\/09\/escoles-velles-alfaz-rel.jpg 1000w, https:\/\/welcomelalfas.com\/wp-content\/uploads\/2021\/09\/escoles-velles-alfaz-rel-300x200.jpg 300w, https:\/\/welcomelalfas.com\/wp-content\/uploads\/2021\/09\/escoles-velles-alfaz-rel-768x512.jpg 768w, https:\/\/welcomelalfas.com\/wp-content\/uploads\/2021\/09\/escoles-velles-alfaz-rel-700x467.jpg 700w\" sizes=\"(max-width: 1000px) 100vw, 1000px\" \/><\/a>   \n                                                    <a href=\"https:\/\/welcomelalfas.com\/val\/espai-cultural-escoles-velles\/\" class=\"text-center\"><h3>Espai Cultural Escoles Velles<\/h3><\/a>\n                                                <\/div>\n                                                <\/li><li class=\"product type-product post-3547\" style=\"margin-right:0;\" >\n                                                <div class=\"top-product-section\">\n\t\t\t\t\t\t\t\t\t\t\t\t    <a href=\"https:\/\/welcomelalfas.com\/val\/cea-carabineros\/\"><img width=\"1000\" height=\"667\" src=\"https:\/\/welcomelalfas.com\/wp-content\/uploads\/2021\/09\/cea-carabineros-07.jpg\" class=\"attachment-post-thumbnail size-post-thumbnail wp-post-image\" alt=\"\" loading=\"lazy\" srcset=\"https:\/\/welcomelalfas.com\/wp-content\/uploads\/2021\/09\/cea-carabineros-07.jpg 1000w, https:\/\/welcomelalfas.com\/wp-content\/uploads\/2021\/09\/cea-carabineros-07-300x200.jpg 300w, https:\/\/welcomelalfas.com\/wp-content\/uploads\/2021\/09\/cea-carabineros-07-768x512.jpg 768w, https:\/\/welcomelalfas.com\/wp-content\/uploads\/2021\/09\/cea-carabineros-07-700x467.jpg 700w\" sizes=\"(max-width: 1000px) 100vw, 1000px\" \/><\/a>   \n                                                    <a href=\"https:\/\/welcomelalfas.com\/val\/cea-carabineros\/\" class=\"text-center\"><h3>CEA Carabineros<\/h3><\/a>\n                                                <\/div>\n                                                <\/li><\/ul>\n                            <\/div>\n                        <\/div>\n                    <\/div>\n                <\/div>\n            <\/div>\n        <\/div>[\/vc_column_text][\/vc_column][\/vc_row][vc_row css_animation=&#8221;&#8221; row_type=&#8221;row&#8221; use_row_as_full_screen_section=&#8221;no&#8221; type=&#8221;full_width&#8221; angled_section=&#8221;no&#8221; text_align=&#8221;left&#8221; background_image_as_pattern=&#8221;without_pattern&#8221; z_index=&#8221;&#8221; padding_top=&#8221;157&#8243; padding_bottom=&#8221;100&#8243; css=&#8221;.vc_custom_1664360921198{background-image: url(https:\/\/welcomelalfas.com\/wp-content\/uploads\/2021\/06\/fondo-pie-tn.jpg?id=389) !important;}&#8221;][vc_column][\/vc_column][\/vc_row]<\/p>\n","protected":false},"excerpt":{"rendered":"<p>[vc_row css_animation=&#8221;&#8221; row_type=&#8221;row&#8221; use_row_as_full_screen_section=&#8221;no&#8221; type=&#8221;grid&#8221; angled_section=&#8221;no&#8221; text_align=&#8221;left&#8221; background_image_as_pattern=&#8221;without_pattern&#8221; z_index=&#8221;&#8221; padding_top=&#8221;50&#8243;][vc_column css=&#8221;.vc_custom_1630316963515{margin-top: 40px !important;}&#8221;][vc_column_text css=&#8221;.vc_custom_1664538797860{margin-bottom: 30px !important;}&#8221;] \u00bfEncara no coneixes la Serra Gelada? [\/vc_column_text][vc_column_text css=&#8221;.vc_custom_1664538814002{margin-bottom: 50px !important;}&#8221;]La serra i el seu entorn litoral, estan inclosos en el Parc Natural de la Serra Gelada. La Generalitat ho&#8230;<\/p>\n","protected":false},"author":2,"featured_media":0,"parent":0,"menu_order":0,"comment_status":"closed","ping_status":"closed","template":"full_width.php","meta":[],"yoast_head":"<!-- This site is optimized with the Yoast SEO plugin v19.7.1 - https:\/\/yoast.com\/wordpress\/plugins\/seo\/ -->\n<title>Serra Gelada | Welcome L&#039;Alf\u00e0s<\/title>\n<meta name=\"description\" content=\"Serra Gelada | Welcome L&#039;Alf\u00e0s\" \/>\n<meta name=\"robots\" content=\"index, follow, max-snippet:-1, max-image-preview:large, max-video-preview:-1\" \/>\n<link rel=\"canonical\" href=\"https:\/\/welcomelalfas.com\/val\/serra-gelada\/\" \/>\n<meta property=\"og:locale\" content=\"en_US\" \/>\n<meta property=\"og:type\" content=\"article\" \/>\n<meta property=\"og:title\" content=\"Serra Gelada | Welcome L&#039;Alf\u00e0s\" \/>\n<meta property=\"og:description\" content=\"Serra Gelada | Welcome L&#039;Alf\u00e0s\" \/>\n<meta property=\"og:url\" content=\"https:\/\/welcomelalfas.com\/val\/serra-gelada\/\" \/>\n<meta property=\"og:site_name\" content=\"Welcome L&#039;Alf\u00e0s\" \/>\n<meta property=\"article:modified_time\" content=\"2022-09-30T17:28:22+00:00\" \/>\n<meta name=\"twitter:card\" content=\"summary_large_image\" \/>\n<meta name=\"twitter:label1\" content=\"Est. reading time\" \/>\n\t<meta name=\"twitter:data1\" content=\"2 minutes\" \/>\n<script type=\"application\/ld+json\" class=\"yoast-schema-graph\">{\"@context\":\"https:\/\/schema.org\",\"@graph\":[{\"@type\":\"WebPage\",\"@id\":\"https:\/\/welcomelalfas.com\/val\/serra-gelada\/\",\"url\":\"https:\/\/welcomelalfas.com\/val\/serra-gelada\/\",\"name\":\"Serra Gelada | Welcome L&#039;Alf\u00e0s\",\"isPartOf\":{\"@id\":\"https:\/\/welcomelalfas.com\/#website\"},\"datePublished\":\"2022-04-07T18:31:34+00:00\",\"dateModified\":\"2022-09-30T17:28:22+00:00\",\"description\":\"Serra Gelada | Welcome L&#039;Alf\u00e0s\",\"breadcrumb\":{\"@id\":\"https:\/\/welcomelalfas.com\/val\/serra-gelada\/#breadcrumb\"},\"inLanguage\":\"val\",\"potentialAction\":[{\"@type\":\"ReadAction\",\"target\":[\"https:\/\/welcomelalfas.com\/val\/serra-gelada\/\"]}]},{\"@type\":\"BreadcrumbList\",\"@id\":\"https:\/\/welcomelalfas.com\/val\/serra-gelada\/#breadcrumb\",\"itemListElement\":[{\"@type\":\"ListItem\",\"position\":1,\"name\":\"Portada\",\"item\":\"https:\/\/welcomelalfas.com\/val\/\"},{\"@type\":\"ListItem\",\"position\":2,\"name\":\"Serra Gelada\"}]},{\"@type\":\"WebSite\",\"@id\":\"https:\/\/welcomelalfas.com\/#website\",\"url\":\"https:\/\/welcomelalfas.com\/\",\"name\":\"Welcome L&#039;Alf\u00e0s\",\"description\":\"Welcome L&#039;Alf\u00e0s\",\"potentialAction\":[{\"@type\":\"SearchAction\",\"target\":{\"@type\":\"EntryPoint\",\"urlTemplate\":\"https:\/\/welcomelalfas.com\/?s={search_term_string}\"},\"query-input\":\"required name=search_term_string\"}],\"inLanguage\":\"val\"}]}<\/script>\n<!-- \/ Yoast SEO plugin. -->","yoast_head_json":{"title":"Serra Gelada | Welcome L&#039;Alf\u00e0s","description":"Serra Gelada | Welcome L&#039;Alf\u00e0s","robots":{"index":"index","follow":"follow","max-snippet":"max-snippet:-1","max-image-preview":"max-image-preview:large","max-video-preview":"max-video-preview:-1"},"canonical":"https:\/\/welcomelalfas.com\/val\/serra-gelada\/","og_locale":"en_US","og_type":"article","og_title":"Serra Gelada | Welcome L&#039;Alf\u00e0s","og_description":"Serra Gelada | Welcome L&#039;Alf\u00e0s","og_url":"https:\/\/welcomelalfas.com\/val\/serra-gelada\/","og_site_name":"Welcome L&#039;Alf\u00e0s","article_modified_time":"2022-09-30T17:28:22+00:00","twitter_card":"summary_large_image","twitter_misc":{"Est. reading time":"2 minutes"},"schema":{"@context":"https:\/\/schema.org","@graph":[{"@type":"WebPage","@id":"https:\/\/welcomelalfas.com\/val\/serra-gelada\/","url":"https:\/\/welcomelalfas.com\/val\/serra-gelada\/","name":"Serra Gelada | Welcome L&#039;Alf\u00e0s","isPartOf":{"@id":"https:\/\/welcomelalfas.com\/#website"},"datePublished":"2022-04-07T18:31:34+00:00","dateModified":"2022-09-30T17:28:22+00:00","description":"Serra Gelada | Welcome L&#039;Alf\u00e0s","breadcrumb":{"@id":"https:\/\/welcomelalfas.com\/val\/serra-gelada\/#breadcrumb"},"inLanguage":"val","potentialAction":[{"@type":"ReadAction","target":["https:\/\/welcomelalfas.com\/val\/serra-gelada\/"]}]},{"@type":"BreadcrumbList","@id":"https:\/\/welcomelalfas.com\/val\/serra-gelada\/#breadcrumb","itemListElement":[{"@type":"ListItem","position":1,"name":"Portada","item":"https:\/\/welcomelalfas.com\/val\/"},{"@type":"ListItem","position":2,"name":"Serra Gelada"}]},{"@type":"WebSite","@id":"https:\/\/welcomelalfas.com\/#website","url":"https:\/\/welcomelalfas.com\/","name":"Welcome L&#039;Alf\u00e0s","description":"Welcome L&#039;Alf\u00e0s","potentialAction":[{"@type":"SearchAction","target":{"@type":"EntryPoint","urlTemplate":"https:\/\/welcomelalfas.com\/?s={search_term_string}"},"query-input":"required name=search_term_string"}],"inLanguage":"val"}]}},"_links":{"self":[{"href":"https:\/\/welcomelalfas.com\/val\/wp-json\/wp\/v2\/pages\/3661"}],"collection":[{"href":"https:\/\/welcomelalfas.com\/val\/wp-json\/wp\/v2\/pages"}],"about":[{"href":"https:\/\/welcomelalfas.com\/val\/wp-json\/wp\/v2\/types\/page"}],"author":[{"embeddable":true,"href":"https:\/\/welcomelalfas.com\/val\/wp-json\/wp\/v2\/users\/2"}],"replies":[{"embeddable":true,"href":"https:\/\/welcomelalfas.com\/val\/wp-json\/wp\/v2\/comments?post=3661"}],"version-history":[{"count":5,"href":"https:\/\/welcomelalfas.com\/val\/wp-json\/wp\/v2\/pages\/3661\/revisions"}],"predecessor-version":[{"id":3770,"href":"https:\/\/welcomelalfas.com\/val\/wp-json\/wp\/v2\/pages\/3661\/revisions\/3770"}],"wp:attachment":[{"href":"https:\/\/welcomelalfas.com\/val\/wp-json\/wp\/v2\/media?parent=3661"}],"curies":[{"name":"wp","href":"https:\/\/api.w.org\/{rel}","templated":true}]}}