{"id":3681,"date":"2021-03-17T13:17:55","date_gmt":"2021-03-17T13:17:55","guid":{"rendered":"https:\/\/welcomelalfas.com\/?page_id=3681"},"modified":"2022-11-21T11:44:42","modified_gmt":"2022-11-21T11:44:42","slug":"contacte","status":"publish","type":"page","link":"https:\/\/welcomelalfas.com\/val\/contacte\/","title":{"rendered":"Contacte"},"content":{"rendered":"<p>[vc_row css_animation=&#8221;&#8221; row_type=&#8221;row&#8221; use_row_as_full_screen_section=&#8221;no&#8221; type=&#8221;grid&#8221; angled_section=&#8221;no&#8221; text_align=&#8221;left&#8221; background_image_as_pattern=&#8221;without_pattern&#8221; z_index=&#8221;&#8221; padding_top=&#8221;70&#8243; padding_bottom=&#8221;70&#8243;][vc_column][qode_elements_holder number_of_columns=&#8221;two_columns&#8221;][qode_elements_holder_item vertical_alignment=&#8221;top&#8221; horizontal_alignment=&#8221;center&#8221; advanced_animations=&#8221;no&#8221; item_padding=&#8221;20px 20px 20px 20px&#8221;][vc_single_image image=&#8221;3804&#8243; img_size=&#8221;large&#8221; qode_css_animation=&#8221;&#8221;][vc_column_text css=&#8221;.vc_custom_1664621738090{margin-top: 20px !important;}&#8221;]<\/p>\n<h2 class=\"text-center\">OFICINA TURISME L&#8217;Alf\u00e0s del Pi<\/h2>\n<p>[\/vc_column_text][vc_column_text css=&#8221;.vc_custom_1666096176689{margin-bottom: 30px !important;}&#8221;]<\/p>\n<p class=\"text-center\">Carrer les Escoles<br \/>\n03580 l&#8217;Alf\u00e0s del Pi<br \/>\nAlacant<\/p>\n<p class=\"m-t-20 m-b-30 text-center\"><i class=\"fa fa-phone\" aria-hidden=\"true\"><\/i> <a href=\"tel:965888265\">+34 965 888 265<\/a><br \/>\n<i class=\"fa fa-envelope-o\" aria-hidden=\"true\"><\/i> <a href=\"mailto:info@welcomelalfas.com\">info@welcomelalfas.com<\/a><\/p>\n<p>[\/vc_column_text]\n\n\t<a href=\"https:\/\/goo.gl\/maps\/d8fdbiiWD1vD7q37A\" target=\"_blank\" style=\"color: #ffffff;background-color: #006198;margin: 10px 0 10px 0\" class=\"qode-btn qode-btn-medium qode-btn-solid qode-btn-custom-hover-bg qode-btn-custom-hover-color qode-btn-custom-icon-bg-hover-color qode-btn-icon qode-btn-default-hover\" data-hover-bg-color=\"#006198\" data-hover-color=\"#ffffff\" >\n\t    <span class=\"qode-btn-text\">Com arribar<\/span><span class=\"qode-button-v2-icon-holder\" style=\"border-color: #ffffff;background-color: #006198\" data-hover-icon-border-color=\"#ffffff\" data-hover-icon-bg-color=\"#006198\"><i class=\"qode_icon_font_awesome fa fa-map-marker qode-button-v2-icon-holder-inner\" ><\/i><\/span>\t<\/a>\n\n[vc_column_text css=&#8221;.vc_custom_1666096315141{margin-bottom: 20px !important;}&#8221;]<\/p>\n<h4 class=\"text-center m-t-30\">HORARI D&#8217;ATENCI\u00d3 Al P\u00daBLIC<\/h4>\n<p class=\"text-center\">De dilluns a divendres de 9.00h a 14.00h<\/p>\n<p>[\/vc_column_text][\/qode_elements_holder_item][qode_elements_holder_item vertical_alignment=&#8221;top&#8221; horizontal_alignment=&#8221;center&#8221; advanced_animations=&#8221;no&#8221; item_padding=&#8221;20px 20px 20px 20px&#8221;][vc_single_image image=&#8221;3687&#8243; img_size=&#8221;large&#8221; qode_css_animation=&#8221;&#8221;][vc_column_text css=&#8221;.vc_custom_1664621749263{margin-top: 20px !important;}&#8221;]<\/p>\n<h2 class=\"text-center\">OFICINA TURISME PLATJA ALBIR<\/h2>\n<p>[\/vc_column_text][vc_column_text css=&#8221;.vc_custom_1666096197008{margin-bottom: 30px !important;}&#8221;]<\/p>\n<p class=\"text-center\">Passeig de les Estreles<br \/>\n03581 l&#8217;Alf\u00e0s del Pi<br \/>\nAlacant<\/p>\n<p class=\"m-t-20 m-b-30 text-center\"><i class=\"fa fa-phone\" aria-hidden=\"true\"><\/i> <a href=\"tel:966867022\">+34 966 867 022<\/a><br \/>\n<i class=\"fa fa-envelope-o\" aria-hidden=\"true\"><\/i> <a href=\"mailto:info@welcomelalfas.com\">info@welcomelalfas.com<\/a><\/p>\n<p>[\/vc_column_text]\n\n\t<a href=\"https:\/\/goo.gl\/maps\/jcaVZsWjtMhQbPSA6\" target=\"_blank\" style=\"color: #ffffff;background-color: #006198;margin: 10px 0 10px 0\" class=\"qode-btn qode-btn-medium qode-btn-solid qode-btn-custom-hover-bg qode-btn-custom-hover-color qode-btn-custom-icon-bg-hover-color qode-btn-icon qode-btn-default-hover\" data-hover-bg-color=\"#006198\" data-hover-color=\"#ffffff\" >\n\t    <span class=\"qode-btn-text\">Com arribar<\/span><span class=\"qode-button-v2-icon-holder\" style=\"border-color: #ffffff;background-color: #006198\" data-hover-icon-border-color=\"#ffffff\" data-hover-icon-bg-color=\"#006198\"><i class=\"qode_icon_font_awesome fa fa-map-marker qode-button-v2-icon-holder-inner\" ><\/i><\/span>\t<\/a>\n\n[vc_column_text css=&#8221;.vc_custom_1666096428587{margin-bottom: 20px !important;}&#8221;]<\/p>\n<h4 class=\"text-center m-t-30\">HORARI D&#8217;ATENCI\u00d3 Al P\u00daBLIC<\/h4>\n<p class=\"text-center\">HIVERN<br \/>\ndel 15 de setembre al 15 de juny<br \/>\nde 10.00h a 14.30h (Dilluns a Divendres)<br \/>\nde 10.00h a 14.00h (Dissabtes, Diumenges i Festius )<\/p>\n<p class=\"text-center\">ESTIU<br \/>\ndel 16 de juny al 14 de setembre<br \/>\nde 9.30h a 19.00h ( Dilluns a divendres)<br \/>\nde 9.30h a 15.00h (Dissabtes, Diumenges i Festius )<\/p>\n<p>[\/vc_column_text][\/qode_elements_holder_item][\/qode_elements_holder][\/vc_column][vc_column css=&#8221;.vc_custom_1669030360216{margin-top: 30px !important;padding-top: 0px !important;background-color: #007ac2 !important;}&#8221;][vc_column_text el_class=&#8221;apartadoVRA&#8221;]<\/p>\n<h2>Com arribar?<\/h2>\n<p>[\/vc_column_text][\/vc_column][vc_column css=&#8221;.vc_custom_1669030498181{margin-top: 30px !important;}&#8221;][vc_column_text]<strong>En Bus<\/strong>, l\u00ednia regular (Benidorm-Altea) n\u00fam. 10 empresa Llorente Bus.<br \/>\nParada m\u00e9s pr\u00f2xima a OIT Platja l\u2019Albir es situa a 210m en Av. Oscar Espl\u00e0, 16.<br \/>\nParada m\u00e9s pr\u00f2xima a OIT Els Escoles a l&#8217;Alf\u00e0s es situa a pocs metres al costat de la Casa de Cultura.<\/p>\n<p>&nbsp;<\/p>\n<p><strong>Amb tren<\/strong>, L\u00ednia 9 (Benidorm-D\u00e9nia)<br \/>\nBaixador m\u00e9s pr\u00f2xim a 20 minutos caminant de la OIT de la platja. Situat sobre el pont despr\u00e9s de la N332 a l&#8217;altura del McDonal\u2019s<br \/>\nBaixador m\u00e9s pr\u00f2xim a 25 minuts caminant o 1,9km de la OIT de l&#8217;Alf\u00e0s. Situat al costat de l&#8217;Estaci\u00f3 de la Mar a l&#8217;Alf\u00e0s.<\/p>\n<p>&nbsp;<\/p>\n<p><strong>En taxi<\/strong>,<br \/>\nParada m\u00e9s pr\u00f2xima a la OIT Platja l\u2019Albir es situa a 60m en Avda de l\u2019Albir.<br \/>\nParada m\u00e9s pr\u00f2xima a la OIT Els Escoles a l&#8217;Alf\u00e0s, a 200m en c\/Murcia.[\/vc_column_text][\/vc_column][vc_column css=&#8221;.vc_custom_1669030598995{margin-top: 70px !important;margin-bottom: 0px !important;padding-top: 0px !important;padding-bottom: 0px !important;background-color: #007ac2 !important;}&#8221;][vc_column_text el_class=&#8221;apartadoVRA&#8221;]<\/p>\n<h2>Algun dubte? Consulta&#8217;ns!!<\/h2>\n<p>[\/vc_column_text][\/vc_column][vc_column offset=&#8221;vc_col-lg-offset-1 vc_col-lg-10 vc_col-md-offset-1 vc_col-md-10&#8243; css=&#8221;.vc_custom_1666096887200{margin-top: 50px !important;}&#8221;][vc_column_text css=&#8221;.vc_custom_1669030700276{margin-bottom: 20px !important;}&#8221;]<\/p>\n<div class=\"textarea-origen col-xs-12 col-sm-6\">Si vols fer-nos alguna<strong> consulta, suggeriment o queixa farcida <\/strong>envia el seg\u00fcent Formulari. Ens posarem en contacte amb tu en la major brevetat possible.<\/div>\n<p>[\/vc_column_text]<div role=\"form\" class=\"wpcf7\" id=\"wpcf7-f3693-o1\" lang=\"es-ES\" dir=\"ltr\">\n<div class=\"screen-reader-response\"><p role=\"status\" aria-live=\"polite\" aria-atomic=\"true\"><\/p> <ul><\/ul><\/div>\n<form action=\"\/val\/wp-json\/wp\/v2\/pages\/3681#wpcf7-f3693-o1\" method=\"post\" class=\"wpcf7-form init default\" novalidate=\"novalidate\" data-status=\"init\">\n<div style=\"display: none;\">\n<input type=\"hidden\" name=\"_wpcf7\" value=\"3693\" \/>\n<input type=\"hidden\" name=\"_wpcf7_version\" value=\"5.6.3\" \/>\n<input type=\"hidden\" name=\"_wpcf7_locale\" value=\"es_ES\" \/>\n<input type=\"hidden\" name=\"_wpcf7_unit_tag\" value=\"wpcf7-f3693-o1\" \/>\n<input type=\"hidden\" name=\"_wpcf7_container_post\" value=\"0\" \/>\n<input type=\"hidden\" name=\"_wpcf7_posted_data_hash\" value=\"\" \/>\n<input type=\"hidden\" name=\"_wpcf7_recaptcha_response\" value=\"\" \/>\n<\/div>\n<p><label> Nom<span class=\"requerido\">*<\/span><br \/>\n    <span class=\"wpcf7-form-control-wrap\" data-name=\"your-name\"><input type=\"text\" name=\"your-name\" value=\"\" size=\"40\" class=\"wpcf7-form-control wpcf7-text wpcf7-validates-as-required\" aria-required=\"true\" aria-invalid=\"false\" \/><\/span> <\/label><\/p>\n<p><label> Email <span class=\"requerido\">*<\/span><br \/>\n    <span class=\"wpcf7-form-control-wrap\" data-name=\"your-email\"><input type=\"email\" name=\"your-email\" value=\"\" size=\"40\" class=\"wpcf7-form-control wpcf7-text wpcf7-email wpcf7-validates-as-required wpcf7-validates-as-email\" aria-required=\"true\" aria-invalid=\"false\" \/><\/span> <\/label><\/p>\n<p><label> Assumpte<br \/>\n    <span class=\"wpcf7-form-control-wrap\" data-name=\"your-subject\"><input type=\"text\" name=\"your-subject\" value=\"\" size=\"40\" class=\"wpcf7-form-control wpcf7-text\" aria-invalid=\"false\" \/><\/span> <\/label><\/p>\n<p><label> Consulta\/Missatge  <span class=\"requerido\">*<\/span><br \/>\n    <span class=\"wpcf7-form-control-wrap\" data-name=\"your-message\"><textarea name=\"your-message\" cols=\"40\" rows=\"10\" class=\"wpcf7-form-control wpcf7-textarea wpcf7-validates-as-required\" aria-required=\"true\" aria-invalid=\"false\"><\/textarea><\/span> <\/label><\/p>\n<p><span class=\"wpcf7-form-control-wrap\" data-name=\"acceptance-696\"><span class=\"wpcf7-form-control wpcf7-acceptance\"><span class=\"wpcf7-list-item\"><label><input type=\"checkbox\" name=\"acceptance-696\" value=\"1\" aria-invalid=\"false\" \/><span class=\"wpcf7-list-item-label\">He llegit i accepte la <a href=\"\/val\/politica-privacitat\/\" rel=\"nofollow\" title=\"Pol\u00edtica de privacitat\" target=\"_blank\" style=\"color:rgba(0,0,0,0.87);\">Pol\u00edtica de privacitat<\/a> i <a href=\"\/val\/avis-legal\/\" rel=\"nofollow\" title=\"Av\u00eds legal\" target=\"_blank\" style=\"color:rgba(0,0,0,0.87);\">l'Av\u00eds legal<\/a><\/span><\/label><\/span><\/span><\/span><\/p>\n<p><input type=\"submit\" value=\"Enviar\" class=\"wpcf7-form-control has-spinner wpcf7-submit\" \/><\/p>\n<input type='hidden' class='wpcf7-pum' value='{\"closepopup\":false,\"closedelay\":0,\"openpopup\":false,\"openpopup_id\":0}' \/><div class=\"wpcf7-response-output\" aria-hidden=\"true\"><\/div><\/form><\/div>[vc_column_text css=&#8221;.vc_custom_1667910778519{margin-top: 70px !important;margin-bottom: 20px !important;}&#8221;]<\/p>\n<h4>Si desitja presentar una den\u00fancia d&#8217;oferta il\u00b7legal, publicitat enganyosa o similars pot fer-ho a trav\u00e9s del seg\u00fcent enlla\u00e7:\u00a0<i class=\"fa fa-envelope-o\" aria-hidden=\"true\"><\/i> <strong><a href=\"https:\/\/www.gva.es\/va\/inicio\/procedimientos?id_proc=1915\">Reclamaci\u00f3 Serveis Tur\u00edstics<\/a><\/strong><\/h4>\n<h4 style=\"text-align: left;\"><a href=\"https:\/\/welcomelalfas.com\/wp-content\/uploads\/2022\/11\/Pol.-calidad-OIT_VAL.pdf\">*Veure Pol\u00edtica de Qualitat de les oficines d&#8217;informaci\u00f3 tur\u00edstica de l&#8217;Alf\u00e0s del Pi.<\/a><\/h4>\n<p>[\/vc_column_text][\/vc_column][\/vc_row][vc_row css_animation=&#8221;&#8221; row_type=&#8221;row&#8221; use_row_as_full_screen_section=&#8221;no&#8221; type=&#8221;full_width&#8221; angled_section=&#8221;no&#8221; text_align=&#8221;left&#8221; background_image_as_pattern=&#8221;without_pattern&#8221; css=&#8221;.vc_custom_1639595652017{background-image: url(https:\/\/welcomelalfas.com\/wp-content\/uploads\/2021\/06\/fondo-pie-tn.jpg?id=389) !important;}&#8221; z_index=&#8221;&#8221; padding_top=&#8221;157&#8243; padding_bottom=&#8221;100&#8243;][vc_column][\/vc_column][\/vc_row]<\/p>\n","protected":false},"excerpt":{"rendered":"<p>[vc_row css_animation=&#8221;&#8221; row_type=&#8221;row&#8221; use_row_as_full_screen_section=&#8221;no&#8221; type=&#8221;grid&#8221; angled_section=&#8221;no&#8221; text_align=&#8221;left&#8221; background_image_as_pattern=&#8221;without_pattern&#8221; z_index=&#8221;&#8221; padding_top=&#8221;70&#8243; padding_bottom=&#8221;70&#8243;][vc_column][qode_elements_holder number_of_columns=&#8221;two_columns&#8221;][qode_elements_holder_item vertical_alignment=&#8221;top&#8221; horizontal_alignment=&#8221;center&#8221; advanced_animations=&#8221;no&#8221; item_padding=&#8221;20px 20px 20px 20px&#8221;][vc_single_image image=&#8221;3804&#8243; img_size=&#8221;large&#8221; qode_css_animation=&#8221;&#8221;][vc_column_text css=&#8221;.vc_custom_1664621738090{margin-top: 20px !important;}&#8221;] OFICINA TURISME L&#8217;Alf\u00e0s del Pi [\/vc_column_text][vc_column_text css=&#8221;.vc_custom_1666096176689{margin-bottom: 30px !important;}&#8221;] Carrer les Escoles 03580 l&#8217;Alf\u00e0s del Pi Alacant +34 965 888&#8230;<\/p>\n","protected":false},"author":1,"featured_media":0,"parent":0,"menu_order":0,"comment_status":"closed","ping_status":"closed","template":"full_width.php","meta":[],"yoast_head":"<!-- This site is optimized with the Yoast SEO plugin v19.7.1 - https:\/\/yoast.com\/wordpress\/plugins\/seo\/ -->\n<title>Contacte | Welcome L&#039;Alf\u00e0s<\/title>\n<meta name=\"description\" content=\"Contacte | Welcome L&#039;Alf\u00e0s\" \/>\n<meta name=\"robots\" content=\"index, follow, max-snippet:-1, max-image-preview:large, max-video-preview:-1\" \/>\n<link rel=\"canonical\" href=\"https:\/\/welcomelalfas.com\/val\/contacte\/\" \/>\n<meta property=\"og:locale\" content=\"en_US\" \/>\n<meta property=\"og:type\" content=\"article\" \/>\n<meta property=\"og:title\" content=\"Contacte | Welcome L&#039;Alf\u00e0s\" \/>\n<meta property=\"og:description\" content=\"Contacte | Welcome L&#039;Alf\u00e0s\" \/>\n<meta property=\"og:url\" content=\"https:\/\/welcomelalfas.com\/val\/contacte\/\" \/>\n<meta property=\"og:site_name\" content=\"Welcome L&#039;Alf\u00e0s\" \/>\n<meta property=\"article:modified_time\" content=\"2022-11-21T11:44:42+00:00\" \/>\n<meta name=\"twitter:card\" content=\"summary_large_image\" \/>\n<meta name=\"twitter:label1\" content=\"Est. reading time\" \/>\n\t<meta name=\"twitter:data1\" content=\"3 minutes\" \/>\n<script type=\"application\/ld+json\" class=\"yoast-schema-graph\">{\"@context\":\"https:\/\/schema.org\",\"@graph\":[{\"@type\":\"WebPage\",\"@id\":\"https:\/\/welcomelalfas.com\/val\/contacte\/\",\"url\":\"https:\/\/welcomelalfas.com\/val\/contacte\/\",\"name\":\"Contacte | Welcome L&#039;Alf\u00e0s\",\"isPartOf\":{\"@id\":\"https:\/\/welcomelalfas.com\/#website\"},\"datePublished\":\"2021-03-17T13:17:55+00:00\",\"dateModified\":\"2022-11-21T11:44:42+00:00\",\"description\":\"Contacte | Welcome L&#039;Alf\u00e0s\",\"breadcrumb\":{\"@id\":\"https:\/\/welcomelalfas.com\/val\/contacte\/#breadcrumb\"},\"inLanguage\":\"val\",\"potentialAction\":[{\"@type\":\"ReadAction\",\"target\":[\"https:\/\/welcomelalfas.com\/val\/contacte\/\"]}]},{\"@type\":\"BreadcrumbList\",\"@id\":\"https:\/\/welcomelalfas.com\/val\/contacte\/#breadcrumb\",\"itemListElement\":[{\"@type\":\"ListItem\",\"position\":1,\"name\":\"Portada\",\"item\":\"https:\/\/welcomelalfas.com\/val\/\"},{\"@type\":\"ListItem\",\"position\":2,\"name\":\"Contacte\"}]},{\"@type\":\"WebSite\",\"@id\":\"https:\/\/welcomelalfas.com\/#website\",\"url\":\"https:\/\/welcomelalfas.com\/\",\"name\":\"Welcome L&#039;Alf\u00e0s\",\"description\":\"Welcome L&#039;Alf\u00e0s\",\"potentialAction\":[{\"@type\":\"SearchAction\",\"target\":{\"@type\":\"EntryPoint\",\"urlTemplate\":\"https:\/\/welcomelalfas.com\/?s={search_term_string}\"},\"query-input\":\"required name=search_term_string\"}],\"inLanguage\":\"val\"}]}<\/script>\n<!-- \/ Yoast SEO plugin. -->","yoast_head_json":{"title":"Contacte | Welcome L&#039;Alf\u00e0s","description":"Contacte | Welcome L&#039;Alf\u00e0s","robots":{"index":"index","follow":"follow","max-snippet":"max-snippet:-1","max-image-preview":"max-image-preview:large","max-video-preview":"max-video-preview:-1"},"canonical":"https:\/\/welcomelalfas.com\/val\/contacte\/","og_locale":"en_US","og_type":"article","og_title":"Contacte | Welcome L&#039;Alf\u00e0s","og_description":"Contacte | Welcome L&#039;Alf\u00e0s","og_url":"https:\/\/welcomelalfas.com\/val\/contacte\/","og_site_name":"Welcome L&#039;Alf\u00e0s","article_modified_time":"2022-11-21T11:44:42+00:00","twitter_card":"summary_large_image","twitter_misc":{"Est. reading time":"3 minutes"},"schema":{"@context":"https:\/\/schema.org","@graph":[{"@type":"WebPage","@id":"https:\/\/welcomelalfas.com\/val\/contacte\/","url":"https:\/\/welcomelalfas.com\/val\/contacte\/","name":"Contacte | Welcome L&#039;Alf\u00e0s","isPartOf":{"@id":"https:\/\/welcomelalfas.com\/#website"},"datePublished":"2021-03-17T13:17:55+00:00","dateModified":"2022-11-21T11:44:42+00:00","description":"Contacte | Welcome L&#039;Alf\u00e0s","breadcrumb":{"@id":"https:\/\/welcomelalfas.com\/val\/contacte\/#breadcrumb"},"inLanguage":"val","potentialAction":[{"@type":"ReadAction","target":["https:\/\/welcomelalfas.com\/val\/contacte\/"]}]},{"@type":"BreadcrumbList","@id":"https:\/\/welcomelalfas.com\/val\/contacte\/#breadcrumb","itemListElement":[{"@type":"ListItem","position":1,"name":"Portada","item":"https:\/\/welcomelalfas.com\/val\/"},{"@type":"ListItem","position":2,"name":"Contacte"}]},{"@type":"WebSite","@id":"https:\/\/welcomelalfas.com\/#website","url":"https:\/\/welcomelalfas.com\/","name":"Welcome L&#039;Alf\u00e0s","description":"Welcome L&#039;Alf\u00e0s","potentialAction":[{"@type":"SearchAction","target":{"@type":"EntryPoint","urlTemplate":"https:\/\/welcomelalfas.com\/?s={search_term_string}"},"query-input":"required name=search_term_string"}],"inLanguage":"val"}]}},"_links":{"self":[{"href":"https:\/\/welcomelalfas.com\/val\/wp-json\/wp\/v2\/pages\/3681"}],"collection":[{"href":"https:\/\/welcomelalfas.com\/val\/wp-json\/wp\/v2\/pages"}],"about":[{"href":"https:\/\/welcomelalfas.com\/val\/wp-json\/wp\/v2\/types\/page"}],"author":[{"embeddable":true,"href":"https:\/\/welcomelalfas.com\/val\/wp-json\/wp\/v2\/users\/1"}],"replies":[{"embeddable":true,"href":"https:\/\/welcomelalfas.com\/val\/wp-json\/wp\/v2\/comments?post=3681"}],"version-history":[{"count":17,"href":"https:\/\/welcomelalfas.com\/val\/wp-json\/wp\/v2\/pages\/3681\/revisions"}],"predecessor-version":[{"id":4800,"href":"https:\/\/welcomelalfas.com\/val\/wp-json\/wp\/v2\/pages\/3681\/revisions\/4800"}],"wp:attachment":[{"href":"https:\/\/welcomelalfas.com\/val\/wp-json\/wp\/v2\/media?parent=3681"}],"curies":[{"name":"wp","href":"https:\/\/api.w.org\/{rel}","templated":true}]}}