{"id":3758,"date":"2021-08-31T10:54:46","date_gmt":"2021-08-31T10:54:46","guid":{"rendered":"https:\/\/welcomelalfas.com\/?page_id=3758"},"modified":"2022-10-03T08:19:48","modified_gmt":"2022-10-03T08:19:48","slug":"centre-dinterpretacio-els-coscolls","status":"publish","type":"page","link":"https:\/\/welcomelalfas.com\/val\/centre-dinterpretacio-els-coscolls\/","title":{"rendered":"Centre d&#8217;interpretaci\u00f3 Els Coscolls"},"content":{"rendered":"<p>[vc_row css_animation=&#8221;&#8221; row_type=&#8221;row&#8221; use_row_as_full_screen_section=&#8221;no&#8221; type=&#8221;grid&#8221; angled_section=&#8221;no&#8221; text_align=&#8221;left&#8221; background_image_as_pattern=&#8221;without_pattern&#8221; z_index=&#8221;&#8221; padding_top=&#8221;50&#8243;][vc_column css=&#8221;.vc_custom_1630316963515{margin-top: 40px !important;}&#8221;][vc_column_text]El Centre d&#8217;Interpretaci\u00f3 Mediambiental i Paisatg\u00edstica Els Coscolls, alberga m\u00e9s de 200 esp\u00e8cies bot\u00e0niques i constitueix una de les \u00e0rees forestals amb major concentraci\u00f3 de plantes end\u00e8miques de la Comunitat Valenciana. Opera a m\u00e9s, com a centre de conservaci\u00f3 de flora recuperant esp\u00e8cies end\u00e8miques i\/o en perill d&#8217;extinci\u00f3.<\/p>\n<p>&nbsp;<\/p>\n<p>En aquest ecosistema de 11.000m2 s&#8217;ha creat un recorregut interpretatiu en el qual amb finalitats did\u00e0ctics i educatius s&#8217;han definit diferents espais<\/p>\n<p>&nbsp;<\/p>\n<h3><strong>PLANTES END\u00c8MIQUES<\/strong><\/h3>\n<p>Zona on s&#8217;exposen esp\u00e8cies que nom\u00e9s podem trobar en algun espai en concret de la comunitat valenciana, com la Zamarrilla de yesar, end\u00e8mica de la zona de Carbonera o la Silene Hifacensis tamb\u00e9 end\u00e8mica del nostre territori.<\/p>\n<p>&nbsp;<\/p>\n<h3><strong>PLANTES CULIN\u00c0RIES, AROM\u00c0TIQUES I MEDICINALS<\/strong><\/h3>\n<p>Zona on s&#8217;exposen gran nombre de plantes que pels seus usos i costums, han sigut molt representatives en el nostre territori<\/p>\n<p>&nbsp;<\/p>\n<h3><strong>MAQUIA MEDITERR\u00c1NEA<\/strong><\/h3>\n<p>Zona on s&#8217;exposen les esp\u00e8cies m\u00e9s representatives del sotabosc mediterrani.<\/p>\n<p>&nbsp;<\/p>\n<h3><strong>ZONA DE RIBERA<\/strong><\/h3>\n<p>En la qual s&#8217;ha creat un xicotet estany, que t\u00e9 com a principal objectiu la representaci\u00f3 de les esp\u00e8cies vegetals de ribera i aqu\u00e0tiques. Tamb\u00e9 serveix de reservori per als amfibis de la nostra zona com (la granota, el gripau com\u00fa i el gripau corredor).<\/p>\n<p>&nbsp;<\/p>\n<h3><strong>LL&#8217;EVOLUCI\u00d3 DE LES ESP\u00c8CIES FORESTALS<\/strong><\/h3>\n<p>En aquesta zona s&#8217;exposen les esp\u00e8cies forestals que mitjan\u00e7ant la selecci\u00f3 gen\u00e8tica hem anat transformant en els cultius tradicionals que tenim hui dia. L&#8217;ullastre en nombroses varietats d&#8217;oliveres, la vinya silvestre en totes les varietats de ra\u00efm que coneixem etc\u2026<\/p>\n<p>&nbsp;<\/p>\n<h3><strong>HIVERNACLE<\/strong><\/h3>\n<p>En el qual es realitzen pr\u00e0ctiques amb diferents col\u00b7lectius municipals com a plans d&#8217;ocupaci\u00f3, alumnes de l&#8217;institut etc\u2026 Pr\u00e0ctiques que consisteixen en les diferents t\u00e8cniques de propagaci\u00f3 vegetativa (empelt, llavors, bulbs, estaques etc\u2026). Tota aquestes esp\u00e8cies s&#8217;aprofiten per a la jardineria local.<\/p>\n<p>&nbsp;<\/p>\n<h3><strong>HORT ECOL\u00d2GIC<\/strong><\/h3>\n<p>Que t\u00e9 com a fi convertir-se en una eina did\u00e0ctica sobre agricultura ecol\u00f2gica. A m\u00e9s de realitzar diversos cursos teoricopr\u00e0ctic sobre agricultura ecol\u00f2gica.<\/p>\n<p>&nbsp;<\/p>\n<h3><strong>JARD\u00cd DE LA DONA<\/strong><\/h3>\n<p>En el qual s&#8217;exposen les esp\u00e8cies que han sigut ocupades per les dones amb finalitats medicinals des d&#8217;antany.<\/p>\n<p>&nbsp;<\/p>\n<h3><strong>HORT SILENE<\/strong><\/h3>\n<p>Espai que a trav\u00e9s del conveni de col\u00b7laboraci\u00f3 amb el Centre d&#8217;Investigaci\u00f3 i Experimentaci\u00f3 Forestal (CIEF) de la Generalitat Valenciana, s&#8217;ha convertit en el major centre de recuperaci\u00f3 de la Silene Hifacensis, esp\u00e8cie end\u00e8mica en perill d&#8217;extinci\u00f3.<\/p>\n<p>&nbsp;<\/p>\n<p>Aquest centre que t\u00e9 el major nombre d&#8217;esp\u00e8cies reproductores de tota Espanya, va aconseguir l&#8217;any 2018 la distinci\u00f3 de Centre Blau s\u00edmbol de la seua qualitat i excel\u00b7l\u00e8ncia, est\u00e0 en constant evoluci\u00f3 i pr\u00f2ximament t\u00e9 prevista l&#8217;adequaci\u00f3 d&#8217;un nou espai on es podran apreciar les fases del bosc i la seua evoluci\u00f3.<br \/>\n[\/vc_column_text][\/vc_column][\/vc_row][vc_row css_animation=&#8221;&#8221; row_type=&#8221;row&#8221; use_row_as_full_screen_section=&#8221;no&#8221; type=&#8221;full_width&#8221; angled_section=&#8221;no&#8221; text_align=&#8221;left&#8221; background_image_as_pattern=&#8221;without_pattern&#8221; z_index=&#8221;&#8221; padding_top=&#8221;70&#8243;][vc_column css_animation=&#8221;fadeIn&#8221;][vc_gallery type=&#8221;image_grid&#8221; images=&#8221;3760,3761,3762&#8243; img_size=&#8221;full&#8221; onclick=&#8221;&#8221; column_number=&#8221;3&#8243; grayscale=&#8221;no&#8221; images_space=&#8221;gallery_with_space&#8221;][\/vc_column][\/vc_row][vc_row css_animation=&#8221;&#8221; row_type=&#8221;row&#8221; use_row_as_full_screen_section=&#8221;no&#8221; type=&#8221;full_width&#8221; angled_section=&#8221;no&#8221; text_align=&#8221;left&#8221; background_image_as_pattern=&#8221;without_pattern&#8221; css=&#8221;.vc_custom_1659524516059{margin-top: 70px !important;background-image: url(https:\/\/welcomelalfas.com\/wp-content\/uploads\/2021\/08\/carrascos-bg.jpg?id=804) !important;background-position: center !important;background-repeat: no-repeat !important;background-size: cover !important;}&#8221; z_index=&#8221;&#8221; padding_top=&#8221;200&#8243; padding_bottom=&#8221;200&#8243; el_id=&#8221;vvirtual&#8221;][vc_column][vc_column_text]<\/p>\n<p class=\"text-center\"><a class=\"qbutton medium center default\" style=\"color: #ffffff; border-color: #006198; border-radius: 4px; -moz-border-radius: 4px; -webkit-border-radius: 4px; background-color: #006198;\" href=\"https:\/\/lookishtg.com\/360\/ALICANTE-PROVINCIA\/Alfazdelpi\/CARRASCOS\/index.htm\" target=\"_blank\" rel=\"noopener\" data-hover-background-color=\"#006198\" data-hover-border-color=\"#006198\" data-hover-color=\"#ffffff\"><i class=\"fa fa-eye\" aria-hidden=\"true\"><\/i> Visita Virtual Centro I Parque Los Carrascos<\/a><\/p>\n<p>[\/vc_column_text][\/vc_column][\/vc_row][vc_row css_animation=&#8221;&#8221; row_type=&#8221;row&#8221; use_row_as_full_screen_section=&#8221;no&#8221; type=&#8221;full_width&#8221; angled_section=&#8221;no&#8221; text_align=&#8221;left&#8221; background_image_as_pattern=&#8221;without_pattern&#8221; z_index=&#8221;&#8221; padding_top=&#8221;70&#8243;][vc_column][vc_gmaps link=&#8221;#E-8_JTNDaWZyYW1lJTIwc3JjJTNEJTIyaHR0cHMlM0ElMkYlMkZ3d3cuZ29vZ2xlLmNvbSUyRm1hcHMlMkZlbWJlZCUzRnBiJTNEJTIxMW0xOCUyMTFtMTIlMjExbTMlMjExZDMxMTkuNzkyNzc1NjY3ODk4JTIxMmQtMC4wNzUwMzEyMzM4MDk0MzUzMSUyMTNkMzguNTYxNTg3OTY4MDY4MzQlMjEybTMlMjExZjAlMjEyZjAlMjEzZjAlMjEzbTIlMjExaTEwMjQlMjEyaTc2OCUyMTRmMTMuMSUyMTNtMyUyMTFtMiUyMTFzMHhkNjIwN2ZmNDk2ZGIxZTMlMjUzQTB4MjExNjY1MDBhZjcwMjY0YiUyMTJzUGFycXVlJTI1MjBmb3Jlc3RhbCUyNTIwJTI1MjJMb3MlMjUyMENhcnJhc2NvcyUyNTIyJTIxNWUwJTIxM20yJTIxMXNlcyUyMTJzZXMlMjE0djE2MzA0MDgwOTk3NTMlMjE1bTIlMjExc2VzJTIxMnNlcyUyMiUyMHdpZHRoJTNEJTIyMTAwJTI1JTIyJTIwaGVpZ2h0JTNEJTIyNDUwJTIyJTIwc3R5bGUlM0QlMjJib3JkZXIlM0EwJTNCJTIyJTIwYWxsb3dmdWxsc2NyZWVuJTNEJTIyJTIyJTIwbG9hZGluZyUzRCUyMmxhenklMjIlM0UlM0MlMkZpZnJhbWUlM0U=&#8221;][\/vc_column][\/vc_row][vc_row css_animation=&#8221;&#8221; row_type=&#8221;row&#8221; use_row_as_full_screen_section=&#8221;no&#8221; type=&#8221;full_width&#8221; angled_section=&#8221;no&#8221; text_align=&#8221;left&#8221; background_image_as_pattern=&#8221;without_pattern&#8221; z_index=&#8221;&#8221; padding_top=&#8221;70&#8243; padding_bottom=&#8221;50&#8243;][vc_column][vc_column_text]<h2 style=\"text-align: center;font-size:28px;text-transform:none;\">Tamb\u00e9 podeu visitar<\/h2><div class=\"section_inner clearfix full-width\">\n            <div class=\"section_inner_margin clearfix\">\n                <div class=\"wpb_column vc_column_container container_inner\" style=\"margin:0 auto;\">\n                    <div class=\"vc_column-inner\">\n                        <div class=\"wpb_wrapper\">\n                            <div class=\"woocommerce columns-3\">\n                                <ul class=\"products\"><li class=\"product type-product post-3559\">\n                                                <div class=\"top-product-section\">\n\t\t\t\t\t\t\t\t\t\t\t\t    <a href=\"https:\/\/welcomelalfas.com\/val\/centre-dinterpretacio-faro-de-lalbir\/\"><img width=\"800\" height=\"528\" src=\"https:\/\/welcomelalfas.com\/wp-content\/uploads\/2021\/05\/faro-albir-009.jpg\" class=\"attachment-post-thumbnail size-post-thumbnail wp-post-image\" alt=\"\" loading=\"lazy\" srcset=\"https:\/\/welcomelalfas.com\/wp-content\/uploads\/2021\/05\/faro-albir-009.jpg 800w, https:\/\/welcomelalfas.com\/wp-content\/uploads\/2021\/05\/faro-albir-009-300x198.jpg 300w, https:\/\/welcomelalfas.com\/wp-content\/uploads\/2021\/05\/faro-albir-009-768x507.jpg 768w, https:\/\/welcomelalfas.com\/wp-content\/uploads\/2021\/05\/faro-albir-009-700x462.jpg 700w\" sizes=\"(max-width: 800px) 100vw, 800px\" \/><\/a>   \n                                                    <a href=\"https:\/\/welcomelalfas.com\/val\/centre-dinterpretacio-faro-de-lalbir\/\" class=\"text-center\"><h3>Centre d\u2019Interpretaci\u00f3 Faro de l\u2019Albir<\/h3><\/a>\n                                                <\/div>\n                                                <\/li><li class=\"product type-product post-3771\">\n                                                <div class=\"top-product-section\">\n\t\t\t\t\t\t\t\t\t\t\t\t    <a href=\"https:\/\/welcomelalfas.com\/val\/la-pedrera\/\"><img width=\"1000\" height=\"667\" src=\"https:\/\/welcomelalfas.com\/wp-content\/uploads\/2021\/08\/la-cantera-albir-05.jpg\" class=\"attachment-post-thumbnail size-post-thumbnail wp-post-image\" alt=\"\" loading=\"lazy\" srcset=\"https:\/\/welcomelalfas.com\/wp-content\/uploads\/2021\/08\/la-cantera-albir-05.jpg 1000w, https:\/\/welcomelalfas.com\/wp-content\/uploads\/2021\/08\/la-cantera-albir-05-300x200.jpg 300w, https:\/\/welcomelalfas.com\/wp-content\/uploads\/2021\/08\/la-cantera-albir-05-768x512.jpg 768w, https:\/\/welcomelalfas.com\/wp-content\/uploads\/2021\/08\/la-cantera-albir-05-700x467.jpg 700w\" sizes=\"(max-width: 1000px) 100vw, 1000px\" \/><\/a>   \n                                                    <a href=\"https:\/\/welcomelalfas.com\/val\/la-pedrera\/\" class=\"text-center\"><h3>La Pedrera<\/h3><\/a>\n                                                <\/div>\n                                                <\/li><li class=\"product type-product post-3874\" style=\"margin-right:0;\" >\n                                                <div class=\"top-product-section\">\n\t\t\t\t\t\t\t\t\t\t\t\t    <a href=\"https:\/\/welcomelalfas.com\/val\/museo-a-laire-lliure-vila-romana-de-lalbir\/\"><img width=\"1000\" height=\"667\" src=\"https:\/\/welcomelalfas.com\/wp-content\/uploads\/2021\/09\/museo-villa-romana-albir-26.jpg\" class=\"attachment-post-thumbnail size-post-thumbnail wp-post-image\" alt=\"\" loading=\"lazy\" srcset=\"https:\/\/welcomelalfas.com\/wp-content\/uploads\/2021\/09\/museo-villa-romana-albir-26.jpg 1000w, https:\/\/welcomelalfas.com\/wp-content\/uploads\/2021\/09\/museo-villa-romana-albir-26-300x200.jpg 300w, https:\/\/welcomelalfas.com\/wp-content\/uploads\/2021\/09\/museo-villa-romana-albir-26-768x512.jpg 768w, https:\/\/welcomelalfas.com\/wp-content\/uploads\/2021\/09\/museo-villa-romana-albir-26-700x467.jpg 700w\" sizes=\"(max-width: 1000px) 100vw, 1000px\" \/><\/a>   \n                                                    <a href=\"https:\/\/welcomelalfas.com\/val\/museo-a-laire-lliure-vila-romana-de-lalbir\/\" class=\"text-center\"><h3>Museu a l&#8217;Aire Lliure Vila Romana de l&#8217;Albir<\/h3><\/a>\n                                                <\/div>\n                                                <\/li><\/ul>\n                            <\/div>\n                        <\/div>\n                    <\/div>\n                <\/div>\n            <\/div>\n        <\/div>[\/vc_column_text][\/vc_column][\/vc_row][vc_row css_animation=&#8221;&#8221; row_type=&#8221;row&#8221; use_row_as_full_screen_section=&#8221;no&#8221; type=&#8221;full_width&#8221; angled_section=&#8221;no&#8221; text_align=&#8221;left&#8221; background_image_as_pattern=&#8221;without_pattern&#8221; css=&#8221;.vc_custom_1664361238797{background-image: url(https:\/\/welcomelalfas.com\/wp-content\/uploads\/2021\/06\/fondo-pie-tn.jpg?id=389) !important;}&#8221; z_index=&#8221;&#8221; padding_top=&#8221;157&#8243; padding_bottom=&#8221;100&#8243;][vc_column][\/vc_column][\/vc_row]<\/p>\n","protected":false},"excerpt":{"rendered":"<p>[vc_row css_animation=&#8221;&#8221; row_type=&#8221;row&#8221; use_row_as_full_screen_section=&#8221;no&#8221; type=&#8221;grid&#8221; angled_section=&#8221;no&#8221; text_align=&#8221;left&#8221; background_image_as_pattern=&#8221;without_pattern&#8221; z_index=&#8221;&#8221; padding_top=&#8221;50&#8243;][vc_column css=&#8221;.vc_custom_1630316963515{margin-top: 40px !important;}&#8221;][vc_column_text]El Centre d&#8217;Interpretaci\u00f3 Mediambiental i Paisatg\u00edstica Els Coscolls, alberga m\u00e9s de 200 esp\u00e8cies bot\u00e0niques i constitueix una de les \u00e0rees forestals amb major concentraci\u00f3 de plantes end\u00e8miques de la Comunitat Valenciana. Opera a&#8230;<\/p>\n","protected":false},"author":2,"featured_media":3763,"parent":0,"menu_order":0,"comment_status":"closed","ping_status":"closed","template":"full_width.php","meta":[],"yoast_head":"<!-- This site is optimized with the Yoast SEO plugin v19.7.1 - https:\/\/yoast.com\/wordpress\/plugins\/seo\/ -->\n<title>Centre d&#039;interpretaci\u00f3 Els Coscolls | Welcome L&#039;Alf\u00e0s<\/title>\n<meta name=\"description\" content=\"Centre d&#039;interpretaci\u00f3 Els Coscolls | Welcome L&#039;Alf\u00e0s\" \/>\n<meta name=\"robots\" content=\"index, follow, max-snippet:-1, max-image-preview:large, max-video-preview:-1\" \/>\n<link rel=\"canonical\" href=\"https:\/\/welcomelalfas.com\/val\/centre-dinterpretacio-els-coscolls\/\" \/>\n<meta property=\"og:locale\" content=\"en_US\" \/>\n<meta property=\"og:type\" content=\"article\" \/>\n<meta property=\"og:title\" content=\"Centre d&#039;interpretaci\u00f3 Els Coscolls | Welcome L&#039;Alf\u00e0s\" \/>\n<meta property=\"og:description\" content=\"Centre d&#039;interpretaci\u00f3 Els Coscolls | Welcome L&#039;Alf\u00e0s\" \/>\n<meta property=\"og:url\" content=\"https:\/\/welcomelalfas.com\/val\/centre-dinterpretacio-els-coscolls\/\" \/>\n<meta property=\"og:site_name\" content=\"Welcome L&#039;Alf\u00e0s\" \/>\n<meta property=\"article:modified_time\" content=\"2022-10-03T08:19:48+00:00\" \/>\n<meta property=\"og:image\" content=\"https:\/\/welcomelalfas.com\/wp-content\/uploads\/2021\/09\/carrascos-rel.jpg\" \/>\n\t<meta property=\"og:image:width\" content=\"1000\" \/>\n\t<meta property=\"og:image:height\" content=\"667\" \/>\n\t<meta property=\"og:image:type\" content=\"image\/jpeg\" \/>\n<meta name=\"twitter:card\" content=\"summary_large_image\" \/>\n<meta name=\"twitter:label1\" content=\"Est. reading time\" \/>\n\t<meta name=\"twitter:data1\" content=\"3 minutes\" \/>\n<script type=\"application\/ld+json\" class=\"yoast-schema-graph\">{\"@context\":\"https:\/\/schema.org\",\"@graph\":[{\"@type\":\"WebPage\",\"@id\":\"https:\/\/welcomelalfas.com\/val\/centre-dinterpretacio-els-coscolls\/\",\"url\":\"https:\/\/welcomelalfas.com\/val\/centre-dinterpretacio-els-coscolls\/\",\"name\":\"Centre d'interpretaci\u00f3 Els Coscolls | Welcome L&#039;Alf\u00e0s\",\"isPartOf\":{\"@id\":\"https:\/\/welcomelalfas.com\/#website\"},\"datePublished\":\"2021-08-31T10:54:46+00:00\",\"dateModified\":\"2022-10-03T08:19:48+00:00\",\"description\":\"Centre d'interpretaci\u00f3 Els Coscolls | Welcome L&#039;Alf\u00e0s\",\"breadcrumb\":{\"@id\":\"https:\/\/welcomelalfas.com\/val\/centre-dinterpretacio-els-coscolls\/#breadcrumb\"},\"inLanguage\":\"val\",\"potentialAction\":[{\"@type\":\"ReadAction\",\"target\":[\"https:\/\/welcomelalfas.com\/val\/centre-dinterpretacio-els-coscolls\/\"]}]},{\"@type\":\"BreadcrumbList\",\"@id\":\"https:\/\/welcomelalfas.com\/val\/centre-dinterpretacio-els-coscolls\/#breadcrumb\",\"itemListElement\":[{\"@type\":\"ListItem\",\"position\":1,\"name\":\"Portada\",\"item\":\"https:\/\/welcomelalfas.com\/val\/\"},{\"@type\":\"ListItem\",\"position\":2,\"name\":\"Centre d&#8217;interpretaci\u00f3 Els Coscolls\"}]},{\"@type\":\"WebSite\",\"@id\":\"https:\/\/welcomelalfas.com\/#website\",\"url\":\"https:\/\/welcomelalfas.com\/\",\"name\":\"Welcome L&#039;Alf\u00e0s\",\"description\":\"Welcome L&#039;Alf\u00e0s\",\"potentialAction\":[{\"@type\":\"SearchAction\",\"target\":{\"@type\":\"EntryPoint\",\"urlTemplate\":\"https:\/\/welcomelalfas.com\/?s={search_term_string}\"},\"query-input\":\"required name=search_term_string\"}],\"inLanguage\":\"val\"}]}<\/script>\n<!-- \/ Yoast SEO plugin. -->","yoast_head_json":{"title":"Centre d'interpretaci\u00f3 Els Coscolls | Welcome L&#039;Alf\u00e0s","description":"Centre d'interpretaci\u00f3 Els Coscolls | Welcome L&#039;Alf\u00e0s","robots":{"index":"index","follow":"follow","max-snippet":"max-snippet:-1","max-image-preview":"max-image-preview:large","max-video-preview":"max-video-preview:-1"},"canonical":"https:\/\/welcomelalfas.com\/val\/centre-dinterpretacio-els-coscolls\/","og_locale":"en_US","og_type":"article","og_title":"Centre d'interpretaci\u00f3 Els Coscolls | Welcome L&#039;Alf\u00e0s","og_description":"Centre d'interpretaci\u00f3 Els Coscolls | Welcome L&#039;Alf\u00e0s","og_url":"https:\/\/welcomelalfas.com\/val\/centre-dinterpretacio-els-coscolls\/","og_site_name":"Welcome L&#039;Alf\u00e0s","article_modified_time":"2022-10-03T08:19:48+00:00","og_image":[{"width":1000,"height":667,"url":"https:\/\/welcomelalfas.com\/wp-content\/uploads\/2021\/09\/carrascos-rel.jpg","type":"image\/jpeg"}],"twitter_card":"summary_large_image","twitter_misc":{"Est. reading time":"3 minutes"},"schema":{"@context":"https:\/\/schema.org","@graph":[{"@type":"WebPage","@id":"https:\/\/welcomelalfas.com\/val\/centre-dinterpretacio-els-coscolls\/","url":"https:\/\/welcomelalfas.com\/val\/centre-dinterpretacio-els-coscolls\/","name":"Centre d'interpretaci\u00f3 Els Coscolls | Welcome L&#039;Alf\u00e0s","isPartOf":{"@id":"https:\/\/welcomelalfas.com\/#website"},"datePublished":"2021-08-31T10:54:46+00:00","dateModified":"2022-10-03T08:19:48+00:00","description":"Centre d'interpretaci\u00f3 Els Coscolls | Welcome L&#039;Alf\u00e0s","breadcrumb":{"@id":"https:\/\/welcomelalfas.com\/val\/centre-dinterpretacio-els-coscolls\/#breadcrumb"},"inLanguage":"val","potentialAction":[{"@type":"ReadAction","target":["https:\/\/welcomelalfas.com\/val\/centre-dinterpretacio-els-coscolls\/"]}]},{"@type":"BreadcrumbList","@id":"https:\/\/welcomelalfas.com\/val\/centre-dinterpretacio-els-coscolls\/#breadcrumb","itemListElement":[{"@type":"ListItem","position":1,"name":"Portada","item":"https:\/\/welcomelalfas.com\/val\/"},{"@type":"ListItem","position":2,"name":"Centre d&#8217;interpretaci\u00f3 Els Coscolls"}]},{"@type":"WebSite","@id":"https:\/\/welcomelalfas.com\/#website","url":"https:\/\/welcomelalfas.com\/","name":"Welcome L&#039;Alf\u00e0s","description":"Welcome L&#039;Alf\u00e0s","potentialAction":[{"@type":"SearchAction","target":{"@type":"EntryPoint","urlTemplate":"https:\/\/welcomelalfas.com\/?s={search_term_string}"},"query-input":"required name=search_term_string"}],"inLanguage":"val"}]}},"_links":{"self":[{"href":"https:\/\/welcomelalfas.com\/val\/wp-json\/wp\/v2\/pages\/3758"}],"collection":[{"href":"https:\/\/welcomelalfas.com\/val\/wp-json\/wp\/v2\/pages"}],"about":[{"href":"https:\/\/welcomelalfas.com\/val\/wp-json\/wp\/v2\/types\/page"}],"author":[{"embeddable":true,"href":"https:\/\/welcomelalfas.com\/val\/wp-json\/wp\/v2\/users\/2"}],"replies":[{"embeddable":true,"href":"https:\/\/welcomelalfas.com\/val\/wp-json\/wp\/v2\/comments?post=3758"}],"version-history":[{"count":2,"href":"https:\/\/welcomelalfas.com\/val\/wp-json\/wp\/v2\/pages\/3758\/revisions"}],"predecessor-version":[{"id":3765,"href":"https:\/\/welcomelalfas.com\/val\/wp-json\/wp\/v2\/pages\/3758\/revisions\/3765"}],"wp:featuredmedia":[{"embeddable":true,"href":"https:\/\/welcomelalfas.com\/val\/wp-json\/wp\/v2\/media\/3763"}],"wp:attachment":[{"href":"https:\/\/welcomelalfas.com\/val\/wp-json\/wp\/v2\/media?parent=3758"}],"curies":[{"name":"wp","href":"https:\/\/api.w.org\/{rel}","templated":true}]}}