{"id":3782,"date":"2021-08-31T09:43:17","date_gmt":"2021-08-31T09:43:17","guid":{"rendered":"https:\/\/welcomelalfas.com\/?page_id=3782"},"modified":"2022-10-03T09:14:31","modified_gmt":"2022-10-03T09:14:31","slug":"platges-de-lalfas-del-pi","status":"publish","type":"page","link":"https:\/\/welcomelalfas.com\/val\/platges-de-lalfas-del-pi\/","title":{"rendered":"Platges de l&#8217;Alf\u00e0s del Pi"},"content":{"rendered":"<p>[vc_row css_animation=&#8221;&#8221; row_type=&#8221;row&#8221; use_row_as_full_screen_section=&#8221;no&#8221; type=&#8221;grid&#8221; angled_section=&#8221;no&#8221; text_align=&#8221;left&#8221; background_image_as_pattern=&#8221;without_pattern&#8221; z_index=&#8221;&#8221; padding_top=&#8221;30&#8243;][vc_column][vc_column_text]Un dels racons m\u00e9s espectaculars de l&#8217;Alf\u00e0s del Pi, \u00e9s sens dubte, la seua fa\u00e7ana litoral. El Rac\u00f3 de l\u2019Albir est\u00e0 situat en la badia d&#8217;Altea, entre les faldes de la Serra Gelada i l&#8217;imponent Penyal de Ifach. Des d&#8217;aquesta particular platja de cudols es pot gaudir d&#8217;una de les vistes m\u00e9s espectaculars de la costa alacantina. La qualitat de les seues aig\u00fces, serveis i la resta d&#8217;elements que conformen el seu litoral ha mantingut la bandera blava durant totes les edicions d&#8217;aquest reconeixement de qualitat que atorga anualment des de 1987 la Fundaci\u00f3 Europea d&#8217;Educaci\u00f3 Ambiental a les platges i ports que compleixen una s\u00e8rie de condicions ambientals i instal\u00b7lacions. Durant tot l&#8217;any, el passeig mar\u00edtim \u00e9s un anar i vindre de turistes i ve\u00efns, que acudeixen di\u00e0riament a la platja per a gaudir de les meravelloses vistes de la badia i rec\u00f3rrer el Passeig de les Estreles, en el qual estan gravats, sobre pedra i bronze, el nom dels artistes homenatjats cada any durant el Festival de Cinema de l&#8217;Alf\u00e0s del Pi. Al principi de la platja del Rac\u00f3 de l\u2019Albir \u00e9s on se situa l&#8217;oficina de turisme i la impressionant escultura de l&#8217;ancora, denominada \u201cAssentament\u201d obra de l&#8217;artista Jorge Castro, al voltant de la qual a l&#8217;estiu s&#8217;organitzen nombroses activitats culturals, dins de la programaci\u00f3 del Estiu Festiu. \u00c9s on tamb\u00e9 se situa cada estiu la Fira d&#8217;Artesania.<\/p>\n<p>&nbsp;<\/p>\n<h3><strong>Activitats N\u00e0utiques<\/strong><\/h3>\n<p>Els fons marins de la badia estan inclosos en l&#8217;espai protegit del Parc Natural de la Serra Gelada i posseeixen una gran varietat d&#8217;esp\u00e8cies animals, a m\u00e9s d&#8217;una extensa prada de Posid\u00f2nia oce\u00e0nica, una planta fonamental per a l&#8217;ecosistema mar\u00ed. Navegar entre les seues aig\u00fces \u00e9s sempre un privilegi i per a evitar el fondege s&#8217;han instal\u00b7lat boies ecol\u00f2giques. Les seues aig\u00fces s\u00f3n per tant l&#8217;escenari perfecte per a practicar submarinisme o tub respirador entre altres esports com el Pirag\u00fcisme, Paddle Surf, Vela o Windsurf.<\/p>\n<p>&nbsp;<\/p>\n<h3><strong>Biblio-platja<\/strong><\/h3>\n<p>Brinda a residents i visitants una bona ombra i la possibilitat de gaudir de la lectura en un entorn privilegiat. Els usuaris poden consultar la premsa nacional i internacional en diferents idiomes, a m\u00e9s de tindre acc\u00e9s a revistes i llibres.<\/p>\n<p>&nbsp;<\/p>\n<h3><strong>Parcs Infantils<\/strong><\/h3>\n<p>Els m\u00e9s xicotets poden divertir-se als parcs infantils, les xarxes de Voleibol de platja, el lloguer de patins a pedals o les activitats que cada estiu s&#8217;organitzen en la biblio-platja.<\/p>\n<p>&nbsp;<\/p>\n<h3><strong>Punt d&#8217;atenci\u00f3 al Bany Assistit<\/strong><\/h3>\n<p>Situat a l&#8217;altura de la biblio-platja, aquest servei est\u00e0 supervisat per personal t\u00e8cnic qualificat i compta amb cadires amf\u00edbies, crosses tamb\u00e9 amf\u00edbies, farmaciola, lavabos adaptats i dutxa.<\/p>\n<p>&nbsp;<\/p>\n<h3><strong>Altres Serveis<\/strong><\/h3>\n<p>Bandera Blava, Wifi, Ba\u00f1os, Llavapeus, Passarel\u00b7les, Vigil\u00e0ncia i Socorrisme, Megafonia, Jocs Infantils, Jocs Esportius, Parc de Calistenia, Biblio-platja, Restaurants, Hotels, C\u00e0mping, Carril Bici, Parada de Taxis, Oficina de Turisme. Centre de Busseig. Lloguer de Bicis. Lloguer d&#8217;Hamaques,Ombrel\u00b7les, Patinets, Caiacs i Taules de Padlesurf. Web Cam.[\/vc_column_text][\/vc_column][vc_column css=&#8221;.vc_custom_1655892216895{margin-top: 50px !important;margin-bottom: 30px !important;padding-top: 0px !important;padding-bottom: 0px !important;}&#8221;][vc_column_text el_class=&#8221;apartadoVRA&#8221; css=&#8221;.vc_custom_1664788360440{padding-top: 15px !important;padding-right: 19px !important;padding-bottom: 15px !important;padding-left: 10px !important;background-color: #007ac2 !important;}&#8221;]<\/p>\n<h2 class=\"white\">Cales i racons \u00fanics<\/h2>\n<p>[\/vc_column_text][\/vc_column][vc_column][vc_column_text]En el tram costaner de la Serra Gelada, se situen entre roca, cudols i penya-segats, tres cales naturals d&#8217;aigua cristal\u00b7lina, les quals compten amb una gran riquesa de flora i fauna marina on bussejar es converteix en una tasca altament recomanable. L&#8217;acc\u00e9s a les cales es pot realitzar des de la mar o a peu baixant les pistes pedregoses que salen des del cam\u00ed asfaltat al far. L&#8217;acc\u00e9s pel cam\u00ed de pedres obliga a portar especial cura i a comptar amb un cal\u00e7at c\u00f2mode i adequat. S\u00f3n cales que no compten amb un equip de salvament ja que la seua longitud no ho requereix, per\u00f2 s\u00ed que compten amb sistema de vigil\u00e0ncia que est\u00e0 pendent de qualsevol canvi o anomalia en l&#8217;estat de les aig\u00fces.<\/p>\n<p>&nbsp;<\/p>\n<h3><strong>La Cala del Amerador<\/strong><\/h3>\n<p>Ampl\u00e0ria: 7 m<br \/>\nExtensi\u00f3 de la cala: 20 m.<\/p>\n<p>Una de les m\u00e9s xicotetes, es diu aix\u00ed perqu\u00e8 \u00e9s on es posava a remullar l&#8217;espart recentment tallat per a ablanir-lo i despr\u00e9s crear cistells, cabassos o cordes. El seu material roc\u00f3s i el seu fons no massa profund, fan d&#8217;ella un enclavament \u00fanic i perfecte per a gaudir del busseig amateur i d&#8217;un dia de tranquil\u00b7litat a la vora del Mediterrani.<\/p>\n<p>&nbsp;<\/p>\n<h3><strong>La Cala del Metge<\/strong><\/h3>\n<p>Ampl\u00e0ria: 4 m<br \/>\nExtensi\u00f3 : 121 m.<\/p>\n<p>Una de les m\u00e9s boniques, que deu el seu nom a la proximitat de la casa del metge (metge). Totalment verge i molt recomanable per als amants del tub respirador quan no existeix onatge, destaca, no hi ha dubte, el seu relleu penya-segat, que fa d&#8217;ella un paratge \u00fanic per a gaudir d&#8217;unes vistes de somni.<\/p>\n<p>&nbsp;<\/p>\n<h3><strong>La Cala de la Mina<\/strong><\/h3>\n<p>Ampl\u00e0ria: 5 m<br \/>\nExtensi\u00f3 : 50 m.<\/p>\n<p>On es conserven restes d&#8217;una antiga mina d&#8217;ocre roig, \u00e9s una de les imprescindibles que has de visitar, de fet, \u00e9s un punt de trobada d&#8217;alguns velers i llanxes que abandonen durant unes hores el port per a fondejar en alguna de les seues boies ecol\u00f2giques.[\/vc_column_text][\/vc_column][vc_column css=&#8221;.vc_custom_1655890145954{margin-top: 50px !important;}&#8221; offset=&#8221;vc_col-lg-offset-2 vc_col-lg-8 vc_col-md-offset-2 vc_col-md-8&#8243;][vc_video link=&#8221;https:\/\/youtu.be\/9VXYPKXZnAA&#8221;][\/vc_column][\/vc_row][vc_row css_animation=&#8221;&#8221; row_type=&#8221;row&#8221; use_row_as_full_screen_section=&#8221;no&#8221; type=&#8221;full_width&#8221; angled_section=&#8221;no&#8221; text_align=&#8221;left&#8221; background_image_as_pattern=&#8221;without_pattern&#8221; z_index=&#8221;&#8221; padding_top=&#8221;70&#8243;][vc_column css_animation=&#8221;fadeIn&#8221;][vc_gallery type=&#8221;image_grid&#8221; images=&#8221;3785,3786,3787,3788,3789,3790,3795,3796,3792&#8243; img_size=&#8221;full&#8221; onclick=&#8221;&#8221; css_animation=&#8221;zoomIn&#8221; column_number=&#8221;3&#8243; grayscale=&#8221;no&#8221; images_space=&#8221;gallery_with_space&#8221;][\/vc_column][\/vc_row][vc_row css_animation=&#8221;&#8221; row_type=&#8221;row&#8221; use_row_as_full_screen_section=&#8221;no&#8221; type=&#8221;full_width&#8221; angled_section=&#8221;no&#8221; text_align=&#8221;left&#8221; background_image_as_pattern=&#8221;without_pattern&#8221; z_index=&#8221;&#8221; padding_top=&#8221;70&#8243; css=&#8221;.vc_custom_1664361622218{margin-bottom: 30px !important;}&#8221;][vc_column][vc_column_text]<h2 style=\"text-align: center;font-size:28px;text-transform:none;\">Tamb\u00e9 podeu visitar<\/h2><div class=\"section_inner clearfix full-width\">\n            <div class=\"section_inner_margin clearfix\">\n                <div class=\"wpb_column vc_column_container container_inner\" style=\"margin:0 auto;\">\n                    <div class=\"vc_column-inner\">\n                        <div class=\"wpb_wrapper\">\n                            <div class=\"woocommerce columns-3\">\n                                <ul class=\"products\"><li class=\"product type-product post-3849\">\n                                                <div class=\"top-product-section\">\n\t\t\t\t\t\t\t\t\t\t\t\t    <a href=\"https:\/\/welcomelalfas.com\/val\/lancla-de-lalbir\/\"><img width=\"1000\" height=\"667\" src=\"https:\/\/welcomelalfas.com\/wp-content\/uploads\/2022\/04\/ancla-del-albir.jpg\" class=\"attachment-post-thumbnail size-post-thumbnail wp-post-image\" alt=\"ancla-del-albir-paseo\" loading=\"lazy\" srcset=\"https:\/\/welcomelalfas.com\/wp-content\/uploads\/2022\/04\/ancla-del-albir.jpg 1000w, https:\/\/welcomelalfas.com\/wp-content\/uploads\/2022\/04\/ancla-del-albir-300x200.jpg 300w, https:\/\/welcomelalfas.com\/wp-content\/uploads\/2022\/04\/ancla-del-albir-768x512.jpg 768w, https:\/\/welcomelalfas.com\/wp-content\/uploads\/2022\/04\/ancla-del-albir-700x467.jpg 700w\" sizes=\"(max-width: 1000px) 100vw, 1000px\" \/><\/a>   \n                                                    <a href=\"https:\/\/welcomelalfas.com\/val\/lancla-de-lalbir\/\" class=\"text-center\"><h3>L&#8217;Ancla de l&#8217;Albir<\/h3><\/a>\n                                                <\/div>\n                                                <\/li><li class=\"product type-product post-3861\">\n                                                <div class=\"top-product-section\">\n\t\t\t\t\t\t\t\t\t\t\t\t    <a href=\"https:\/\/welcomelalfas.com\/val\/escultura-parcper-la-pau-johan-galtung\/\"><img width=\"1000\" height=\"667\" src=\"https:\/\/welcomelalfas.com\/wp-content\/uploads\/2022\/09\/parque-johan-galtung-1-1.jpg\" class=\"attachment-post-thumbnail size-post-thumbnail wp-post-image\" alt=\"\" loading=\"lazy\" srcset=\"https:\/\/welcomelalfas.com\/wp-content\/uploads\/2022\/09\/parque-johan-galtung-1-1.jpg 1000w, https:\/\/welcomelalfas.com\/wp-content\/uploads\/2022\/09\/parque-johan-galtung-1-1-300x200.jpg 300w, https:\/\/welcomelalfas.com\/wp-content\/uploads\/2022\/09\/parque-johan-galtung-1-1-768x512.jpg 768w, https:\/\/welcomelalfas.com\/wp-content\/uploads\/2022\/09\/parque-johan-galtung-1-1-700x467.jpg 700w\" sizes=\"(max-width: 1000px) 100vw, 1000px\" \/><\/a>   \n                                                    <a href=\"https:\/\/welcomelalfas.com\/val\/escultura-parcper-la-pau-johan-galtung\/\" class=\"text-center\"><h3>Escultura Parc&#8221;per la pau&#8221; Johan Galtung<\/h3><\/a>\n                                                <\/div>\n                                                <\/li><li class=\"product type-product post-3798\" style=\"margin-right:0;\" >\n                                                <div class=\"top-product-section\">\n\t\t\t\t\t\t\t\t\t\t\t\t    <a href=\"https:\/\/welcomelalfas.com\/val\/espai-cultural-escoles-velles\/\"><img width=\"1000\" height=\"667\" src=\"https:\/\/welcomelalfas.com\/wp-content\/uploads\/2021\/09\/escoles-velles-alfaz-rel.jpg\" class=\"attachment-post-thumbnail size-post-thumbnail wp-post-image\" alt=\"\" loading=\"lazy\" srcset=\"https:\/\/welcomelalfas.com\/wp-content\/uploads\/2021\/09\/escoles-velles-alfaz-rel.jpg 1000w, https:\/\/welcomelalfas.com\/wp-content\/uploads\/2021\/09\/escoles-velles-alfaz-rel-300x200.jpg 300w, https:\/\/welcomelalfas.com\/wp-content\/uploads\/2021\/09\/escoles-velles-alfaz-rel-768x512.jpg 768w, https:\/\/welcomelalfas.com\/wp-content\/uploads\/2021\/09\/escoles-velles-alfaz-rel-700x467.jpg 700w\" sizes=\"(max-width: 1000px) 100vw, 1000px\" \/><\/a>   \n                                                    <a href=\"https:\/\/welcomelalfas.com\/val\/espai-cultural-escoles-velles\/\" class=\"text-center\"><h3>Espai Cultural Escoles Velles<\/h3><\/a>\n                                                <\/div>\n                                                <\/li><\/ul>\n                            <\/div>\n                        <\/div>\n                    <\/div>\n                <\/div>\n            <\/div>\n        <\/div>[\/vc_column_text][\/vc_column][\/vc_row][vc_row css_animation=&#8221;&#8221; row_type=&#8221;row&#8221; use_row_as_full_screen_section=&#8221;no&#8221; type=&#8221;full_width&#8221; angled_section=&#8221;no&#8221; text_align=&#8221;left&#8221; background_image_as_pattern=&#8221;without_pattern&#8221; z_index=&#8221;&#8221; padding_top=&#8221;157&#8243; css=&#8221;.vc_custom_1664361586889{background-image: url(https:\/\/welcomelalfas.com\/wp-content\/uploads\/2021\/06\/fondo-pie-tn.jpg?id=389) !important;background-position: center !important;background-repeat: no-repeat !important;background-size: cover !important;}&#8221; padding_bottom=&#8221;100&#8243;][vc_column css=&#8221;.vc_custom_1623600830979{background-position: 0 0 !important;background-repeat: no-repeat !important;}&#8221;][\/vc_column][\/vc_row]<\/p>\n","protected":false},"excerpt":{"rendered":"<p>[vc_row css_animation=&#8221;&#8221; row_type=&#8221;row&#8221; use_row_as_full_screen_section=&#8221;no&#8221; type=&#8221;grid&#8221; angled_section=&#8221;no&#8221; text_align=&#8221;left&#8221; background_image_as_pattern=&#8221;without_pattern&#8221; z_index=&#8221;&#8221; padding_top=&#8221;30&#8243;][vc_column][vc_column_text]Un dels racons m\u00e9s espectaculars de l&#8217;Alf\u00e0s del Pi, \u00e9s sens dubte, la seua fa\u00e7ana litoral. El Rac\u00f3 de l\u2019Albir est\u00e0 situat en la badia d&#8217;Altea, entre les faldes de la Serra Gelada i l&#8217;imponent Penyal&#8230;<\/p>\n","protected":false},"author":2,"featured_media":3791,"parent":0,"menu_order":0,"comment_status":"closed","ping_status":"closed","template":"full_width.php","meta":[],"yoast_head":"<!-- This site is optimized with the Yoast SEO plugin v19.7.1 - https:\/\/yoast.com\/wordpress\/plugins\/seo\/ -->\n<title>Platges de l&#039;Alf\u00e0s del Pi | Welcome L&#039;Alf\u00e0s<\/title>\n<meta name=\"description\" content=\"Platges de l&#039;Alf\u00e0s del Pi | Welcome L&#039;Alf\u00e0s\" \/>\n<meta name=\"robots\" content=\"index, follow, max-snippet:-1, max-image-preview:large, max-video-preview:-1\" \/>\n<link rel=\"canonical\" href=\"https:\/\/welcomelalfas.com\/val\/platges-de-lalfas-del-pi\/\" \/>\n<meta property=\"og:locale\" content=\"en_US\" \/>\n<meta property=\"og:type\" content=\"article\" \/>\n<meta property=\"og:title\" content=\"Platges de l&#039;Alf\u00e0s del Pi | Welcome L&#039;Alf\u00e0s\" \/>\n<meta property=\"og:description\" content=\"Platges de l&#039;Alf\u00e0s del Pi | Welcome L&#039;Alf\u00e0s\" \/>\n<meta property=\"og:url\" content=\"https:\/\/welcomelalfas.com\/val\/platges-de-lalfas-del-pi\/\" \/>\n<meta property=\"og:site_name\" content=\"Welcome L&#039;Alf\u00e0s\" \/>\n<meta property=\"article:modified_time\" content=\"2022-10-03T09:14:31+00:00\" \/>\n<meta property=\"og:image\" content=\"https:\/\/welcomelalfas.com\/wp-content\/uploads\/2022\/06\/playas-albir.jpg\" \/>\n\t<meta property=\"og:image:width\" content=\"1000\" \/>\n\t<meta property=\"og:image:height\" content=\"667\" \/>\n\t<meta property=\"og:image:type\" content=\"image\/jpeg\" \/>\n<meta name=\"twitter:card\" content=\"summary_large_image\" \/>\n<meta name=\"twitter:label1\" content=\"Est. reading time\" \/>\n\t<meta name=\"twitter:data1\" content=\"5 minutes\" \/>\n<script type=\"application\/ld+json\" class=\"yoast-schema-graph\">{\"@context\":\"https:\/\/schema.org\",\"@graph\":[{\"@type\":\"WebPage\",\"@id\":\"https:\/\/welcomelalfas.com\/val\/platges-de-lalfas-del-pi\/\",\"url\":\"https:\/\/welcomelalfas.com\/val\/platges-de-lalfas-del-pi\/\",\"name\":\"Platges de l'Alf\u00e0s del Pi | Welcome L&#039;Alf\u00e0s\",\"isPartOf\":{\"@id\":\"https:\/\/welcomelalfas.com\/#website\"},\"datePublished\":\"2021-08-31T09:43:17+00:00\",\"dateModified\":\"2022-10-03T09:14:31+00:00\",\"description\":\"Platges de l'Alf\u00e0s del Pi | Welcome L&#039;Alf\u00e0s\",\"breadcrumb\":{\"@id\":\"https:\/\/welcomelalfas.com\/val\/platges-de-lalfas-del-pi\/#breadcrumb\"},\"inLanguage\":\"val\",\"potentialAction\":[{\"@type\":\"ReadAction\",\"target\":[\"https:\/\/welcomelalfas.com\/val\/platges-de-lalfas-del-pi\/\"]}]},{\"@type\":\"BreadcrumbList\",\"@id\":\"https:\/\/welcomelalfas.com\/val\/platges-de-lalfas-del-pi\/#breadcrumb\",\"itemListElement\":[{\"@type\":\"ListItem\",\"position\":1,\"name\":\"Portada\",\"item\":\"https:\/\/welcomelalfas.com\/val\/\"},{\"@type\":\"ListItem\",\"position\":2,\"name\":\"Platges de l&#8217;Alf\u00e0s del Pi\"}]},{\"@type\":\"WebSite\",\"@id\":\"https:\/\/welcomelalfas.com\/#website\",\"url\":\"https:\/\/welcomelalfas.com\/\",\"name\":\"Welcome L&#039;Alf\u00e0s\",\"description\":\"Welcome L&#039;Alf\u00e0s\",\"potentialAction\":[{\"@type\":\"SearchAction\",\"target\":{\"@type\":\"EntryPoint\",\"urlTemplate\":\"https:\/\/welcomelalfas.com\/?s={search_term_string}\"},\"query-input\":\"required name=search_term_string\"}],\"inLanguage\":\"val\"}]}<\/script>\n<!-- \/ Yoast SEO plugin. -->","yoast_head_json":{"title":"Platges de l'Alf\u00e0s del Pi | Welcome L&#039;Alf\u00e0s","description":"Platges de l'Alf\u00e0s del Pi | Welcome L&#039;Alf\u00e0s","robots":{"index":"index","follow":"follow","max-snippet":"max-snippet:-1","max-image-preview":"max-image-preview:large","max-video-preview":"max-video-preview:-1"},"canonical":"https:\/\/welcomelalfas.com\/val\/platges-de-lalfas-del-pi\/","og_locale":"en_US","og_type":"article","og_title":"Platges de l'Alf\u00e0s del Pi | Welcome L&#039;Alf\u00e0s","og_description":"Platges de l'Alf\u00e0s del Pi | Welcome L&#039;Alf\u00e0s","og_url":"https:\/\/welcomelalfas.com\/val\/platges-de-lalfas-del-pi\/","og_site_name":"Welcome L&#039;Alf\u00e0s","article_modified_time":"2022-10-03T09:14:31+00:00","og_image":[{"width":1000,"height":667,"url":"https:\/\/welcomelalfas.com\/wp-content\/uploads\/2022\/06\/playas-albir.jpg","type":"image\/jpeg"}],"twitter_card":"summary_large_image","twitter_misc":{"Est. reading time":"5 minutes"},"schema":{"@context":"https:\/\/schema.org","@graph":[{"@type":"WebPage","@id":"https:\/\/welcomelalfas.com\/val\/platges-de-lalfas-del-pi\/","url":"https:\/\/welcomelalfas.com\/val\/platges-de-lalfas-del-pi\/","name":"Platges de l'Alf\u00e0s del Pi | Welcome L&#039;Alf\u00e0s","isPartOf":{"@id":"https:\/\/welcomelalfas.com\/#website"},"datePublished":"2021-08-31T09:43:17+00:00","dateModified":"2022-10-03T09:14:31+00:00","description":"Platges de l'Alf\u00e0s del Pi | Welcome L&#039;Alf\u00e0s","breadcrumb":{"@id":"https:\/\/welcomelalfas.com\/val\/platges-de-lalfas-del-pi\/#breadcrumb"},"inLanguage":"val","potentialAction":[{"@type":"ReadAction","target":["https:\/\/welcomelalfas.com\/val\/platges-de-lalfas-del-pi\/"]}]},{"@type":"BreadcrumbList","@id":"https:\/\/welcomelalfas.com\/val\/platges-de-lalfas-del-pi\/#breadcrumb","itemListElement":[{"@type":"ListItem","position":1,"name":"Portada","item":"https:\/\/welcomelalfas.com\/val\/"},{"@type":"ListItem","position":2,"name":"Platges de l&#8217;Alf\u00e0s del Pi"}]},{"@type":"WebSite","@id":"https:\/\/welcomelalfas.com\/#website","url":"https:\/\/welcomelalfas.com\/","name":"Welcome L&#039;Alf\u00e0s","description":"Welcome L&#039;Alf\u00e0s","potentialAction":[{"@type":"SearchAction","target":{"@type":"EntryPoint","urlTemplate":"https:\/\/welcomelalfas.com\/?s={search_term_string}"},"query-input":"required name=search_term_string"}],"inLanguage":"val"}]}},"_links":{"self":[{"href":"https:\/\/welcomelalfas.com\/val\/wp-json\/wp\/v2\/pages\/3782"}],"collection":[{"href":"https:\/\/welcomelalfas.com\/val\/wp-json\/wp\/v2\/pages"}],"about":[{"href":"https:\/\/welcomelalfas.com\/val\/wp-json\/wp\/v2\/types\/page"}],"author":[{"embeddable":true,"href":"https:\/\/welcomelalfas.com\/val\/wp-json\/wp\/v2\/users\/2"}],"replies":[{"embeddable":true,"href":"https:\/\/welcomelalfas.com\/val\/wp-json\/wp\/v2\/comments?post=3782"}],"version-history":[{"count":2,"href":"https:\/\/welcomelalfas.com\/val\/wp-json\/wp\/v2\/pages\/3782\/revisions"}],"predecessor-version":[{"id":3797,"href":"https:\/\/welcomelalfas.com\/val\/wp-json\/wp\/v2\/pages\/3782\/revisions\/3797"}],"wp:featuredmedia":[{"embeddable":true,"href":"https:\/\/welcomelalfas.com\/val\/wp-json\/wp\/v2\/media\/3791"}],"wp:attachment":[{"href":"https:\/\/welcomelalfas.com\/val\/wp-json\/wp\/v2\/media?parent=3782"}],"curies":[{"name":"wp","href":"https:\/\/api.w.org\/{rel}","templated":true}]}}