{"id":3815,"date":"2021-08-31T11:24:52","date_gmt":"2021-08-31T11:24:52","guid":{"rendered":"https:\/\/welcomelalfas.com\/?page_id=3815"},"modified":"2022-10-03T09:22:18","modified_gmt":"2022-10-03T09:22:18","slug":"esglesia-de-sant-josep","status":"publish","type":"page","link":"https:\/\/welcomelalfas.com\/val\/esglesia-de-sant-josep\/","title":{"rendered":"Esgl\u00e9sia de Sant Josep"},"content":{"rendered":"<p>[vc_row css_animation=&#8221;&#8221; row_type=&#8221;row&#8221; use_row_as_full_screen_section=&#8221;no&#8221; type=&#8221;grid&#8221; angled_section=&#8221;no&#8221; text_align=&#8221;left&#8221; background_image_as_pattern=&#8221;without_pattern&#8221; z_index=&#8221;&#8221; padding_top=&#8221;50&#8243;][vc_column css=&#8221;.vc_custom_1630316963515{margin-top: 40px !important;}&#8221;][vc_column_text]Va ser constru\u00efda en la segona meitat del segle XVIII com auxiliar de l&#8217;esgl\u00e9sia parroquial de Polop, fins que va aconseguir la independ\u00e8ncia eclesi\u00e0stica a la fi de segle. Despr\u00e9s de la independ\u00e8ncia en 1836 es van comen\u00e7ar a referir a aquesta esgl\u00e9sia en les partides baptismals com a \u201cesgl\u00e9sia de Alfaz\u201d i \u201cesgl\u00e9sia de Alfaz del Pi\u201d, fins que en 1892 es va registrar un baptisme a la \u201cEsgl\u00e9sia Parroquial de San Jos\u00e9\u201d. De moment es desconeix l&#8217;autoria i dataci\u00f3 exacta de les imatges i de l&#8217;altar major. En canvi, sobre la talla m\u00e9s significativa que alberga el temple, el Sant\u00edssim Crist del Bon Encert, s\u00ed que es compta amb informaci\u00f3 hist\u00f2rica, ja que aquest Crist va ser objecte d&#8217;un estudi publicat en 2007 on s&#8217;analitza el seu origen. Una vegada que la sagrada imatge del Crist del Bon Encert va estar ja al poble de l&#8217;Alf\u00e0s del Pi, el 26 de mar\u00e7 de 1857 es van iniciar les reformes en la capella de la Comuni\u00f3 per a donar cabuda a un crucifix d&#8217;al\u00e7ada m\u00e9s que natural, es va fer la forn\u00edcula nova i es va decorar l&#8217;altar que fins al moment acollia el Sagrari. Al mateix temps Pascual Bald\u00f3 Orozco, un frare carmelita nascut a l&#8217;Alf\u00e0s del Pi en 1807 que va desenvolupar una important carrera eclesi\u00e0stica a Val\u00e8ncia, va iniciar els tr\u00e0mits per a obtindre d&#8217;una gr\u00e0cia per la qual es donara major real\u00e7 a la imatge i fomentar\u00e0 la religiositat popular. En concedir Pius IX la celebraci\u00f3 de les quaranta hores i les indulg\u00e8ncies plen\u00e0ries inherents a ella, es va marcar una fita en l&#8217;esdevenir hist\u00f2ric d&#8217;un poble que fins a pocs anys abans havia sigut un modest Caseriu i se li va proporcionar una data, perqu\u00e8 poguera festejar anualment el pas de la vida dels seus habitants i aix\u00ed el dia 10 de novembre es va convertir al llarg dels anys en una data molt especial i entranyable per a tot el poble que es reuneix al costat de la Pla\u00e7a Major per a acompanyar a la imatge que va arribar per la mar des de Val\u00e8ncia un dijous 26 de mar\u00e7 de 1857. En 1870 amb els 6000 rals de bill\u00f3 del llegat de Pascual Bald\u00f3 el Sr. L&#8217;Alcalde va encarregar a l&#8217;arquitecte Sr. Francisco Morell i G\u00f3mez un projecte de reforma de la torre per a la instal\u00b7laci\u00f3 de la col\u00b7locaci\u00f3 del rellotge que com a fill del poble havia donat. L&#8217;\u00faltima reforma de la capella es va inaugurar el 10 de novembre de 1999 recuperant l&#8217;est\u00e8tica que tenia en 1936.[\/vc_column_text][\/vc_column][\/vc_row][vc_row css_animation=&#8221;&#8221; row_type=&#8221;row&#8221; use_row_as_full_screen_section=&#8221;no&#8221; type=&#8221;full_width&#8221; angled_section=&#8221;no&#8221; text_align=&#8221;left&#8221; background_image_as_pattern=&#8221;without_pattern&#8221; z_index=&#8221;&#8221; padding_top=&#8221;70&#8243;][vc_column css_animation=&#8221;fadeIn&#8221;][vc_gallery type=&#8221;image_grid&#8221; images=&#8221;3816,3817,3818&#8243; img_size=&#8221;full&#8221; onclick=&#8221;&#8221; column_number=&#8221;3&#8243; grayscale=&#8221;no&#8221; images_space=&#8221;gallery_with_space&#8221;][\/vc_column][\/vc_row][vc_row css_animation=&#8221;&#8221; row_type=&#8221;row&#8221; use_row_as_full_screen_section=&#8221;no&#8221; type=&#8221;full_width&#8221; angled_section=&#8221;no&#8221; text_align=&#8221;left&#8221; background_image_as_pattern=&#8221;without_pattern&#8221; css=&#8221;.vc_custom_1659525172204{margin-top: 70px !important;background-image: url(https:\/\/welcomelalfas.com\/wp-content\/uploads\/2021\/08\/iglesia-san-jose-bg.jpg?id=734) !important;background-position: center !important;background-repeat: no-repeat !important;background-size: cover !important;}&#8221; z_index=&#8221;&#8221; padding_top=&#8221;200&#8243; padding_bottom=&#8221;200&#8243;][vc_column][vc_column_text]<\/p>\n<p class=\"text-center\"><a class=\"qbutton medium center default\" style=\"color: #ffffff; border-color: #006198; border-radius: 4px; -moz-border-radius: 4px; -webkit-border-radius: 4px; background-color: #006198;\" href=\"https:\/\/lookishtg.com\/360\/ALICANTE-PROVINCIA\/Alfazdelpi\/IGLESIA\/index.htm\" target=\"_blank\" rel=\"noopener\" data-hover-background-color=\"#006198\" data-hover-border-color=\"#006198\" data-hover-color=\"#ffffff\"><i class=\"fa fa-eye\" aria-hidden=\"true\"><\/i> Visita Virtual Esgl\u00e9sia de Sant Josep<\/a><\/p>\n<p>[\/vc_column_text][\/vc_column][\/vc_row][vc_row css_animation=&#8221;&#8221; row_type=&#8221;row&#8221; use_row_as_full_screen_section=&#8221;no&#8221; type=&#8221;full_width&#8221; angled_section=&#8221;no&#8221; text_align=&#8221;left&#8221; background_image_as_pattern=&#8221;without_pattern&#8221; z_index=&#8221;&#8221; padding_top=&#8221;50&#8243;][vc_column][qode_elements_holder number_of_columns=&#8221;two_columns&#8221;][qode_elements_holder_item vertical_alignment=&#8221;top&#8221; horizontal_alignment=&#8221;center&#8221; advanced_animations=&#8221;no&#8221; custom_class=&#8221;azulBgTN&#8221; item_padding=&#8221;40px 10px 40px 10px&#8221;][vc_column_text]<\/p>\n<p style=\"text-align: center !important;\"><strong>Esgl\u00e9sia de Sant Josep<\/strong><\/p>\n<p style=\"text-align: center !important;\">Pla\u00e7a Major, 2,<br \/>\n03580 \u2013 L\u2019Alf\u00e0s del Pi<\/p>\n<p style=\"text-align: center !important;\">Tlf. <a style=\"color: #fff !important;\" href=\"tel:965888284\">965 888 284<\/a><\/p>\n<p>[\/vc_column_text][\/qode_elements_holder_item][qode_elements_holder_item vertical_alignment=&#8221;top&#8221; advanced_animations=&#8221;no&#8221; custom_class=&#8221;verdeBgTN&#8221; item_padding=&#8221;40px 10px 40px 10px&#8221;][vc_column_text]<\/p>\n<p class=\"text-center\"><strong>HORARI<\/strong><\/p>\n<p class=\"text-center\">Dilluns \u2013 Domingo : 08:00h \u2013 20:00h<\/p>\n<p>[\/vc_column_text][\/qode_elements_holder_item][\/qode_elements_holder][\/vc_column][\/vc_row][vc_row css_animation=&#8221;&#8221; row_type=&#8221;row&#8221; use_row_as_full_screen_section=&#8221;no&#8221; type=&#8221;full_width&#8221; angled_section=&#8221;no&#8221; text_align=&#8221;left&#8221; background_image_as_pattern=&#8221;without_pattern&#8221; z_index=&#8221;&#8221; padding_top=&#8221;70&#8243;][vc_column][vc_gmaps link=&#8221;#E-8_JTNDaWZyYW1lJTIwc3JjJTNEJTIyaHR0cHMlM0ElMkYlMkZ3d3cuZ29vZ2xlLmNvbSUyRm1hcHMlMkZlbWJlZCUzRnBiJTNEJTIxMW0xOCUyMTFtMTIlMjExbTMlMjExZDQyODUuNDMzNTkzNTk3OTQ5JTIxMmQtMC4xMDQxODcwMjE2MDcxNTY4MiUyMTNkMzguNTc4NjM4NzM2NTQ4NTMlMjEybTMlMjExZjAlMjEyZjAlMjEzZjAlMjEzbTIlMjExaTEwMjQlMjEyaTc2OCUyMTRmMTMuMSUyMTNtMyUyMTFtMiUyMTFzMHhkNjIwMzkwMDdmZTc0ZmYlMjUzQTB4YmMwOWFjYTQyOGNjYzI1OSUyMTJzRXNnbCUyNUMzJTI1QTlzaWElMjUyMGRlJTI1MjBTYW50JTI1MjBKb3NlcCUyMTVlMCUyMTNtMiUyMTFzZXMlMjEyc2VzJTIxNHYxNjMwNDA5NjYyNzYyJTIxNW0yJTIxMXNlcyUyMTJzZXMlMjIlMjB3aWR0aCUzRCUyMjEwMCUyNSUyMiUyMGhlaWdodCUzRCUyMjQ1MCUyMiUyMHN0eWxlJTNEJTIyYm9yZGVyJTNBMCUzQiUyMiUyMGFsbG93ZnVsbHNjcmVlbiUzRCUyMiUyMiUyMGxvYWRpbmclM0QlMjJsYXp5JTIyJTNFJTNDJTJGaWZyYW1lJTNF&#8221;][\/vc_column][\/vc_row][vc_row css_animation=&#8221;&#8221; row_type=&#8221;row&#8221; use_row_as_full_screen_section=&#8221;no&#8221; type=&#8221;full_width&#8221; angled_section=&#8221;no&#8221; text_align=&#8221;left&#8221; background_image_as_pattern=&#8221;without_pattern&#8221; z_index=&#8221;&#8221; padding_top=&#8221;70&#8243; padding_bottom=&#8221;30&#8243;][vc_column][vc_column_text]<h2 style=\"text-align: center;font-size:28px;text-transform:none;\">Tamb\u00e9 podeu visitar<\/h2><div class=\"section_inner clearfix full-width\">\n            <div class=\"section_inner_margin clearfix\">\n                <div class=\"wpb_column vc_column_container container_inner\" style=\"margin:0 auto;\">\n                    <div class=\"vc_column-inner\">\n                        <div class=\"wpb_wrapper\">\n                            <div class=\"woocommerce columns-3\">\n                                <ul class=\"products\"><li class=\"product type-product post-3737\">\n                                                <div class=\"top-product-section\">\n\t\t\t\t\t\t\t\t\t\t\t\t    <a href=\"https:\/\/welcomelalfas.com\/val\/torre-bombarda\/\"><img width=\"1000\" height=\"667\" src=\"https:\/\/welcomelalfas.com\/wp-content\/uploads\/2021\/10\/torre-bombarda-alfaz-01.jpg\" class=\"attachment-post-thumbnail size-post-thumbnail wp-post-image\" alt=\"\" loading=\"lazy\" srcset=\"https:\/\/welcomelalfas.com\/wp-content\/uploads\/2021\/10\/torre-bombarda-alfaz-01.jpg 1000w, https:\/\/welcomelalfas.com\/wp-content\/uploads\/2021\/10\/torre-bombarda-alfaz-01-300x200.jpg 300w, https:\/\/welcomelalfas.com\/wp-content\/uploads\/2021\/10\/torre-bombarda-alfaz-01-768x512.jpg 768w, https:\/\/welcomelalfas.com\/wp-content\/uploads\/2021\/10\/torre-bombarda-alfaz-01-700x467.jpg 700w\" sizes=\"(max-width: 1000px) 100vw, 1000px\" \/><\/a>   \n                                                    <a href=\"https:\/\/welcomelalfas.com\/val\/torre-bombarda\/\" class=\"text-center\"><h3>Torre Bombarda<\/h3><\/a>\n                                                <\/div>\n                                                <\/li><li class=\"product type-product post-3531\">\n                                                <div class=\"top-product-section\">\n\t\t\t\t\t\t\t\t\t\t\t\t    <a href=\"https:\/\/welcomelalfas.com\/val\/casa-museo-delso\/\"><img width=\"1000\" height=\"667\" src=\"https:\/\/welcomelalfas.com\/wp-content\/uploads\/2021\/08\/museo-delso-05.jpg\" class=\"attachment-post-thumbnail size-post-thumbnail wp-post-image\" alt=\"\" loading=\"lazy\" srcset=\"https:\/\/welcomelalfas.com\/wp-content\/uploads\/2021\/08\/museo-delso-05.jpg 1000w, https:\/\/welcomelalfas.com\/wp-content\/uploads\/2021\/08\/museo-delso-05-300x200.jpg 300w, https:\/\/welcomelalfas.com\/wp-content\/uploads\/2021\/08\/museo-delso-05-768x512.jpg 768w, https:\/\/welcomelalfas.com\/wp-content\/uploads\/2021\/08\/museo-delso-05-700x467.jpg 700w\" sizes=\"(max-width: 1000px) 100vw, 1000px\" \/><\/a>   \n                                                    <a href=\"https:\/\/welcomelalfas.com\/val\/casa-museo-delso\/\" class=\"text-center\"><h3>Casa Museo Delso<\/h3><\/a>\n                                                <\/div>\n                                                <\/li><li class=\"product type-product post-3849\" style=\"margin-right:0;\" >\n                                                <div class=\"top-product-section\">\n\t\t\t\t\t\t\t\t\t\t\t\t    <a href=\"https:\/\/welcomelalfas.com\/val\/lancla-de-lalbir\/\"><img width=\"1000\" height=\"667\" src=\"https:\/\/welcomelalfas.com\/wp-content\/uploads\/2022\/04\/ancla-del-albir.jpg\" class=\"attachment-post-thumbnail size-post-thumbnail wp-post-image\" alt=\"ancla-del-albir-paseo\" loading=\"lazy\" srcset=\"https:\/\/welcomelalfas.com\/wp-content\/uploads\/2022\/04\/ancla-del-albir.jpg 1000w, https:\/\/welcomelalfas.com\/wp-content\/uploads\/2022\/04\/ancla-del-albir-300x200.jpg 300w, https:\/\/welcomelalfas.com\/wp-content\/uploads\/2022\/04\/ancla-del-albir-768x512.jpg 768w, https:\/\/welcomelalfas.com\/wp-content\/uploads\/2022\/04\/ancla-del-albir-700x467.jpg 700w\" sizes=\"(max-width: 1000px) 100vw, 1000px\" \/><\/a>   \n                                                    <a href=\"https:\/\/welcomelalfas.com\/val\/lancla-de-lalbir\/\" class=\"text-center\"><h3>L&#8217;Ancla de l&#8217;Albir<\/h3><\/a>\n                                                <\/div>\n                                                <\/li><\/ul>\n                            <\/div>\n                        <\/div>\n                    <\/div>\n                <\/div>\n            <\/div>\n        <\/div>[\/vc_column_text][\/vc_column][\/vc_row][vc_row css_animation=&#8221;&#8221; row_type=&#8221;row&#8221; use_row_as_full_screen_section=&#8221;no&#8221; type=&#8221;full_width&#8221; angled_section=&#8221;no&#8221; text_align=&#8221;left&#8221; background_image_as_pattern=&#8221;without_pattern&#8221; css=&#8221;.vc_custom_1664361865614{background-image: url(https:\/\/welcomelalfas.com\/wp-content\/uploads\/2021\/06\/fondo-pie-tn.jpg?id=389) !important;}&#8221; z_index=&#8221;&#8221; padding_top=&#8221;157&#8243; padding_bottom=&#8221;100&#8243;][vc_column][\/vc_column][\/vc_row]<\/p>\n","protected":false},"excerpt":{"rendered":"<p>[vc_row css_animation=&#8221;&#8221; row_type=&#8221;row&#8221; use_row_as_full_screen_section=&#8221;no&#8221; type=&#8221;grid&#8221; angled_section=&#8221;no&#8221; text_align=&#8221;left&#8221; background_image_as_pattern=&#8221;without_pattern&#8221; z_index=&#8221;&#8221; padding_top=&#8221;50&#8243;][vc_column css=&#8221;.vc_custom_1630316963515{margin-top: 40px !important;}&#8221;][vc_column_text]Va ser constru\u00efda en la segona meitat del segle XVIII com auxiliar de l&#8217;esgl\u00e9sia parroquial de Polop, fins que va aconseguir la independ\u00e8ncia eclesi\u00e0stica a la fi de segle. Despr\u00e9s de la independ\u00e8ncia&#8230;<\/p>\n","protected":false},"author":2,"featured_media":3818,"parent":0,"menu_order":0,"comment_status":"closed","ping_status":"closed","template":"full_width.php","meta":[],"yoast_head":"<!-- This site is optimized with the Yoast SEO plugin v19.7.1 - https:\/\/yoast.com\/wordpress\/plugins\/seo\/ -->\n<title>Esgl\u00e9sia de Sant Josep | Welcome L&#039;Alf\u00e0s<\/title>\n<meta name=\"description\" content=\"Esgl\u00e9sia de Sant Josep | Welcome L&#039;Alf\u00e0s\" \/>\n<meta name=\"robots\" content=\"index, follow, max-snippet:-1, max-image-preview:large, max-video-preview:-1\" \/>\n<link rel=\"canonical\" href=\"https:\/\/welcomelalfas.com\/val\/esglesia-de-sant-josep\/\" \/>\n<meta property=\"og:locale\" content=\"en_US\" \/>\n<meta property=\"og:type\" content=\"article\" \/>\n<meta property=\"og:title\" content=\"Esgl\u00e9sia de Sant Josep | Welcome L&#039;Alf\u00e0s\" \/>\n<meta property=\"og:description\" content=\"Esgl\u00e9sia de Sant Josep | Welcome L&#039;Alf\u00e0s\" \/>\n<meta property=\"og:url\" content=\"https:\/\/welcomelalfas.com\/val\/esglesia-de-sant-josep\/\" \/>\n<meta property=\"og:site_name\" content=\"Welcome L&#039;Alf\u00e0s\" \/>\n<meta property=\"article:modified_time\" content=\"2022-10-03T09:22:18+00:00\" \/>\n<meta property=\"og:image\" content=\"https:\/\/welcomelalfas.com\/wp-content\/uploads\/2021\/08\/iglesia-san-jose-05.jpg\" \/>\n\t<meta property=\"og:image:width\" content=\"1000\" \/>\n\t<meta property=\"og:image:height\" content=\"667\" \/>\n\t<meta property=\"og:image:type\" content=\"image\/jpeg\" \/>\n<meta name=\"twitter:card\" content=\"summary_large_image\" \/>\n<meta name=\"twitter:label1\" content=\"Est. reading time\" \/>\n\t<meta name=\"twitter:data1\" content=\"3 minutes\" \/>\n<script type=\"application\/ld+json\" class=\"yoast-schema-graph\">{\"@context\":\"https:\/\/schema.org\",\"@graph\":[{\"@type\":\"WebPage\",\"@id\":\"https:\/\/welcomelalfas.com\/val\/esglesia-de-sant-josep\/\",\"url\":\"https:\/\/welcomelalfas.com\/val\/esglesia-de-sant-josep\/\",\"name\":\"Esgl\u00e9sia de Sant Josep | Welcome L&#039;Alf\u00e0s\",\"isPartOf\":{\"@id\":\"https:\/\/welcomelalfas.com\/#website\"},\"datePublished\":\"2021-08-31T11:24:52+00:00\",\"dateModified\":\"2022-10-03T09:22:18+00:00\",\"description\":\"Esgl\u00e9sia de Sant Josep | Welcome L&#039;Alf\u00e0s\",\"breadcrumb\":{\"@id\":\"https:\/\/welcomelalfas.com\/val\/esglesia-de-sant-josep\/#breadcrumb\"},\"inLanguage\":\"val\",\"potentialAction\":[{\"@type\":\"ReadAction\",\"target\":[\"https:\/\/welcomelalfas.com\/val\/esglesia-de-sant-josep\/\"]}]},{\"@type\":\"BreadcrumbList\",\"@id\":\"https:\/\/welcomelalfas.com\/val\/esglesia-de-sant-josep\/#breadcrumb\",\"itemListElement\":[{\"@type\":\"ListItem\",\"position\":1,\"name\":\"Portada\",\"item\":\"https:\/\/welcomelalfas.com\/val\/\"},{\"@type\":\"ListItem\",\"position\":2,\"name\":\"Esgl\u00e9sia de Sant Josep\"}]},{\"@type\":\"WebSite\",\"@id\":\"https:\/\/welcomelalfas.com\/#website\",\"url\":\"https:\/\/welcomelalfas.com\/\",\"name\":\"Welcome L&#039;Alf\u00e0s\",\"description\":\"Welcome L&#039;Alf\u00e0s\",\"potentialAction\":[{\"@type\":\"SearchAction\",\"target\":{\"@type\":\"EntryPoint\",\"urlTemplate\":\"https:\/\/welcomelalfas.com\/?s={search_term_string}\"},\"query-input\":\"required name=search_term_string\"}],\"inLanguage\":\"val\"}]}<\/script>\n<!-- \/ Yoast SEO plugin. -->","yoast_head_json":{"title":"Esgl\u00e9sia de Sant Josep | Welcome L&#039;Alf\u00e0s","description":"Esgl\u00e9sia de Sant Josep | Welcome L&#039;Alf\u00e0s","robots":{"index":"index","follow":"follow","max-snippet":"max-snippet:-1","max-image-preview":"max-image-preview:large","max-video-preview":"max-video-preview:-1"},"canonical":"https:\/\/welcomelalfas.com\/val\/esglesia-de-sant-josep\/","og_locale":"en_US","og_type":"article","og_title":"Esgl\u00e9sia de Sant Josep | Welcome L&#039;Alf\u00e0s","og_description":"Esgl\u00e9sia de Sant Josep | Welcome L&#039;Alf\u00e0s","og_url":"https:\/\/welcomelalfas.com\/val\/esglesia-de-sant-josep\/","og_site_name":"Welcome L&#039;Alf\u00e0s","article_modified_time":"2022-10-03T09:22:18+00:00","og_image":[{"width":1000,"height":667,"url":"https:\/\/welcomelalfas.com\/wp-content\/uploads\/2021\/08\/iglesia-san-jose-05.jpg","type":"image\/jpeg"}],"twitter_card":"summary_large_image","twitter_misc":{"Est. reading time":"3 minutes"},"schema":{"@context":"https:\/\/schema.org","@graph":[{"@type":"WebPage","@id":"https:\/\/welcomelalfas.com\/val\/esglesia-de-sant-josep\/","url":"https:\/\/welcomelalfas.com\/val\/esglesia-de-sant-josep\/","name":"Esgl\u00e9sia de Sant Josep | Welcome L&#039;Alf\u00e0s","isPartOf":{"@id":"https:\/\/welcomelalfas.com\/#website"},"datePublished":"2021-08-31T11:24:52+00:00","dateModified":"2022-10-03T09:22:18+00:00","description":"Esgl\u00e9sia de Sant Josep | Welcome L&#039;Alf\u00e0s","breadcrumb":{"@id":"https:\/\/welcomelalfas.com\/val\/esglesia-de-sant-josep\/#breadcrumb"},"inLanguage":"val","potentialAction":[{"@type":"ReadAction","target":["https:\/\/welcomelalfas.com\/val\/esglesia-de-sant-josep\/"]}]},{"@type":"BreadcrumbList","@id":"https:\/\/welcomelalfas.com\/val\/esglesia-de-sant-josep\/#breadcrumb","itemListElement":[{"@type":"ListItem","position":1,"name":"Portada","item":"https:\/\/welcomelalfas.com\/val\/"},{"@type":"ListItem","position":2,"name":"Esgl\u00e9sia de Sant Josep"}]},{"@type":"WebSite","@id":"https:\/\/welcomelalfas.com\/#website","url":"https:\/\/welcomelalfas.com\/","name":"Welcome L&#039;Alf\u00e0s","description":"Welcome L&#039;Alf\u00e0s","potentialAction":[{"@type":"SearchAction","target":{"@type":"EntryPoint","urlTemplate":"https:\/\/welcomelalfas.com\/?s={search_term_string}"},"query-input":"required name=search_term_string"}],"inLanguage":"val"}]}},"_links":{"self":[{"href":"https:\/\/welcomelalfas.com\/val\/wp-json\/wp\/v2\/pages\/3815"}],"collection":[{"href":"https:\/\/welcomelalfas.com\/val\/wp-json\/wp\/v2\/pages"}],"about":[{"href":"https:\/\/welcomelalfas.com\/val\/wp-json\/wp\/v2\/types\/page"}],"author":[{"embeddable":true,"href":"https:\/\/welcomelalfas.com\/val\/wp-json\/wp\/v2\/users\/2"}],"replies":[{"embeddable":true,"href":"https:\/\/welcomelalfas.com\/val\/wp-json\/wp\/v2\/comments?post=3815"}],"version-history":[{"count":2,"href":"https:\/\/welcomelalfas.com\/val\/wp-json\/wp\/v2\/pages\/3815\/revisions"}],"predecessor-version":[{"id":3820,"href":"https:\/\/welcomelalfas.com\/val\/wp-json\/wp\/v2\/pages\/3815\/revisions\/3820"}],"wp:featuredmedia":[{"embeddable":true,"href":"https:\/\/welcomelalfas.com\/val\/wp-json\/wp\/v2\/media\/3818"}],"wp:attachment":[{"href":"https:\/\/welcomelalfas.com\/val\/wp-json\/wp\/v2\/media?parent=3815"}],"curies":[{"name":"wp","href":"https:\/\/api.w.org\/{rel}","templated":true}]}}