{"id":3861,"date":"2022-04-08T06:47:11","date_gmt":"2022-04-08T06:47:11","guid":{"rendered":"https:\/\/welcomelalfas.com\/?page_id=3861"},"modified":"2022-10-03T09:34:39","modified_gmt":"2022-10-03T09:34:39","slug":"escultura-parcper-la-pau-johan-galtung","status":"publish","type":"page","link":"https:\/\/welcomelalfas.com\/val\/escultura-parcper-la-pau-johan-galtung\/","title":{"rendered":"Escultura Parc&#8221;per la pau&#8221; Johan Galtung"},"content":{"rendered":"<p>[vc_row css_animation=&#8221;&#8221; row_type=&#8221;row&#8221; use_row_as_full_screen_section=&#8221;no&#8221; type=&#8221;grid&#8221; angled_section=&#8221;no&#8221; text_align=&#8221;left&#8221; background_image_as_pattern=&#8221;without_pattern&#8221; z_index=&#8221;&#8221; padding_top=&#8221;50&#8243;][vc_column css=&#8221;.vc_custom_1630316963515{margin-top: 40px !important;}&#8221;][vc_column_text]Enmig d&#8217;aquest modest parc es troba la immensa \u00abEscultura Paraloide\u00bb de cinc metres de longitud \u201cUtoya\u201d de l&#8217;artista Agust\u00edn Ibarrola Goikochea. Un treball original de l&#8217;escultor basc comprom\u00e9s en la lluita contra el terrorisme est\u00e0 integrada en el circuit del Mapa de la Mem\u00f2ria al costat dels llocs on es localitzen altres refugis seus: Alacant, Andoain, Ermua, Logronyo, M\u00farcia, Santander, Vit\u00f2ria\u2026 Va ser erigida en mem\u00f2ria de les v\u00edctimes del terrorisme en Ut\u00f8ya i a Oslo el 22 de juliol de 2011, dia en qu\u00e8 cada any es guarda un minut de silenci i es depositen roses al costat de l&#8217;escultura, s\u00edmbol de la solidaritat i la pau per a honrar la mem\u00f2ria dels qui van patir els atemptats.<\/p>\n<p>Johan Galtung, va ser un dels primers noruecs a comprar una casa a l&#8217;Alf\u00e0s del P\u00ed. Investigador per la Pau, matem\u00e0tic, soci\u00f2leg, cient\u00edfic i pol\u00edtic ha participat en m\u00e9s de 40 conflictes com a mediador. L&#8217;estiu de 2013 va ser homenatjat a l&#8217;Alf\u00e0s del Pi amb el seu \u00abpropi\u00bb parc.<\/p>\n<p>Al costat d&#8217;aquest parc se situa el mercat municipal cada divendres, en el mateix carrer on tamb\u00e9 es troba el club noruec.<br \/>\n[\/vc_column_text][\/vc_column][\/vc_row][vc_row css_animation=&#8221;&#8221; row_type=&#8221;row&#8221; use_row_as_full_screen_section=&#8221;no&#8221; type=&#8221;full_width&#8221; angled_section=&#8221;no&#8221; text_align=&#8221;left&#8221; background_image_as_pattern=&#8221;without_pattern&#8221; z_index=&#8221;&#8221; padding_top=&#8221;70&#8243;][vc_column css_animation=&#8221;fadeIn&#8221;][vc_gallery type=&#8221;image_grid&#8221; images=&#8221;3865,3867&#8243; img_size=&#8221;full&#8221; onclick=&#8221;&#8221; column_number=&#8221;2&#8243; grayscale=&#8221;no&#8221; images_space=&#8221;gallery_with_space&#8221;][\/vc_column][\/vc_row][vc_row css_animation=&#8221;&#8221; row_type=&#8221;row&#8221; use_row_as_full_screen_section=&#8221;no&#8221; type=&#8221;full_width&#8221; angled_section=&#8221;no&#8221; text_align=&#8221;left&#8221; background_image_as_pattern=&#8221;without_pattern&#8221; z_index=&#8221;&#8221; padding_top=&#8221;70&#8243;][vc_column][vc_gmaps link=&#8221;#E-8_JTNDaWZyYW1lJTIwc3JjJTNEJTIyaHR0cHMlM0ElMkYlMkZ3d3cuZ29vZ2xlLmNvbSUyRm1hcHMlMkZlbWJlZCUzRnBiJTNEJTIxMW0xOCUyMTFtMTIlMjExbTMlMjExZDc3OS43ODczNzMxMDAzNDk2JTIxMmQtMC4wOTc1NTA1NzA3NTM2OTM1JTIxM2QzOC41NzY0MDUxNDcxNzE2NyUyMTJtMyUyMTFmMCUyMTJmMCUyMTNmMCUyMTNtMiUyMTFpMTAyNCUyMTJpNzY4JTIxNGYxMy4xJTIxM20zJTIxMW0yJTIxMXMweGQ2MjAzNGEwNTczZDI4OSUyNTNBMHg0MWQyNDA2Y2FmMzdlNTM4JTIxMnNNZXJjYWRpbGxvJTI1MjBkZSUyNTIwQWxmYXolMjUyMGRlbCUyNTIwUGkuJTI1MjBMb3MlMjUyMHZpZXJuZXMuJTIxNWUwJTIxM20yJTIxMXNlcyUyMTJzZXMlMjE0djE2NDk0MDA4NTc1NzAlMjE1bTIlMjExc2VzJTIxMnNlcyUyMiUyMHdpZHRoJTNEJTIyMTAwJTI1JTIyJTIwaGVpZ2h0JTNEJTIyNDUwJTIyJTIwc3R5bGUlM0QlMjJib3JkZXIlM0EwJTNCJTIyJTIwYWxsb3dmdWxsc2NyZWVuJTNEJTIyJTIyJTIwbG9hZGluZyUzRCUyMmxhenklMjIlMjByZWZlcnJlcnBvbGljeSUzRCUyMm5vLXJlZmVycmVyLXdoZW4tZG93bmdyYWRlJTIyJTNFJTNDJTJGaWZyYW1lJTNF&#8221;][\/vc_column][\/vc_row][vc_row css_animation=&#8221;&#8221; row_type=&#8221;row&#8221; use_row_as_full_screen_section=&#8221;no&#8221; type=&#8221;full_width&#8221; angled_section=&#8221;no&#8221; text_align=&#8221;left&#8221; background_image_as_pattern=&#8221;without_pattern&#8221; z_index=&#8221;&#8221; padding_top=&#8221;70&#8243; padding_bottom=&#8221;30&#8243;][vc_column][vc_column_text]<h2 style=\"text-align: center;font-size:28px;text-transform:none;\">Tamb\u00e9 podeu visitar<\/h2><div class=\"section_inner clearfix full-width\">\n            <div class=\"section_inner_margin clearfix\">\n                <div class=\"wpb_column vc_column_container container_inner\" style=\"margin:0 auto;\">\n                    <div class=\"vc_column-inner\">\n                        <div class=\"wpb_wrapper\">\n                            <div class=\"woocommerce columns-3\">\n                                <ul class=\"products\"><li class=\"product type-product post-3821\">\n                                                <div class=\"top-product-section\">\n\t\t\t\t\t\t\t\t\t\t\t\t    <a href=\"https:\/\/welcomelalfas.com\/val\/el-moli-de-manec\/\"><img width=\"800\" height=\"533\" src=\"https:\/\/welcomelalfas.com\/wp-content\/uploads\/2021\/06\/moli-manec-lalfas-06.jpg\" class=\"attachment-post-thumbnail size-post-thumbnail wp-post-image\" alt=\"\" loading=\"lazy\" srcset=\"https:\/\/welcomelalfas.com\/wp-content\/uploads\/2021\/06\/moli-manec-lalfas-06.jpg 800w, https:\/\/welcomelalfas.com\/wp-content\/uploads\/2021\/06\/moli-manec-lalfas-06-300x200.jpg 300w, https:\/\/welcomelalfas.com\/wp-content\/uploads\/2021\/06\/moli-manec-lalfas-06-768x512.jpg 768w, https:\/\/welcomelalfas.com\/wp-content\/uploads\/2021\/06\/moli-manec-lalfas-06-700x466.jpg 700w\" sizes=\"(max-width: 800px) 100vw, 800px\" \/><\/a>   \n                                                    <a href=\"https:\/\/welcomelalfas.com\/val\/el-moli-de-manec\/\" class=\"text-center\"><h3>El Mol\u00ed de M\u00e0nec<\/h3><\/a>\n                                                <\/div>\n                                                <\/li><li class=\"product type-product post-3737\">\n                                                <div class=\"top-product-section\">\n\t\t\t\t\t\t\t\t\t\t\t\t    <a href=\"https:\/\/welcomelalfas.com\/val\/torre-bombarda\/\"><img width=\"1000\" height=\"667\" src=\"https:\/\/welcomelalfas.com\/wp-content\/uploads\/2021\/10\/torre-bombarda-alfaz-01.jpg\" class=\"attachment-post-thumbnail size-post-thumbnail wp-post-image\" alt=\"\" loading=\"lazy\" srcset=\"https:\/\/welcomelalfas.com\/wp-content\/uploads\/2021\/10\/torre-bombarda-alfaz-01.jpg 1000w, https:\/\/welcomelalfas.com\/wp-content\/uploads\/2021\/10\/torre-bombarda-alfaz-01-300x200.jpg 300w, https:\/\/welcomelalfas.com\/wp-content\/uploads\/2021\/10\/torre-bombarda-alfaz-01-768x512.jpg 768w, https:\/\/welcomelalfas.com\/wp-content\/uploads\/2021\/10\/torre-bombarda-alfaz-01-700x467.jpg 700w\" sizes=\"(max-width: 1000px) 100vw, 1000px\" \/><\/a>   \n                                                    <a href=\"https:\/\/welcomelalfas.com\/val\/torre-bombarda\/\" class=\"text-center\"><h3>Torre Bombarda<\/h3><\/a>\n                                                <\/div>\n                                                <\/li><li class=\"product type-product post-3559\" style=\"margin-right:0;\" >\n                                                <div class=\"top-product-section\">\n\t\t\t\t\t\t\t\t\t\t\t\t    <a href=\"https:\/\/welcomelalfas.com\/val\/centre-dinterpretacio-faro-de-lalbir\/\"><img width=\"800\" height=\"528\" src=\"https:\/\/welcomelalfas.com\/wp-content\/uploads\/2021\/05\/faro-albir-009.jpg\" class=\"attachment-post-thumbnail size-post-thumbnail wp-post-image\" alt=\"\" loading=\"lazy\" srcset=\"https:\/\/welcomelalfas.com\/wp-content\/uploads\/2021\/05\/faro-albir-009.jpg 800w, https:\/\/welcomelalfas.com\/wp-content\/uploads\/2021\/05\/faro-albir-009-300x198.jpg 300w, https:\/\/welcomelalfas.com\/wp-content\/uploads\/2021\/05\/faro-albir-009-768x507.jpg 768w, https:\/\/welcomelalfas.com\/wp-content\/uploads\/2021\/05\/faro-albir-009-700x462.jpg 700w\" sizes=\"(max-width: 800px) 100vw, 800px\" \/><\/a>   \n                                                    <a href=\"https:\/\/welcomelalfas.com\/val\/centre-dinterpretacio-faro-de-lalbir\/\" class=\"text-center\"><h3>Centre d\u2019Interpretaci\u00f3 Faro de l\u2019Albir<\/h3><\/a>\n                                                <\/div>\n                                                <\/li><\/ul>\n                            <\/div>\n                        <\/div>\n                    <\/div>\n                <\/div>\n            <\/div>\n        <\/div>[\/vc_column_text][\/vc_column][\/vc_row][vc_row css_animation=&#8221;&#8221; row_type=&#8221;row&#8221; use_row_as_full_screen_section=&#8221;no&#8221; type=&#8221;full_width&#8221; angled_section=&#8221;no&#8221; text_align=&#8221;left&#8221; background_image_as_pattern=&#8221;without_pattern&#8221; z_index=&#8221;&#8221; padding_top=&#8221;157&#8243; padding_bottom=&#8221;100&#8243; css=&#8221;.vc_custom_1664362096986{background-image: url(https:\/\/welcomelalfas.com\/wp-content\/uploads\/2021\/06\/fondo-pie-tn.jpg?id=389) !important;}&#8221;][vc_column][\/vc_column][\/vc_row]<\/p>\n","protected":false},"excerpt":{"rendered":"<p>[vc_row css_animation=&#8221;&#8221; row_type=&#8221;row&#8221; use_row_as_full_screen_section=&#8221;no&#8221; type=&#8221;grid&#8221; angled_section=&#8221;no&#8221; text_align=&#8221;left&#8221; background_image_as_pattern=&#8221;without_pattern&#8221; z_index=&#8221;&#8221; padding_top=&#8221;50&#8243;][vc_column css=&#8221;.vc_custom_1630316963515{margin-top: 40px !important;}&#8221;][vc_column_text]Enmig d&#8217;aquest modest parc es troba la immensa \u00abEscultura Paraloide\u00bb de cinc metres de longitud \u201cUtoya\u201d de l&#8217;artista Agust\u00edn Ibarrola Goikochea. Un treball original de l&#8217;escultor basc comprom\u00e9s en la lluita contra el&#8230;<\/p>\n","protected":false},"author":2,"featured_media":3867,"parent":0,"menu_order":0,"comment_status":"closed","ping_status":"closed","template":"full_width.php","meta":[],"yoast_head":"<!-- This site is optimized with the Yoast SEO plugin v19.7.1 - https:\/\/yoast.com\/wordpress\/plugins\/seo\/ -->\n<title>Escultura Parc&quot;per la pau&quot; Johan Galtung | Welcome L&#039;Alf\u00e0s<\/title>\n<meta name=\"description\" content=\"Escultura Parc&quot;per la pau&quot; Johan Galtung | Welcome L&#039;Alf\u00e0s\" \/>\n<meta name=\"robots\" content=\"index, follow, max-snippet:-1, max-image-preview:large, max-video-preview:-1\" \/>\n<link rel=\"canonical\" href=\"https:\/\/welcomelalfas.com\/val\/escultura-parcper-la-pau-johan-galtung\/\" \/>\n<meta property=\"og:locale\" content=\"en_US\" \/>\n<meta property=\"og:type\" content=\"article\" \/>\n<meta property=\"og:title\" content=\"Escultura Parc&quot;per la pau&quot; Johan Galtung | Welcome L&#039;Alf\u00e0s\" \/>\n<meta property=\"og:description\" content=\"Escultura Parc&quot;per la pau&quot; Johan Galtung | Welcome L&#039;Alf\u00e0s\" \/>\n<meta property=\"og:url\" content=\"https:\/\/welcomelalfas.com\/val\/escultura-parcper-la-pau-johan-galtung\/\" \/>\n<meta property=\"og:site_name\" content=\"Welcome L&#039;Alf\u00e0s\" \/>\n<meta property=\"article:modified_time\" content=\"2022-10-03T09:34:39+00:00\" \/>\n<meta property=\"og:image\" content=\"https:\/\/welcomelalfas.com\/wp-content\/uploads\/2022\/09\/parque-johan-galtung-1-1.jpg\" \/>\n\t<meta property=\"og:image:width\" content=\"1000\" \/>\n\t<meta property=\"og:image:height\" content=\"667\" \/>\n\t<meta property=\"og:image:type\" content=\"image\/jpeg\" \/>\n<meta name=\"twitter:card\" content=\"summary_large_image\" \/>\n<meta name=\"twitter:label1\" content=\"Est. reading time\" \/>\n\t<meta name=\"twitter:data1\" content=\"2 minutes\" \/>\n<script type=\"application\/ld+json\" class=\"yoast-schema-graph\">{\"@context\":\"https:\/\/schema.org\",\"@graph\":[{\"@type\":\"WebPage\",\"@id\":\"https:\/\/welcomelalfas.com\/val\/escultura-parcper-la-pau-johan-galtung\/\",\"url\":\"https:\/\/welcomelalfas.com\/val\/escultura-parcper-la-pau-johan-galtung\/\",\"name\":\"Escultura Parc\\\"per la pau\\\" Johan Galtung | Welcome L&#039;Alf\u00e0s\",\"isPartOf\":{\"@id\":\"https:\/\/welcomelalfas.com\/#website\"},\"datePublished\":\"2022-04-08T06:47:11+00:00\",\"dateModified\":\"2022-10-03T09:34:39+00:00\",\"description\":\"Escultura Parc\\\"per la pau\\\" Johan Galtung | Welcome L&#039;Alf\u00e0s\",\"breadcrumb\":{\"@id\":\"https:\/\/welcomelalfas.com\/val\/escultura-parcper-la-pau-johan-galtung\/#breadcrumb\"},\"inLanguage\":\"val\",\"potentialAction\":[{\"@type\":\"ReadAction\",\"target\":[\"https:\/\/welcomelalfas.com\/val\/escultura-parcper-la-pau-johan-galtung\/\"]}]},{\"@type\":\"BreadcrumbList\",\"@id\":\"https:\/\/welcomelalfas.com\/val\/escultura-parcper-la-pau-johan-galtung\/#breadcrumb\",\"itemListElement\":[{\"@type\":\"ListItem\",\"position\":1,\"name\":\"Portada\",\"item\":\"https:\/\/welcomelalfas.com\/val\/\"},{\"@type\":\"ListItem\",\"position\":2,\"name\":\"Escultura Parc\u00bbper la pau\u00bb Johan Galtung\"}]},{\"@type\":\"WebSite\",\"@id\":\"https:\/\/welcomelalfas.com\/#website\",\"url\":\"https:\/\/welcomelalfas.com\/\",\"name\":\"Welcome L&#039;Alf\u00e0s\",\"description\":\"Welcome L&#039;Alf\u00e0s\",\"potentialAction\":[{\"@type\":\"SearchAction\",\"target\":{\"@type\":\"EntryPoint\",\"urlTemplate\":\"https:\/\/welcomelalfas.com\/?s={search_term_string}\"},\"query-input\":\"required name=search_term_string\"}],\"inLanguage\":\"val\"}]}<\/script>\n<!-- \/ Yoast SEO plugin. -->","yoast_head_json":{"title":"Escultura Parc\"per la pau\" Johan Galtung | Welcome L&#039;Alf\u00e0s","description":"Escultura Parc\"per la pau\" Johan Galtung | Welcome L&#039;Alf\u00e0s","robots":{"index":"index","follow":"follow","max-snippet":"max-snippet:-1","max-image-preview":"max-image-preview:large","max-video-preview":"max-video-preview:-1"},"canonical":"https:\/\/welcomelalfas.com\/val\/escultura-parcper-la-pau-johan-galtung\/","og_locale":"en_US","og_type":"article","og_title":"Escultura Parc\"per la pau\" Johan Galtung | Welcome L&#039;Alf\u00e0s","og_description":"Escultura Parc\"per la pau\" Johan Galtung | Welcome L&#039;Alf\u00e0s","og_url":"https:\/\/welcomelalfas.com\/val\/escultura-parcper-la-pau-johan-galtung\/","og_site_name":"Welcome L&#039;Alf\u00e0s","article_modified_time":"2022-10-03T09:34:39+00:00","og_image":[{"width":1000,"height":667,"url":"https:\/\/welcomelalfas.com\/wp-content\/uploads\/2022\/09\/parque-johan-galtung-1-1.jpg","type":"image\/jpeg"}],"twitter_card":"summary_large_image","twitter_misc":{"Est. reading time":"2 minutes"},"schema":{"@context":"https:\/\/schema.org","@graph":[{"@type":"WebPage","@id":"https:\/\/welcomelalfas.com\/val\/escultura-parcper-la-pau-johan-galtung\/","url":"https:\/\/welcomelalfas.com\/val\/escultura-parcper-la-pau-johan-galtung\/","name":"Escultura Parc\"per la pau\" Johan Galtung | Welcome L&#039;Alf\u00e0s","isPartOf":{"@id":"https:\/\/welcomelalfas.com\/#website"},"datePublished":"2022-04-08T06:47:11+00:00","dateModified":"2022-10-03T09:34:39+00:00","description":"Escultura Parc\"per la pau\" Johan Galtung | Welcome L&#039;Alf\u00e0s","breadcrumb":{"@id":"https:\/\/welcomelalfas.com\/val\/escultura-parcper-la-pau-johan-galtung\/#breadcrumb"},"inLanguage":"val","potentialAction":[{"@type":"ReadAction","target":["https:\/\/welcomelalfas.com\/val\/escultura-parcper-la-pau-johan-galtung\/"]}]},{"@type":"BreadcrumbList","@id":"https:\/\/welcomelalfas.com\/val\/escultura-parcper-la-pau-johan-galtung\/#breadcrumb","itemListElement":[{"@type":"ListItem","position":1,"name":"Portada","item":"https:\/\/welcomelalfas.com\/val\/"},{"@type":"ListItem","position":2,"name":"Escultura Parc\u00bbper la pau\u00bb Johan Galtung"}]},{"@type":"WebSite","@id":"https:\/\/welcomelalfas.com\/#website","url":"https:\/\/welcomelalfas.com\/","name":"Welcome L&#039;Alf\u00e0s","description":"Welcome L&#039;Alf\u00e0s","potentialAction":[{"@type":"SearchAction","target":{"@type":"EntryPoint","urlTemplate":"https:\/\/welcomelalfas.com\/?s={search_term_string}"},"query-input":"required name=search_term_string"}],"inLanguage":"val"}]}},"_links":{"self":[{"href":"https:\/\/welcomelalfas.com\/val\/wp-json\/wp\/v2\/pages\/3861"}],"collection":[{"href":"https:\/\/welcomelalfas.com\/val\/wp-json\/wp\/v2\/pages"}],"about":[{"href":"https:\/\/welcomelalfas.com\/val\/wp-json\/wp\/v2\/types\/page"}],"author":[{"embeddable":true,"href":"https:\/\/welcomelalfas.com\/val\/wp-json\/wp\/v2\/users\/2"}],"replies":[{"embeddable":true,"href":"https:\/\/welcomelalfas.com\/val\/wp-json\/wp\/v2\/comments?post=3861"}],"version-history":[{"count":4,"href":"https:\/\/welcomelalfas.com\/val\/wp-json\/wp\/v2\/pages\/3861\/revisions"}],"predecessor-version":[{"id":3873,"href":"https:\/\/welcomelalfas.com\/val\/wp-json\/wp\/v2\/pages\/3861\/revisions\/3873"}],"wp:featuredmedia":[{"embeddable":true,"href":"https:\/\/welcomelalfas.com\/val\/wp-json\/wp\/v2\/media\/3867"}],"wp:attachment":[{"href":"https:\/\/welcomelalfas.com\/val\/wp-json\/wp\/v2\/media?parent=3861"}],"curies":[{"name":"wp","href":"https:\/\/api.w.org\/{rel}","templated":true}]}}