{"id":3909,"date":"2021-08-31T11:39:54","date_gmt":"2021-08-31T11:39:54","guid":{"rendered":"https:\/\/welcomelalfas.com\/?page_id=3909"},"modified":"2022-10-03T09:56:19","modified_gmt":"2022-10-03T09:56:19","slug":"jardi-escultoric-de-la-fundacio-klein-schreuder","status":"publish","type":"page","link":"https:\/\/welcomelalfas.com\/val\/jardi-escultoric-de-la-fundacio-klein-schreuder\/","title":{"rendered":"Jard\u00ed Escult\u00f2ric de la Fundaci\u00f3 Klein-Schreuder"},"content":{"rendered":"<p>[vc_row css_animation=&#8221;&#8221; row_type=&#8221;row&#8221; use_row_as_full_screen_section=&#8221;no&#8221; type=&#8221;grid&#8221; angled_section=&#8221;no&#8221; text_align=&#8221;left&#8221; background_image_as_pattern=&#8221;without_pattern&#8221; z_index=&#8221;&#8221; padding_top=&#8221;50&#8243;][vc_column css=&#8221;.vc_custom_1630316963515{margin-top: 40px !important;}&#8221;][vc_column_text]Aquesta fundaci\u00f3 privada, obri les seues portes al p\u00fablic en 2004. En les seues instal\u00b7lacions Johannes Klein i Johanna Schreuder van dissenyar un bell\u00edssim jard\u00ed on palmeres, rosers i xiprers conviuen amb una interessant col\u00b7lecci\u00f3 escult\u00f2rica. En 1996 el matrimoni va comprar uns 20.000 metres quadrats d&#8217;una plantaci\u00f3 descurada de tarongers on van construir una casa. Johannes va desenvolupar un disseny per al jard\u00ed i Johanna va triar les plantes, arbres i arbustos que encaixarien en aqueix lloc. Van plantar entre moltes altres plantes, 400 rosers, 100 palmeres, 60 arbres de cautx\u00fa, 400 xiprers i 100 ligustros. En 2002 van col\u00b7locar la primera escultura en un jard\u00ed jove i preci\u00f3s. En 2003 van constituir sense \u00e0nim de lucre, la \u2018Fundaci\u00f3 Klein-Schreuder de la Comunitat Valenciana\u2019, a trav\u00e9s de la qual es brinda l&#8217;oportunitat als artistes i es presta per a exposicions, concerts de m\u00fasica a l&#8217;aire lliure o ballet cl\u00e0ssic. Al jard\u00ed a m\u00e9s de les escultures de Johanna Klein-Schreuder, trobar\u00e0s una exposici\u00f3 permanent amb 38 escultures en bronze i ferro de diferents artistes. El punt de vista en la selecci\u00f3 de les obres d&#8217;art \u00e9s que l&#8217;art no necessita una explicaci\u00f3: la figura de l&#8217;home i dels animals parlen per si mateixes.[\/vc_column_text][\/vc_column][\/vc_row][vc_row css_animation=&#8221;&#8221; row_type=&#8221;row&#8221; use_row_as_full_screen_section=&#8221;no&#8221; type=&#8221;full_width&#8221; angled_section=&#8221;no&#8221; text_align=&#8221;left&#8221; background_image_as_pattern=&#8221;without_pattern&#8221; z_index=&#8221;&#8221; padding_top=&#8221;70&#8243;][vc_column css_animation=&#8221;fadeIn&#8221;][vc_gallery type=&#8221;image_grid&#8221; images=&#8221;3915,3914,3913,3916,3917,3918,3919,3920,3921,3922,3923,3926&#8243; img_size=&#8221;full&#8221; onclick=&#8221;&#8221; column_number=&#8221;3&#8243; grayscale=&#8221;no&#8221; images_space=&#8221;gallery_with_space&#8221;][\/vc_column][\/vc_row][vc_row css_animation=&#8221;&#8221; row_type=&#8221;row&#8221; use_row_as_full_screen_section=&#8221;no&#8221; type=&#8221;full_width&#8221; angled_section=&#8221;no&#8221; text_align=&#8221;left&#8221; background_image_as_pattern=&#8221;without_pattern&#8221; z_index=&#8221;&#8221; padding_top=&#8221;70&#8243;][vc_column][qode_elements_holder number_of_columns=&#8221;two_columns&#8221;][qode_elements_holder_item vertical_alignment=&#8221;top&#8221; horizontal_alignment=&#8221;center&#8221; advanced_animations=&#8221;no&#8221; custom_class=&#8221;azulBgTN&#8221; item_padding=&#8221;40px 10px 40px 10px&#8221;][vc_column_text el_class=&#8221;text-center&#8221; css=&#8221;.vc_custom_1664790923118{padding-top: 20px !important;padding-right: 10px !important;padding-bottom: 20px !important;padding-left: 10px !important;}&#8221;]<\/p>\n<p class=\"text-center\"><strong>Jard\u00ed Escult\u00f2ric de la Fundaci\u00f3 Klein-Schreuder<\/strong><\/p>\n<p class=\"text-center\">Cam. del Pinar, 23<br \/>\n03580 l\u2019Alf\u00e0s del Pi, Alicante<\/p>\n<p class=\"text-center\">Tlf. <a style=\"color: #fff !important;\" href=\"tel:966860230\">966 860 230<\/a><\/p>\n<p class=\"text-center\">Email: <a style=\"color: #fff !important;\" href=\"mailto:info@klein-schreuder.com\">info@klein-schreuder.com<\/a><\/p>\n<p style=\"text-align: center;\"><a style=\"color: #fff !important;\" href=\"http:\/\/www.klein-schreuder.com\/index.php\/es\/fundacion\" target=\"_blank\" rel=\"noopener\">Sitio Web<\/a><\/p>\n<p>[\/vc_column_text][\/qode_elements_holder_item][qode_elements_holder_item vertical_alignment=&#8221;top&#8221; advanced_animations=&#8221;no&#8221; custom_class=&#8221;verdeBgTN&#8221; item_padding=&#8221;40px 10px 40px 10px&#8221;][vc_column_text]<\/p>\n<p class=\"text-center\"><strong>HORARI<\/strong><\/p>\n<p class=\"text-center\">Dissabte \u2013 Domingo : 10:00h \u2013 14:00h<\/p>\n<p class=\"text-center\">Visitants tota la setmana amb cita pr\u00e8via per e-mail o tel\u00e8fon.<\/p>\n<p>[\/vc_column_text][\/qode_elements_holder_item][\/qode_elements_holder][\/vc_column][vc_column css=&#8221;.vc_custom_1649401797109{margin-top: 40px !important;}&#8221; offset=&#8221;vc_col-lg-offset-4 vc_col-lg-4 vc_col-md-offset-4 vc_col-md-4&#8243;][\/vc_column][\/vc_row][vc_row css_animation=&#8221;&#8221; row_type=&#8221;row&#8221; use_row_as_full_screen_section=&#8221;no&#8221; type=&#8221;full_width&#8221; angled_section=&#8221;no&#8221; text_align=&#8221;left&#8221; background_image_as_pattern=&#8221;without_pattern&#8221; z_index=&#8221;&#8221; padding_top=&#8221;70&#8243;][vc_column][vc_gmaps link=&#8221;#E-8_JTNDaWZyYW1lJTIwc3JjJTNEJTIyaHR0cHMlM0ElMkYlMkZ3d3cuZ29vZ2xlLmNvbSUyRm1hcHMlMkZlbWJlZCUzRnBiJTNEJTIxMW0xOCUyMTFtMTIlMjExbTMlMjExZDMxMTguMTI0NTY5MTMyODkyJTIxMmQtMC4xMTA3NjQ2ODQzNzgwNjM5NCUyMTNkMzguNjAwMDAyOTc5NjE3NSUyMTJtMyUyMTFmMCUyMTJmMCUyMTNmMCUyMTNtMiUyMTFpMTAyNCUyMTJpNzY4JTIxNGYxMy4xJTIxM20zJTIxMW0yJTIxMXMweGQ2MjAzYTYyMjdlZjJkYiUyNTNBMHhlZjYyMmJiOTM1NGNlZDM3JTIxMnNLbGVpbi1TY2hyZXVkZXIlMjUyMFNjdWxwdHVyZSUyNTIwR2FyZGVuJTIxNWUwJTIxM20yJTIxMXNlcyUyMTJzZXMlMjE0djE2MzA0MTA2NDc4NTclMjE1bTIlMjExc2VzJTIxMnNlcyUyMiUyMHdpZHRoJTNEJTIyMTAwJTI1JTIyJTIwaGVpZ2h0JTNEJTIyNDUwJTIyJTIwc3R5bGUlM0QlMjJib3JkZXIlM0EwJTNCJTIyJTIwYWxsb3dmdWxsc2NyZWVuJTNEJTIyJTIyJTIwbG9hZGluZyUzRCUyMmxhenklMjIlM0UlM0MlMkZpZnJhbWUlM0U=&#8221;][\/vc_column][\/vc_row][vc_row css_animation=&#8221;&#8221; row_type=&#8221;row&#8221; use_row_as_full_screen_section=&#8221;no&#8221; type=&#8221;full_width&#8221; angled_section=&#8221;no&#8221; text_align=&#8221;left&#8221; background_image_as_pattern=&#8221;without_pattern&#8221; z_index=&#8221;&#8221; padding_top=&#8221;70&#8243; padding_bottom=&#8221;30&#8243;][vc_column][vc_column_text]<h2 style=\"text-align: center;font-size:28px;text-transform:none;\">Tamb\u00e9 podeu visitar<\/h2><div class=\"section_inner clearfix full-width\">\n            <div class=\"section_inner_margin clearfix\">\n                <div class=\"wpb_column vc_column_container container_inner\" style=\"margin:0 auto;\">\n                    <div class=\"vc_column-inner\">\n                        <div class=\"wpb_wrapper\">\n                            <div class=\"woocommerce columns-3\">\n                                <ul class=\"products\"><li class=\"product type-product post-3547\">\n                                                <div class=\"top-product-section\">\n\t\t\t\t\t\t\t\t\t\t\t\t    <a href=\"https:\/\/welcomelalfas.com\/val\/cea-carabineros\/\"><img width=\"1000\" height=\"667\" src=\"https:\/\/welcomelalfas.com\/wp-content\/uploads\/2021\/09\/cea-carabineros-07.jpg\" class=\"attachment-post-thumbnail size-post-thumbnail wp-post-image\" alt=\"\" loading=\"lazy\" srcset=\"https:\/\/welcomelalfas.com\/wp-content\/uploads\/2021\/09\/cea-carabineros-07.jpg 1000w, https:\/\/welcomelalfas.com\/wp-content\/uploads\/2021\/09\/cea-carabineros-07-300x200.jpg 300w, https:\/\/welcomelalfas.com\/wp-content\/uploads\/2021\/09\/cea-carabineros-07-768x512.jpg 768w, https:\/\/welcomelalfas.com\/wp-content\/uploads\/2021\/09\/cea-carabineros-07-700x467.jpg 700w\" sizes=\"(max-width: 1000px) 100vw, 1000px\" \/><\/a>   \n                                                    <a href=\"https:\/\/welcomelalfas.com\/val\/cea-carabineros\/\" class=\"text-center\"><h3>CEA Carabineros<\/h3><\/a>\n                                                <\/div>\n                                                <\/li><li class=\"product type-product post-3861\">\n                                                <div class=\"top-product-section\">\n\t\t\t\t\t\t\t\t\t\t\t\t    <a href=\"https:\/\/welcomelalfas.com\/val\/escultura-parcper-la-pau-johan-galtung\/\"><img width=\"1000\" height=\"667\" src=\"https:\/\/welcomelalfas.com\/wp-content\/uploads\/2022\/09\/parque-johan-galtung-1-1.jpg\" class=\"attachment-post-thumbnail size-post-thumbnail wp-post-image\" alt=\"\" loading=\"lazy\" srcset=\"https:\/\/welcomelalfas.com\/wp-content\/uploads\/2022\/09\/parque-johan-galtung-1-1.jpg 1000w, https:\/\/welcomelalfas.com\/wp-content\/uploads\/2022\/09\/parque-johan-galtung-1-1-300x200.jpg 300w, https:\/\/welcomelalfas.com\/wp-content\/uploads\/2022\/09\/parque-johan-galtung-1-1-768x512.jpg 768w, https:\/\/welcomelalfas.com\/wp-content\/uploads\/2022\/09\/parque-johan-galtung-1-1-700x467.jpg 700w\" sizes=\"(max-width: 1000px) 100vw, 1000px\" \/><\/a>   \n                                                    <a href=\"https:\/\/welcomelalfas.com\/val\/escultura-parcper-la-pau-johan-galtung\/\" class=\"text-center\"><h3>Escultura Parc&#8221;per la pau&#8221; Johan Galtung<\/h3><\/a>\n                                                <\/div>\n                                                <\/li><li class=\"product type-product post-3821\" style=\"margin-right:0;\" >\n                                                <div class=\"top-product-section\">\n\t\t\t\t\t\t\t\t\t\t\t\t    <a href=\"https:\/\/welcomelalfas.com\/val\/el-moli-de-manec\/\"><img width=\"800\" height=\"533\" src=\"https:\/\/welcomelalfas.com\/wp-content\/uploads\/2021\/06\/moli-manec-lalfas-06.jpg\" class=\"attachment-post-thumbnail size-post-thumbnail wp-post-image\" alt=\"\" loading=\"lazy\" srcset=\"https:\/\/welcomelalfas.com\/wp-content\/uploads\/2021\/06\/moli-manec-lalfas-06.jpg 800w, https:\/\/welcomelalfas.com\/wp-content\/uploads\/2021\/06\/moli-manec-lalfas-06-300x200.jpg 300w, https:\/\/welcomelalfas.com\/wp-content\/uploads\/2021\/06\/moli-manec-lalfas-06-768x512.jpg 768w, https:\/\/welcomelalfas.com\/wp-content\/uploads\/2021\/06\/moli-manec-lalfas-06-700x466.jpg 700w\" sizes=\"(max-width: 800px) 100vw, 800px\" \/><\/a>   \n                                                    <a href=\"https:\/\/welcomelalfas.com\/val\/el-moli-de-manec\/\" class=\"text-center\"><h3>El Mol\u00ed de M\u00e0nec<\/h3><\/a>\n                                                <\/div>\n                                                <\/li><\/ul>\n                            <\/div>\n                        <\/div>\n                    <\/div>\n                <\/div>\n            <\/div>\n        <\/div>[\/vc_column_text][\/vc_column][\/vc_row][vc_row css_animation=&#8221;&#8221; row_type=&#8221;row&#8221; use_row_as_full_screen_section=&#8221;no&#8221; type=&#8221;full_width&#8221; angled_section=&#8221;no&#8221; text_align=&#8221;left&#8221; background_image_as_pattern=&#8221;without_pattern&#8221; css=&#8221;.vc_custom_1664362423866{background-image: url(https:\/\/welcomelalfas.com\/wp-content\/uploads\/2021\/06\/fondo-pie-tn.jpg?id=389) !important;}&#8221; z_index=&#8221;&#8221; padding_top=&#8221;157&#8243; padding_bottom=&#8221;100&#8243;][vc_column][\/vc_column][\/vc_row]<\/p>\n","protected":false},"excerpt":{"rendered":"<p>[vc_row css_animation=&#8221;&#8221; row_type=&#8221;row&#8221; use_row_as_full_screen_section=&#8221;no&#8221; type=&#8221;grid&#8221; angled_section=&#8221;no&#8221; text_align=&#8221;left&#8221; background_image_as_pattern=&#8221;without_pattern&#8221; z_index=&#8221;&#8221; padding_top=&#8221;50&#8243;][vc_column css=&#8221;.vc_custom_1630316963515{margin-top: 40px !important;}&#8221;][vc_column_text]Aquesta fundaci\u00f3 privada, obri les seues portes al p\u00fablic en 2004. En les seues instal\u00b7lacions Johannes Klein i Johanna Schreuder van dissenyar un bell\u00edssim jard\u00ed on palmeres, rosers i xiprers conviuen amb una&#8230;<\/p>\n","protected":false},"author":2,"featured_media":3911,"parent":0,"menu_order":0,"comment_status":"closed","ping_status":"closed","template":"full_width.php","meta":[],"yoast_head":"<!-- This site is optimized with the Yoast SEO plugin v19.7.1 - https:\/\/yoast.com\/wordpress\/plugins\/seo\/ -->\n<title>Jard\u00ed Escult\u00f2ric de la Fundaci\u00f3 Klein-Schreuder | Welcome L&#039;Alf\u00e0s<\/title>\n<meta name=\"description\" content=\"Jard\u00ed Escult\u00f2ric de la Fundaci\u00f3 Klein-Schreuder | Welcome L&#039;Alf\u00e0s\" \/>\n<meta name=\"robots\" content=\"index, follow, max-snippet:-1, max-image-preview:large, max-video-preview:-1\" \/>\n<link rel=\"canonical\" href=\"https:\/\/welcomelalfas.com\/val\/jardi-escultoric-de-la-fundacio-klein-schreuder\/\" \/>\n<meta property=\"og:locale\" content=\"en_US\" \/>\n<meta property=\"og:type\" content=\"article\" \/>\n<meta property=\"og:title\" content=\"Jard\u00ed Escult\u00f2ric de la Fundaci\u00f3 Klein-Schreuder | Welcome L&#039;Alf\u00e0s\" \/>\n<meta property=\"og:description\" content=\"Jard\u00ed Escult\u00f2ric de la Fundaci\u00f3 Klein-Schreuder | Welcome L&#039;Alf\u00e0s\" \/>\n<meta property=\"og:url\" content=\"https:\/\/welcomelalfas.com\/val\/jardi-escultoric-de-la-fundacio-klein-schreuder\/\" \/>\n<meta property=\"og:site_name\" content=\"Welcome L&#039;Alf\u00e0s\" \/>\n<meta property=\"article:modified_time\" content=\"2022-10-03T09:56:19+00:00\" \/>\n<meta property=\"og:image\" content=\"https:\/\/welcomelalfas.com\/wp-content\/uploads\/2021\/08\/jardin-escultorico-01.jpg\" \/>\n\t<meta property=\"og:image:width\" content=\"1000\" \/>\n\t<meta property=\"og:image:height\" content=\"667\" \/>\n\t<meta property=\"og:image:type\" content=\"image\/jpeg\" \/>\n<meta name=\"twitter:card\" content=\"summary_large_image\" \/>\n<meta name=\"twitter:label1\" content=\"Est. reading time\" \/>\n\t<meta name=\"twitter:data1\" content=\"2 minutes\" \/>\n<script type=\"application\/ld+json\" class=\"yoast-schema-graph\">{\"@context\":\"https:\/\/schema.org\",\"@graph\":[{\"@type\":\"WebPage\",\"@id\":\"https:\/\/welcomelalfas.com\/val\/jardi-escultoric-de-la-fundacio-klein-schreuder\/\",\"url\":\"https:\/\/welcomelalfas.com\/val\/jardi-escultoric-de-la-fundacio-klein-schreuder\/\",\"name\":\"Jard\u00ed Escult\u00f2ric de la Fundaci\u00f3 Klein-Schreuder | Welcome L&#039;Alf\u00e0s\",\"isPartOf\":{\"@id\":\"https:\/\/welcomelalfas.com\/#website\"},\"datePublished\":\"2021-08-31T11:39:54+00:00\",\"dateModified\":\"2022-10-03T09:56:19+00:00\",\"description\":\"Jard\u00ed Escult\u00f2ric de la Fundaci\u00f3 Klein-Schreuder | Welcome L&#039;Alf\u00e0s\",\"breadcrumb\":{\"@id\":\"https:\/\/welcomelalfas.com\/val\/jardi-escultoric-de-la-fundacio-klein-schreuder\/#breadcrumb\"},\"inLanguage\":\"val\",\"potentialAction\":[{\"@type\":\"ReadAction\",\"target\":[\"https:\/\/welcomelalfas.com\/val\/jardi-escultoric-de-la-fundacio-klein-schreuder\/\"]}]},{\"@type\":\"BreadcrumbList\",\"@id\":\"https:\/\/welcomelalfas.com\/val\/jardi-escultoric-de-la-fundacio-klein-schreuder\/#breadcrumb\",\"itemListElement\":[{\"@type\":\"ListItem\",\"position\":1,\"name\":\"Portada\",\"item\":\"https:\/\/welcomelalfas.com\/val\/\"},{\"@type\":\"ListItem\",\"position\":2,\"name\":\"Jard\u00ed Escult\u00f2ric de la Fundaci\u00f3 Klein-Schreuder\"}]},{\"@type\":\"WebSite\",\"@id\":\"https:\/\/welcomelalfas.com\/#website\",\"url\":\"https:\/\/welcomelalfas.com\/\",\"name\":\"Welcome L&#039;Alf\u00e0s\",\"description\":\"Welcome L&#039;Alf\u00e0s\",\"potentialAction\":[{\"@type\":\"SearchAction\",\"target\":{\"@type\":\"EntryPoint\",\"urlTemplate\":\"https:\/\/welcomelalfas.com\/?s={search_term_string}\"},\"query-input\":\"required name=search_term_string\"}],\"inLanguage\":\"val\"}]}<\/script>\n<!-- \/ Yoast SEO plugin. -->","yoast_head_json":{"title":"Jard\u00ed Escult\u00f2ric de la Fundaci\u00f3 Klein-Schreuder | Welcome L&#039;Alf\u00e0s","description":"Jard\u00ed Escult\u00f2ric de la Fundaci\u00f3 Klein-Schreuder | Welcome L&#039;Alf\u00e0s","robots":{"index":"index","follow":"follow","max-snippet":"max-snippet:-1","max-image-preview":"max-image-preview:large","max-video-preview":"max-video-preview:-1"},"canonical":"https:\/\/welcomelalfas.com\/val\/jardi-escultoric-de-la-fundacio-klein-schreuder\/","og_locale":"en_US","og_type":"article","og_title":"Jard\u00ed Escult\u00f2ric de la Fundaci\u00f3 Klein-Schreuder | Welcome L&#039;Alf\u00e0s","og_description":"Jard\u00ed Escult\u00f2ric de la Fundaci\u00f3 Klein-Schreuder | Welcome L&#039;Alf\u00e0s","og_url":"https:\/\/welcomelalfas.com\/val\/jardi-escultoric-de-la-fundacio-klein-schreuder\/","og_site_name":"Welcome L&#039;Alf\u00e0s","article_modified_time":"2022-10-03T09:56:19+00:00","og_image":[{"width":1000,"height":667,"url":"https:\/\/welcomelalfas.com\/wp-content\/uploads\/2021\/08\/jardin-escultorico-01.jpg","type":"image\/jpeg"}],"twitter_card":"summary_large_image","twitter_misc":{"Est. reading time":"2 minutes"},"schema":{"@context":"https:\/\/schema.org","@graph":[{"@type":"WebPage","@id":"https:\/\/welcomelalfas.com\/val\/jardi-escultoric-de-la-fundacio-klein-schreuder\/","url":"https:\/\/welcomelalfas.com\/val\/jardi-escultoric-de-la-fundacio-klein-schreuder\/","name":"Jard\u00ed Escult\u00f2ric de la Fundaci\u00f3 Klein-Schreuder | Welcome L&#039;Alf\u00e0s","isPartOf":{"@id":"https:\/\/welcomelalfas.com\/#website"},"datePublished":"2021-08-31T11:39:54+00:00","dateModified":"2022-10-03T09:56:19+00:00","description":"Jard\u00ed Escult\u00f2ric de la Fundaci\u00f3 Klein-Schreuder | Welcome L&#039;Alf\u00e0s","breadcrumb":{"@id":"https:\/\/welcomelalfas.com\/val\/jardi-escultoric-de-la-fundacio-klein-schreuder\/#breadcrumb"},"inLanguage":"val","potentialAction":[{"@type":"ReadAction","target":["https:\/\/welcomelalfas.com\/val\/jardi-escultoric-de-la-fundacio-klein-schreuder\/"]}]},{"@type":"BreadcrumbList","@id":"https:\/\/welcomelalfas.com\/val\/jardi-escultoric-de-la-fundacio-klein-schreuder\/#breadcrumb","itemListElement":[{"@type":"ListItem","position":1,"name":"Portada","item":"https:\/\/welcomelalfas.com\/val\/"},{"@type":"ListItem","position":2,"name":"Jard\u00ed Escult\u00f2ric de la Fundaci\u00f3 Klein-Schreuder"}]},{"@type":"WebSite","@id":"https:\/\/welcomelalfas.com\/#website","url":"https:\/\/welcomelalfas.com\/","name":"Welcome L&#039;Alf\u00e0s","description":"Welcome L&#039;Alf\u00e0s","potentialAction":[{"@type":"SearchAction","target":{"@type":"EntryPoint","urlTemplate":"https:\/\/welcomelalfas.com\/?s={search_term_string}"},"query-input":"required name=search_term_string"}],"inLanguage":"val"}]}},"_links":{"self":[{"href":"https:\/\/welcomelalfas.com\/val\/wp-json\/wp\/v2\/pages\/3909"}],"collection":[{"href":"https:\/\/welcomelalfas.com\/val\/wp-json\/wp\/v2\/pages"}],"about":[{"href":"https:\/\/welcomelalfas.com\/val\/wp-json\/wp\/v2\/types\/page"}],"author":[{"embeddable":true,"href":"https:\/\/welcomelalfas.com\/val\/wp-json\/wp\/v2\/users\/2"}],"replies":[{"embeddable":true,"href":"https:\/\/welcomelalfas.com\/val\/wp-json\/wp\/v2\/comments?post=3909"}],"version-history":[{"count":2,"href":"https:\/\/welcomelalfas.com\/val\/wp-json\/wp\/v2\/pages\/3909\/revisions"}],"predecessor-version":[{"id":3928,"href":"https:\/\/welcomelalfas.com\/val\/wp-json\/wp\/v2\/pages\/3909\/revisions\/3928"}],"wp:featuredmedia":[{"embeddable":true,"href":"https:\/\/welcomelalfas.com\/val\/wp-json\/wp\/v2\/media\/3911"}],"wp:attachment":[{"href":"https:\/\/welcomelalfas.com\/val\/wp-json\/wp\/v2\/media?parent=3909"}],"curies":[{"name":"wp","href":"https:\/\/api.w.org\/{rel}","templated":true}]}}