{"id":3929,"date":"2022-07-21T08:33:10","date_gmt":"2022-07-21T08:33:10","guid":{"rendered":"https:\/\/welcomelalfas.com\/?page_id=3929"},"modified":"2022-11-04T10:01:28","modified_gmt":"2022-11-04T10:01:28","slug":"turisme-actiu","status":"publish","type":"page","link":"https:\/\/welcomelalfas.com\/val\/turisme-actiu\/","title":{"rendered":"Turisme Actiu"},"content":{"rendered":"<p>[vc_row css_animation=&#8221;&#8221; row_type=&#8221;row&#8221; use_row_as_full_screen_section=&#8221;no&#8221; type=&#8221;grid&#8221; angled_section=&#8221;no&#8221; text_align=&#8221;left&#8221; background_image_as_pattern=&#8221;without_pattern&#8221; z_index=&#8221;&#8221; padding_top=&#8221;50&#8243;][vc_column][vc_column_text]A m\u00e9s dels nombrosos esports n\u00e0utics que es poden practicar a l&#8217;Alf\u00e0s del Pi, existeixen altres possibilitats com \u00e9s el cas per exemple del senderisme, el cicloturisme, l&#8217;escalada o l&#8217;equitaci\u00f3.<\/p>\n<p>Ja siga per fer alguna cosa d&#8217;exercici o simplement relaxar-te i soltar m\u00fasculs, nada millor que fer una passejada per la platja i gaudir de la brisa marinera o caminar cap al centre urb\u00e0 de l&#8217;Alf\u00e0s del Pi, endinsant-se per camins secundaris i poc transitats envoltats de zones verdes entre camps de tarongers i ametlers en flor que combinen la seua olor amb el de la mar.<\/p>\n<p>Per\u00f2 encara tens molt m\u00e9s per descobrir. Les nostres muntanyes et permetran endinsar-te en la naturalesa en estat pur i contemplar unes vistes que mai podr\u00e0s oblidar.<br \/>\n[\/vc_column_text][vc_column_text css=&#8221;.vc_custom_1664792025522{margin-top: 20px !important;padding-bottom: 30px !important;}&#8221;]<\/p>\n<h3>Que comence l&#8217;aventura!<\/h3>\n<p>[\/vc_column_text][\/vc_column][vc_column][vc_gallery type=&#8221;image_grid&#8221; images=&#8221;3940,3779,1742,3932,2623,3941&#8243; img_size=&#8221;full&#8221; onclick=&#8221;&#8221; column_number=&#8221;3&#8243; grayscale=&#8221;no&#8221; images_space=&#8221;gallery_with_space&#8221;][\/vc_column][\/vc_row][vc_row css_animation=&#8221;&#8221; row_type=&#8221;row&#8221; use_row_as_full_screen_section=&#8221;no&#8221; type=&#8221;grid&#8221; angled_section=&#8221;no&#8221; text_align=&#8221;left&#8221; background_image_as_pattern=&#8221;without_pattern&#8221; z_index=&#8221;&#8221; padding_top=&#8221;10&#8243;][vc_column][vc_column_text css=&#8221;.vc_custom_1658737243813{margin-top: 30px !important;margin-bottom: 30px !important;}&#8221;]<\/p>\n<h3>Ruta Tur\u00edstica INSTALBIR<\/h3>\n<p>[\/vc_column_text][\/vc_column][vc_column offset=&#8221;vc_col-lg-4 vc_col-md-4&#8243; css=&#8221;.vc_custom_1655290987316{margin-bottom: 20px !important;}&#8221;][vc_single_image image=&#8221;3930&#8243; img_size=&#8221;full&#8221; qode_css_animation=&#8221;&#8221;][\/vc_column][vc_column offset=&#8221;vc_col-lg-8 vc_col-md-8&#8243; css=&#8221;.vc_custom_1655291000486{margin-bottom: 20px !important;}&#8221;][vc_column_text]A trav\u00e9s d&#8217;aquesta ruta recorrerem alguns dels punts m\u00e9s bells de la nostra poblaci\u00f3. Es tracta d&#8217;una ruta fotogr\u00e0fica en Instagram on per mitj\u00e0 d&#8217;uns senyals, situades en llocs estrat\u00e8gics, s&#8217;indica l&#8217;etiqueta a utilitzar pels usuaris que comparteixen imatges i experi\u00e8ncies de la seua estada.<\/p>\n<p>Localitza els punts al llarg de la ruta. En ells trobar\u00e0s indicacions des d&#8217;on haur\u00e0s de fer la teua foto, ja que en ells hem definit un angle des del qual obtindr\u00e0s els millors enquadraments del lloc.<\/p>\n<p>Com veur\u00e0s la ruta est\u00e0 dividida en dues zones: Platges Albir i Faro del Albir.<br \/>\n[\/vc_column_text][\/vc_column][\/vc_row][vc_row css_animation=&#8221;&#8221; row_type=&#8221;row&#8221; use_row_as_full_screen_section=&#8221;no&#8221; type=&#8221;full_width&#8221; angled_section=&#8221;no&#8221; text_align=&#8221;left&#8221; background_image_as_pattern=&#8221;without_pattern&#8221; z_index=&#8221;&#8221; padding_top=&#8221;100&#8243; padding_bottom=&#8221;50&#8243;][vc_column][vc_gallery type=&#8221;image_grid&#8221; images=&#8221;3934,3935,3933&#8243; img_size=&#8221;full&#8221; onclick=&#8221;&#8221; column_number=&#8221;3&#8243; grayscale=&#8221;no&#8221; images_space=&#8221;gallery_with_space&#8221;][\/vc_column][\/vc_row][vc_row css_animation=&#8221;&#8221; row_type=&#8221;row&#8221; use_row_as_full_screen_section=&#8221;no&#8221; type=&#8221;grid&#8221; angled_section=&#8221;no&#8221; text_align=&#8221;left&#8221; background_image_as_pattern=&#8221;without_pattern&#8221; z_index=&#8221;&#8221; padding_top=&#8221;10&#8243;][vc_column][vc_column_text css=&#8221;.vc_custom_1664792075121{margin-top: 30px !important;margin-bottom: 30px !important;}&#8221;]<\/p>\n<h3><b>Entre Tarongers i Flores<\/b><\/h3>\n<p>[\/vc_column_text][\/vc_column][vc_column offset=&#8221;vc_col-lg-4 vc_col-md-4&#8243; css=&#8221;.vc_custom_1655290987316{margin-bottom: 20px !important;}&#8221;][vc_single_image image=&#8221;3937&#8243; img_size=&#8221;full&#8221; qode_css_animation=&#8221;&#8221;][\/vc_column][vc_column offset=&#8221;vc_col-lg-8 vc_col-md-8&#8243; css=&#8221;.vc_custom_1655291000486{margin-bottom: 20px !important;}&#8221;][vc_column_text]<\/p>\n<p class=\"p1\">Embriaga&#8217;t amb l&#8217;aroma de la flor del taronger. Amb l&#8217;arribada de la primavera els nostres tarongers floreixen i els camps comencen a inundar-se de precioses flors blanques. La flor del taronger disposa de grans propietats i \u00e9s una flor molt apreciada per la seua aroma. Encara que \u00e9s una flor associada principalment al taronger, la flor del taronger tamb\u00e9 naix d&#8217;altres fruiters de la fam\u00edlia dels c\u00edtrics com s\u00f3n el cidro o la llimera. Des de la platja de l\u2019Albir, dirigeix-te pel Boulevard dels M\u00fasics en direcci\u00f3 al centre urb\u00e0, enlla\u00e7ant amb Avda de l\u2019Albir segueix a la dreta cap a Carrer Riu Serpis, cont\u00ednua a l&#8217;esquerra per Carrer Rambla de l\u2019Albir per a passar amb compte per davall de la carretera nacional i girar a la dreta cap al cam\u00ed del Sarando fins a l&#8217;encreuament amb cam\u00ed dels Alguers. Des de Cam\u00ed dels Alguers i amb l&#8217;ajuda d&#8217;una llista de carrers es presenten diferents camins secundaris i poc transitats a explorar envoltats de camp i zones verdes.<\/p>\n<p>[\/vc_column_text][\/vc_column][\/vc_row][vc_row css_animation=&#8221;&#8221; row_type=&#8221;row&#8221; use_row_as_full_screen_section=&#8221;no&#8221; type=&#8221;grid&#8221; angled_section=&#8221;no&#8221; text_align=&#8221;left&#8221; background_image_as_pattern=&#8221;without_pattern&#8221; z_index=&#8221;&#8221; padding_top=&#8221;10&#8243;][vc_column][vc_column_text css=&#8221;.vc_custom_1664792131945{margin-top: 30px !important;margin-bottom: 30px !important;}&#8221;]<\/p>\n<h3><b>RUTA ARBRES SINGULARS <\/b><\/h3>\n<p>[\/vc_column_text][\/vc_column][vc_column offset=&#8221;vc_col-lg-4 vc_col-md-4&#8243; css=&#8221;.vc_custom_1655290987316{margin-bottom: 20px !important;}&#8221;][vc_single_image image=&#8221;3936&#8243; img_size=&#8221;full&#8221; qode_css_animation=&#8221;&#8221;][\/vc_column][vc_column offset=&#8221;vc_col-lg-8 vc_col-md-8&#8243; css=&#8221;.vc_custom_1655291000486{margin-bottom: 20px !important;}&#8221;][vc_column_text]<\/p>\n<p class=\"p1\">Visita en el centre urb\u00e0 10 dels arbres m\u00e9s singulars del nostre municipi, uns per la seua import\u00e0ncia simb\u00f2lica i hist\u00f2rica i altres pel seu car\u00e0cter monumental. Comencem per l&#8217;enigm\u00e0tic pi de la Pla\u00e7a Major que recorda la reivindicaci\u00f3 de la separaci\u00f3 de la Baronia de Polop. A continuaci\u00f3, al costat de l&#8217;esgl\u00e9sia, en la pla\u00e7a Jaume I podem contemplar un bon exemplar de garrofera al costat de la fa\u00e7ana d&#8217;unes cases. Des d&#8217;all\u00ed travessem l&#8217;avinguda Pa\u00eds Valenci\u00e0 en direcci\u00f3 al cam\u00ed de Coves, torcem a l&#8217;esquerra cap al cam\u00ed del Soler on ens trobem amb una altra centen\u00e0ria garrofera i seguint aquest vial estret, trobarem a la nostra esquerra, diversos exemplars de longeves oliveres. Arribarem a la rotonda del centre comercial Arab\u00ed i ens dirigim cap al carrer Tabarca on observem diversos exemplars d&#8217;oms. A continuaci\u00f3 tornem cap al centre pel carrer Ferrer\u00eda i en la rotonda girem a la dreta per a continuar pel carrer Ex\u00e8rcits Espanyols fins a la Llar del Pensionista on podem observar bells exemplars de Araucarias. Despr\u00e9s ens dirigim pel carrer Madrid cap al Parc el Pl\u00e1 per a contemplar una bella garrofera al costat de la zona de jocs infantils i finalment al carrer Federico Garc\u00eda Lorca contemplarem, un bell xiprer catalogat en el nostre cat\u00e0leg municipal d&#8217;arbres singulars.<\/p>\n<p style=\"text-align: left;\"><a style=\"color: #006198;\" href=\"https:\/\/welcomelalfas.com\/wp-content\/uploads\/2022\/07\/CATALOGO-ARBOLES-SINGULARES.pdf\" target=\"_blank\" rel=\"noopener\"><i class=\"fa fa-download\" aria-hidden=\"true\"><\/i>Descarregar Cat\u00e0leg d&#8217;Arbres Singulars<\/a><\/p>\n<p>[\/vc_column_text][\/vc_column][\/vc_row][vc_row css_animation=&#8221;&#8221; row_type=&#8221;row&#8221; use_row_as_full_screen_section=&#8221;no&#8221; type=&#8221;grid&#8221; angled_section=&#8221;no&#8221; text_align=&#8221;left&#8221; background_image_as_pattern=&#8221;without_pattern&#8221; z_index=&#8221;&#8221; padding_top=&#8221;10&#8243;][vc_column][vc_column_text css=&#8221;.vc_custom_1664792375976{margin-top: 30px !important;margin-bottom: 30px !important;}&#8221;]<\/p>\n<h3><b>EXPLORA ELS VOLTANTS<\/b><\/h3>\n<p>[\/vc_column_text][\/vc_column][vc_column offset=&#8221;vc_col-lg-4 vc_col-md-4&#8243; css=&#8221;.vc_custom_1655290987316{margin-bottom: 20px !important;}&#8221;][vc_single_image image=&#8221;3938&#8243; img_size=&#8221;full&#8221; qode_css_animation=&#8221;&#8221;][\/vc_column][vc_column offset=&#8221;vc_col-lg-8 vc_col-md-8&#8243; css=&#8221;.vc_custom_1655291000486{margin-bottom: 20px !important;}&#8221;][vc_column_text]<\/p>\n<p class=\"p1\">A la nostra prov\u00edncia les comarques de la Marina, Alta i Baixa reuneixen tota l&#8217;ess\u00e8ncia del Mediterrani. Des de l&#8217;Alf\u00e0s del P\u00ed pots a m\u00e9s visitar destins costaners com Benidorm, Altea, Calp o la Vila Joiosa o muntanyencs que reuneixen penya-segats, cales i caps com el de Sant Antoni, la Nao o el Morro de Toix que contrasten amb l&#8217;interior on tamb\u00e9 hi ha llocs plens d&#8217;encant per a gaudir de moments \u00fanics com per exemple el Castell de Guadalest o Les Fonts de l\u2019Algar.<\/p>\n<p>[\/vc_column_text][\/vc_column][\/vc_row][vc_row css_animation=&#8221;&#8221; row_type=&#8221;row&#8221; use_row_as_full_screen_section=&#8221;no&#8221; type=&#8221;grid&#8221; angled_section=&#8221;no&#8221; text_align=&#8221;left&#8221; background_image_as_pattern=&#8221;without_pattern&#8221; z_index=&#8221;&#8221; padding_top=&#8221;10&#8243;][vc_column el_class=&#8221;apartadoTN&#8221;][vc_column_text]<\/p>\n<h2>Directori d&#8217;empreses<\/h2>\n<p>[\/vc_column_text][\/vc_column][vc_column el_class=&#8221;apartadoSalud&#8221; offset=&#8221;vc_col-lg-4 vc_col-md-4&#8243; css=&#8221;.vc_custom_1658740463505{margin-bottom: 10px !important;}&#8221;][vc_column_text]<\/p>\n<h4>CENTRO H\u00cdPICO SIERRA HELADA<\/h4>\n<p>Cam\u00ed del Repetidor, 5<br \/>\n03503 l&#8217;Alf\u00e0s del Pi, Alicante<br \/>\nTel.: <a style=\"color: #006198;\" href=\"tel:693012399\">693 012 399<\/a><br \/>\n<a style=\"color: #006198;\" href=\"https:\/\/hipicasierrahelada.com\/\" target=\"_blank\" rel=\"noopener\"><i class=\"fa fa-external-link\" aria-hidden=\"true\"><\/i> www.hipicasierrahelada.com\/<\/a>[\/vc_column_text][\/vc_column][vc_column css=&#8221;.vc_custom_1658740560961{margin-bottom: 10px !important;}&#8221; offset=&#8221;vc_col-lg-4 vc_col-md-4&#8243; el_class=&#8221;apartadoSalud&#8221;][vc_column_text]<\/p>\n<h4>ESCUELA DE BUCEO SCORPORA<\/h4>\n<p>C\/Pau Casals, 6<br \/>\n03581 l\u2019Alf\u00e0s del P\u00ed, Alicante<br \/>\nTel.: <a style=\"color: #006198;\" href=\"tel:966867305\">966 867 305<\/a>[\/vc_column_text][\/vc_column][vc_column offset=&#8221;vc_col-lg-4 vc_col-md-4&#8243; el_class=&#8221;apartadoSalud&#8221;][vc_column_text]<\/p>\n<h4>MONKEY RENT ALBIR<\/h4>\n<p>Bulevard dels Musics, 23, local 4 A<br \/>\n03581 l\u2019Alf\u00e0s del P\u00ed, Alicante<br \/>\n<a style=\"color: #006198;\" href=\"http:\/\/www.monkeyrent.es\/\" target=\"_blank\" rel=\"noopener\"><i class=\"fa fa-external-link\" aria-hidden=\"true\"><\/i> www.monkeyrent.es<\/a>[\/vc_column_text][\/vc_column][vc_column][vc_column_text]<\/p>\n<p style=\"text-align: center !important;\">S\u00ed desitges que la teua empresa aparega en aquest directori envia&#8217;ns un email a <a style=\"color: #006198;\" href=\"mailto:info@welcomelalfas.com\">info@welcomelalfas.com<\/a><\/p>\n<p>[\/vc_column_text][\/vc_column][\/vc_row][vc_row css_animation=&#8221;&#8221; row_type=&#8221;row&#8221; use_row_as_full_screen_section=&#8221;no&#8221; type=&#8221;full_width&#8221; angled_section=&#8221;no&#8221; text_align=&#8221;left&#8221; background_image_as_pattern=&#8221;without_pattern&#8221; z_index=&#8221;&#8221; padding_top=&#8221;100&#8243; padding_bottom=&#8221;30&#8243;][vc_column][vc_column_text]<h2 style=\"text-align: center;font-size:28px;text-transform:none;\">Tamb\u00e9 podeu visitar<\/h2><div class=\"section_inner clearfix full-width\">\n            <div class=\"section_inner_margin clearfix\">\n                <div class=\"wpb_column vc_column_container container_inner\" style=\"margin:0 auto;\">\n                    <div class=\"vc_column-inner\">\n                        <div class=\"wpb_wrapper\">\n                            <div class=\"woocommerce columns-3\">\n                                <ul class=\"products\"><li class=\"product type-product post-3798\">\n                                                <div class=\"top-product-section\">\n\t\t\t\t\t\t\t\t\t\t\t\t    <a href=\"https:\/\/welcomelalfas.com\/val\/espai-cultural-escoles-velles\/\"><img width=\"1000\" height=\"667\" src=\"https:\/\/welcomelalfas.com\/wp-content\/uploads\/2021\/09\/escoles-velles-alfaz-rel.jpg\" class=\"attachment-post-thumbnail size-post-thumbnail wp-post-image\" alt=\"\" loading=\"lazy\" srcset=\"https:\/\/welcomelalfas.com\/wp-content\/uploads\/2021\/09\/escoles-velles-alfaz-rel.jpg 1000w, https:\/\/welcomelalfas.com\/wp-content\/uploads\/2021\/09\/escoles-velles-alfaz-rel-300x200.jpg 300w, https:\/\/welcomelalfas.com\/wp-content\/uploads\/2021\/09\/escoles-velles-alfaz-rel-768x512.jpg 768w, https:\/\/welcomelalfas.com\/wp-content\/uploads\/2021\/09\/escoles-velles-alfaz-rel-700x467.jpg 700w\" sizes=\"(max-width: 1000px) 100vw, 1000px\" \/><\/a>   \n                                                    <a href=\"https:\/\/welcomelalfas.com\/val\/espai-cultural-escoles-velles\/\" class=\"text-center\"><h3>Espai Cultural Escoles Velles<\/h3><\/a>\n                                                <\/div>\n                                                <\/li><li class=\"product type-product post-3547\">\n                                                <div class=\"top-product-section\">\n\t\t\t\t\t\t\t\t\t\t\t\t    <a href=\"https:\/\/welcomelalfas.com\/val\/cea-carabineros\/\"><img width=\"1000\" height=\"667\" src=\"https:\/\/welcomelalfas.com\/wp-content\/uploads\/2021\/09\/cea-carabineros-07.jpg\" class=\"attachment-post-thumbnail size-post-thumbnail wp-post-image\" alt=\"\" loading=\"lazy\" srcset=\"https:\/\/welcomelalfas.com\/wp-content\/uploads\/2021\/09\/cea-carabineros-07.jpg 1000w, https:\/\/welcomelalfas.com\/wp-content\/uploads\/2021\/09\/cea-carabineros-07-300x200.jpg 300w, https:\/\/welcomelalfas.com\/wp-content\/uploads\/2021\/09\/cea-carabineros-07-768x512.jpg 768w, https:\/\/welcomelalfas.com\/wp-content\/uploads\/2021\/09\/cea-carabineros-07-700x467.jpg 700w\" sizes=\"(max-width: 1000px) 100vw, 1000px\" \/><\/a>   \n                                                    <a href=\"https:\/\/welcomelalfas.com\/val\/cea-carabineros\/\" class=\"text-center\"><h3>CEA Carabineros<\/h3><\/a>\n                                                <\/div>\n                                                <\/li><li class=\"product type-product post-3782\" style=\"margin-right:0;\" >\n                                                <div class=\"top-product-section\">\n\t\t\t\t\t\t\t\t\t\t\t\t    <a href=\"https:\/\/welcomelalfas.com\/val\/platges-de-lalfas-del-pi\/\"><img width=\"1000\" height=\"667\" src=\"https:\/\/welcomelalfas.com\/wp-content\/uploads\/2022\/06\/playas-albir.jpg\" class=\"attachment-post-thumbnail size-post-thumbnail wp-post-image\" alt=\"\" loading=\"lazy\" srcset=\"https:\/\/welcomelalfas.com\/wp-content\/uploads\/2022\/06\/playas-albir.jpg 1000w, https:\/\/welcomelalfas.com\/wp-content\/uploads\/2022\/06\/playas-albir-300x200.jpg 300w, https:\/\/welcomelalfas.com\/wp-content\/uploads\/2022\/06\/playas-albir-768x512.jpg 768w, https:\/\/welcomelalfas.com\/wp-content\/uploads\/2022\/06\/playas-albir-700x467.jpg 700w\" sizes=\"(max-width: 1000px) 100vw, 1000px\" \/><\/a>   \n                                                    <a href=\"https:\/\/welcomelalfas.com\/val\/platges-de-lalfas-del-pi\/\" class=\"text-center\"><h3>Platges de l&#8217;Alf\u00e0s del Pi<\/h3><\/a>\n                                                <\/div>\n                                                <\/li><\/ul>\n                            <\/div>\n                        <\/div>\n                    <\/div>\n                <\/div>\n            <\/div>\n        <\/div>[\/vc_column_text][\/vc_column][\/vc_row][vc_row css_animation=&#8221;&#8221; row_type=&#8221;row&#8221; use_row_as_full_screen_section=&#8221;no&#8221; type=&#8221;full_width&#8221; angled_section=&#8221;no&#8221; text_align=&#8221;left&#8221; background_image_as_pattern=&#8221;without_pattern&#8221; css=&#8221;.vc_custom_1664362583655{background-image: url(https:\/\/welcomelalfas.com\/wp-content\/uploads\/2021\/06\/fondo-pie-tn.jpg?id=389) !important;}&#8221; z_index=&#8221;&#8221; padding_top=&#8221;157&#8243; padding_bottom=&#8221;100&#8243;][vc_column][\/vc_column][\/vc_row]<\/p>\n","protected":false},"excerpt":{"rendered":"<p>[vc_row css_animation=&#8221;&#8221; row_type=&#8221;row&#8221; use_row_as_full_screen_section=&#8221;no&#8221; type=&#8221;grid&#8221; angled_section=&#8221;no&#8221; text_align=&#8221;left&#8221; background_image_as_pattern=&#8221;without_pattern&#8221; z_index=&#8221;&#8221; padding_top=&#8221;50&#8243;][vc_column][vc_column_text]A m\u00e9s dels nombrosos esports n\u00e0utics que es poden practicar a l&#8217;Alf\u00e0s del Pi, existeixen altres possibilitats com \u00e9s el cas per exemple del senderisme, el cicloturisme, l&#8217;escalada o l&#8217;equitaci\u00f3. Ja siga per fer alguna cosa&#8230;<\/p>\n","protected":false},"author":2,"featured_media":0,"parent":0,"menu_order":0,"comment_status":"closed","ping_status":"closed","template":"full_width.php","meta":[],"yoast_head":"<!-- This site is optimized with the Yoast SEO plugin v19.7.1 - https:\/\/yoast.com\/wordpress\/plugins\/seo\/ -->\n<title>Turisme Actiu | Welcome L&#039;Alf\u00e0s<\/title>\n<meta name=\"description\" content=\"Turisme Actiu | Welcome L&#039;Alf\u00e0s\" \/>\n<meta name=\"robots\" content=\"index, follow, max-snippet:-1, max-image-preview:large, max-video-preview:-1\" \/>\n<link rel=\"canonical\" href=\"https:\/\/welcomelalfas.com\/val\/turisme-actiu\/\" \/>\n<meta property=\"og:locale\" content=\"en_US\" \/>\n<meta property=\"og:type\" content=\"article\" \/>\n<meta property=\"og:title\" content=\"Turisme Actiu | Welcome L&#039;Alf\u00e0s\" \/>\n<meta property=\"og:description\" content=\"Turisme Actiu | Welcome L&#039;Alf\u00e0s\" \/>\n<meta property=\"og:url\" content=\"https:\/\/welcomelalfas.com\/val\/turisme-actiu\/\" \/>\n<meta property=\"og:site_name\" content=\"Welcome L&#039;Alf\u00e0s\" \/>\n<meta property=\"article:modified_time\" content=\"2022-11-04T10:01:28+00:00\" \/>\n<meta name=\"twitter:card\" content=\"summary_large_image\" \/>\n<meta name=\"twitter:label1\" content=\"Est. reading time\" \/>\n\t<meta name=\"twitter:data1\" content=\"5 minutes\" \/>\n<script type=\"application\/ld+json\" class=\"yoast-schema-graph\">{\"@context\":\"https:\/\/schema.org\",\"@graph\":[{\"@type\":\"WebPage\",\"@id\":\"https:\/\/welcomelalfas.com\/val\/turisme-actiu\/\",\"url\":\"https:\/\/welcomelalfas.com\/val\/turisme-actiu\/\",\"name\":\"Turisme Actiu | Welcome L&#039;Alf\u00e0s\",\"isPartOf\":{\"@id\":\"https:\/\/welcomelalfas.com\/#website\"},\"datePublished\":\"2022-07-21T08:33:10+00:00\",\"dateModified\":\"2022-11-04T10:01:28+00:00\",\"description\":\"Turisme Actiu | Welcome L&#039;Alf\u00e0s\",\"breadcrumb\":{\"@id\":\"https:\/\/welcomelalfas.com\/val\/turisme-actiu\/#breadcrumb\"},\"inLanguage\":\"val\",\"potentialAction\":[{\"@type\":\"ReadAction\",\"target\":[\"https:\/\/welcomelalfas.com\/val\/turisme-actiu\/\"]}]},{\"@type\":\"BreadcrumbList\",\"@id\":\"https:\/\/welcomelalfas.com\/val\/turisme-actiu\/#breadcrumb\",\"itemListElement\":[{\"@type\":\"ListItem\",\"position\":1,\"name\":\"Portada\",\"item\":\"https:\/\/welcomelalfas.com\/val\/\"},{\"@type\":\"ListItem\",\"position\":2,\"name\":\"Turisme Actiu\"}]},{\"@type\":\"WebSite\",\"@id\":\"https:\/\/welcomelalfas.com\/#website\",\"url\":\"https:\/\/welcomelalfas.com\/\",\"name\":\"Welcome L&#039;Alf\u00e0s\",\"description\":\"Welcome L&#039;Alf\u00e0s\",\"potentialAction\":[{\"@type\":\"SearchAction\",\"target\":{\"@type\":\"EntryPoint\",\"urlTemplate\":\"https:\/\/welcomelalfas.com\/?s={search_term_string}\"},\"query-input\":\"required name=search_term_string\"}],\"inLanguage\":\"val\"}]}<\/script>\n<!-- \/ Yoast SEO plugin. -->","yoast_head_json":{"title":"Turisme Actiu | Welcome L&#039;Alf\u00e0s","description":"Turisme Actiu | Welcome L&#039;Alf\u00e0s","robots":{"index":"index","follow":"follow","max-snippet":"max-snippet:-1","max-image-preview":"max-image-preview:large","max-video-preview":"max-video-preview:-1"},"canonical":"https:\/\/welcomelalfas.com\/val\/turisme-actiu\/","og_locale":"en_US","og_type":"article","og_title":"Turisme Actiu | Welcome L&#039;Alf\u00e0s","og_description":"Turisme Actiu | Welcome L&#039;Alf\u00e0s","og_url":"https:\/\/welcomelalfas.com\/val\/turisme-actiu\/","og_site_name":"Welcome L&#039;Alf\u00e0s","article_modified_time":"2022-11-04T10:01:28+00:00","twitter_card":"summary_large_image","twitter_misc":{"Est. reading time":"5 minutes"},"schema":{"@context":"https:\/\/schema.org","@graph":[{"@type":"WebPage","@id":"https:\/\/welcomelalfas.com\/val\/turisme-actiu\/","url":"https:\/\/welcomelalfas.com\/val\/turisme-actiu\/","name":"Turisme Actiu | Welcome L&#039;Alf\u00e0s","isPartOf":{"@id":"https:\/\/welcomelalfas.com\/#website"},"datePublished":"2022-07-21T08:33:10+00:00","dateModified":"2022-11-04T10:01:28+00:00","description":"Turisme Actiu | Welcome L&#039;Alf\u00e0s","breadcrumb":{"@id":"https:\/\/welcomelalfas.com\/val\/turisme-actiu\/#breadcrumb"},"inLanguage":"val","potentialAction":[{"@type":"ReadAction","target":["https:\/\/welcomelalfas.com\/val\/turisme-actiu\/"]}]},{"@type":"BreadcrumbList","@id":"https:\/\/welcomelalfas.com\/val\/turisme-actiu\/#breadcrumb","itemListElement":[{"@type":"ListItem","position":1,"name":"Portada","item":"https:\/\/welcomelalfas.com\/val\/"},{"@type":"ListItem","position":2,"name":"Turisme Actiu"}]},{"@type":"WebSite","@id":"https:\/\/welcomelalfas.com\/#website","url":"https:\/\/welcomelalfas.com\/","name":"Welcome L&#039;Alf\u00e0s","description":"Welcome L&#039;Alf\u00e0s","potentialAction":[{"@type":"SearchAction","target":{"@type":"EntryPoint","urlTemplate":"https:\/\/welcomelalfas.com\/?s={search_term_string}"},"query-input":"required name=search_term_string"}],"inLanguage":"val"}]}},"_links":{"self":[{"href":"https:\/\/welcomelalfas.com\/val\/wp-json\/wp\/v2\/pages\/3929"}],"collection":[{"href":"https:\/\/welcomelalfas.com\/val\/wp-json\/wp\/v2\/pages"}],"about":[{"href":"https:\/\/welcomelalfas.com\/val\/wp-json\/wp\/v2\/types\/page"}],"author":[{"embeddable":true,"href":"https:\/\/welcomelalfas.com\/val\/wp-json\/wp\/v2\/users\/2"}],"replies":[{"embeddable":true,"href":"https:\/\/welcomelalfas.com\/val\/wp-json\/wp\/v2\/comments?post=3929"}],"version-history":[{"count":7,"href":"https:\/\/welcomelalfas.com\/val\/wp-json\/wp\/v2\/pages\/3929\/revisions"}],"predecessor-version":[{"id":4375,"href":"https:\/\/welcomelalfas.com\/val\/wp-json\/wp\/v2\/pages\/3929\/revisions\/4375"}],"wp:attachment":[{"href":"https:\/\/welcomelalfas.com\/val\/wp-json\/wp\/v2\/media?parent=3929"}],"curies":[{"name":"wp","href":"https:\/\/api.w.org\/{rel}","templated":true}]}}