{"id":3964,"date":"2022-07-25T09:24:04","date_gmt":"2022-07-25T09:24:04","guid":{"rendered":"https:\/\/welcomelalfas.com\/?page_id=3964"},"modified":"2022-10-03T17:47:43","modified_gmt":"2022-10-03T17:47:43","slug":"esports","status":"publish","type":"page","link":"https:\/\/welcomelalfas.com\/val\/esports\/","title":{"rendered":"ESPORTS"},"content":{"rendered":"<p>[vc_row css_animation=&#8221;&#8221; row_type=&#8221;row&#8221; use_row_as_full_screen_section=&#8221;no&#8221; type=&#8221;grid&#8221; angled_section=&#8221;no&#8221; text_align=&#8221;left&#8221; background_image_as_pattern=&#8221;without_pattern&#8221; z_index=&#8221;&#8221; padding_top=&#8221;50&#8243;][vc_column css=&#8221;.vc_custom_1658741556860{margin-bottom: 50px !important;}&#8221;][vc_column_text]L&#8217;Alf\u00e0s del Pi \u00e9s el lloc ideal per als amants de l&#8217;esport, ja siguen d&#8217;elit, amateur o aficionats. Molts esportistes i atletes d&#8217;elit ja acudeixen, sobretot durant l&#8217;hivern, a entrenar-se en les magn\u00edfiques instal\u00b7lacions del poliesportiu.<br \/>\nLa seua excel\u00b7lent pista d&#8217;atletisme amb el mateix paviment utilitzat en diversos estadis ol\u00edmpics com els de Barcelona o Londres.<br \/>\nEl pavell\u00f3 Pau Gasol, dotat amb totes les depend\u00e8ncies necess\u00e0ries per a albergar competicions de primer nivell de qualsevol disciplina esportiva, futbol sala, b\u00e0squet, handbol, voleibol, tennis de taula, gimn\u00e0stica r\u00edtmica i tot tipus d&#8217;arts marcials.<br \/>\nLa pista multiesport coberta, diversos camps de futbol amb gespa natural i artificial, pistes de tennis i frontenis, gimn\u00e0s i piscina a l&#8217;aire lliure.<br \/>\nEn l\u2019Albir a m\u00e9s hi ha diversos camps de futbol, un camp de pr\u00e0ctiques de golf i en projecte, un futur pavell\u00f3 cobert amb aforament per a 1.300 persones.<br \/>\nDe tots els esdeveniments esportius celebrats a l&#8217;Alf\u00e0s del Pi, destaquen les 10 Milles m\u00e9s boniques de la Costa Blanca. Una carrera popular celebrada des de 2008, l&#8217;\u00faltim diumenge d&#8217;octubre o el primer diumenge de novembre que compta amb una gran aflu\u00e8ncia de participants. El recorregut de 10 milles(17 km) comen\u00e7a en l&#8217;estadi d&#8217;atletisme del Poliesportiu Municipal de l&#8217;Alf\u00e0s del Pi, passa despr\u00e9s per l\u2019Albir, entrant al Parc Natural de la Serra Gelada fins a arribar al far. Despr\u00e9s torna a l&#8217;estadi del poliesportiu, on est\u00e0 la meta. Aquesta carrera, amb les seues caracter\u00edstiques tan especials, es consolida en el calendari dels corredors tant d&#8217;elit com amateurs cada any.[\/vc_column_text][\/vc_column][vc_column][vc_gallery type=&#8221;image_grid&#8221; images=&#8221;3971,3966,3968,3967,3969,3970&#8243; img_size=&#8221;full&#8221; onclick=&#8221;&#8221; column_number=&#8221;3&#8243; grayscale=&#8221;no&#8221; images_space=&#8221;gallery_with_space&#8221;][\/vc_column][\/vc_row][vc_row css_animation=&#8221;&#8221; row_type=&#8221;row&#8221; use_row_as_full_screen_section=&#8221;no&#8221; type=&#8221;grid&#8221; angled_section=&#8221;no&#8221; text_align=&#8221;left&#8221; background_image_as_pattern=&#8221;without_pattern&#8221; z_index=&#8221;&#8221;][vc_column][vc_column_text el_class=&#8221;apartadoTN&#8221;]<\/p>\n<h2>Centres esportius<\/h2>\n<p>[\/vc_column_text][vc_column_text el_class=&#8221;apartadoSalud&#8221;]<\/p>\n<h4>Poliesportiu Municipal<\/h4>\n<p>Avda dels Esports s\/n<br \/>\n03580 &#8211; L&#8217;Alf\u00e0s del Pi<br \/>\nTelf. oficinas <a href=\"tel: 965889515\">965 889 515<\/a><br \/>\nEmail:<a href=\"mailto:codeportes@lalfas.es\"> codeportes@lalfas.es<\/a>[\/vc_column_text][vc_column_text el_class=&#8221;apartadoSalud greyColorLowBg&#8221;]<\/p>\n<h4>Pavell\u00f3 cobert Pau Gasol<\/h4>\n<p>C\/ Elx n\u00ba3<br \/>\n03580 &#8211; L&#8217;Alf\u00e0s del Pi<br \/>\nTelf. oficinas <a href=\"tel: 965889601\">965 889 601<\/a><br \/>\nEmail:<a href=\"mailto:codeportes@lalfas.es\"> codeportes@lalfas.es<\/a>[\/vc_column_text][vc_column_text el_class=&#8221;apartadoSalud&#8221;]<\/p>\n<h4>Campos de f\u00fatbol de l&#8217;Albir<\/h4>\n<p>C\/ San Javier s\/n<br \/>\n03581 &#8211; L&#8217;Albir<br \/>\nTelf. oficinas <a href=\"tel: 965889601\">965 889 601<\/a><br \/>\nEmail:<a href=\"mailto:codeportes@lalfas.es\"> codeportes@lalfas.es<\/a>[\/vc_column_text][vc_column_text el_class=&#8221;apartadoSalud greyColorLowBg&#8221;]<\/p>\n<h4>Camp de golf de l&#8217;Albir<\/h4>\n<p>C\/ Bulevard de los M\u00fasicos<br \/>\n03581 &#8211; L&#8217;Albir<br \/>\nTelf. oficinas <a href=\"tel: 965889601\">965 889 601<\/a><br \/>\nEmail:<a href=\"mailto:codeportes@lalfas.es\"> codeportes@lalfas.es<\/a>[\/vc_column_text][\/vc_column][\/vc_row][vc_row css_animation=&#8221;&#8221; row_type=&#8221;row&#8221; use_row_as_full_screen_section=&#8221;no&#8221; type=&#8221;full_width&#8221; angled_section=&#8221;no&#8221; text_align=&#8221;left&#8221; background_image_as_pattern=&#8221;without_pattern&#8221; css=&#8221;.vc_custom_1659440412672{margin-top: 70px !important;background-image: url(https:\/\/welcomelalfas.com\/wp-content\/uploads\/2021\/06\/fondo-pie-tn.jpg?id=389) !important;}&#8221; z_index=&#8221;&#8221; padding_top=&#8221;157&#8243; padding_bottom=&#8221;100&#8243;][vc_column][\/vc_column][\/vc_row]<\/p>\n","protected":false},"excerpt":{"rendered":"<p>[vc_row css_animation=&#8221;&#8221; row_type=&#8221;row&#8221; use_row_as_full_screen_section=&#8221;no&#8221; type=&#8221;grid&#8221; angled_section=&#8221;no&#8221; text_align=&#8221;left&#8221; background_image_as_pattern=&#8221;without_pattern&#8221; z_index=&#8221;&#8221; padding_top=&#8221;50&#8243;][vc_column css=&#8221;.vc_custom_1658741556860{margin-bottom: 50px !important;}&#8221;][vc_column_text]L&#8217;Alf\u00e0s del Pi \u00e9s el lloc ideal per als amants de l&#8217;esport, ja siguen d&#8217;elit, amateur o aficionats. Molts esportistes i atletes d&#8217;elit ja acudeixen, sobretot durant l&#8217;hivern, a entrenar-se en les magn\u00edfiques&#8230;<\/p>\n","protected":false},"author":2,"featured_media":0,"parent":0,"menu_order":0,"comment_status":"closed","ping_status":"closed","template":"full_width.php","meta":[],"yoast_head":"<!-- This site is optimized with the Yoast SEO plugin v19.7.1 - https:\/\/yoast.com\/wordpress\/plugins\/seo\/ -->\n<title>ESPORTS | Welcome L&#039;Alf\u00e0s<\/title>\n<meta name=\"description\" content=\"ESPORTS | Welcome L&#039;Alf\u00e0s\" \/>\n<meta name=\"robots\" content=\"index, follow, max-snippet:-1, max-image-preview:large, max-video-preview:-1\" \/>\n<link rel=\"canonical\" href=\"https:\/\/welcomelalfas.com\/val\/esports\/\" \/>\n<meta property=\"og:locale\" content=\"en_US\" \/>\n<meta property=\"og:type\" content=\"article\" \/>\n<meta property=\"og:title\" content=\"ESPORTS | Welcome L&#039;Alf\u00e0s\" \/>\n<meta property=\"og:description\" content=\"ESPORTS | Welcome L&#039;Alf\u00e0s\" \/>\n<meta property=\"og:url\" content=\"https:\/\/welcomelalfas.com\/val\/esports\/\" \/>\n<meta property=\"og:site_name\" content=\"Welcome L&#039;Alf\u00e0s\" \/>\n<meta property=\"article:modified_time\" content=\"2022-10-03T17:47:43+00:00\" \/>\n<meta name=\"twitter:card\" content=\"summary_large_image\" \/>\n<meta name=\"twitter:label1\" content=\"Est. reading time\" \/>\n\t<meta name=\"twitter:data1\" content=\"2 minutes\" \/>\n<script type=\"application\/ld+json\" class=\"yoast-schema-graph\">{\"@context\":\"https:\/\/schema.org\",\"@graph\":[{\"@type\":\"WebPage\",\"@id\":\"https:\/\/welcomelalfas.com\/val\/esports\/\",\"url\":\"https:\/\/welcomelalfas.com\/val\/esports\/\",\"name\":\"ESPORTS | Welcome L&#039;Alf\u00e0s\",\"isPartOf\":{\"@id\":\"https:\/\/welcomelalfas.com\/#website\"},\"datePublished\":\"2022-07-25T09:24:04+00:00\",\"dateModified\":\"2022-10-03T17:47:43+00:00\",\"description\":\"ESPORTS | Welcome L&#039;Alf\u00e0s\",\"breadcrumb\":{\"@id\":\"https:\/\/welcomelalfas.com\/val\/esports\/#breadcrumb\"},\"inLanguage\":\"val\",\"potentialAction\":[{\"@type\":\"ReadAction\",\"target\":[\"https:\/\/welcomelalfas.com\/val\/esports\/\"]}]},{\"@type\":\"BreadcrumbList\",\"@id\":\"https:\/\/welcomelalfas.com\/val\/esports\/#breadcrumb\",\"itemListElement\":[{\"@type\":\"ListItem\",\"position\":1,\"name\":\"Portada\",\"item\":\"https:\/\/welcomelalfas.com\/val\/\"},{\"@type\":\"ListItem\",\"position\":2,\"name\":\"ESPORTS\"}]},{\"@type\":\"WebSite\",\"@id\":\"https:\/\/welcomelalfas.com\/#website\",\"url\":\"https:\/\/welcomelalfas.com\/\",\"name\":\"Welcome L&#039;Alf\u00e0s\",\"description\":\"Welcome L&#039;Alf\u00e0s\",\"potentialAction\":[{\"@type\":\"SearchAction\",\"target\":{\"@type\":\"EntryPoint\",\"urlTemplate\":\"https:\/\/welcomelalfas.com\/?s={search_term_string}\"},\"query-input\":\"required name=search_term_string\"}],\"inLanguage\":\"val\"}]}<\/script>\n<!-- \/ Yoast SEO plugin. -->","yoast_head_json":{"title":"ESPORTS | Welcome L&#039;Alf\u00e0s","description":"ESPORTS | Welcome L&#039;Alf\u00e0s","robots":{"index":"index","follow":"follow","max-snippet":"max-snippet:-1","max-image-preview":"max-image-preview:large","max-video-preview":"max-video-preview:-1"},"canonical":"https:\/\/welcomelalfas.com\/val\/esports\/","og_locale":"en_US","og_type":"article","og_title":"ESPORTS | Welcome L&#039;Alf\u00e0s","og_description":"ESPORTS | Welcome L&#039;Alf\u00e0s","og_url":"https:\/\/welcomelalfas.com\/val\/esports\/","og_site_name":"Welcome L&#039;Alf\u00e0s","article_modified_time":"2022-10-03T17:47:43+00:00","twitter_card":"summary_large_image","twitter_misc":{"Est. reading time":"2 minutes"},"schema":{"@context":"https:\/\/schema.org","@graph":[{"@type":"WebPage","@id":"https:\/\/welcomelalfas.com\/val\/esports\/","url":"https:\/\/welcomelalfas.com\/val\/esports\/","name":"ESPORTS | Welcome L&#039;Alf\u00e0s","isPartOf":{"@id":"https:\/\/welcomelalfas.com\/#website"},"datePublished":"2022-07-25T09:24:04+00:00","dateModified":"2022-10-03T17:47:43+00:00","description":"ESPORTS | Welcome L&#039;Alf\u00e0s","breadcrumb":{"@id":"https:\/\/welcomelalfas.com\/val\/esports\/#breadcrumb"},"inLanguage":"val","potentialAction":[{"@type":"ReadAction","target":["https:\/\/welcomelalfas.com\/val\/esports\/"]}]},{"@type":"BreadcrumbList","@id":"https:\/\/welcomelalfas.com\/val\/esports\/#breadcrumb","itemListElement":[{"@type":"ListItem","position":1,"name":"Portada","item":"https:\/\/welcomelalfas.com\/val\/"},{"@type":"ListItem","position":2,"name":"ESPORTS"}]},{"@type":"WebSite","@id":"https:\/\/welcomelalfas.com\/#website","url":"https:\/\/welcomelalfas.com\/","name":"Welcome L&#039;Alf\u00e0s","description":"Welcome L&#039;Alf\u00e0s","potentialAction":[{"@type":"SearchAction","target":{"@type":"EntryPoint","urlTemplate":"https:\/\/welcomelalfas.com\/?s={search_term_string}"},"query-input":"required name=search_term_string"}],"inLanguage":"val"}]}},"_links":{"self":[{"href":"https:\/\/welcomelalfas.com\/val\/wp-json\/wp\/v2\/pages\/3964"}],"collection":[{"href":"https:\/\/welcomelalfas.com\/val\/wp-json\/wp\/v2\/pages"}],"about":[{"href":"https:\/\/welcomelalfas.com\/val\/wp-json\/wp\/v2\/types\/page"}],"author":[{"embeddable":true,"href":"https:\/\/welcomelalfas.com\/val\/wp-json\/wp\/v2\/users\/2"}],"replies":[{"embeddable":true,"href":"https:\/\/welcomelalfas.com\/val\/wp-json\/wp\/v2\/comments?post=3964"}],"version-history":[{"count":4,"href":"https:\/\/welcomelalfas.com\/val\/wp-json\/wp\/v2\/pages\/3964\/revisions"}],"predecessor-version":[{"id":4012,"href":"https:\/\/welcomelalfas.com\/val\/wp-json\/wp\/v2\/pages\/3964\/revisions\/4012"}],"wp:attachment":[{"href":"https:\/\/welcomelalfas.com\/val\/wp-json\/wp\/v2\/media?parent=3964"}],"curies":[{"name":"wp","href":"https:\/\/api.w.org\/{rel}","templated":true}]}}