{"id":3982,"date":"2022-07-25T09:35:47","date_gmt":"2022-07-25T09:35:47","guid":{"rendered":"https:\/\/welcomelalfas.com\/?page_id=3982"},"modified":"2022-10-03T10:59:35","modified_gmt":"2022-10-03T10:59:35","slug":"compres","status":"publish","type":"page","link":"https:\/\/welcomelalfas.com\/val\/compres\/","title":{"rendered":"Compres"},"content":{"rendered":"<p>[vc_row css_animation=&#8221;&#8221; row_type=&#8221;row&#8221; use_row_as_full_screen_section=&#8221;no&#8221; type=&#8221;grid&#8221; angled_section=&#8221;no&#8221; text_align=&#8221;left&#8221; background_image_as_pattern=&#8221;without_pattern&#8221; z_index=&#8221;&#8221; padding_top=&#8221;50&#8243;][vc_column el_class=&#8221;apartadoTN&#8221;][vc_column_text]<\/p>\n<h2>Fira d&#8217;Artesania a la platja Rac\u00f3 de l\u2019Albir<\/h2>\n<p>[\/vc_column_text][\/vc_column][vc_column css=&#8221;.vc_custom_1662113178676{margin-top: 30px !important;margin-bottom: 50px !important;}&#8221;][vc_column_text]Cada estiu la Fira d&#8217;Artesania torna al Passeig de les Estreles, a la riba de la Platja del Rac\u00f3 de l\u2019Albir ( Zona del Ancla),\u00a0 ideal per a trobar-se amb productes artesanals i garantir\u00a0 la promoci\u00f3 d&#8217;oficis si la visites all\u00ed trobar\u00e0s productes artesanals exposats. Llocs de cer\u00e0mica, pintura, decoraci\u00f3 o bijuteria, a escassos metres de la primera l\u00ednia de la platja, amb horari de tard nit\u00a0 i que romandr\u00e0 oberta animant els capvespres estivals fins al 15 de setembre.<\/p>\n<p>La Fira d&#8217;Artesania conjuga la tradici\u00f3 amb la modernitat, i \u00e9s un punt de parada obligat en el cam\u00ed dels qui passegen per la platja Rac\u00f3 de l\u2019Albir en les vesprades &#8211; nits d&#8217;estiu.[\/vc_column_text][\/vc_column][vc_column css=&#8221;.vc_custom_1662113294011{margin-bottom: 30px !important;}&#8221;][vc_gallery type=&#8221;image_grid&#8221; images=&#8221;3987,3988,3986&#8243; img_size=&#8221;full&#8221; onclick=&#8221;&#8221; column_number=&#8221;3&#8243; grayscale=&#8221;no&#8221; images_space=&#8221;gallery_with_space&#8221;][\/vc_column][vc_column el_class=&#8221;apartadoTN&#8221;][vc_column_text css=&#8221;.vc_custom_1664794732506{margin-bottom: 20px !important;}&#8221;]<\/p>\n<h2>Compres<\/h2>\n<p>[\/vc_column_text][\/vc_column][vc_column css=&#8221;.vc_custom_1662113207447{margin-top: 30px !important;margin-bottom: 50px !important;}&#8221;][vc_column_text]La zona comercial s&#8217;articula principalment en l&#8217;avinguda de l\u2019Albir i en l&#8217;avinguda Pa\u00eds Valenci\u00e0, en el centre urb\u00e0 de l&#8217;Alf\u00e0s del Pi.<\/p>\n<p>El xicotet comer\u00e7 destaca per la qualitat dels seus productes i pel tracte pr\u00f2xim, atent i professional que ofereixen als seus clients.<\/p>\n<p>Durant l&#8217;estiu, molts establiments de l\u2019Albir estan oberts tota la setmana, inclosos els diumenges, i allarguen els seus horaris perqu\u00e8 els visitants facen les seues compres tranquil\u00b7lament en caure el sol i sense necessitat de renunciar als moments d&#8217;oci i platja.<\/p>\n<p>No \u00e9s f\u00e0cil resistir-se a la temptaci\u00f3 de comprar i emportar-se de retorn en la maleta articles o peces adquirides durant les vacances. I com no podia ser menys a l&#8217;Alf\u00e0s del Pi s&#8217;organitzen, cada setmana, dos mercats ambulants on podem trobar roba, sabates, complements, fruita, verdura, salaons i una \u00e0mplia selecci\u00f3 de productes t\u00edpics de la nostra terra.<\/p>\n<p>En el nucli urb\u00e0 de l&#8217;Alf\u00e0s del Pi, el mercat ambulant se celebra tots els divendres en l&#8217;avinguda Constituci\u00f3 i compta amb aproximadament 190 llocs dedicats fonamentalment a roba, complements i alimentaci\u00f3.<\/p>\n<p>En l\u2019Albir el mercat ambulant s&#8217;organitza els diumenges al carrer Isaac Alb\u00e9niz, amb 163 llocs que ofereixen una infinitat de curiositats. L&#8217;entorn d&#8217;aquest mercat ambulant compta amb altres atractius per a gaudir del diumenge: cafeteries, bars i restaurants amb terrasses a l&#8217;aire lliure, museus o passejos prop de la mar o en plena naturalesa, que fan encara m\u00e9s interessant i entretinguda la visita.<br \/>\n[\/vc_column_text][\/vc_column][vc_column][vc_gallery type=&#8221;image_grid&#8221; images=&#8221;3983,3984,3985&#8243; img_size=&#8221;full&#8221; onclick=&#8221;&#8221; column_number=&#8221;3&#8243; grayscale=&#8221;no&#8221; images_space=&#8221;gallery_with_space&#8221;][\/vc_column][\/vc_row][vc_row css_animation=&#8221;&#8221; row_type=&#8221;row&#8221; use_row_as_full_screen_section=&#8221;no&#8221; type=&#8221;full_width&#8221; angled_section=&#8221;no&#8221; text_align=&#8221;left&#8221; background_image_as_pattern=&#8221;without_pattern&#8221; z_index=&#8221;&#8221; padding_top=&#8221;100&#8243; padding_bottom=&#8221;30&#8243;][vc_column][vc_column_text]<h2 style=\"text-align: center;font-size:28px;text-transform:none;\">Tamb\u00e9 podeu visitar<\/h2><div class=\"section_inner clearfix full-width\">\n            <div class=\"section_inner_margin clearfix\">\n                <div class=\"wpb_column vc_column_container container_inner\" style=\"margin:0 auto;\">\n                    <div class=\"vc_column-inner\">\n                        <div class=\"wpb_wrapper\">\n                            <div class=\"woocommerce columns-3\">\n                                <ul class=\"products\"><li class=\"product type-product post-3899\">\n                                                <div class=\"top-product-section\">\n\t\t\t\t\t\t\t\t\t\t\t\t    <a href=\"https:\/\/welcomelalfas.com\/val\/museo-lalfas-amb-historia\/\"><img width=\"1000\" height=\"667\" src=\"https:\/\/welcomelalfas.com\/wp-content\/uploads\/2021\/08\/museo-amb-historia-01.jpg\" class=\"attachment-post-thumbnail size-post-thumbnail wp-post-image\" alt=\"\" loading=\"lazy\" srcset=\"https:\/\/welcomelalfas.com\/wp-content\/uploads\/2021\/08\/museo-amb-historia-01.jpg 1000w, https:\/\/welcomelalfas.com\/wp-content\/uploads\/2021\/08\/museo-amb-historia-01-300x200.jpg 300w, https:\/\/welcomelalfas.com\/wp-content\/uploads\/2021\/08\/museo-amb-historia-01-768x512.jpg 768w, https:\/\/welcomelalfas.com\/wp-content\/uploads\/2021\/08\/museo-amb-historia-01-700x467.jpg 700w\" sizes=\"(max-width: 1000px) 100vw, 1000px\" \/><\/a>   \n                                                    <a href=\"https:\/\/welcomelalfas.com\/val\/museo-lalfas-amb-historia\/\" class=\"text-center\"><h3>Museo l\u2019Alf\u00e0s amb Historia<\/h3><\/a>\n                                                <\/div>\n                                                <\/li><li class=\"product type-product post-3782\">\n                                                <div class=\"top-product-section\">\n\t\t\t\t\t\t\t\t\t\t\t\t    <a href=\"https:\/\/welcomelalfas.com\/val\/platges-de-lalfas-del-pi\/\"><img width=\"1000\" height=\"667\" src=\"https:\/\/welcomelalfas.com\/wp-content\/uploads\/2022\/06\/playas-albir.jpg\" class=\"attachment-post-thumbnail size-post-thumbnail wp-post-image\" alt=\"\" loading=\"lazy\" srcset=\"https:\/\/welcomelalfas.com\/wp-content\/uploads\/2022\/06\/playas-albir.jpg 1000w, https:\/\/welcomelalfas.com\/wp-content\/uploads\/2022\/06\/playas-albir-300x200.jpg 300w, https:\/\/welcomelalfas.com\/wp-content\/uploads\/2022\/06\/playas-albir-768x512.jpg 768w, https:\/\/welcomelalfas.com\/wp-content\/uploads\/2022\/06\/playas-albir-700x467.jpg 700w\" sizes=\"(max-width: 1000px) 100vw, 1000px\" \/><\/a>   \n                                                    <a href=\"https:\/\/welcomelalfas.com\/val\/platges-de-lalfas-del-pi\/\" class=\"text-center\"><h3>Platges de l&#8217;Alf\u00e0s del Pi<\/h3><\/a>\n                                                <\/div>\n                                                <\/li><li class=\"product type-product post-3559\" style=\"margin-right:0;\" >\n                                                <div class=\"top-product-section\">\n\t\t\t\t\t\t\t\t\t\t\t\t    <a href=\"https:\/\/welcomelalfas.com\/val\/centre-dinterpretacio-faro-de-lalbir\/\"><img width=\"800\" height=\"528\" src=\"https:\/\/welcomelalfas.com\/wp-content\/uploads\/2021\/05\/faro-albir-009.jpg\" class=\"attachment-post-thumbnail size-post-thumbnail wp-post-image\" alt=\"\" loading=\"lazy\" srcset=\"https:\/\/welcomelalfas.com\/wp-content\/uploads\/2021\/05\/faro-albir-009.jpg 800w, https:\/\/welcomelalfas.com\/wp-content\/uploads\/2021\/05\/faro-albir-009-300x198.jpg 300w, https:\/\/welcomelalfas.com\/wp-content\/uploads\/2021\/05\/faro-albir-009-768x507.jpg 768w, https:\/\/welcomelalfas.com\/wp-content\/uploads\/2021\/05\/faro-albir-009-700x462.jpg 700w\" sizes=\"(max-width: 800px) 100vw, 800px\" \/><\/a>   \n                                                    <a href=\"https:\/\/welcomelalfas.com\/val\/centre-dinterpretacio-faro-de-lalbir\/\" class=\"text-center\"><h3>Centre d\u2019Interpretaci\u00f3 Faro de l\u2019Albir<\/h3><\/a>\n                                                <\/div>\n                                                <\/li><\/ul>\n                            <\/div>\n                        <\/div>\n                    <\/div>\n                <\/div>\n            <\/div>\n        <\/div>[\/vc_column_text][\/vc_column][\/vc_row][vc_row css_animation=&#8221;&#8221; row_type=&#8221;row&#8221; use_row_as_full_screen_section=&#8221;no&#8221; type=&#8221;full_width&#8221; angled_section=&#8221;no&#8221; text_align=&#8221;left&#8221; background_image_as_pattern=&#8221;without_pattern&#8221; z_index=&#8221;&#8221; padding_top=&#8221;157&#8243; padding_bottom=&#8221;100&#8243; css=&#8221;.vc_custom_1664362693047{background-image: url(https:\/\/welcomelalfas.com\/wp-content\/uploads\/2021\/06\/fondo-pie-tn.jpg?id=389) !important;}&#8221;][vc_column][\/vc_column][\/vc_row]<\/p>\n","protected":false},"excerpt":{"rendered":"<p>[vc_row css_animation=&#8221;&#8221; row_type=&#8221;row&#8221; use_row_as_full_screen_section=&#8221;no&#8221; type=&#8221;grid&#8221; angled_section=&#8221;no&#8221; text_align=&#8221;left&#8221; background_image_as_pattern=&#8221;without_pattern&#8221; z_index=&#8221;&#8221; padding_top=&#8221;50&#8243;][vc_column el_class=&#8221;apartadoTN&#8221;][vc_column_text] Fira d&#8217;Artesania a la platja Rac\u00f3 de l\u2019Albir [\/vc_column_text][\/vc_column][vc_column css=&#8221;.vc_custom_1662113178676{margin-top: 30px !important;margin-bottom: 50px !important;}&#8221;][vc_column_text]Cada estiu la Fira d&#8217;Artesania torna al Passeig de les Estreles, a la riba de la Platja del Rac\u00f3 de l\u2019Albir&#8230;<\/p>\n","protected":false},"author":2,"featured_media":0,"parent":0,"menu_order":0,"comment_status":"closed","ping_status":"closed","template":"full_width.php","meta":[],"yoast_head":"<!-- This site is optimized with the Yoast SEO plugin v19.7.1 - https:\/\/yoast.com\/wordpress\/plugins\/seo\/ -->\n<title>Compres | Welcome L&#039;Alf\u00e0s<\/title>\n<meta name=\"description\" content=\"Compres | Welcome L&#039;Alf\u00e0s\" \/>\n<meta name=\"robots\" content=\"index, follow, max-snippet:-1, max-image-preview:large, max-video-preview:-1\" \/>\n<link rel=\"canonical\" href=\"https:\/\/welcomelalfas.com\/val\/compres\/\" \/>\n<meta property=\"og:locale\" content=\"en_US\" \/>\n<meta property=\"og:type\" content=\"article\" \/>\n<meta property=\"og:title\" content=\"Compres | Welcome L&#039;Alf\u00e0s\" \/>\n<meta property=\"og:description\" content=\"Compres | Welcome L&#039;Alf\u00e0s\" \/>\n<meta property=\"og:url\" content=\"https:\/\/welcomelalfas.com\/val\/compres\/\" \/>\n<meta property=\"og:site_name\" content=\"Welcome L&#039;Alf\u00e0s\" \/>\n<meta property=\"article:modified_time\" content=\"2022-10-03T10:59:35+00:00\" \/>\n<meta name=\"twitter:card\" content=\"summary_large_image\" \/>\n<meta name=\"twitter:label1\" content=\"Est. reading time\" \/>\n\t<meta name=\"twitter:data1\" content=\"2 minutes\" \/>\n<script type=\"application\/ld+json\" class=\"yoast-schema-graph\">{\"@context\":\"https:\/\/schema.org\",\"@graph\":[{\"@type\":\"WebPage\",\"@id\":\"https:\/\/welcomelalfas.com\/val\/compres\/\",\"url\":\"https:\/\/welcomelalfas.com\/val\/compres\/\",\"name\":\"Compres | Welcome L&#039;Alf\u00e0s\",\"isPartOf\":{\"@id\":\"https:\/\/welcomelalfas.com\/#website\"},\"datePublished\":\"2022-07-25T09:35:47+00:00\",\"dateModified\":\"2022-10-03T10:59:35+00:00\",\"description\":\"Compres | Welcome L&#039;Alf\u00e0s\",\"breadcrumb\":{\"@id\":\"https:\/\/welcomelalfas.com\/val\/compres\/#breadcrumb\"},\"inLanguage\":\"val\",\"potentialAction\":[{\"@type\":\"ReadAction\",\"target\":[\"https:\/\/welcomelalfas.com\/val\/compres\/\"]}]},{\"@type\":\"BreadcrumbList\",\"@id\":\"https:\/\/welcomelalfas.com\/val\/compres\/#breadcrumb\",\"itemListElement\":[{\"@type\":\"ListItem\",\"position\":1,\"name\":\"Portada\",\"item\":\"https:\/\/welcomelalfas.com\/val\/\"},{\"@type\":\"ListItem\",\"position\":2,\"name\":\"Compres\"}]},{\"@type\":\"WebSite\",\"@id\":\"https:\/\/welcomelalfas.com\/#website\",\"url\":\"https:\/\/welcomelalfas.com\/\",\"name\":\"Welcome L&#039;Alf\u00e0s\",\"description\":\"Welcome L&#039;Alf\u00e0s\",\"potentialAction\":[{\"@type\":\"SearchAction\",\"target\":{\"@type\":\"EntryPoint\",\"urlTemplate\":\"https:\/\/welcomelalfas.com\/?s={search_term_string}\"},\"query-input\":\"required name=search_term_string\"}],\"inLanguage\":\"val\"}]}<\/script>\n<!-- \/ Yoast SEO plugin. -->","yoast_head_json":{"title":"Compres | Welcome L&#039;Alf\u00e0s","description":"Compres | Welcome L&#039;Alf\u00e0s","robots":{"index":"index","follow":"follow","max-snippet":"max-snippet:-1","max-image-preview":"max-image-preview:large","max-video-preview":"max-video-preview:-1"},"canonical":"https:\/\/welcomelalfas.com\/val\/compres\/","og_locale":"en_US","og_type":"article","og_title":"Compres | Welcome L&#039;Alf\u00e0s","og_description":"Compres | Welcome L&#039;Alf\u00e0s","og_url":"https:\/\/welcomelalfas.com\/val\/compres\/","og_site_name":"Welcome L&#039;Alf\u00e0s","article_modified_time":"2022-10-03T10:59:35+00:00","twitter_card":"summary_large_image","twitter_misc":{"Est. reading time":"2 minutes"},"schema":{"@context":"https:\/\/schema.org","@graph":[{"@type":"WebPage","@id":"https:\/\/welcomelalfas.com\/val\/compres\/","url":"https:\/\/welcomelalfas.com\/val\/compres\/","name":"Compres | Welcome L&#039;Alf\u00e0s","isPartOf":{"@id":"https:\/\/welcomelalfas.com\/#website"},"datePublished":"2022-07-25T09:35:47+00:00","dateModified":"2022-10-03T10:59:35+00:00","description":"Compres | Welcome L&#039;Alf\u00e0s","breadcrumb":{"@id":"https:\/\/welcomelalfas.com\/val\/compres\/#breadcrumb"},"inLanguage":"val","potentialAction":[{"@type":"ReadAction","target":["https:\/\/welcomelalfas.com\/val\/compres\/"]}]},{"@type":"BreadcrumbList","@id":"https:\/\/welcomelalfas.com\/val\/compres\/#breadcrumb","itemListElement":[{"@type":"ListItem","position":1,"name":"Portada","item":"https:\/\/welcomelalfas.com\/val\/"},{"@type":"ListItem","position":2,"name":"Compres"}]},{"@type":"WebSite","@id":"https:\/\/welcomelalfas.com\/#website","url":"https:\/\/welcomelalfas.com\/","name":"Welcome L&#039;Alf\u00e0s","description":"Welcome L&#039;Alf\u00e0s","potentialAction":[{"@type":"SearchAction","target":{"@type":"EntryPoint","urlTemplate":"https:\/\/welcomelalfas.com\/?s={search_term_string}"},"query-input":"required name=search_term_string"}],"inLanguage":"val"}]}},"_links":{"self":[{"href":"https:\/\/welcomelalfas.com\/val\/wp-json\/wp\/v2\/pages\/3982"}],"collection":[{"href":"https:\/\/welcomelalfas.com\/val\/wp-json\/wp\/v2\/pages"}],"about":[{"href":"https:\/\/welcomelalfas.com\/val\/wp-json\/wp\/v2\/types\/page"}],"author":[{"embeddable":true,"href":"https:\/\/welcomelalfas.com\/val\/wp-json\/wp\/v2\/users\/2"}],"replies":[{"embeddable":true,"href":"https:\/\/welcomelalfas.com\/val\/wp-json\/wp\/v2\/comments?post=3982"}],"version-history":[{"count":2,"href":"https:\/\/welcomelalfas.com\/val\/wp-json\/wp\/v2\/pages\/3982\/revisions"}],"predecessor-version":[{"id":3991,"href":"https:\/\/welcomelalfas.com\/val\/wp-json\/wp\/v2\/pages\/3982\/revisions\/3991"}],"wp:attachment":[{"href":"https:\/\/welcomelalfas.com\/val\/wp-json\/wp\/v2\/media?parent=3982"}],"curies":[{"name":"wp","href":"https:\/\/api.w.org\/{rel}","templated":true}]}}