{"id":4072,"date":"2021-03-17T12:57:54","date_gmt":"2021-03-17T12:57:54","guid":{"rendered":"https:\/\/welcomelalfas.com\/politica-privacidad\/"},"modified":"2022-10-03T20:33:25","modified_gmt":"2022-10-03T20:33:25","slug":"politica-privacitat","status":"publish","type":"page","link":"https:\/\/welcomelalfas.com\/val\/politica-privacitat\/","title":{"rendered":"Pol\u00edtica Privacitat"},"content":{"rendered":"<p>[vc_row css_animation=&#8221;&#8221; row_type=&#8221;row&#8221; use_row_as_full_screen_section=&#8221;no&#8221; type=&#8221;full_width&#8221; angled_section=&#8221;no&#8221; text_align=&#8221;left&#8221; background_image_as_pattern=&#8221;without_pattern&#8221; z_index=&#8221;&#8221; padding_top=&#8221;10&#8243;][vc_column css=&#8221;.vc_custom_1621598608921{margin-top: 70px !important;}&#8221;][vc_column_text css=&#8221;.vc_custom_1664828353534{margin-bottom: 30px !important;}&#8221;]<\/p>\n<h1>Pol\u00edtica Privacitat<\/h1>\n<p>[\/vc_column_text][vc_column_text]<\/p>\n<h2>1 IDENTIFICACI\u00d3<\/h2>\n<p>Titular: Ajuntament de l\u2019Alf\u00e0s del Pi (d\u2019ara en avant, el \u00abTitular\u00bb)<br \/>\nDomicili social: Federico Garcia Lorca, 11<br \/>\nTel.: 965 88 82 65<br \/>\nFax: 966 86 02 50<br \/>\nE-mail: info@welcomelalfas.com<br \/>\nC.I.F.: P-0301100-D[\/vc_column_text][vc_column_text css=&#8221;.vc_custom_1664828475161{margin-top: 70px !important;}&#8221;]<\/p>\n<h2>2 INFORMACI\u00d3 I CONSENTIMENT<\/h2>\n<p>De conformitat amb el que es disposa en el Reglament UE 679\/2015 de Protecci\u00f3 de Dades, mitjan\u00e7ant l&#8217;acceptaci\u00f3 de la present Pol\u00edtica de Privacitat l&#8217;Usuari (d&#8217;ara en avant, el \u201cUsuari\u201d) presta el seu consentiment informat, expr\u00e9s, lliure i inequ\u00edvoc perqu\u00e8 les dades personals recaptades a trav\u00e9s del Lloc web welcomelalfas.com (d&#8217;ara en avant, el \u201cLloc web\u201d) siguen tractats pel TITULAR conforme al que es disposa en la present Pol\u00edtica de Privacitat.<\/p>\n<p>Totes les dades personals sol\u00b7licitats a l&#8217;Usuari en el Lloc web s\u00f3n obligatoris, no sent possible l&#8217;acc\u00e9s o registre en Lloc web si no es faciliten aquestes dades.<\/p>\n<p>Aix\u00ed mateix, quan les dades personals siguen recaptats a trav\u00e9s de formularis que es puguen habilitar en el Lloc web amb motiu del desenvolupament de la seua activitat, ser\u00e0 necessari que la Usu\u00e0ria aportaci\u00f3, almenys, aquells marcats amb un asterisc ja que, si no se subministraren aqueixes dades considerades necess\u00e0ries, no podrem prestar el servei a l&#8217;Usuari a trav\u00e9s del Lloc web.<\/p>\n<p>L&#8217;Usuari garanteix que les dades personals facilitades al TITULAR s\u00f3n certs i exactes, amb el que el TITULAR no es far\u00e0 responsable de qualsevol incid\u00e8ncia derivada de la inexactitud o falsedat de la informaci\u00f3 proporcionada pels Usuaris.<\/p>\n<p>L&#8217;Usuari, com a \u00fanic responsable del tractament, ser\u00e0 responsable de complir amb tota la normativa de protecci\u00f3 de dades aplicable. A m\u00e9s, l&#8217;Usuari accepta obtindre tots els consentiments, autoritzacions i\/o aprovacions legalment necess\u00e0ries abans d&#8217;incloure dades personals en el Lloc web o utilitzar el Lloc web.[\/vc_column_text][vc_column_text css=&#8221;.vc_custom_1664828547614{margin-top: 70px !important;}&#8221;]<\/p>\n<h2>3 FINALITAT DEL TRACTAMENT<\/h2>\n<p>Les dades personals de l&#8217;Usuari o de tercers que siguen cedits per l&#8217;Usuari seran tractats pel TITULAR a trav\u00e9s de Lloc web \u00fanicament per a les seg\u00fcents finalitats:<\/p>\n<ol style=\"margin-left: 20px; margin-bottom: 30px;\">\n<li>Dur a terme les funcionalitats del Lloc web destinades a la prestaci\u00f3 dels serveis oferits en aquest.<\/li>\n<li>Donar compliment a les obligacions legalment establides.<\/li>\n<\/ol>\n<p>En cap cas realitzarem alguna de les seg\u00fcents activitats:<\/p>\n<ol style=\"margin-left: 20px;\">\n<li>Cedir les dades a altres persones o entitats, sense el consentiment previ dels Usuaris.<\/li>\n<li>Transferir-los a altres Estats, sense el consentiment previ dels Usuaris.<\/li>\n<\/ol>\n<p>[\/vc_column_text][vc_column_text css=&#8221;.vc_custom_1664828576962{margin-top: 70px !important;}&#8221;]<\/p>\n<h2>4 DADES DE L&#8217;USUARI<\/h2>\n<p>L&#8217;Usuari garanteix que les dades aportades s\u00f3n vertaders, exactes, complets i actualitzats, sent aquest responsable de qualsevol mal o perjudici, directe o indirecte, que poguera ocasionar-se a conseq\u00fc\u00e8ncia de l&#8217;incompliment de tal obligaci\u00f3.<\/p>\n<p>En el cas que les dades aportades pertangueren a un tercer, l&#8217;Usuari garanteix que ha informat dita tercera dels aspectes continguts en aquest document i obtingut la seua autoritzaci\u00f3 per a facilitar les seues dades al responsable per als fins anteriorment assenyalats.<\/p>\n<p>El TITULAR no pot garantir l&#8217;absoluta invulnerabilitat dels sistemes, per tant, no assumeix cap responsabilitat pels danys i perjudicis derivats d&#8217;alteracions que tercers puguen causar en els sistemes inform\u00e0tics, documents electr\u00f2nics o fitxers.[\/vc_column_text][vc_column_text css=&#8221;.vc_custom_1664829194091{margin-top: 70px !important;}&#8221;]<\/p>\n<h2>5 POL\u00cdTICA DE COOKIES<\/h2>\n<p>De conformitat amb el que es disposa en la RGPD i la Llei 34\/2002, de Serveis de la Societat de la Informaci\u00f3, totes les dades de car\u00e0cter personal obtinguts mitjan\u00e7ant les cookies durant la utilitzaci\u00f3 de Lloc web, seran tractats de conformitat amb els disposat en la Pol\u00edtica de Cookies.[\/vc_column_text][vc_column_text css=&#8221;.vc_custom_1664829201693{margin-top: 70px !important;}&#8221;]<\/p>\n<h2>6 EXERCICI DE DRETS<\/h2>\n<p>De conformitat amb el que es disposa en la RGPD, l&#8217;informem que pot exercir els seus drets d&#8217;acc\u00e9s, rectificaci\u00f3, cancel\u00b7laci\u00f3, oposici\u00f3, limitaci\u00f3 del tractament i portabilitat, sol\u00b7licitant-lo per escrit a trav\u00e9s de qualsevol dels mitjans seg\u00fcents, adjuntant en tot cas una c\u00f2pia de document acreditatiu de la seua identitat i concretant el dret o drets que desitja exercir, directament al TITULAR a trav\u00e9s del seg\u00fcent e-mail: info@welcomelalfas.com.[\/vc_column_text][vc_column_text css=&#8221;.vc_custom_1664828670930{margin-top: 70px !important;}&#8221;]<\/p>\n<h2>7 ACCEPTACI\u00d3 DE LA POL\u00cdTICA DE PRIVACITAT<\/h2>\n<p>L&#8217;Usuari reconeix i accepta haver llegit i compr\u00e9s la present Pol\u00edtica de Privacitat el contingut de la qual constitueix la totalitat de l&#8217;acord entre l&#8217;Usuari i el TITULAR respecte a l&#8217;\u00fas i tractament de la seua informaci\u00f3 personal dins del Lloc web.<\/p>\n<p>L&#8217;Usuari expressament accepta obligar-se en els termes de la present Pol\u00edtica de Privacitat, en tota la seua extensi\u00f3 i abast, sense exceptuar qualsevol de les seues disposicions.<\/p>\n<p>A m\u00e9s de les disposicions contingudes en la present Pol\u00edtica de Privacitat, l&#8217;Usuari s&#8217;obliga a donar compliment a l&#8217;Av\u00eds Legal.<\/p>\n<p>El TITULAR es reserva el dret d&#8217;actualitzar i fer canvis en la Pol\u00edtica de Privacitat fins i tot sense mediar notificaci\u00f3 pr\u00e8via a l&#8217;Usuari. Tals modificacions hauran de fer-se efectives en el moment de la seua publicaci\u00f3 en el Lloc web, on estaran disponible per a l&#8217;Usuari en tot moment. En aquest sentit, recomanem a l&#8217;Usuari consultar regularment el contingut de la Pol\u00edtica de Privacitat per a estar al corrent de qualsevol modificaci\u00f3 que afecte el processament de dades dins del Lloc web[\/vc_column_text][\/vc_column][\/vc_row]<\/p>\n","protected":false},"excerpt":{"rendered":"<p>[vc_row css_animation=&#8221;&#8221; row_type=&#8221;row&#8221; use_row_as_full_screen_section=&#8221;no&#8221; type=&#8221;full_width&#8221; angled_section=&#8221;no&#8221; text_align=&#8221;left&#8221; background_image_as_pattern=&#8221;without_pattern&#8221; z_index=&#8221;&#8221; padding_top=&#8221;10&#8243;][vc_column css=&#8221;.vc_custom_1621598608921{margin-top: 70px !important;}&#8221;][vc_column_text css=&#8221;.vc_custom_1664828353534{margin-bottom: 30px !important;}&#8221;] Pol\u00edtica Privacitat [\/vc_column_text][vc_column_text] 1 IDENTIFICACI\u00d3 Titular: Ajuntament de l\u2019Alf\u00e0s del Pi (d\u2019ara en avant, el \u00abTitular\u00bb) Domicili social: Federico Garcia Lorca, 11 Tel.: 965 88 82 65 Fax: 966&#8230;<\/p>\n","protected":false},"author":1,"featured_media":0,"parent":0,"menu_order":0,"comment_status":"closed","ping_status":"closed","template":"","meta":[],"yoast_head":"<!-- This site is optimized with the Yoast SEO plugin v19.7.1 - https:\/\/yoast.com\/wordpress\/plugins\/seo\/ -->\n<title>Pol\u00edtica Privacitat | Welcome L&#039;Alf\u00e0s<\/title>\n<meta name=\"description\" content=\"Pol\u00edtica Privacitat | Welcome L&#039;Alf\u00e0s\" \/>\n<meta name=\"robots\" content=\"noindex, nofollow\" \/>\n<meta property=\"og:locale\" content=\"en_US\" \/>\n<meta property=\"og:type\" content=\"article\" \/>\n<meta property=\"og:title\" content=\"Pol\u00edtica Privacitat | Welcome L&#039;Alf\u00e0s\" \/>\n<meta property=\"og:description\" content=\"Pol\u00edtica Privacitat | Welcome L&#039;Alf\u00e0s\" \/>\n<meta property=\"og:url\" content=\"https:\/\/welcomelalfas.com\/val\/politica-privacitat\/\" \/>\n<meta property=\"og:site_name\" content=\"Welcome L&#039;Alf\u00e0s\" \/>\n<meta property=\"article:modified_time\" content=\"2022-10-03T20:33:25+00:00\" \/>\n<meta name=\"twitter:card\" content=\"summary_large_image\" \/>\n<meta name=\"twitter:label1\" content=\"Est. reading time\" \/>\n\t<meta name=\"twitter:data1\" content=\"4 minutes\" \/>\n<script type=\"application\/ld+json\" class=\"yoast-schema-graph\">{\"@context\":\"https:\/\/schema.org\",\"@graph\":[{\"@type\":\"WebPage\",\"@id\":\"https:\/\/welcomelalfas.com\/val\/politica-privacitat\/\",\"url\":\"https:\/\/welcomelalfas.com\/val\/politica-privacitat\/\",\"name\":\"Pol\u00edtica Privacitat | Welcome L&#039;Alf\u00e0s\",\"isPartOf\":{\"@id\":\"https:\/\/welcomelalfas.com\/#website\"},\"datePublished\":\"2021-03-17T12:57:54+00:00\",\"dateModified\":\"2022-10-03T20:33:25+00:00\",\"description\":\"Pol\u00edtica Privacitat | Welcome L&#039;Alf\u00e0s\",\"breadcrumb\":{\"@id\":\"https:\/\/welcomelalfas.com\/val\/politica-privacitat\/#breadcrumb\"},\"inLanguage\":\"val\",\"potentialAction\":[{\"@type\":\"ReadAction\",\"target\":[\"https:\/\/welcomelalfas.com\/val\/politica-privacitat\/\"]}]},{\"@type\":\"BreadcrumbList\",\"@id\":\"https:\/\/welcomelalfas.com\/val\/politica-privacitat\/#breadcrumb\",\"itemListElement\":[{\"@type\":\"ListItem\",\"position\":1,\"name\":\"Portada\",\"item\":\"https:\/\/welcomelalfas.com\/val\/\"},{\"@type\":\"ListItem\",\"position\":2,\"name\":\"Pol\u00edtica Privacitat\"}]},{\"@type\":\"WebSite\",\"@id\":\"https:\/\/welcomelalfas.com\/#website\",\"url\":\"https:\/\/welcomelalfas.com\/\",\"name\":\"Welcome L&#039;Alf\u00e0s\",\"description\":\"Welcome L&#039;Alf\u00e0s\",\"potentialAction\":[{\"@type\":\"SearchAction\",\"target\":{\"@type\":\"EntryPoint\",\"urlTemplate\":\"https:\/\/welcomelalfas.com\/?s={search_term_string}\"},\"query-input\":\"required name=search_term_string\"}],\"inLanguage\":\"val\"}]}<\/script>\n<!-- \/ Yoast SEO plugin. -->","yoast_head_json":{"title":"Pol\u00edtica Privacitat | Welcome L&#039;Alf\u00e0s","description":"Pol\u00edtica Privacitat | Welcome L&#039;Alf\u00e0s","robots":{"index":"noindex","follow":"nofollow"},"og_locale":"en_US","og_type":"article","og_title":"Pol\u00edtica Privacitat | Welcome L&#039;Alf\u00e0s","og_description":"Pol\u00edtica Privacitat | Welcome L&#039;Alf\u00e0s","og_url":"https:\/\/welcomelalfas.com\/val\/politica-privacitat\/","og_site_name":"Welcome L&#039;Alf\u00e0s","article_modified_time":"2022-10-03T20:33:25+00:00","twitter_card":"summary_large_image","twitter_misc":{"Est. reading time":"4 minutes"},"schema":{"@context":"https:\/\/schema.org","@graph":[{"@type":"WebPage","@id":"https:\/\/welcomelalfas.com\/val\/politica-privacitat\/","url":"https:\/\/welcomelalfas.com\/val\/politica-privacitat\/","name":"Pol\u00edtica Privacitat | Welcome L&#039;Alf\u00e0s","isPartOf":{"@id":"https:\/\/welcomelalfas.com\/#website"},"datePublished":"2021-03-17T12:57:54+00:00","dateModified":"2022-10-03T20:33:25+00:00","description":"Pol\u00edtica Privacitat | Welcome L&#039;Alf\u00e0s","breadcrumb":{"@id":"https:\/\/welcomelalfas.com\/val\/politica-privacitat\/#breadcrumb"},"inLanguage":"val","potentialAction":[{"@type":"ReadAction","target":["https:\/\/welcomelalfas.com\/val\/politica-privacitat\/"]}]},{"@type":"BreadcrumbList","@id":"https:\/\/welcomelalfas.com\/val\/politica-privacitat\/#breadcrumb","itemListElement":[{"@type":"ListItem","position":1,"name":"Portada","item":"https:\/\/welcomelalfas.com\/val\/"},{"@type":"ListItem","position":2,"name":"Pol\u00edtica Privacitat"}]},{"@type":"WebSite","@id":"https:\/\/welcomelalfas.com\/#website","url":"https:\/\/welcomelalfas.com\/","name":"Welcome L&#039;Alf\u00e0s","description":"Welcome L&#039;Alf\u00e0s","potentialAction":[{"@type":"SearchAction","target":{"@type":"EntryPoint","urlTemplate":"https:\/\/welcomelalfas.com\/?s={search_term_string}"},"query-input":"required name=search_term_string"}],"inLanguage":"val"}]}},"_links":{"self":[{"href":"https:\/\/welcomelalfas.com\/val\/wp-json\/wp\/v2\/pages\/4072"}],"collection":[{"href":"https:\/\/welcomelalfas.com\/val\/wp-json\/wp\/v2\/pages"}],"about":[{"href":"https:\/\/welcomelalfas.com\/val\/wp-json\/wp\/v2\/types\/page"}],"author":[{"embeddable":true,"href":"https:\/\/welcomelalfas.com\/val\/wp-json\/wp\/v2\/users\/1"}],"replies":[{"embeddable":true,"href":"https:\/\/welcomelalfas.com\/val\/wp-json\/wp\/v2\/comments?post=4072"}],"version-history":[{"count":5,"href":"https:\/\/welcomelalfas.com\/val\/wp-json\/wp\/v2\/pages\/4072\/revisions"}],"predecessor-version":[{"id":4083,"href":"https:\/\/welcomelalfas.com\/val\/wp-json\/wp\/v2\/pages\/4072\/revisions\/4083"}],"wp:attachment":[{"href":"https:\/\/welcomelalfas.com\/val\/wp-json\/wp\/v2\/media?parent=4072"}],"curies":[{"name":"wp","href":"https:\/\/api.w.org\/{rel}","templated":true}]}}