{"id":4078,"date":"2021-05-21T09:18:33","date_gmt":"2021-05-21T09:18:33","guid":{"rendered":"https:\/\/welcomelalfas.com\/?page_id=4078"},"modified":"2022-10-07T13:00:08","modified_gmt":"2022-10-07T13:00:08","slug":"us-cookies","status":"publish","type":"page","link":"https:\/\/welcomelalfas.com\/val\/us-cookies\/","title":{"rendered":"\u00das Cookies"},"content":{"rendered":"<p>[vc_row css_animation=&#8221;&#8221; row_type=&#8221;row&#8221; use_row_as_full_screen_section=&#8221;no&#8221; type=&#8221;full_width&#8221; angled_section=&#8221;no&#8221; text_align=&#8221;left&#8221; background_image_as_pattern=&#8221;without_pattern&#8221; z_index=&#8221;&#8221; padding_top=&#8221;70&#8243;][vc_column][vc_column_text css=&#8221;.vc_custom_1629976697298{margin-bottom: 30px !important;}&#8221;]<\/p>\n<h1>Pol\u00edtica de Cookies<\/h1>\n<p>[\/vc_column_text][vc_column_text]Aquesta Pol\u00edtica de Cookies \u00e9s complement de la Pol\u00edtica de Privacitat del lloc web welcomelalfas.com (d&#8217;ara en avant, el \u201cLloc web\u201d) titularitat de l&#8217;Ajuntament de l&#8217;Alf\u00e0s del Pi (d&#8217;ara en avant, el \u00abTITULAR\u00bb). L&#8217;acc\u00e9s i la navegaci\u00f3 pel Lloc web, o l&#8217;\u00fas dels serveis d&#8217;aquest, impliquen l&#8217;acceptaci\u00f3 del que s&#8217;estableix en Av\u00eds Legal del Lloc web i de la seua Pol\u00edtica de Privacitat. Amb la finalitat de facilitar la navegaci\u00f3 pel Lloc web, el TITULAR, amb domicili social al Carrer Federico Garcia Lorca, 11, amb C.I.F.: P-0301100-D li comunica que utilitza cookies o altres arxius de funcionalitat similar (d&#8217;ara en avant, les \u201cCookies\u201d).[\/vc_column_text][\/vc_column][vc_column css=&#8221;.vc_custom_1621598608921{margin-top: 70px !important;}&#8221;][vc_column_text]<\/p>\n<h2>Qu\u00e8 \u00e9s una Cookie?<\/h2>\n<p>Les Cookies s\u00f3n arxius que contenen xicotetes quantitats d&#8217;informaci\u00f3 que es descarreguen en el dispositiu de l&#8217;usuari quan visita una p\u00e0gina web. La seua finalitat principal \u00e9s recon\u00e9ixer a l&#8217;usuari cada vegada que accedeix al Lloc web permetent, a m\u00e9s, millorar la qualitat i oferir un millor \u00fas de Lloc web.<\/p>\n<p>Les Cookies s\u00f3n essencials per al funcionament d&#8217;Internet, ja que ajuden, entre altres funcions, a identificar i resoldre possibles errors de funcionament del Lloc web.[\/vc_column_text][vc_column_text css=&#8221;.vc_custom_1664829118869{margin-top: 70px !important;}&#8221;]<\/p>\n<h2>\u00das de Cookies<\/h2>\n<p>L&#8217;acc\u00e9s al Lloc web suposa l&#8217;acceptaci\u00f3 expressa de la utilitzaci\u00f3 de les Cookies detallades en la present Pol\u00edtica en aquells dispositius utilitzats per a realitzar aquest acc\u00e9s. Si es desactiven les Cookies, pot ser que l&#8217;\u00fas del Lloc web no siga \u00f2ptim i algunes de les utilitats de qu\u00e8 disposa el Lloc web no funcionen correctament.<\/p>\n<p>Concretament, el TITULAR est\u00e0 utilitzant les Cookies per a la identificaci\u00f3 d&#8217;aquells usuaris que accepten l&#8217;\u00fas de cookies per part del Lloc web i permetre la instal\u00b7laci\u00f3 de les acarones, permetre el login dels usuaris en aquells casos en els quals aquest siga necessari per a accedir a determinades seccions de Lloc web, aix\u00ed com recordar les dades de login d&#8217;aquests usuaris en futures visites i poder oferir aix\u00ed una experi\u00e8ncia de navegaci\u00f3 m\u00e9s c\u00f2moda, aix\u00ed com avaluar l&#8217;\u00fas del Lloc web i l&#8217;activitat d&#8217;aquest.<\/p>\n<p>Aix\u00ed mateix, les Cookies ajuden protegeixen els usuaris de possibles atacs que puguen rebre de tercers.[\/vc_column_text][vc_column_text css=&#8221;.vc_custom_1664828928769{margin-top: 70px !important;}&#8221;]<\/p>\n<h2>Cookies pr\u00f2pies<\/h2>\n<p>Cookies t\u00e8cniques i de personalitzaci\u00f3:<\/p>\n<p>Aquestes Cookies faciliten l&#8217;acc\u00e9s i navegaci\u00f3 de l&#8217;usuari pel Lloc web en cadascuna de les seues visites al mateix i la utilitzaci\u00f3 de les diferents opcions o serveis que existeixen com, per exemple, l&#8217;idioma predeterminat que l&#8217;usuari utilitza en el Lloc web.<\/p>\n<p>Llistat de Cookies que utilitzem:<\/p>\n<table>\n<tbody>\n<tr>\n<td style=\"background-color: #ececec; width: 190px;\">NOM COOKIE<\/td>\n<td style=\"background-color: #ececec;\">FINALITAT COOKIE<\/td>\n<td style=\"background-color: #ececec;\">DURACI\u00d3<\/td>\n<\/tr>\n<tr>\n<td>Google Analytics<\/td>\n<td>Ens permeten obtindre la informaci\u00f3 sobre com els usuaris interactuen amb el contingut de la nostra p\u00e0gina web Les cookies de Google Analytics recopilen la informaci\u00f3 de manera an\u00f2nima.<\/td>\n<td>2 a\u00f1os<\/td>\n<\/tr>\n<\/tbody>\n<\/table>\n<p>[\/vc_column_text][vc_column_text css=&#8221;.vc_custom_1664829076998{margin-top: 70px !important;}&#8221;]<\/p>\n<h2>Configuraci\u00f3 de l&#8217;usuari per a evitar Cookies<\/h2>\n<p>En compliment de la normativa legal vigent, posem a la seua disposici\u00f3 la informaci\u00f3 que li permeta configurar el seu navegador\/navegadors d&#8217;Internet per a mantindre la seua privacitat i seguretat en relaci\u00f3 amb les Cookies. Per aix\u00f2, li facilitem la informaci\u00f3 i enlla\u00e7os als llocs de suport oficials dels principals navegadors perqu\u00e8 puga decidir si desitja o no acceptar l&#8217;\u00fas de Cookies.<\/p>\n<p>Aix\u00ed, pot bloquejar les Cookies a trav\u00e9s de les eines de configuraci\u00f3 del navegador, o b\u00e9, pot configurar el seu navegador perqu\u00e8 li avise quan un servidor vulga guardar una Cookie:<\/p>\n<p><strong>Internet Explorer<\/strong>: Eines =&gt; Opcions d&#8217;Internet =&gt; Privacitat =&gt; Configuraci\u00f3;<\/p>\n<p><strong>Firefox<\/strong>: Eines =&gt; Opcions =&gt; Privacitat =&gt; Historial =&gt; Configuraci\u00f3 Personalitzada;<\/p>\n<p><strong>Chrome<\/strong>: Configuraci\u00f3 =&gt; Mostrar opcions avan\u00e7ades =&gt; Privacitat =&gt; Configuraci\u00f3 de contingut;<\/p>\n<p><strong>Safari<\/strong>: Prefer\u00e8ncies =&gt; Seguretat.[\/vc_column_text][\/vc_column][\/vc_row]<\/p>\n","protected":false},"excerpt":{"rendered":"<p>[vc_row css_animation=&#8221;&#8221; row_type=&#8221;row&#8221; use_row_as_full_screen_section=&#8221;no&#8221; type=&#8221;full_width&#8221; angled_section=&#8221;no&#8221; text_align=&#8221;left&#8221; background_image_as_pattern=&#8221;without_pattern&#8221; z_index=&#8221;&#8221; padding_top=&#8221;70&#8243;][vc_column][vc_column_text css=&#8221;.vc_custom_1629976697298{margin-bottom: 30px !important;}&#8221;] Pol\u00edtica de Cookies [\/vc_column_text][vc_column_text]Aquesta Pol\u00edtica de Cookies \u00e9s complement de la Pol\u00edtica de Privacitat del lloc web welcomelalfas.com (d&#8217;ara en avant, el \u201cLloc web\u201d) titularitat de l&#8217;Ajuntament de l&#8217;Alf\u00e0s del Pi (d&#8217;ara&#8230;<\/p>\n","protected":false},"author":1,"featured_media":0,"parent":0,"menu_order":0,"comment_status":"closed","ping_status":"closed","template":"","meta":[],"yoast_head":"<!-- This site is optimized with the Yoast SEO plugin v19.7.1 - https:\/\/yoast.com\/wordpress\/plugins\/seo\/ -->\n<title>\u00das Cookies | Welcome L&#039;Alf\u00e0s<\/title>\n<meta name=\"description\" content=\"\u00das Cookies | Welcome L&#039;Alf\u00e0s\" \/>\n<meta name=\"robots\" content=\"noindex, nofollow\" \/>\n<meta property=\"og:locale\" content=\"en_US\" \/>\n<meta property=\"og:type\" content=\"article\" \/>\n<meta property=\"og:title\" content=\"\u00das Cookies | Welcome L&#039;Alf\u00e0s\" \/>\n<meta property=\"og:description\" content=\"\u00das Cookies | Welcome L&#039;Alf\u00e0s\" \/>\n<meta property=\"og:url\" content=\"https:\/\/welcomelalfas.com\/val\/us-cookies\/\" \/>\n<meta property=\"og:site_name\" content=\"Welcome L&#039;Alf\u00e0s\" \/>\n<meta property=\"article:modified_time\" content=\"2022-10-07T13:00:08+00:00\" \/>\n<meta name=\"twitter:card\" content=\"summary_large_image\" \/>\n<meta name=\"twitter:label1\" content=\"Est. reading time\" \/>\n\t<meta name=\"twitter:data1\" content=\"3 minutes\" \/>\n<script type=\"application\/ld+json\" class=\"yoast-schema-graph\">{\"@context\":\"https:\/\/schema.org\",\"@graph\":[{\"@type\":\"WebPage\",\"@id\":\"https:\/\/welcomelalfas.com\/val\/us-cookies\/\",\"url\":\"https:\/\/welcomelalfas.com\/val\/us-cookies\/\",\"name\":\"\u00das Cookies | Welcome L&#039;Alf\u00e0s\",\"isPartOf\":{\"@id\":\"https:\/\/welcomelalfas.com\/#website\"},\"datePublished\":\"2021-05-21T09:18:33+00:00\",\"dateModified\":\"2022-10-07T13:00:08+00:00\",\"description\":\"\u00das Cookies | Welcome L&#039;Alf\u00e0s\",\"breadcrumb\":{\"@id\":\"https:\/\/welcomelalfas.com\/val\/us-cookies\/#breadcrumb\"},\"inLanguage\":\"val\",\"potentialAction\":[{\"@type\":\"ReadAction\",\"target\":[\"https:\/\/welcomelalfas.com\/val\/us-cookies\/\"]}]},{\"@type\":\"BreadcrumbList\",\"@id\":\"https:\/\/welcomelalfas.com\/val\/us-cookies\/#breadcrumb\",\"itemListElement\":[{\"@type\":\"ListItem\",\"position\":1,\"name\":\"Portada\",\"item\":\"https:\/\/welcomelalfas.com\/val\/\"},{\"@type\":\"ListItem\",\"position\":2,\"name\":\"\u00das Cookies\"}]},{\"@type\":\"WebSite\",\"@id\":\"https:\/\/welcomelalfas.com\/#website\",\"url\":\"https:\/\/welcomelalfas.com\/\",\"name\":\"Welcome L&#039;Alf\u00e0s\",\"description\":\"Welcome L&#039;Alf\u00e0s\",\"potentialAction\":[{\"@type\":\"SearchAction\",\"target\":{\"@type\":\"EntryPoint\",\"urlTemplate\":\"https:\/\/welcomelalfas.com\/?s={search_term_string}\"},\"query-input\":\"required name=search_term_string\"}],\"inLanguage\":\"val\"}]}<\/script>\n<!-- \/ Yoast SEO plugin. -->","yoast_head_json":{"title":"\u00das Cookies | Welcome L&#039;Alf\u00e0s","description":"\u00das Cookies | Welcome L&#039;Alf\u00e0s","robots":{"index":"noindex","follow":"nofollow"},"og_locale":"en_US","og_type":"article","og_title":"\u00das Cookies | Welcome L&#039;Alf\u00e0s","og_description":"\u00das Cookies | Welcome L&#039;Alf\u00e0s","og_url":"https:\/\/welcomelalfas.com\/val\/us-cookies\/","og_site_name":"Welcome L&#039;Alf\u00e0s","article_modified_time":"2022-10-07T13:00:08+00:00","twitter_card":"summary_large_image","twitter_misc":{"Est. reading time":"3 minutes"},"schema":{"@context":"https:\/\/schema.org","@graph":[{"@type":"WebPage","@id":"https:\/\/welcomelalfas.com\/val\/us-cookies\/","url":"https:\/\/welcomelalfas.com\/val\/us-cookies\/","name":"\u00das Cookies | Welcome L&#039;Alf\u00e0s","isPartOf":{"@id":"https:\/\/welcomelalfas.com\/#website"},"datePublished":"2021-05-21T09:18:33+00:00","dateModified":"2022-10-07T13:00:08+00:00","description":"\u00das Cookies | Welcome L&#039;Alf\u00e0s","breadcrumb":{"@id":"https:\/\/welcomelalfas.com\/val\/us-cookies\/#breadcrumb"},"inLanguage":"val","potentialAction":[{"@type":"ReadAction","target":["https:\/\/welcomelalfas.com\/val\/us-cookies\/"]}]},{"@type":"BreadcrumbList","@id":"https:\/\/welcomelalfas.com\/val\/us-cookies\/#breadcrumb","itemListElement":[{"@type":"ListItem","position":1,"name":"Portada","item":"https:\/\/welcomelalfas.com\/val\/"},{"@type":"ListItem","position":2,"name":"\u00das Cookies"}]},{"@type":"WebSite","@id":"https:\/\/welcomelalfas.com\/#website","url":"https:\/\/welcomelalfas.com\/","name":"Welcome L&#039;Alf\u00e0s","description":"Welcome L&#039;Alf\u00e0s","potentialAction":[{"@type":"SearchAction","target":{"@type":"EntryPoint","urlTemplate":"https:\/\/welcomelalfas.com\/?s={search_term_string}"},"query-input":"required name=search_term_string"}],"inLanguage":"val"}]}},"_links":{"self":[{"href":"https:\/\/welcomelalfas.com\/val\/wp-json\/wp\/v2\/pages\/4078"}],"collection":[{"href":"https:\/\/welcomelalfas.com\/val\/wp-json\/wp\/v2\/pages"}],"about":[{"href":"https:\/\/welcomelalfas.com\/val\/wp-json\/wp\/v2\/types\/page"}],"author":[{"embeddable":true,"href":"https:\/\/welcomelalfas.com\/val\/wp-json\/wp\/v2\/users\/1"}],"replies":[{"embeddable":true,"href":"https:\/\/welcomelalfas.com\/val\/wp-json\/wp\/v2\/comments?post=4078"}],"version-history":[{"count":4,"href":"https:\/\/welcomelalfas.com\/val\/wp-json\/wp\/v2\/pages\/4078\/revisions"}],"predecessor-version":[{"id":4082,"href":"https:\/\/welcomelalfas.com\/val\/wp-json\/wp\/v2\/pages\/4078\/revisions\/4082"}],"wp:attachment":[{"href":"https:\/\/welcomelalfas.com\/val\/wp-json\/wp\/v2\/media?parent=4078"}],"curies":[{"name":"wp","href":"https:\/\/api.w.org\/{rel}","templated":true}]}}