{"id":4717,"date":"2022-11-10T09:59:14","date_gmt":"2022-11-10T09:59:14","guid":{"rendered":"https:\/\/welcomelalfas.com\/strategic-tourism-plan\/"},"modified":"2022-11-10T10:05:11","modified_gmt":"2022-11-10T10:05:11","slug":"plan-estrategic-turisme","status":"publish","type":"page","link":"https:\/\/welcomelalfas.com\/val\/plan-estrategic-turisme\/","title":{"rendered":"Plan Estrat\u00e8gic de Turisme"},"content":{"rendered":"<p>[vc_row css_animation=&#8221;&#8221; row_type=&#8221;row&#8221; use_row_as_full_screen_section=&#8221;no&#8221; type=&#8221;grid&#8221; angled_section=&#8221;no&#8221; text_align=&#8221;left&#8221; background_image_as_pattern=&#8221;without_pattern&#8221; z_index=&#8221;&#8221; padding_top=&#8221;70&#8243;][vc_column][vc_column_text css=&#8221;.vc_custom_1668074703892{margin-bottom: 20px !important;}&#8221;]<\/p>\n<p class=\"p1\">L&#8217;Alf\u00e0s del Pi es presenta com un dest\u00ed amb una \u00e0mplia traject\u00f2ria de m\u00e9s de cinc d\u00e8cades d&#8217;especialitzaci\u00f3 com a destinaci\u00f3 tur\u00edstica de sol i platja mixt residencial. En aquest municipi de la Costa Blanca el turisme va comen\u00e7ar a treballar-se a partir dels anys 60, seguint aix\u00ed el corrent que va desencadenar en el boom tur\u00edstic espanyol, fruit de l&#8217;obertura al turisme internacional. No obstant aix\u00f2, en l&#8217;actualitat l&#8217;Alf\u00e0s \u00e9s molt m\u00e9s que un dest\u00ed amb platja i una climatologia envejable. El municipi compta amb un important nombre d&#8217;actius vinculats a la naturalesa, la cultura, i al turisme de salut i benestar, sent aquesta la tipologia tur\u00edstica en la qual ha centrat els seus esfor\u00e7os durant els \u00faltims anys, alineant-se aix\u00ed a l&#8217;estrat\u00e8gia de ciutat plantejada.<br \/>\nL&#8217;elaboraci\u00f3 del present document estrat\u00e8gic es dirigeix a materialitzar l&#8217;inter\u00e9s i la convicci\u00f3 de l&#8217;Ajuntament de l&#8217;Alf\u00e0s del Pi, i de la seua regidoria de Turisme, per exercir un desenvolupament tur\u00edstic planificat i ordenat, el qual permeta al dest\u00ed ser m\u00e9s resilient i competitiu ateses les necessitats espec\u00edfiques de les quals disposa.<\/p>\n<p>[\/vc_column_text][\/vc_column][vc_column css=&#8221;.vc_custom_1668010419075{margin-top: 30px !important;}&#8221;][vc_column_text]<\/p>\n<p style=\"text-align: left;\"><a style=\"color: #006198;\" href=\"https:\/\/welcomelalfas.com\/wp-content\/uploads\/2022\/11\/Resumen-ejecutivo-PET-lAlfa\u0300s-del-Pi.pdf\" target=\"_blank\" rel=\"noopener\"><strong><i class=\"fa fa-download\" aria-hidden=\"true\"><\/i>Descarregar Resum del Plan Executiu Estrat\u00e8gic de Turisme<\/strong><\/a><\/p>\n<p>[\/vc_column_text][\/vc_column][\/vc_row][vc_row css_animation=&#8221;&#8221; row_type=&#8221;row&#8221; use_row_as_full_screen_section=&#8221;no&#8221; type=&#8221;full_width&#8221; angled_section=&#8221;no&#8221; text_align=&#8221;left&#8221; background_image_as_pattern=&#8221;without_pattern&#8221; z_index=&#8221;&#8221; padding_top=&#8221;157&#8243; css=&#8221;.vc_custom_1623657953821{margin-top: 70px !important;background-image: url(https:\/\/welcomelalfas.com\/wp-content\/uploads\/2021\/06\/fondo-pie-tn.jpg?id=389) !important;background-position: center !important;background-repeat: no-repeat !important;background-size: cover !important;}&#8221; padding_bottom=&#8221;100&#8243;][vc_column width=&#8221;1\/4&#8243; css=&#8221;.vc_custom_1623600830979{background-position: 0 0 !important;background-repeat: no-repeat !important;}&#8221;][\/vc_column][vc_column width=&#8221;1\/2&#8243;][\/vc_column][vc_column width=&#8221;1\/4&#8243;][\/vc_column][\/vc_row]<\/p>\n","protected":false},"excerpt":{"rendered":"<p>[vc_row css_animation=&#8221;&#8221; row_type=&#8221;row&#8221; use_row_as_full_screen_section=&#8221;no&#8221; type=&#8221;grid&#8221; angled_section=&#8221;no&#8221; text_align=&#8221;left&#8221; background_image_as_pattern=&#8221;without_pattern&#8221; z_index=&#8221;&#8221; padding_top=&#8221;70&#8243;][vc_column][vc_column_text css=&#8221;.vc_custom_1668074703892{margin-bottom: 20px !important;}&#8221;] L&#8217;Alf\u00e0s del Pi es presenta com un dest\u00ed amb una \u00e0mplia traject\u00f2ria de m\u00e9s de cinc d\u00e8cades d&#8217;especialitzaci\u00f3 com a destinaci\u00f3 tur\u00edstica de sol i platja mixt residencial. En aquest municipi de&#8230;<\/p>\n","protected":false},"author":2,"featured_media":0,"parent":0,"menu_order":0,"comment_status":"closed","ping_status":"closed","template":"full_width.php","meta":[],"yoast_head":"<!-- This site is optimized with the Yoast SEO plugin v19.7.1 - https:\/\/yoast.com\/wordpress\/plugins\/seo\/ -->\n<title>Plan Estrat\u00e8gic de Turisme | Welcome L&#039;Alf\u00e0s<\/title>\n<meta name=\"description\" content=\"Plan Estrat\u00e8gic de Turisme | Welcome L&#039;Alf\u00e0s\" \/>\n<meta name=\"robots\" content=\"index, follow, max-snippet:-1, max-image-preview:large, max-video-preview:-1\" \/>\n<link rel=\"canonical\" href=\"https:\/\/welcomelalfas.com\/val\/plan-estrategic-turisme\/\" \/>\n<meta property=\"og:locale\" content=\"en_US\" \/>\n<meta property=\"og:type\" content=\"article\" \/>\n<meta property=\"og:title\" content=\"Plan Estrat\u00e8gic de Turisme | Welcome L&#039;Alf\u00e0s\" \/>\n<meta property=\"og:description\" content=\"Plan Estrat\u00e8gic de Turisme | Welcome L&#039;Alf\u00e0s\" \/>\n<meta property=\"og:url\" content=\"https:\/\/welcomelalfas.com\/val\/plan-estrategic-turisme\/\" \/>\n<meta property=\"og:site_name\" content=\"Welcome L&#039;Alf\u00e0s\" \/>\n<meta property=\"article:modified_time\" content=\"2022-11-10T10:05:11+00:00\" \/>\n<meta name=\"twitter:card\" content=\"summary_large_image\" \/>\n<meta name=\"twitter:label1\" content=\"Est. reading time\" \/>\n\t<meta name=\"twitter:data1\" content=\"2 minutes\" \/>\n<script type=\"application\/ld+json\" class=\"yoast-schema-graph\">{\"@context\":\"https:\/\/schema.org\",\"@graph\":[{\"@type\":\"WebPage\",\"@id\":\"https:\/\/welcomelalfas.com\/val\/plan-estrategic-turisme\/\",\"url\":\"https:\/\/welcomelalfas.com\/val\/plan-estrategic-turisme\/\",\"name\":\"Plan Estrat\u00e8gic de Turisme | Welcome L&#039;Alf\u00e0s\",\"isPartOf\":{\"@id\":\"https:\/\/welcomelalfas.com\/#website\"},\"datePublished\":\"2022-11-10T09:59:14+00:00\",\"dateModified\":\"2022-11-10T10:05:11+00:00\",\"description\":\"Plan Estrat\u00e8gic de Turisme | Welcome L&#039;Alf\u00e0s\",\"breadcrumb\":{\"@id\":\"https:\/\/welcomelalfas.com\/val\/plan-estrategic-turisme\/#breadcrumb\"},\"inLanguage\":\"val\",\"potentialAction\":[{\"@type\":\"ReadAction\",\"target\":[\"https:\/\/welcomelalfas.com\/val\/plan-estrategic-turisme\/\"]}]},{\"@type\":\"BreadcrumbList\",\"@id\":\"https:\/\/welcomelalfas.com\/val\/plan-estrategic-turisme\/#breadcrumb\",\"itemListElement\":[{\"@type\":\"ListItem\",\"position\":1,\"name\":\"Portada\",\"item\":\"https:\/\/welcomelalfas.com\/val\/\"},{\"@type\":\"ListItem\",\"position\":2,\"name\":\"Plan Estrat\u00e8gic de Turisme\"}]},{\"@type\":\"WebSite\",\"@id\":\"https:\/\/welcomelalfas.com\/#website\",\"url\":\"https:\/\/welcomelalfas.com\/\",\"name\":\"Welcome L&#039;Alf\u00e0s\",\"description\":\"Welcome L&#039;Alf\u00e0s\",\"potentialAction\":[{\"@type\":\"SearchAction\",\"target\":{\"@type\":\"EntryPoint\",\"urlTemplate\":\"https:\/\/welcomelalfas.com\/?s={search_term_string}\"},\"query-input\":\"required name=search_term_string\"}],\"inLanguage\":\"val\"}]}<\/script>\n<!-- \/ Yoast SEO plugin. -->","yoast_head_json":{"title":"Plan Estrat\u00e8gic de Turisme | Welcome L&#039;Alf\u00e0s","description":"Plan Estrat\u00e8gic de Turisme | Welcome L&#039;Alf\u00e0s","robots":{"index":"index","follow":"follow","max-snippet":"max-snippet:-1","max-image-preview":"max-image-preview:large","max-video-preview":"max-video-preview:-1"},"canonical":"https:\/\/welcomelalfas.com\/val\/plan-estrategic-turisme\/","og_locale":"en_US","og_type":"article","og_title":"Plan Estrat\u00e8gic de Turisme | Welcome L&#039;Alf\u00e0s","og_description":"Plan Estrat\u00e8gic de Turisme | Welcome L&#039;Alf\u00e0s","og_url":"https:\/\/welcomelalfas.com\/val\/plan-estrategic-turisme\/","og_site_name":"Welcome L&#039;Alf\u00e0s","article_modified_time":"2022-11-10T10:05:11+00:00","twitter_card":"summary_large_image","twitter_misc":{"Est. reading time":"2 minutes"},"schema":{"@context":"https:\/\/schema.org","@graph":[{"@type":"WebPage","@id":"https:\/\/welcomelalfas.com\/val\/plan-estrategic-turisme\/","url":"https:\/\/welcomelalfas.com\/val\/plan-estrategic-turisme\/","name":"Plan Estrat\u00e8gic de Turisme | Welcome L&#039;Alf\u00e0s","isPartOf":{"@id":"https:\/\/welcomelalfas.com\/#website"},"datePublished":"2022-11-10T09:59:14+00:00","dateModified":"2022-11-10T10:05:11+00:00","description":"Plan Estrat\u00e8gic de Turisme | Welcome L&#039;Alf\u00e0s","breadcrumb":{"@id":"https:\/\/welcomelalfas.com\/val\/plan-estrategic-turisme\/#breadcrumb"},"inLanguage":"val","potentialAction":[{"@type":"ReadAction","target":["https:\/\/welcomelalfas.com\/val\/plan-estrategic-turisme\/"]}]},{"@type":"BreadcrumbList","@id":"https:\/\/welcomelalfas.com\/val\/plan-estrategic-turisme\/#breadcrumb","itemListElement":[{"@type":"ListItem","position":1,"name":"Portada","item":"https:\/\/welcomelalfas.com\/val\/"},{"@type":"ListItem","position":2,"name":"Plan Estrat\u00e8gic de Turisme"}]},{"@type":"WebSite","@id":"https:\/\/welcomelalfas.com\/#website","url":"https:\/\/welcomelalfas.com\/","name":"Welcome L&#039;Alf\u00e0s","description":"Welcome L&#039;Alf\u00e0s","potentialAction":[{"@type":"SearchAction","target":{"@type":"EntryPoint","urlTemplate":"https:\/\/welcomelalfas.com\/?s={search_term_string}"},"query-input":"required name=search_term_string"}],"inLanguage":"val"}]}},"_links":{"self":[{"href":"https:\/\/welcomelalfas.com\/val\/wp-json\/wp\/v2\/pages\/4717"}],"collection":[{"href":"https:\/\/welcomelalfas.com\/val\/wp-json\/wp\/v2\/pages"}],"about":[{"href":"https:\/\/welcomelalfas.com\/val\/wp-json\/wp\/v2\/types\/page"}],"author":[{"embeddable":true,"href":"https:\/\/welcomelalfas.com\/val\/wp-json\/wp\/v2\/users\/2"}],"replies":[{"embeddable":true,"href":"https:\/\/welcomelalfas.com\/val\/wp-json\/wp\/v2\/comments?post=4717"}],"version-history":[{"count":3,"href":"https:\/\/welcomelalfas.com\/val\/wp-json\/wp\/v2\/pages\/4717\/revisions"}],"predecessor-version":[{"id":4720,"href":"https:\/\/welcomelalfas.com\/val\/wp-json\/wp\/v2\/pages\/4717\/revisions\/4720"}],"wp:attachment":[{"href":"https:\/\/welcomelalfas.com\/val\/wp-json\/wp\/v2\/media?parent=4717"}],"curies":[{"name":"wp","href":"https:\/\/api.w.org\/{rel}","templated":true}]}}